{"id":9374,"date":"2022-06-21T09:14:48","date_gmt":"2022-06-21T07:14:48","guid":{"rendered":"http:\/\/spmaskiner.dev03.extrude.se\/?page_id=9374"},"modified":"2022-06-22T08:29:39","modified_gmt":"2022-06-22T06:29:39","slug":"sp-simulator","status":"publish","type":"page","link":"http:\/\/spmaskiner.dev03.extrude.se\/sv\/skordaraggregat\/sp-simulator\/","title":{"rendered":"SP Simulator"},"content":{"rendered":"\n<p><strong>\u2013 B\u00f6rjan till ett effektivare skogsbruk<\/strong><\/p>\n\n\n\n<p>Har du precis p\u00e5b\u00f6rjat din resa mot att bli skogsmaskinsf\u00f6rare eller \u00e4r du en rutinerad f\u00f6rare med flera \u00e5rs erfarenhet av avverkning och skogsbruk? Oavsett vilket \u00e4r SPs simulator verktyget som tar dig och ditt arbete till n\u00e4sta niv\u00e5.<\/p>\n\n\n\n<p><a href=\"http:\/\/spmaskiner.dev03.extrude.se\/wp-content\/uploads\/2022\/06\/SP_Simulator-brochure_SE-web.pdf\" target=\"_blank\" rel=\"noreferrer noopener\">Broschyr, SP Simulator:<\/a><\/p>\n\n\n\n<figure class=\"wp-block-image size-full is-resized\"><a href=\"http:\/\/spmaskiner.dev03.extrude.se\/wp-content\/uploads\/2022\/06\/SP_Simulator-brochure_SE-web.pdf\" target=\"_blank\" rel=\"noreferrer noopener\"><img fetchpriority=\"high\" decoding=\"async\" src=\"http:\/\/spmaskiner.dev03.extrude.se\/wp-content\/uploads\/2022\/06\/SP_Simulator-brochure_SE-sid1.jpg\" alt=\"\" class=\"wp-image-9375\" width=\"298\" height=\"298\" srcset=\"http:\/\/spmaskiner.dev03.extrude.se\/wp-content\/uploads\/2022\/06\/SP_Simulator-brochure_SE-sid1.jpg 595w, http:\/\/spmaskiner.dev03.extrude.se\/wp-content\/uploads\/2022\/06\/SP_Simulator-brochure_SE-sid1-300x300.jpg 300w, http:\/\/spmaskiner.dev03.extrude.se\/wp-content\/uploads\/2022\/06\/SP_Simulator-brochure_SE-sid1-150x150.jpg 150w\" sizes=\"(max-width: 298px) 100vw, 298px\" \/><\/a><\/figure>\n","protected":false},"excerpt":{"rendered":"<p>\u2013 B\u00f6rjan till ett effektivare skogsbruk Har du precis p\u00e5b\u00f6rjat din resa mot att bli skogsmaskinsf\u00f6rare eller \u00e4r du en rutinerad f\u00f6rare med flera \u00e5rs erfarenhet av avverkning och skogsbruk? Oavsett vilket \u00e4r SPs simulator verktyget som tar dig och ditt arbete till n\u00e4sta niv\u00e5. Broschyr, SP Simulator:<\/p>\n","protected":false},"author":1,"featured_media":0,"parent":11,"menu_order":40,"comment_status":"closed","ping_status":"closed","template":"","meta":{"_acf_changed":false,"site-sidebar-layout":"default","site-content-layout":"","ast-site-content-layout":"default","site-content-style":"default","site-sidebar-style":"default","ast-global-header-display":"","ast-banner-title-visibility":"","ast-main-header-display":"","ast-hfb-above-header-display":"","ast-hfb-below-header-display":"","ast-hfb-mobile-header-display":"","site-post-title":"","ast-breadcrumbs-content":"","ast-featured-img":"","footer-sml-layout":"","ast-disable-related-posts":"","theme-transparent-header-meta":"","adv-header-id-meta":"","stick-header-meta":"","header-above-stick-meta":"","header-main-stick-meta":"","header-below-stick-meta":"","astra-migrate-meta-layouts":"default","ast-page-background-enabled":"default","ast-page-background-meta":{"desktop":{"background-color":"","background-image":"","background-repeat":"repeat","background-position":"center center","background-size":"auto","background-attachment":"scroll","background-type":"","background-media":"","overlay-type":"","overlay-color":"","overlay-opacity":"","overlay-gradient":""},"tablet":{"background-color":"","background-image":"","background-repeat":"repeat","background-position":"center center","background-size":"auto","background-attachment":"scroll","background-type":"","background-media":"","overlay-type":"","overlay-color":"","overlay-opacity":"","overlay-gradient":""},"mobile":{"background-color":"","background-image":"","background-repeat":"repeat","background-position":"center center","background-size":"auto","background-attachment":"scroll","background-type":"","background-media":"","overlay-type":"","overlay-color":"","overlay-opacity":"","overlay-gradient":""}},"ast-content-background-meta":{"desktop":{"background-color":"var(--ast-global-color-5)","background-image":"","background-repeat":"repeat","background-position":"center center","background-size":"auto","background-attachment":"scroll","background-type":"","background-media":"","overlay-type":"","overlay-color":"","overlay-opacity":"","overlay-gradient":""},"tablet":{"background-color":"var(--ast-global-color-5)","background-image":"","background-repeat":"repeat","background-position":"center center","background-size":"auto","background-attachment":"scroll","background-type":"","background-media":"","overlay-type":"","overlay-color":"","overlay-opacity":"","overlay-gradient":""},"mobile":{"background-color":"var(--ast-global-color-5)","background-image":"","background-repeat":"repeat","background-position":"center center","background-size":"auto","background-attachment":"scroll","background-type":"","background-media":"","overlay-type":"","overlay-color":"","overlay-opacity":"","overlay-gradient":""}},"footnotes":""},"class_list":["post-9374","page","type-page","status-publish","hentry"],"acf":[],"_links":{"self":[{"href":"http:\/\/spmaskiner.dev03.extrude.se\/sv\/wp-json\/wp\/v2\/pages\/9374","targetHints":{"allow":["GET"]}}],"collection":[{"href":"http:\/\/spmaskiner.dev03.extrude.se\/sv\/wp-json\/wp\/v2\/pages"}],"about":[{"href":"http:\/\/spmaskiner.dev03.extrude.se\/sv\/wp-json\/wp\/v2\/types\/page"}],"author":[{"embeddable":true,"href":"http:\/\/spmaskiner.dev03.extrude.se\/sv\/wp-json\/wp\/v2\/users\/1"}],"replies":[{"embeddable":true,"href":"http:\/\/spmaskiner.dev03.extrude.se\/sv\/wp-json\/wp\/v2\/comments?post=9374"}],"version-history":[{"count":7,"href":"http:\/\/spmaskiner.dev03.extrude.se\/sv\/wp-json\/wp\/v2\/pages\/9374\/revisions"}],"predecessor-version":[{"id":9525,"href":"http:\/\/spmaskiner.dev03.extrude.se\/sv\/wp-json\/wp\/v2\/pages\/9374\/revisions\/9525"}],"up":[{"embeddable":true,"href":"http:\/\/spmaskiner.dev03.extrude.se\/sv\/wp-json\/wp\/v2\/pages\/11"}],"wp:attachment":[{"href":"http:\/\/spmaskiner.dev03.extrude.se\/sv\/wp-json\/wp\/v2\/media?parent=9374"}],"curies":[{"name":"wp","href":"https:\/\/api.w.org\/{rel}","templated":true}]}}