{"id":513,"date":"2021-03-14T14:01:40","date_gmt":"2021-03-14T13:01:40","guid":{"rendered":"http:\/\/spmaskiner.dev03.extrude.se\/?page_id=513"},"modified":"2022-06-02T13:27:42","modified_gmt":"2022-06-02T11:27:42","slug":"sp-461-lf-tillbehor","status":"publish","type":"page","link":"http:\/\/spmaskiner.dev03.extrude.se\/sv\/skordaraggregat\/skordaraggregat-lf\/skordaraggregat-sp-461-lf\/sp-461-lf-tillbehor\/","title":{"rendered":"Tillbeh\u00f6r &#038; utrustning"},"content":{"rendered":"\t\t<div data-elementor-type=\"wp-page\" data-elementor-id=\"513\" class=\"elementor elementor-513\" data-elementor-post-type=\"page\">\n\t\t\t\t\t\t<section class=\"elementor-section elementor-top-section elementor-element elementor-element-350464f9 elementor-section-height-min-height elementor-section-items-top product-top-section elementor-section-boxed elementor-section-height-default\" data-id=\"350464f9\" data-element_type=\"section\" data-e-type=\"section\" data-settings=\"{&quot;background_background&quot;:&quot;classic&quot;}\">\n\t\t\t\t\t\t<div class=\"elementor-container elementor-column-gap-default\">\n\t\t\t\t\t<div class=\"elementor-column elementor-col-50 elementor-top-column elementor-element elementor-element-4f64430f\" data-id=\"4f64430f\" data-element_type=\"column\" data-e-type=\"column\" data-settings=\"{&quot;background_background&quot;:&quot;classic&quot;}\">\n\t\t\t<div class=\"elementor-widget-wrap elementor-element-populated\">\n\t\t\t\t\t\t<div class=\"elementor-element elementor-element-85aeac0 elementor-widget__width-auto elementor-widget elementor-widget-heading\" data-id=\"85aeac0\" data-element_type=\"widget\" data-e-type=\"widget\" data-widget_type=\"heading.default\">\n\t\t\t\t<div class=\"elementor-widget-container\">\n\t\t\t\t\t<h2 class=\"elementor-heading-title elementor-size-default\">SP 461 LF<\/h2>\t\t\t\t<\/div>\n\t\t\t\t<\/div>\n\t\t\t\t\t<\/div>\n\t\t<\/div>\n\t\t\t\t<div class=\"elementor-column elementor-col-50 elementor-top-column elementor-element elementor-element-13cf71ea\" data-id=\"13cf71ea\" data-element_type=\"column\" data-e-type=\"column\" data-settings=\"{&quot;background_background&quot;:&quot;classic&quot;}\">\n\t\t\t<div class=\"elementor-widget-wrap\">\n\t\t\t\t\t\t\t<\/div>\n\t\t<\/div>\n\t\t\t\t\t<\/div>\n\t\t<\/section>\n\t\t\t\t<section class=\"elementor-section elementor-top-section elementor-element elementor-element-62a7671a elementor-section-full_width elementor-section-height-default elementor-section-height-default\" data-id=\"62a7671a\" data-element_type=\"section\" data-e-type=\"section\">\n\t\t\t\t\t\t<div class=\"elementor-container elementor-column-gap-default\">\n\t\t\t\t\t<div class=\"elementor-column elementor-col-100 elementor-top-column elementor-element elementor-element-7a34a1e8\" data-id=\"7a34a1e8\" data-element_type=\"column\" data-e-type=\"column\">\n\t\t\t<div class=\"elementor-widget-wrap elementor-element-populated\">\n\t\t\t\t\t\t<div class=\"elementor-element elementor-element-88cb626 elementor-nav-menu__align-center elementor-nav-menu--dropdown-mobile elementor-nav-menu__text-align-aside elementor-nav-menu--toggle elementor-nav-menu--burger elementor-widget elementor-widget-global elementor-global-2544 elementor-widget-nav-menu\" data-id=\"88cb626\" data-element_type=\"widget\" data-e-type=\"widget\" id=\"product-menu\" data-settings=\"{&quot;layout&quot;:&quot;horizontal&quot;,&quot;submenu_icon&quot;:{&quot;value&quot;:&quot;fas fa-caret-down&quot;,&quot;library&quot;:&quot;fa-solid&quot;},&quot;toggle&quot;:&quot;burger&quot;}\" data-widget_type=\"nav-menu.default\">\n\t\t\t\t<div class=\"elementor-widget-container\">\n\t\t\t\t\t\t\t\t<nav aria-label=\"Meny\" class=\"elementor-nav-menu--main elementor-nav-menu__container elementor-nav-menu--layout-horizontal e--pointer-background e--animation-fade\">\n\t\t\t\t<ul id=\"menu-1-88cb626\" class=\"elementor-nav-menu\"><li class=\"menu-item menu-item-type-post_type menu-item-object-page menu-item-523\"><a href=\"http:\/\/spmaskiner.dev03.extrude.se\/sv\/skordaraggregat\/skordaraggregat-lf\/skordaraggregat-sp-461-lf\/\" class=\"elementor-item menu-link\">Produktinformation<\/a><\/li>\n<li class=\"menu-item menu-item-type-post_type menu-item-object-page menu-item-526\"><a href=\"http:\/\/spmaskiner.dev03.extrude.se\/sv\/skordaraggregat\/skordaraggregat-lf\/skordaraggregat-sp-461-lf\/sp-461-lf-teknisk-information\/\" class=\"elementor-item menu-link\">Tekniska data<\/a><\/li>\n<li class=\"menu-item menu-item-type-post_type menu-item-object-page menu-item-525\"><a href=\"http:\/\/spmaskiner.dev03.extrude.se\/sv\/skordaraggregat\/skordaraggregat-lf\/skordaraggregat-sp-461-lf\/sp-461-lf-kundfordelar\/\" class=\"elementor-item menu-link\">Kundf\u00f6rdelar<\/a><\/li>\n<li class=\"menu-item menu-item-type-post_type menu-item-object-page menu-item-4042\"><a href=\"http:\/\/spmaskiner.dev03.extrude.se\/sv\/skordaraggregat\/skordaraggregat-lf\/skordaraggregat-sp-461-lf\/sp-461-lf-styr-och-matsystem\/\" class=\"elementor-item menu-link\">Styr- och m\u00e4tsystem<\/a><\/li>\n<li class=\"menu-item menu-item-type-post_type menu-item-object-page menu-item-524\"><a href=\"http:\/\/spmaskiner.dev03.extrude.se\/sv\/skordaraggregat\/skordaraggregat-lf\/skordaraggregat-sp-461-lf\/sp-461-lf-tillbehor\/\" class=\"elementor-item menu-link\">Tillbeh\u00f6r och utrustning<\/a><\/li>\n<\/ul>\t\t\t<\/nav>\n\t\t\t\t\t<div class=\"elementor-menu-toggle\" role=\"button\" tabindex=\"0\" aria-label=\"Sl\u00e5 p\u00e5\/av meny\" aria-expanded=\"false\">\n\t\t\t<i aria-hidden=\"true\" role=\"presentation\" class=\"elementor-menu-toggle__icon--open eicon-menu-bar\"><\/i><i aria-hidden=\"true\" role=\"presentation\" class=\"elementor-menu-toggle__icon--close eicon-close\"><\/i>\t\t<\/div>\n\t\t\t\t\t<nav class=\"elementor-nav-menu--dropdown elementor-nav-menu__container\" aria-hidden=\"true\">\n\t\t\t\t<ul id=\"menu-2-88cb626\" class=\"elementor-nav-menu\"><li class=\"menu-item menu-item-type-post_type menu-item-object-page menu-item-523\"><a href=\"http:\/\/spmaskiner.dev03.extrude.se\/sv\/skordaraggregat\/skordaraggregat-lf\/skordaraggregat-sp-461-lf\/\" class=\"elementor-item menu-link\" tabindex=\"-1\">Produktinformation<\/a><\/li>\n<li class=\"menu-item menu-item-type-post_type menu-item-object-page menu-item-526\"><a href=\"http:\/\/spmaskiner.dev03.extrude.se\/sv\/skordaraggregat\/skordaraggregat-lf\/skordaraggregat-sp-461-lf\/sp-461-lf-teknisk-information\/\" class=\"elementor-item menu-link\" tabindex=\"-1\">Tekniska data<\/a><\/li>\n<li class=\"menu-item menu-item-type-post_type menu-item-object-page menu-item-525\"><a href=\"http:\/\/spmaskiner.dev03.extrude.se\/sv\/skordaraggregat\/skordaraggregat-lf\/skordaraggregat-sp-461-lf\/sp-461-lf-kundfordelar\/\" class=\"elementor-item menu-link\" tabindex=\"-1\">Kundf\u00f6rdelar<\/a><\/li>\n<li class=\"menu-item menu-item-type-post_type menu-item-object-page menu-item-4042\"><a href=\"http:\/\/spmaskiner.dev03.extrude.se\/sv\/skordaraggregat\/skordaraggregat-lf\/skordaraggregat-sp-461-lf\/sp-461-lf-styr-och-matsystem\/\" class=\"elementor-item menu-link\" tabindex=\"-1\">Styr- och m\u00e4tsystem<\/a><\/li>\n<li class=\"menu-item menu-item-type-post_type menu-item-object-page menu-item-524\"><a href=\"http:\/\/spmaskiner.dev03.extrude.se\/sv\/skordaraggregat\/skordaraggregat-lf\/skordaraggregat-sp-461-lf\/sp-461-lf-tillbehor\/\" class=\"elementor-item menu-link\" tabindex=\"-1\">Tillbeh\u00f6r och utrustning<\/a><\/li>\n<\/ul>\t\t\t<\/nav>\n\t\t\t\t\t\t<\/div>\n\t\t\t\t<\/div>\n\t\t\t\t\t<\/div>\n\t\t<\/div>\n\t\t\t\t\t<\/div>\n\t\t<\/section>\n\t\t\t\t<section class=\"elementor-section elementor-top-section elementor-element elementor-element-22f6c59d elementor-section-boxed elementor-section-height-default elementor-section-height-default\" data-id=\"22f6c59d\" data-element_type=\"section\" data-e-type=\"section\">\n\t\t\t\t\t\t<div class=\"elementor-container elementor-column-gap-default\">\n\t\t\t\t\t<div class=\"elementor-column elementor-col-100 elementor-top-column elementor-element elementor-element-5631476\" data-id=\"5631476\" data-element_type=\"column\" data-e-type=\"column\">\n\t\t\t<div class=\"elementor-widget-wrap elementor-element-populated\">\n\t\t\t\t\t\t<div class=\"elementor-element elementor-element-62c405df elementor-widget elementor-widget-heading\" data-id=\"62c405df\" data-element_type=\"widget\" data-e-type=\"widget\" data-widget_type=\"heading.default\">\n\t\t\t\t<div class=\"elementor-widget-container\">\n\t\t\t\t\t<h1 class=\"elementor-heading-title elementor-size-default\">Tilllbeh\u00f6r och utrustning - Sk\u00f6rdaraggregat SP 461 LF<\/h1>\t\t\t\t<\/div>\n\t\t\t\t<\/div>\n\t\t\t\t<div class=\"elementor-element elementor-element-5c148800 elementor-widget elementor-widget-text-editor\" data-id=\"5c148800\" data-element_type=\"widget\" data-e-type=\"widget\" data-widget_type=\"text-editor.default\">\n\t\t\t\t<div class=\"elementor-widget-container\">\n\t\t\t\t\t\t\t\t\t<p>Alla v\u00e5ra aggregat har en h\u00f6g utrustningsniv\u00e5 som standard. En rad tillbeh\u00f6r finns dock f\u00f6r att kunna anpassa aggregatet efter olika behov, maskiner och avverkningsf\u00f6rh\u00e5llanden. Nedan beskrivs de vanligaste tillbeh\u00f6ren.<\/p><p>F\u00f6r mer information om tillbeh\u00f6r kontakta din SP \u00e5terf\u00f6rs\u00e4ljare eller SP Maskiner.<\/p>\t\t\t\t\t\t\t\t<\/div>\n\t\t\t\t<\/div>\n\t\t\t\t\t<\/div>\n\t\t<\/div>\n\t\t\t\t\t<\/div>\n\t\t<\/section>\n\t\t\t\t<section class=\"elementor-section elementor-inner-section elementor-element elementor-element-3c5334a elementor-section-boxed elementor-section-height-default elementor-section-height-default\" data-id=\"3c5334a\" data-element_type=\"section\" data-e-type=\"section\">\n\t\t\t\t\t\t<div class=\"elementor-container elementor-column-gap-default\">\n\t\t\t\t\t<div class=\"elementor-column elementor-col-50 elementor-inner-column elementor-element elementor-element-547f287d\" data-id=\"547f287d\" data-element_type=\"column\" data-e-type=\"column\">\n\t\t\t<div class=\"elementor-widget-wrap elementor-element-populated\">\n\t\t\t\t\t\t<div class=\"elementor-element elementor-element-6e3bc9ca elementor-widget elementor-widget-text-editor\" data-id=\"6e3bc9ca\" data-element_type=\"widget\" data-e-type=\"widget\" data-widget_type=\"text-editor.default\">\n\t\t\t\t<div class=\"elementor-widget-container\">\n\t\t\t\t\t\t\t\t\t<p><strong>F\u00e4rgm\u00e4rkning<br \/><\/strong>Anv\u00e4nds f\u00f6r att underl\u00e4tta skotningen n\u00e4r sortimenten \u00e4r sv\u00e5ra att urskilja med blotta \u00f6gat.<\/p><p><strong>Flertr\u00e4dshantering<br \/><\/strong>En produktionsh\u00f6jande utrustning f\u00f6r klena best\u00e5nd d\u00e5 det med SP:s flertr\u00e4dshantering \u00e4r m\u00f6jligt att f\u00e4lla och ackumulera flera stammar f\u00f6r att sedan upparbeta dessa samtidigt.<\/p><p><strong>Rots\u00f6kningsfunktion<br \/><\/strong>Med hj\u00e4lp av en sensor monterad i s\u00e5gl\u00e5dan letar aggregatet automatiskt upp stam\u00e4nden med hj\u00e4lp av en knapptryckning.<\/p><p><strong>Hjulmotorer<br \/><\/strong>Olika storlekar p\u00e5 hjulmotorer finns f\u00f6r att optimera aggregatets prestanda beroende p\u00e5 arbetsf\u00f6rh\u00e5llanden och storlek p\u00e5 basmaskin, V\u00e4lj mellan 398 eller 450 cc motorer.<\/p><p><span style=\"font-weight: bold;\">Belysning s\u00e5gl\u00e5da<br \/><\/span>Ledlampa i s\u00e5gl\u00e5dan f\u00f6r extra belysning av arbetsomr\u00e5det.<\/p>\t\t\t\t\t\t\t\t<\/div>\n\t\t\t\t<\/div>\n\t\t\t\t\t<\/div>\n\t\t<\/div>\n\t\t\t\t<div class=\"elementor-column elementor-col-50 elementor-inner-column elementor-element elementor-element-52acc4\" data-id=\"52acc4\" data-element_type=\"column\" data-e-type=\"column\">\n\t\t\t<div class=\"elementor-widget-wrap elementor-element-populated\">\n\t\t\t\t\t\t<div class=\"elementor-element elementor-element-625651ca elementor-widget elementor-widget-text-editor\" data-id=\"625651ca\" data-element_type=\"widget\" data-e-type=\"widget\" data-widget_type=\"text-editor.default\">\n\t\t\t\t<div class=\"elementor-widget-container\">\n\t\t\t\t\t\t\t\t\t<p><strong>Eukalyptus-kit<br \/><\/strong>Avbarkningssats f\u00f6r eukalyptustr\u00e4d.<\/p><p><strong>Matarhjul<br \/><\/strong>Matarhjul i flera modeller och utf\u00f6randen finns tillg\u00e4ngliga f\u00f6r att passa olika f\u00f6rh\u00e5llanden och behov.<\/p><p><strong>Anpassning m\u00e4tsystem<br \/><\/strong>SP sk\u00f6rdaraggregat kan k\u00f6ras mot i stort sett alla p\u00e5 marknaden f\u00f6rekommande m\u00e4tsystem. Detta inneb\u00e4r en l\u00e4gre investering och en enklare uppstart utan att f\u00f6raren beh\u00f6ver l\u00e4ra sig ett nytt system.<\/p><p><strong>Dasa5 komplett m\u00e4tsystem<br \/><\/strong>Ett komplett m\u00e4tsystem beh\u00f6vs vid installation p\u00e5 tex en gr\u00e4vmaskin eller bandg\u00e5ende sk\u00f6rdare. V\u00e4lj mellan det enkla D5 Bucking Prio C, mellansystemet D5 Bucking Prio eller det mest avancerade D5 Bucking.<\/p>\t\t\t\t\t\t\t\t<\/div>\n\t\t\t\t<\/div>\n\t\t\t\t\t<\/div>\n\t\t<\/div>\n\t\t\t\t\t<\/div>\n\t\t<\/section>\n\t\t\t\t<\/div>\n\t\t","protected":false},"excerpt":{"rendered":"<p>SP 461 LF Tilllbeh\u00f6r och utrustning &#8211; Sk\u00f6rdaraggregat SP 461 LF Alla v\u00e5ra aggregat har en h\u00f6g utrustningsniv\u00e5 som standard. En rad tillbeh\u00f6r finns dock f\u00f6r att kunna anpassa aggregatet efter olika behov, maskiner och avverkningsf\u00f6rh\u00e5llanden. Nedan beskrivs de vanligaste tillbeh\u00f6ren. F\u00f6r mer information om tillbeh\u00f6r kontakta din SP \u00e5terf\u00f6rs\u00e4ljare eller SP Maskiner. F\u00e4rgm\u00e4rkning Anv\u00e4nds [&hellip;]<\/p>\n","protected":false},"author":1,"featured_media":0,"parent":492,"menu_order":30,"comment_status":"closed","ping_status":"closed","template":"","meta":{"_acf_changed":false,"site-sidebar-layout":"no-sidebar","site-content-layout":"page-builder","ast-site-content-layout":"default","site-content-style":"default","site-sidebar-style":"default","ast-global-header-display":"","ast-banner-title-visibility":"","ast-main-header-display":"","ast-hfb-above-header-display":"","ast-hfb-below-header-display":"","ast-hfb-mobile-header-display":"","site-post-title":"disabled","ast-breadcrumbs-content":"","ast-featured-img":"disabled","footer-sml-layout":"","ast-disable-related-posts":"","theme-transparent-header-meta":"default","adv-header-id-meta":"","stick-header-meta":"","header-above-stick-meta":"","header-main-stick-meta":"","header-below-stick-meta":"","astra-migrate-meta-layouts":"default","ast-page-background-enabled":"default","ast-page-background-meta":{"desktop":{"background-color":"","background-image":"","background-repeat":"repeat","background-position":"center center","background-size":"auto","background-attachment":"scroll","background-type":"","background-media":"","overlay-type":"","overlay-color":"","overlay-opacity":"","overlay-gradient":""},"tablet":{"background-color":"","background-image":"","background-repeat":"repeat","background-position":"center center","background-size":"auto","background-attachment":"scroll","background-type":"","background-media":"","overlay-type":"","overlay-color":"","overlay-opacity":"","overlay-gradient":""},"mobile":{"background-color":"","background-image":"","background-repeat":"repeat","background-position":"center center","background-size":"auto","background-attachment":"scroll","background-type":"","background-media":"","overlay-type":"","overlay-color":"","overlay-opacity":"","overlay-gradient":""}},"ast-content-background-meta":{"desktop":{"background-color":"var(--ast-global-color-5)","background-image":"","background-repeat":"repeat","background-position":"center center","background-size":"auto","background-attachment":"scroll","background-type":"","background-media":"","overlay-type":"","overlay-color":"","overlay-opacity":"","overlay-gradient":""},"tablet":{"background-color":"var(--ast-global-color-5)","background-image":"","background-repeat":"repeat","background-position":"center center","background-size":"auto","background-attachment":"scroll","background-type":"","background-media":"","overlay-type":"","overlay-color":"","overlay-opacity":"","overlay-gradient":""},"mobile":{"background-color":"var(--ast-global-color-5)","background-image":"","background-repeat":"repeat","background-position":"center center","background-size":"auto","background-attachment":"scroll","background-type":"","background-media":"","overlay-type":"","overlay-color":"","overlay-opacity":"","overlay-gradient":""}},"footnotes":""},"class_list":["post-513","page","type-page","status-publish","hentry"],"acf":[],"_links":{"self":[{"href":"http:\/\/spmaskiner.dev03.extrude.se\/sv\/wp-json\/wp\/v2\/pages\/513","targetHints":{"allow":["GET"]}}],"collection":[{"href":"http:\/\/spmaskiner.dev03.extrude.se\/sv\/wp-json\/wp\/v2\/pages"}],"about":[{"href":"http:\/\/spmaskiner.dev03.extrude.se\/sv\/wp-json\/wp\/v2\/types\/page"}],"author":[{"embeddable":true,"href":"http:\/\/spmaskiner.dev03.extrude.se\/sv\/wp-json\/wp\/v2\/users\/1"}],"replies":[{"embeddable":true,"href":"http:\/\/spmaskiner.dev03.extrude.se\/sv\/wp-json\/wp\/v2\/comments?post=513"}],"version-history":[{"count":16,"href":"http:\/\/spmaskiner.dev03.extrude.se\/sv\/wp-json\/wp\/v2\/pages\/513\/revisions"}],"predecessor-version":[{"id":8659,"href":"http:\/\/spmaskiner.dev03.extrude.se\/sv\/wp-json\/wp\/v2\/pages\/513\/revisions\/8659"}],"up":[{"embeddable":true,"href":"http:\/\/spmaskiner.dev03.extrude.se\/sv\/wp-json\/wp\/v2\/pages\/492"}],"wp:attachment":[{"href":"http:\/\/spmaskiner.dev03.extrude.se\/sv\/wp-json\/wp\/v2\/media?parent=513"}],"curies":[{"name":"wp","href":"https:\/\/api.w.org\/{rel}","templated":true}]}}