{"id":3144,"date":"2021-04-09T11:43:29","date_gmt":"2021-04-09T09:43:29","guid":{"rendered":"http:\/\/spmaskiner.dev03.extrude.se\/?page_id=3144"},"modified":"2022-06-02T13:31:02","modified_gmt":"2022-06-02T11:31:02","slug":"sp-591-lx-g3-tillbehor-utrustning","status":"publish","type":"page","link":"http:\/\/spmaskiner.dev03.extrude.se\/sv\/skordaraggregat\/skordaraggregat-lx\/skordaraggregat-sp-591-lx-g3\/sp-591-lx-g3-tillbehor-utrustning\/","title":{"rendered":"Tillbeh\u00f6r &#038; utrustning"},"content":{"rendered":"\t\t<div data-elementor-type=\"wp-page\" data-elementor-id=\"3144\" class=\"elementor elementor-3144\" data-elementor-post-type=\"page\">\n\t\t\t\t\t\t<section class=\"elementor-section elementor-top-section elementor-element elementor-element-350464f9 elementor-section-height-min-height elementor-section-items-top product-top-section elementor-section-boxed elementor-section-height-default\" data-id=\"350464f9\" data-element_type=\"section\" data-e-type=\"section\" data-settings=\"{&quot;background_background&quot;:&quot;classic&quot;}\">\n\t\t\t\t\t\t<div class=\"elementor-container elementor-column-gap-default\">\n\t\t\t\t\t<div class=\"elementor-column elementor-col-50 elementor-top-column elementor-element elementor-element-4f64430f\" data-id=\"4f64430f\" data-element_type=\"column\" data-e-type=\"column\" data-settings=\"{&quot;background_background&quot;:&quot;classic&quot;}\">\n\t\t\t<div class=\"elementor-widget-wrap elementor-element-populated\">\n\t\t\t\t\t\t<div class=\"elementor-element elementor-element-85aeac0 elementor-widget__width-auto elementor-widget elementor-widget-heading\" data-id=\"85aeac0\" data-element_type=\"widget\" data-e-type=\"widget\" data-widget_type=\"heading.default\">\n\t\t\t\t<div class=\"elementor-widget-container\">\n\t\t\t\t\t<h2 class=\"elementor-heading-title elementor-size-default\">SP 591 LX G3<\/h2>\t\t\t\t<\/div>\n\t\t\t\t<\/div>\n\t\t\t\t\t<\/div>\n\t\t<\/div>\n\t\t\t\t<div class=\"elementor-column elementor-col-50 elementor-top-column elementor-element elementor-element-13cf71ea\" data-id=\"13cf71ea\" data-element_type=\"column\" data-e-type=\"column\" data-settings=\"{&quot;background_background&quot;:&quot;classic&quot;}\">\n\t\t\t<div class=\"elementor-widget-wrap\">\n\t\t\t\t\t\t\t<\/div>\n\t\t<\/div>\n\t\t\t\t\t<\/div>\n\t\t<\/section>\n\t\t\t\t<section class=\"elementor-section elementor-top-section elementor-element elementor-element-62a7671a elementor-section-full_width elementor-section-height-default elementor-section-height-default\" data-id=\"62a7671a\" data-element_type=\"section\" data-e-type=\"section\">\n\t\t\t\t\t\t<div class=\"elementor-container elementor-column-gap-default\">\n\t\t\t\t\t<div class=\"elementor-column elementor-col-100 elementor-top-column elementor-element elementor-element-7a34a1e8\" data-id=\"7a34a1e8\" data-element_type=\"column\" data-e-type=\"column\">\n\t\t\t<div class=\"elementor-widget-wrap elementor-element-populated\">\n\t\t\t\t\t\t<div class=\"elementor-element elementor-element-2f8c579 elementor-nav-menu__align-center elementor-nav-menu--dropdown-mobile elementor-nav-menu__text-align-aside elementor-nav-menu--toggle elementor-nav-menu--burger elementor-widget elementor-widget-global elementor-global-3155 elementor-widget-nav-menu\" data-id=\"2f8c579\" data-element_type=\"widget\" data-e-type=\"widget\" id=\"product-menu\" data-settings=\"{&quot;layout&quot;:&quot;horizontal&quot;,&quot;submenu_icon&quot;:{&quot;value&quot;:&quot;fas fa-caret-down&quot;,&quot;library&quot;:&quot;fa-solid&quot;},&quot;toggle&quot;:&quot;burger&quot;}\" data-widget_type=\"nav-menu.default\">\n\t\t\t\t<div class=\"elementor-widget-container\">\n\t\t\t\t\t\t\t\t<nav aria-label=\"Meny\" class=\"elementor-nav-menu--main elementor-nav-menu__container elementor-nav-menu--layout-horizontal e--pointer-background e--animation-fade\">\n\t\t\t\t<ul id=\"menu-1-2f8c579\" class=\"elementor-nav-menu\"><li class=\"menu-item menu-item-type-post_type menu-item-object-page menu-item-3146\"><a href=\"http:\/\/spmaskiner.dev03.extrude.se\/sv\/skordaraggregat\/skordaraggregat-lx\/skordaraggregat-sp-591-lx-g3\/\" title=\"Produktinformation Sk\u00f6rdaraggregat SP 591 LX G3\" class=\"elementor-item menu-link\">Produktinformation<\/a><\/li>\n<li class=\"menu-item menu-item-type-post_type menu-item-object-page menu-item-3147\"><a href=\"http:\/\/spmaskiner.dev03.extrude.se\/sv\/skordaraggregat\/skordaraggregat-lx\/skordaraggregat-sp-591-lx-g3\/sp-591-lx-g3-tekniska-data\/\" title=\"SP 591 LX G3 &#8211; Tekniska data\" class=\"elementor-item menu-link\">Tekniska data<\/a><\/li>\n<li class=\"menu-item menu-item-type-post_type menu-item-object-page menu-item-3149\"><a href=\"http:\/\/spmaskiner.dev03.extrude.se\/sv\/skordaraggregat\/skordaraggregat-lx\/skordaraggregat-sp-591-lx-g3\/sp-591-lx-g3-kundfordelar\/\" title=\"SP 591 LX G3 &#8211; Kundf\u00f6rdelar\" class=\"elementor-item menu-link\">Kundf\u00f6rdelar<\/a><\/li>\n<li class=\"menu-item menu-item-type-post_type menu-item-object-page menu-item-4080\"><a href=\"http:\/\/spmaskiner.dev03.extrude.se\/sv\/skordaraggregat\/skordaraggregat-lx\/skordaraggregat-sp-591-lx-g3\/sp-591-lx-g3-styr-och-matsystem\/\" class=\"elementor-item menu-link\">Styr- och m\u00e4tsystem<\/a><\/li>\n<li class=\"menu-item menu-item-type-post_type menu-item-object-page menu-item-3150\"><a href=\"http:\/\/spmaskiner.dev03.extrude.se\/sv\/skordaraggregat\/skordaraggregat-lx\/skordaraggregat-sp-591-lx-g3\/sp-591-lx-g3-tillbehor-utrustning\/\" title=\"SP 591 LX G3 &#8211; Tillbeh\u00f6r &#038; utrustning\" class=\"elementor-item menu-link\">Tillbeh\u00f6r och utrustning<\/a><\/li>\n<\/ul>\t\t\t<\/nav>\n\t\t\t\t\t<div class=\"elementor-menu-toggle\" role=\"button\" tabindex=\"0\" aria-label=\"Sl\u00e5 p\u00e5\/av meny\" aria-expanded=\"false\">\n\t\t\t<i aria-hidden=\"true\" role=\"presentation\" class=\"elementor-menu-toggle__icon--open eicon-menu-bar\"><\/i><i aria-hidden=\"true\" role=\"presentation\" class=\"elementor-menu-toggle__icon--close eicon-close\"><\/i>\t\t<\/div>\n\t\t\t\t\t<nav class=\"elementor-nav-menu--dropdown elementor-nav-menu__container\" aria-hidden=\"true\">\n\t\t\t\t<ul id=\"menu-2-2f8c579\" class=\"elementor-nav-menu\"><li class=\"menu-item menu-item-type-post_type menu-item-object-page menu-item-3146\"><a href=\"http:\/\/spmaskiner.dev03.extrude.se\/sv\/skordaraggregat\/skordaraggregat-lx\/skordaraggregat-sp-591-lx-g3\/\" title=\"Produktinformation Sk\u00f6rdaraggregat SP 591 LX G3\" class=\"elementor-item menu-link\" tabindex=\"-1\">Produktinformation<\/a><\/li>\n<li class=\"menu-item menu-item-type-post_type menu-item-object-page menu-item-3147\"><a href=\"http:\/\/spmaskiner.dev03.extrude.se\/sv\/skordaraggregat\/skordaraggregat-lx\/skordaraggregat-sp-591-lx-g3\/sp-591-lx-g3-tekniska-data\/\" title=\"SP 591 LX G3 &#8211; Tekniska data\" class=\"elementor-item menu-link\" tabindex=\"-1\">Tekniska data<\/a><\/li>\n<li class=\"menu-item menu-item-type-post_type menu-item-object-page menu-item-3149\"><a href=\"http:\/\/spmaskiner.dev03.extrude.se\/sv\/skordaraggregat\/skordaraggregat-lx\/skordaraggregat-sp-591-lx-g3\/sp-591-lx-g3-kundfordelar\/\" title=\"SP 591 LX G3 &#8211; Kundf\u00f6rdelar\" class=\"elementor-item menu-link\" tabindex=\"-1\">Kundf\u00f6rdelar<\/a><\/li>\n<li class=\"menu-item menu-item-type-post_type menu-item-object-page menu-item-4080\"><a href=\"http:\/\/spmaskiner.dev03.extrude.se\/sv\/skordaraggregat\/skordaraggregat-lx\/skordaraggregat-sp-591-lx-g3\/sp-591-lx-g3-styr-och-matsystem\/\" class=\"elementor-item menu-link\" tabindex=\"-1\">Styr- och m\u00e4tsystem<\/a><\/li>\n<li class=\"menu-item menu-item-type-post_type menu-item-object-page menu-item-3150\"><a href=\"http:\/\/spmaskiner.dev03.extrude.se\/sv\/skordaraggregat\/skordaraggregat-lx\/skordaraggregat-sp-591-lx-g3\/sp-591-lx-g3-tillbehor-utrustning\/\" title=\"SP 591 LX G3 &#8211; Tillbeh\u00f6r &#038; utrustning\" class=\"elementor-item menu-link\" tabindex=\"-1\">Tillbeh\u00f6r och utrustning<\/a><\/li>\n<\/ul>\t\t\t<\/nav>\n\t\t\t\t\t\t<\/div>\n\t\t\t\t<\/div>\n\t\t\t\t\t<\/div>\n\t\t<\/div>\n\t\t\t\t\t<\/div>\n\t\t<\/section>\n\t\t\t\t<section class=\"elementor-section elementor-top-section elementor-element elementor-element-22f6c59d elementor-section-boxed elementor-section-height-default elementor-section-height-default\" data-id=\"22f6c59d\" data-element_type=\"section\" data-e-type=\"section\">\n\t\t\t\t\t\t<div class=\"elementor-container elementor-column-gap-default\">\n\t\t\t\t\t<div class=\"elementor-column elementor-col-100 elementor-top-column elementor-element elementor-element-5631476\" data-id=\"5631476\" data-element_type=\"column\" data-e-type=\"column\">\n\t\t\t<div class=\"elementor-widget-wrap elementor-element-populated\">\n\t\t\t\t\t\t<div class=\"elementor-element elementor-element-62c405df elementor-widget elementor-widget-heading\" data-id=\"62c405df\" data-element_type=\"widget\" data-e-type=\"widget\" data-widget_type=\"heading.default\">\n\t\t\t\t<div class=\"elementor-widget-container\">\n\t\t\t\t\t<h1 class=\"elementor-heading-title elementor-size-default\">Tilllbeh\u00f6r och utrustning - Sk\u00f6rdaraggregat SP 591 LX G3<\/h1>\t\t\t\t<\/div>\n\t\t\t\t<\/div>\n\t\t\t\t<div class=\"elementor-element elementor-element-5c148800 elementor-widget elementor-widget-text-editor\" data-id=\"5c148800\" data-element_type=\"widget\" data-e-type=\"widget\" data-widget_type=\"text-editor.default\">\n\t\t\t\t<div class=\"elementor-widget-container\">\n\t\t\t\t\t\t\t\t\t<p>Alla v\u00e5ra aggregat har en h\u00f6g utrustningsniv\u00e5 som standard. En rad tillbeh\u00f6r finns dock f\u00f6r att kunna anpassa aggregatet efter olika behov, maskiner och avverkningsf\u00f6rh\u00e5llanden. Nedan beskrivs de vanligaste tillbeh\u00f6ren.<\/p>\n<p>F\u00f6r mer information om tillbeh\u00f6r kontakta din SP \u00e5terf\u00f6rs\u00e4ljare eller SP Maskiner.<\/p>\t\t\t\t\t\t\t\t<\/div>\n\t\t\t\t<\/div>\n\t\t\t\t\t<\/div>\n\t\t<\/div>\n\t\t\t\t\t<\/div>\n\t\t<\/section>\n\t\t\t\t<section class=\"elementor-section elementor-inner-section elementor-element elementor-element-6366a268 elementor-section-boxed elementor-section-height-default elementor-section-height-default\" data-id=\"6366a268\" data-element_type=\"section\" data-e-type=\"section\">\n\t\t\t\t\t\t<div class=\"elementor-container elementor-column-gap-default\">\n\t\t\t\t\t<div class=\"elementor-column elementor-col-50 elementor-inner-column elementor-element elementor-element-6e559185\" data-id=\"6e559185\" data-element_type=\"column\" data-e-type=\"column\">\n\t\t\t<div class=\"elementor-widget-wrap elementor-element-populated\">\n\t\t\t\t\t\t<div class=\"elementor-element elementor-element-511bca53 elementor-widget elementor-widget-text-editor\" data-id=\"511bca53\" data-element_type=\"widget\" data-e-type=\"widget\" data-widget_type=\"text-editor.default\">\n\t\t\t\t<div class=\"elementor-widget-container\">\n\t\t\t\t\t\t\t\t\t<p><strong>Rots\u00f6kningsfunktion<\/strong><br \/>Med hj\u00e4lp av en sensor monterad i s\u00e5gl\u00e5dan letar aggregatet automatiskt upp stam\u00e4nden med hj\u00e4lp av en knapptryckning.<\/p><p><strong>Hjulmotorer<\/strong><br \/>Olika storlekar p\u00e5 hjulmotorer finns f\u00f6r att optimera aggregatets prestanda beroende p\u00e5 arbetsf\u00f6rh\u00e5llanden och storlek p\u00e5 basmaskin, V\u00e4lj mellan configurationen 500\/315 cc eller 620\/400 cc.<\/p><p><strong>Belysning s\u00e5gl\u00e5da<\/strong><br \/>Ledlampa i s\u00e5gl\u00e5dan f\u00f6r extra belysning av arbetsomr\u00e5det.<\/p><p><strong>Separat l\u00e4ngdm\u00e4tningsenhet<\/strong><br \/>Hydrauliskt kontrollerad l\u00e4ngdm\u00e4tningsarm som ger en v\u00e4ldigt exakt l\u00e4ngdm\u00e4tning.<\/p><p><strong>3\/4 \u201d s\u00e5genhet<\/strong><br \/>F\u00f6r avverkningar och f\u00f6rh\u00e5llanden som kr\u00e4ver en mer robust och t\u00e5lig l\u00f6sning.<\/p>\t\t\t\t\t\t\t\t<\/div>\n\t\t\t\t<\/div>\n\t\t\t\t\t<\/div>\n\t\t<\/div>\n\t\t\t\t<div class=\"elementor-column elementor-col-50 elementor-inner-column elementor-element elementor-element-1ed45670\" data-id=\"1ed45670\" data-element_type=\"column\" data-e-type=\"column\">\n\t\t\t<div class=\"elementor-widget-wrap elementor-element-populated\">\n\t\t\t\t\t\t<div class=\"elementor-element elementor-element-20b8de97 elementor-widget elementor-widget-text-editor\" data-id=\"20b8de97\" data-element_type=\"widget\" data-e-type=\"widget\" data-widget_type=\"text-editor.default\">\n\t\t\t\t<div class=\"elementor-widget-container\">\n\t\t\t\t\t\t\t\t\t<p><strong>Matarhjul<\/strong><br \/>Matarhjul i flera modeller och utf\u00f6randen finns tillg\u00e4ngliga f\u00f6r att passa olika f\u00f6rh\u00e5llanden och behov.<strong style=\"font-style: inherit; color: var( --e-global-color-text ); font-family: var( --e-global-typography-text-font-family ), Sans-serif;\">\u00a0<\/strong><\/p><p><b>Vinklade motorarmar\u00a0<br \/><\/b><span style=\"font-style: inherit; font-weight: inherit; color: var( --e-global-color-text ); font-family: var( --e-global-typography-text-font-family ), Sans-serif;\">Ger mer rotation p\u00e5 stammen och d\u00e4rmed en effektivare avbarkning av Eucalyptus och Acacia.<\/span><\/p><p><strong>Anpassning m\u00e4tsystem<\/strong><br \/>SP sk\u00f6rdaraggregat kan k\u00f6ras mot i stort sett alla p\u00e5 marknaden f\u00f6rekommande m\u00e4tsystem. Detta inneb\u00e4r en l\u00e4gre investering och en enklare uppstart utan att f\u00f6raren beh\u00f6ver l\u00e4ra sig ett nytt system.<\/p><p><strong>Dasa5 komplett m\u00e4tsystem<\/strong><br \/>Ett komplett m\u00e4tsystem beh\u00f6vs vid installation p\u00e5 tex en gr\u00e4vmaskin eller bandg\u00e5ende sk\u00f6rdare. V\u00e4lj mellan det enkla D5 Bucking Prio C, mellansystemet D5 Bucking Prio eller det mest avancerade D5 Bucking.<\/p>\t\t\t\t\t\t\t\t<\/div>\n\t\t\t\t<\/div>\n\t\t\t\t\t<\/div>\n\t\t<\/div>\n\t\t\t\t\t<\/div>\n\t\t<\/section>\n\t\t\t\t<\/div>\n\t\t","protected":false},"excerpt":{"rendered":"<p>SP 591 LX G3 Tilllbeh\u00f6r och utrustning &#8211; Sk\u00f6rdaraggregat SP 591 LX G3 Alla v\u00e5ra aggregat har en h\u00f6g utrustningsniv\u00e5 som standard. En rad tillbeh\u00f6r finns dock f\u00f6r att kunna anpassa aggregatet efter olika behov, maskiner och avverkningsf\u00f6rh\u00e5llanden. Nedan beskrivs de vanligaste tillbeh\u00f6ren. F\u00f6r mer information om tillbeh\u00f6r kontakta din SP \u00e5terf\u00f6rs\u00e4ljare eller SP Maskiner. [&hellip;]<\/p>\n","protected":false},"author":1,"featured_media":0,"parent":3136,"menu_order":40,"comment_status":"closed","ping_status":"closed","template":"","meta":{"_acf_changed":false,"site-sidebar-layout":"no-sidebar","site-content-layout":"page-builder","ast-site-content-layout":"default","site-content-style":"default","site-sidebar-style":"default","ast-global-header-display":"","ast-banner-title-visibility":"","ast-main-header-display":"","ast-hfb-above-header-display":"","ast-hfb-below-header-display":"","ast-hfb-mobile-header-display":"","site-post-title":"disabled","ast-breadcrumbs-content":"","ast-featured-img":"disabled","footer-sml-layout":"","ast-disable-related-posts":"","theme-transparent-header-meta":"default","adv-header-id-meta":"","stick-header-meta":"","header-above-stick-meta":"","header-main-stick-meta":"","header-below-stick-meta":"","astra-migrate-meta-layouts":"default","ast-page-background-enabled":"default","ast-page-background-meta":{"desktop":{"background-color":"","background-image":"","background-repeat":"repeat","background-position":"center center","background-size":"auto","background-attachment":"scroll","background-type":"","background-media":"","overlay-type":"","overlay-color":"","overlay-opacity":"","overlay-gradient":""},"tablet":{"background-color":"","background-image":"","background-repeat":"repeat","background-position":"center center","background-size":"auto","background-attachment":"scroll","background-type":"","background-media":"","overlay-type":"","overlay-color":"","overlay-opacity":"","overlay-gradient":""},"mobile":{"background-color":"","background-image":"","background-repeat":"repeat","background-position":"center center","background-size":"auto","background-attachment":"scroll","background-type":"","background-media":"","overlay-type":"","overlay-color":"","overlay-opacity":"","overlay-gradient":""}},"ast-content-background-meta":{"desktop":{"background-color":"var(--ast-global-color-5)","background-image":"","background-repeat":"repeat","background-position":"center center","background-size":"auto","background-attachment":"scroll","background-type":"","background-media":"","overlay-type":"","overlay-color":"","overlay-opacity":"","overlay-gradient":""},"tablet":{"background-color":"var(--ast-global-color-5)","background-image":"","background-repeat":"repeat","background-position":"center center","background-size":"auto","background-attachment":"scroll","background-type":"","background-media":"","overlay-type":"","overlay-color":"","overlay-opacity":"","overlay-gradient":""},"mobile":{"background-color":"var(--ast-global-color-5)","background-image":"","background-repeat":"repeat","background-position":"center center","background-size":"auto","background-attachment":"scroll","background-type":"","background-media":"","overlay-type":"","overlay-color":"","overlay-opacity":"","overlay-gradient":""}},"footnotes":""},"class_list":["post-3144","page","type-page","status-publish","hentry"],"acf":[],"_links":{"self":[{"href":"http:\/\/spmaskiner.dev03.extrude.se\/sv\/wp-json\/wp\/v2\/pages\/3144","targetHints":{"allow":["GET"]}}],"collection":[{"href":"http:\/\/spmaskiner.dev03.extrude.se\/sv\/wp-json\/wp\/v2\/pages"}],"about":[{"href":"http:\/\/spmaskiner.dev03.extrude.se\/sv\/wp-json\/wp\/v2\/types\/page"}],"author":[{"embeddable":true,"href":"http:\/\/spmaskiner.dev03.extrude.se\/sv\/wp-json\/wp\/v2\/users\/1"}],"replies":[{"embeddable":true,"href":"http:\/\/spmaskiner.dev03.extrude.se\/sv\/wp-json\/wp\/v2\/comments?post=3144"}],"version-history":[{"count":1,"href":"http:\/\/spmaskiner.dev03.extrude.se\/sv\/wp-json\/wp\/v2\/pages\/3144\/revisions"}],"predecessor-version":[{"id":8675,"href":"http:\/\/spmaskiner.dev03.extrude.se\/sv\/wp-json\/wp\/v2\/pages\/3144\/revisions\/8675"}],"up":[{"embeddable":true,"href":"http:\/\/spmaskiner.dev03.extrude.se\/sv\/wp-json\/wp\/v2\/pages\/3136"}],"wp:attachment":[{"href":"http:\/\/spmaskiner.dev03.extrude.se\/sv\/wp-json\/wp\/v2\/media?parent=3144"}],"curies":[{"name":"wp","href":"https:\/\/api.w.org\/{rel}","templated":true}]}}