{"id":11,"date":"2021-03-05T09:54:14","date_gmt":"2021-03-05T08:54:14","guid":{"rendered":"http:\/\/spmaskiner.dev03.extrude.se\/?page_id=11"},"modified":"2022-05-25T15:10:49","modified_gmt":"2022-05-25T13:10:49","slug":"skordaraggregat","status":"publish","type":"page","link":"http:\/\/spmaskiner.dev03.extrude.se\/sv\/skordaraggregat\/","title":{"rendered":"Sk\u00f6rdaraggregat"},"content":{"rendered":"\t\t<div data-elementor-type=\"wp-page\" data-elementor-id=\"11\" class=\"elementor elementor-11\" data-elementor-post-type=\"page\">\n\t\t\t\t\t\t<section class=\"elementor-section elementor-top-section elementor-element elementor-element-dbfcb83 elementor-section-boxed elementor-section-height-default elementor-section-height-default\" data-id=\"dbfcb83\" data-element_type=\"section\" data-e-type=\"section\">\n\t\t\t\t\t\t<div class=\"elementor-container elementor-column-gap-default\">\n\t\t\t\t\t<div class=\"elementor-column elementor-col-100 elementor-top-column elementor-element elementor-element-0a98888\" data-id=\"0a98888\" data-element_type=\"column\" data-e-type=\"column\">\n\t\t\t<div class=\"elementor-widget-wrap elementor-element-populated\">\n\t\t\t\t\t\t<div class=\"elementor-element elementor-element-2848fcf elementor-widget elementor-widget-heading\" data-id=\"2848fcf\" data-element_type=\"widget\" data-e-type=\"widget\" data-widget_type=\"heading.default\">\n\t\t\t\t<div class=\"elementor-widget-container\">\n\t\t\t\t\t<h1 class=\"elementor-heading-title elementor-size-default\">Sk\u00f6rdaraggregat<\/h1>\t\t\t\t<\/div>\n\t\t\t\t<\/div>\n\t\t\t\t<div class=\"elementor-element elementor-element-dfda329 elementor-widget elementor-widget-text-editor\" data-id=\"dfda329\" data-element_type=\"widget\" data-e-type=\"widget\" data-widget_type=\"text-editor.default\">\n\t\t\t\t<div class=\"elementor-widget-container\">\n\t\t\t\t\t\t\t\t\t<p>Med SP Maskiners sk\u00f6rdeaggregat m\u00e4rker du skillnaden. Det \u00e4r ingen slump att v\u00e5ra aggregat finns p\u00e5 maskiner \u00f6ver hela v\u00e4rlden. Vi tummar aldrig p\u00e5 kvalit\u00e9n och vi leder teknikutvecklingen inom v\u00e5rt segment. Alla v\u00e5ra aggregat passar ihop med alla m\u00e4rken och modeller av sk\u00f6rdare.<\/p><p>V\u00e5rt produktsortiment t\u00e4cker in alla avverkningstyper och f\u00f6rh\u00e5llanden, fr\u00e5n f\u00f6rsta gallring till slutavverkning samt avverkning av energived och eukalyptus. L\u00e4s mer om n\u00e5gon av v\u00e5ra tre aggregatserier nedan och hitta det perfekta aggregatet f\u00f6r dig.<\/p><p>SP har sk\u00f6rdaraggregat f\u00f6r alla maskintyper och avverkningsf\u00f6rh\u00e5llanden. F\u00f6r att kunna erbjuda detta utan kompromisser har vi utvecklat tre olika aggregatserier, LF, LX och E som alla erbjuder unika konstruktioner, l\u00f6sningar och f\u00f6rdelar, allt f\u00f6r att du ska kunna hitta det perfekta SP aggregatet f\u00f6r just dina behov.<\/p>\t\t\t\t\t\t\t\t<\/div>\n\t\t\t\t<\/div>\n\t\t\t\t\t<\/div>\n\t\t<\/div>\n\t\t\t\t\t<\/div>\n\t\t<\/section>\n\t\t\t\t<section class=\"elementor-section elementor-top-section elementor-element elementor-element-574c92f unit-group-container elementor-section-boxed elementor-section-height-default elementor-section-height-default\" data-id=\"574c92f\" data-element_type=\"section\" data-e-type=\"section\">\n\t\t\t\t\t\t<div class=\"elementor-container elementor-column-gap-default\">\n\t\t\t\t\t<div class=\"elementor-column elementor-col-33 elementor-top-column elementor-element elementor-element-24219d9 unit-group-col\" data-id=\"24219d9\" data-element_type=\"column\" data-e-type=\"column\">\n\t\t\t<div class=\"elementor-widget-wrap elementor-element-populated\">\n\t\t\t\t\t\t<div class=\"elementor-element elementor-element-574d482 unit-group-block elementor-position-top elementor-widget elementor-widget-image-box\" data-id=\"574d482\" data-element_type=\"widget\" data-e-type=\"widget\" data-widget_type=\"image-box.default\">\n\t\t\t\t<div class=\"elementor-widget-container\">\n\t\t\t\t\t<div class=\"elementor-image-box-wrapper\"><figure class=\"elementor-image-box-img\"><a href=\"http:\/\/spmaskiner.dev03.extrude.se\/sv\/skordaraggregat\/skordaraggregat-lf\/\" tabindex=\"-1\"><img fetchpriority=\"high\" decoding=\"async\" width=\"380\" height=\"456\" src=\"http:\/\/spmaskiner.dev03.extrude.se\/wp-content\/uploads\/2021\/03\/sp461lf-thumb.jpg\" class=\"attachment-medium_large size-medium_large wp-image-444\" alt=\"\" srcset=\"http:\/\/spmaskiner.dev03.extrude.se\/wp-content\/uploads\/2021\/03\/sp461lf-thumb.jpg 380w, http:\/\/spmaskiner.dev03.extrude.se\/wp-content\/uploads\/2021\/03\/sp461lf-thumb-250x300.jpg 250w\" sizes=\"(max-width: 380px) 100vw, 380px\" \/><\/a><\/figure><div class=\"elementor-image-box-content\"><h2 class=\"elementor-image-box-title\"><a href=\"http:\/\/spmaskiner.dev03.extrude.se\/sv\/skordaraggregat\/skordaraggregat-lf\/\">Sk\u00f6rdaraggegat LF<\/a><\/h2><p class=\"elementor-image-box-description\">Snabba, smidiga och kompakta aggregat f\u00f6r h\u00f6gsta produktion i s\u00e5v\u00e4l barr som -l\u00f6vskog.<\/p><\/div><\/div>\t\t\t\t<\/div>\n\t\t\t\t<\/div>\n\t\t\t\t\t<\/div>\n\t\t<\/div>\n\t\t\t\t<div class=\"elementor-column elementor-col-33 elementor-top-column elementor-element elementor-element-4b58488 unit-group-col\" data-id=\"4b58488\" data-element_type=\"column\" data-e-type=\"column\">\n\t\t\t<div class=\"elementor-widget-wrap elementor-element-populated\">\n\t\t\t\t\t\t<div class=\"elementor-element elementor-element-c3e0a89 unit-group-block elementor-position-top elementor-widget elementor-widget-image-box\" data-id=\"c3e0a89\" data-element_type=\"widget\" data-e-type=\"widget\" data-widget_type=\"image-box.default\">\n\t\t\t\t<div class=\"elementor-widget-container\">\n\t\t\t\t\t<div class=\"elementor-image-box-wrapper\"><figure class=\"elementor-image-box-img\"><a href=\"http:\/\/spmaskiner.dev03.extrude.se\/sv\/skordaraggregat\/skordaraggregat-lx\/\" tabindex=\"-1\"><img decoding=\"async\" width=\"656\" height=\"800\" src=\"http:\/\/spmaskiner.dev03.extrude.se\/wp-content\/uploads\/2021\/04\/ar00001662_161116.jpg\" class=\"attachment-full size-full wp-image-3165\" alt=\"\" srcset=\"http:\/\/spmaskiner.dev03.extrude.se\/wp-content\/uploads\/2021\/04\/ar00001662_161116.jpg 656w, http:\/\/spmaskiner.dev03.extrude.se\/wp-content\/uploads\/2021\/04\/ar00001662_161116-246x300.jpg 246w\" sizes=\"(max-width: 656px) 100vw, 656px\" \/><\/a><\/figure><div class=\"elementor-image-box-content\"><h2 class=\"elementor-image-box-title\"><a href=\"http:\/\/spmaskiner.dev03.extrude.se\/sv\/skordaraggregat\/skordaraggregat-lx\/\">Sk\u00f6rdaraggegat LX<\/a><\/h2><p class=\"elementor-image-box-description\">Extremt robusta och starka aggregat f\u00f6r de tuffaste och mest kr\u00e4vande jobben.<\/p><\/div><\/div>\t\t\t\t<\/div>\n\t\t\t\t<\/div>\n\t\t\t\t\t<\/div>\n\t\t<\/div>\n\t\t\t\t<div class=\"elementor-column elementor-col-33 elementor-top-column elementor-element elementor-element-f41f259 unit-group-col\" data-id=\"f41f259\" data-element_type=\"column\" data-e-type=\"column\">\n\t\t\t<div class=\"elementor-widget-wrap elementor-element-populated\">\n\t\t\t\t\t\t<div class=\"elementor-element elementor-element-840b86c unit-group-block elementor-position-top elementor-widget elementor-widget-image-box\" data-id=\"840b86c\" data-element_type=\"widget\" data-e-type=\"widget\" data-widget_type=\"image-box.default\">\n\t\t\t\t<div class=\"elementor-widget-container\">\n\t\t\t\t\t<div class=\"elementor-image-box-wrapper\"><figure class=\"elementor-image-box-img\"><a href=\"http:\/\/spmaskiner.dev03.extrude.se\/sv\/skordaraggregat\/skordaraggregat-e\/\" tabindex=\"-1\"><img decoding=\"async\" width=\"664\" height=\"800\" src=\"http:\/\/spmaskiner.dev03.extrude.se\/wp-content\/uploads\/2021\/04\/sp661e-2.jpg\" class=\"attachment-full size-full wp-image-3297\" alt=\"\" srcset=\"http:\/\/spmaskiner.dev03.extrude.se\/wp-content\/uploads\/2021\/04\/sp661e-2.jpg 664w, http:\/\/spmaskiner.dev03.extrude.se\/wp-content\/uploads\/2021\/04\/sp661e-2-249x300.jpg 249w\" sizes=\"(max-width: 664px) 100vw, 664px\" \/><\/a><\/figure><div class=\"elementor-image-box-content\"><h2 class=\"elementor-image-box-title\"><a href=\"http:\/\/spmaskiner.dev03.extrude.se\/sv\/skordaraggregat\/skordaraggregat-e\/\">Sk\u00f6rdaraggegat E<\/a><\/h2><p class=\"elementor-image-box-description\">Specialiserade f\u00f6r effektiv avbarkning av plantageodlad eucalyptus och acacia.<\/p><\/div><\/div>\t\t\t\t<\/div>\n\t\t\t\t<\/div>\n\t\t\t\t\t<\/div>\n\t\t<\/div>\n\t\t\t\t\t<\/div>\n\t\t<\/section>\n\t\t\t\t<\/div>\n\t\t","protected":false},"excerpt":{"rendered":"<p>Sk\u00f6rdaraggregat Med SP Maskiners sk\u00f6rdeaggregat m\u00e4rker du skillnaden. Det \u00e4r ingen slump att v\u00e5ra aggregat finns p\u00e5 maskiner \u00f6ver hela v\u00e4rlden. Vi tummar aldrig p\u00e5 kvalit\u00e9n och vi leder teknikutvecklingen inom v\u00e5rt segment. Alla v\u00e5ra aggregat passar ihop med alla m\u00e4rken och modeller av sk\u00f6rdare. V\u00e5rt produktsortiment t\u00e4cker in alla avverkningstyper och f\u00f6rh\u00e5llanden, fr\u00e5n f\u00f6rsta [&hellip;]<\/p>\n","protected":false},"author":1,"featured_media":0,"parent":0,"menu_order":10,"comment_status":"closed","ping_status":"closed","template":"elementor_header_footer","meta":{"_acf_changed":false,"site-sidebar-layout":"no-sidebar","site-content-layout":"page-builder","ast-site-content-layout":"default","site-content-style":"default","site-sidebar-style":"default","ast-global-header-display":"","ast-banner-title-visibility":"","ast-main-header-display":"","ast-hfb-above-header-display":"","ast-hfb-below-header-display":"","ast-hfb-mobile-header-display":"","site-post-title":"disabled","ast-breadcrumbs-content":"","ast-featured-img":"disabled","footer-sml-layout":"","ast-disable-related-posts":"","theme-transparent-header-meta":"default","adv-header-id-meta":"","stick-header-meta":"","header-above-stick-meta":"","header-main-stick-meta":"","header-below-stick-meta":"","astra-migrate-meta-layouts":"default","ast-page-background-enabled":"default","ast-page-background-meta":{"desktop":{"background-color":"","background-image":"","background-repeat":"repeat","background-position":"center center","background-size":"auto","background-attachment":"scroll","background-type":"","background-media":"","overlay-type":"","overlay-color":"","overlay-opacity":"","overlay-gradient":""},"tablet":{"background-color":"","background-image":"","background-repeat":"repeat","background-position":"center center","background-size":"auto","background-attachment":"scroll","background-type":"","background-media":"","overlay-type":"","overlay-color":"","overlay-opacity":"","overlay-gradient":""},"mobile":{"background-color":"","background-image":"","background-repeat":"repeat","background-position":"center center","background-size":"auto","background-attachment":"scroll","background-type":"","background-media":"","overlay-type":"","overlay-color":"","overlay-opacity":"","overlay-gradient":""}},"ast-content-background-meta":{"desktop":{"background-color":"var(--ast-global-color-5)","background-image":"","background-repeat":"repeat","background-position":"center center","background-size":"auto","background-attachment":"scroll","background-type":"","background-media":"","overlay-type":"","overlay-color":"","overlay-opacity":"","overlay-gradient":""},"tablet":{"background-color":"var(--ast-global-color-5)","background-image":"","background-repeat":"repeat","background-position":"center center","background-size":"auto","background-attachment":"scroll","background-type":"","background-media":"","overlay-type":"","overlay-color":"","overlay-opacity":"","overlay-gradient":""},"mobile":{"background-color":"var(--ast-global-color-5)","background-image":"","background-repeat":"repeat","background-position":"center center","background-size":"auto","background-attachment":"scroll","background-type":"","background-media":"","overlay-type":"","overlay-color":"","overlay-opacity":"","overlay-gradient":""}},"footnotes":""},"class_list":["post-11","page","type-page","status-publish","hentry"],"acf":[],"_links":{"self":[{"href":"http:\/\/spmaskiner.dev03.extrude.se\/sv\/wp-json\/wp\/v2\/pages\/11","targetHints":{"allow":["GET"]}}],"collection":[{"href":"http:\/\/spmaskiner.dev03.extrude.se\/sv\/wp-json\/wp\/v2\/pages"}],"about":[{"href":"http:\/\/spmaskiner.dev03.extrude.se\/sv\/wp-json\/wp\/v2\/types\/page"}],"author":[{"embeddable":true,"href":"http:\/\/spmaskiner.dev03.extrude.se\/sv\/wp-json\/wp\/v2\/users\/1"}],"replies":[{"embeddable":true,"href":"http:\/\/spmaskiner.dev03.extrude.se\/sv\/wp-json\/wp\/v2\/comments?post=11"}],"version-history":[{"count":3,"href":"http:\/\/spmaskiner.dev03.extrude.se\/sv\/wp-json\/wp\/v2\/pages\/11\/revisions"}],"predecessor-version":[{"id":7636,"href":"http:\/\/spmaskiner.dev03.extrude.se\/sv\/wp-json\/wp\/v2\/pages\/11\/revisions\/7636"}],"wp:attachment":[{"href":"http:\/\/spmaskiner.dev03.extrude.se\/sv\/wp-json\/wp\/v2\/media?parent=11"}],"curies":[{"name":"wp","href":"https:\/\/api.w.org\/{rel}","templated":true}]}}