{"id":9141,"date":"2021-06-15T09:19:02","date_gmt":"2021-06-15T07:19:02","guid":{"rendered":"http:\/\/spmaskiner.dev03.extrude.se\/%d0%bf%d1%80%d0%b5%d0%b8%d0%bc%d1%83%d1%89%d0%b5%d1%81%d1%82%d0%b2%d0%b0-%d0%b4%d0%bb%d1%8f-%d0%ba%d0%bb%d0%b8%d0%b5%d0%bd%d1%82%d0%be%d0%b2\/%d0%b8%d0%b7%d0%bc%d0%b5%d1%80%d0%b5%d0%bd%d0%b8%d0%b5-%d0%b4%d0%bb%d0%b8%d0%bd"},"modified":"2022-06-09T07:59:30","modified_gmt":"2022-06-09T05:59:30","slug":"%d0%b8%d0%b7%d0%bc%d0%b5%d1%80%d0%b5%d0%bd%d0%b8%d0%b5-%d0%b4%d0%bb%d0%b8%d0%bd%d1%8b","status":"publish","type":"page","link":"http:\/\/spmaskiner.dev03.extrude.se\/ru\/%d0%bf%d1%80%d0%b5%d0%b8%d0%bc%d1%83%d1%89%d0%b5%d1%81%d1%82%d0%b2%d0%b0-%d0%b4%d0%bb%d1%8f-%d0%ba%d0%bb%d0%b8%d0%b5%d0%bd%d1%82%d0%be%d0%b2\/%d0%b8%d0%b7%d0%bc%d0%b5%d1%80%d0%b5%d0%bd%d0%b8%d0%b5-%d0%b4%d0%bb%d0%b8%d0%bd%d1%8b\/","title":{"rendered":"\u0418\u0437\u043c\u0435\u0440\u0435\u043d\u0438\u0435 \u0434\u043b\u0438\u043d\u044b"},"content":{"rendered":"\t\t<div data-elementor-type=\"wp-page\" data-elementor-id=\"9141\" class=\"elementor elementor-9141 elementor-4221\" data-elementor-post-type=\"page\">\n\t\t\t\t\t\t<section class=\"elementor-section elementor-top-section elementor-element elementor-element-1f0e1330 elementor-section-boxed elementor-section-height-default elementor-section-height-default\" data-id=\"1f0e1330\" data-element_type=\"section\" data-e-type=\"section\">\n\t\t\t\t\t\t<div class=\"elementor-container elementor-column-gap-default\">\n\t\t\t\t\t<div class=\"elementor-column elementor-col-100 elementor-top-column elementor-element elementor-element-3b3196d7\" data-id=\"3b3196d7\" data-element_type=\"column\" data-e-type=\"column\">\n\t\t\t<div class=\"elementor-widget-wrap elementor-element-populated\">\n\t\t\t\t\t\t<div class=\"elementor-element elementor-element-2d4df7f6 elementor-widget elementor-widget-heading\" data-id=\"2d4df7f6\" data-element_type=\"widget\" data-e-type=\"widget\" data-widget_type=\"heading.default\">\n\t\t\t\t<div class=\"elementor-widget-container\">\n\t\t\t\t\t<h1 class=\"elementor-heading-title elementor-size-default\">\u0418\u0437\u043c\u0435\u0440\u0435\u043d\u0438\u0435 \u0434\u043b\u0438\u043d\u044b<\/h1>\t\t\t\t<\/div>\n\t\t\t\t<\/div>\n\t\t\t\t<div class=\"elementor-element elementor-element-439bc2a3 elementor-widget elementor-widget-text-editor\" data-id=\"439bc2a3\" data-element_type=\"widget\" data-e-type=\"widget\" data-widget_type=\"text-editor.default\">\n\t\t\t\t<div class=\"elementor-widget-container\">\n\t\t\t\t\t\t\t\t\t<h2>\u041d\u0430\u0434\u0435\u0436\u043d\u043e\u0435 \u0438\u0437\u043c\u0435\u0440\u0435\u043d\u0438\u0435 \u0434\u043b\u0438\u043d\u044b \u0441 \u0432\u044b\u0441\u043e\u043a\u043e\u0439 \u0442\u043e\u0447\u043d\u043e\u0441\u0442\u044c\u044e \u0438 \u043c\u0438\u043d\u0438\u043c\u0430\u043b\u044c\u043d\u044b\u043c \u0442\u0435\u0445\u043d\u0438\u0447\u0435\u0441\u043a\u0438\u043c \u043e\u0431\u0441\u043b\u0443\u0436\u0438\u0432\u0430\u043d\u0438\u0435\u043c<\/h2>\r\n\u0411\u043b\u0430\u0433\u043e\u0434\u0430\u0440\u044f \u0443\u043d\u0438\u043a\u0430\u043b\u044c\u043d\u043e\u0439 \u043a\u043e\u043d\u0441\u0442\u0440\u0443\u043a\u0446\u0438\u0438 \u0431\u043b\u043e\u043a \u0438\u0437\u043c\u0435\u0440\u0435\u043d\u0438\u044f \u0434\u043b\u0438\u043d\u044b, \u0443\u0441\u0442\u0430\u043d\u043e\u0432\u043b\u0435\u043d\u043d\u044b\u0439 \u043d\u0430 \u0433\u043e\u043b\u043e\u0432\u043a\u0430\u0445 SP, \u043e\u0431\u0435\u0441\u043f\u0435\u0447\u0438\u0432\u0430\u0435\u0442 \u0438\u0441\u043a\u043b\u044e\u0447\u0438\u0442\u0435\u043b\u044c\u043d\u043e \u0432\u044b\u0441\u043e\u043a\u0443\u044e\r\n\u0431\u0435\u0437\u043e\u0442\u043a\u0430\u0437\u043d\u043e\u0441\u0442\u044c, \u043d\u0430\u0434\u0435\u0436\u043d\u043e\u0441\u0442\u044c \u0438 \u0442\u043e\u0447\u043d\u043e\u0441\u0442\u044c \u0438\u0437\u043c\u0435\u0440\u0435\u043d\u0438\u044f. \u0413\u0438\u0434\u0440\u0430\u0432\u043b\u0438\u043a\u0430 \u0440\u0430\u0441\u0441\u0447\u0438\u0442\u0430\u043d\u0430 \u043d\u0430 \u0447\u0440\u0435\u0437\u0432\u044b\u0447\u0430\u0439\u043d\u043e \u0431\u044b\u0441\u0442\u0440\u044b\u0435 \u0434\u0432\u0438\u0436\u0435\u043d\u0438\u044f \u0438 \u0438\u0437\u043c\u0435\u043d\u0435\u043d\u0438\u044f \u043d\u0430\u043f\u0440\u0430\u0432-\r\n\u043b\u0435\u043d\u0438\u044f, \u0433\u0430\u0440\u0430\u043d\u0442\u0438\u0440\u0443\u044f \u043f\u043e\u0441\u0442\u043e\u044f\u043d\u043d\u044b\u0439 \u043a\u043e\u043d\u0442\u0430\u043a\u0442 \u0438\u0437\u043c\u0435\u0440\u0438\u0442\u0435\u043b\u044c\u043d\u043e\u0433\u043e \u043a\u043e\u043b\u0435\u0441\u0430 \u0441\u043e \u0441\u0442\u0432\u043e\u043b\u043e\u043c. \u0412 \u0441\u043e\u0447\u0435\u0442\u0430\u043d\u0438\u0438 \u0441 \u0434\u0430\u0442\u0447\u0438\u043a\u043e\u043c \u0441 \u0432\u044b\u0441\u043e\u043a\u0438\u043c \u0440\u0430\u0437\u0440\u0435\u0448\u0435\u043d\u0438\u0435\u043c \u044d\u0442\u043e\r\n\u0433\u0430\u0440\u0430\u043d\u0442\u0438\u0440\u0443\u0435\u0442, \u0447\u0442\u043e \u0432\u044b\u043f\u043e\u043b\u043d\u044f\u044e\u0442\u0441\u044f \u043f\u0440\u0430\u0432\u0438\u043b\u044c\u043d\u044b\u0435 \u0438\u0437\u043c\u0435\u0440\u0435\u043d\u0438\u044f, \u043a\u043e\u0442\u043e\u0440\u044b\u0435 \u043f\u0435\u0440\u0435\u0434\u0430\u044e\u0442\u0441\u044f \u0432 \u0441\u0438\u0441\u0442\u0435\u043c\u0443. \u041f\u0440\u043e\u0447\u043d\u044b\u0435 \u0438 \u043d\u0430\u0434\u0435\u0436\u043d\u044b\u0435 \u043f\u043e\u0434\u0448\u0438\u043f\u043d\u0438\u043a\u0438, \u0443\u043d\u0438\u043a\u0430\u043b\u044c\u043d\u0430\u044f\r\n\u0432\u043d\u0443\u0442\u0440\u0435\u043d\u043d\u044f\u044f \u043f\u0440\u043e\u043a\u043b\u0430\u0434\u043a\u0430 \u043a\u0430\u0431\u0435\u043b\u044f \u0438 \u043c\u0435\u0445\u0430\u043d\u0438\u0447\u0435\u0441\u043a\u0438\u0439 \u0431\u0435\u0441\u043a\u043e\u043d\u0442\u0430\u043a\u0442\u043d\u044b\u0439 \u0434\u0430\u0442\u0447\u0438\u043a \u043e\u0431\u0435\u0441\u043f\u0435\u0447\u0438\u0432\u0430\u044e\u0442 \u0431\u0435\u0437\u043e\u0442\u043a\u0430\u0437\u043d\u043e\u0441\u0442\u044c \u0438 \u043d\u0430\u0434\u0435\u0436\u043d\u043e\u0441\u0442\u044c \u0434\u0430\u0436\u0435 \u0432 \u0441\u0430\u043c\u044b\u0445 \u0441\u043b\u043e\u0436-\r\n\u043d\u044b\u0445 \u0443\u0441\u043b\u043e\u0432\u0438\u044f\u0445.\r\n\u041d\u0435\u0437\u0430\u0432\u0438\u0441\u0438\u043c\u043e \u043e\u0442 \u043f\u043e\u0440\u043e\u0434\u044b \u0434\u0435\u0440\u0435\u0432\u0430 \u043f\u0440\u043e\u0446\u0435\u0441\u0441 \u0438\u0437\u043c\u0435\u0440\u0435\u043d\u0438\u044f \u043c\u043e\u0436\u043d\u043e \u043e\u043f\u0442\u0438\u043c\u0438\u0437\u0438\u0440\u043e\u0432\u0430\u0442\u044c \u0441 \u043f\u043e\u043c\u043e\u0449\u044c\u044e \u0440\u0430\u0437\u043d\u044b\u0445 \u043f\u0440\u043e\u0444\u0438\u043b\u0435\u0439 \u0438 \u0448\u0438\u0440\u0438\u043d\u044b \u0438\u0437\u043c\u0435\u0440\u0438\u0442\u0435\u043b\u044c\u043d\u044b\u0445\r\n\u043a\u043e\u043b\u0435\u0441, \u0430 \u0431\u043e\u043b\u044c\u0448\u043e\u0439 \u0434\u0438\u0430\u043c\u0435\u0442\u0440 \u0438\u0437\u043c\u0435\u0440\u0438\u0442\u0435\u043b\u044c\u043d\u043e\u0433\u043e \u043a\u043e\u043b\u0435\u0441\u0430 \u043e\u0431\u0435\u0441\u043f\u0435\u0447\u0438\u0432\u0430\u0435\u0442 \u043e\u043f\u0442\u0438\u043c\u0430\u043b\u044c\u043d\u044b\u0439 \u043a\u043e\u043d\u0442\u0430\u043a\u0442 \u0441\u043e \u0441\u0442\u0432\u043e\u043b\u043e\u043c \u043f\u043e \u0432\u0441\u0435\u0439 \u0434\u043b\u0438\u043d\u0435. \u042d\u0442\u043e \u043e\u0431\u0435\u0441\u043f\u0435\u0447\u0438\u0432\u0430-\r\n\u0435\u0442 \u043c\u0430\u043a\u0441\u0438\u043c\u0430\u043b\u044c\u043d\u0443\u044e \u0431\u0435\u0437\u043e\u0442\u043a\u0430\u0437\u043d\u043e\u0441\u0442\u044c \u043f\u0440\u0438 \u043f\u0440\u043e\u043d\u0438\u043a\u043d\u043e\u0432\u0435\u043d\u0438\u0438 \u0432 \u0440\u0430\u0437\u043d\u044b\u0435 \u0441\u0442\u0440\u0443\u043a\u0442\u0443\u0440\u044b \u043a\u043e\u0440\u044b \u0438 \u043c\u0438\u043d\u0438\u043c\u0430\u043b\u044c\u043d\u044b\u0435 \u043e\u0442\u043a\u043b\u043e\u043d\u0435\u043d\u0438\u044f \u043d\u0435\u0437\u0430\u0432\u0438\u0441\u0438\u043c\u043e \u043e\u0442 \u043b\u044e\u0431\u044b\u0445\r\n\u044d\u043a\u0441\u0442\u0440\u0435\u043c\u0430\u043b\u044c\u043d\u043e \u0432\u044b\u0441\u043e\u043a\u0438\u0445 \u0438\u043b\u0438 \u043d\u0438\u0437\u043a\u0438\u0445 \u0442\u0435\u043c\u043f\u0435\u0440\u0430\u0442\u0443\u0440. \u041d\u0430 \u043f\u0440\u043e\u0442\u044f\u0436\u0435\u043d\u0438\u0438 \u0432\u0441\u0435\u0433\u043e \u043f\u0440\u043e\u0446\u0435\u0441\u0441\u0430 \u0431\u043b\u043e\u043a \u0438\u0437\u043c\u0435\u0440\u0435\u043d\u0438\u044f \u0434\u043b\u0438\u043d\u044b \u043f\u0440\u0438\u0436\u0438\u043c\u0430\u0435\u0442\u0441\u044f \u043a \u0441\u0442\u0432\u043e\u043b\u0443 \u043c\u043e\u0449\u043d\u044b\u043c\r\n\u0433\u0438\u0434\u0440\u0430\u0432\u043b\u0438\u0447\u0435\u0441\u043a\u0438\u043c \u0446\u0438\u043b\u0438\u043d\u0434\u0440\u043e\u043c \u0441 \u043c\u0430\u043b\u044b\u043c \u0432\u0440\u0435\u043c\u0435\u043d\u0435\u043c \u043e\u0442\u043a\u043b\u0438\u043a\u0430, \u0447\u0442\u043e \u043e\u0431\u0435\u0441\u043f\u0435\u0447\u0438\u0432\u0430\u0435\u0442 \u0442\u043e\u0447\u043d\u043e\u0435 \u0438\u0437\u043c\u0435\u0440\u0435\u043d\u0438\u0435 \u0434\u043b\u0438\u043d\u044b \u0434\u0430\u0436\u0435 \u0438\u0437\u043e\u0433\u043d\u0443\u0442\u044b\u0445 \u0438 \u043d\u0435\u0440\u043e\u0432\u043d\u044b\u0445\r\n\u0441\u0442\u0432\u043e\u043b\u043e\u0432. \u0415\u0441\u043b\u0438 \u0438\u0437\u043c\u0435\u0440\u0438\u0442\u0435\u043b\u044c\u043d\u043e\u0435 \u043a\u043e\u043b\u0435\u0441\u043e \u043d\u0435\u043e\u0431\u0445\u043e\u0434\u0438\u043c\u043e \u0437\u0430\u043c\u0435\u043d\u0438\u0442\u044c \u0432\u0441\u043b\u0435\u0434\u0441\u0442\u0432\u0438\u0435 \u0438\u0437\u043d\u043e\u0441\u0430, \u0443\u0434\u043e\u0431\u043d\u0430\u044f \u0432 \u043e\u0431\u0441\u043b\u0443\u0436\u0438\u0432\u0430\u043d\u0438\u0438 \u043a\u043e\u043d\u0441\u0442\u0440\u0443\u043a\u0446\u0438\u044f \u043e\u0431\u0435\u0441\u043f\u0435\u0447\u0438\u0432\u0430\u0435\u0442\r\n\u0431\u044b\u0441\u0442\u0440\u0443\u044e \u0438 \u043b\u0435\u0433\u043a\u0443\u044e \u0437\u0430\u043c\u0435\u043d\u0443.\t\t\t\t\t\t\t\t<\/div>\n\t\t\t\t<\/div>\n\t\t\t\t<div class=\"elementor-element elementor-element-7fabeb9 elementor-icon-list--layout-inline elementor-align-end elementor-list-item-link-full_width elementor-widget elementor-widget-icon-list\" data-id=\"7fabeb9\" data-element_type=\"widget\" data-e-type=\"widget\" data-widget_type=\"icon-list.default\">\n\t\t\t\t<div class=\"elementor-widget-container\">\n\t\t\t\t\t\t\t<ul class=\"elementor-icon-list-items elementor-inline-items\">\n\t\t\t\t\t\t\t<li class=\"elementor-icon-list-item elementor-inline-item\">\n\t\t\t\t\t\t\t\t\t\t\t<a href=\"http:\/\/spmaskiner.dev03.extrude.se\/wp-content\/uploads\/2022\/06\/LengthMeasuring_ru-RU.pdf\">\n\n\t\t\t\t\t\t\t\t\t\t\t\t<span class=\"elementor-icon-list-icon\">\n\t\t\t\t\t\t\t<i aria-hidden=\"true\" class=\"fas fa-file-pdf\"><\/i>\t\t\t\t\t\t<\/span>\n\t\t\t\t\t\t\t\t\t\t<span class=\"elementor-icon-list-text\">\u0411\u0440\u043e\u0448\u044e\u0440\u0430 \u0418\u0437\u043c\u0435\u0440\u0435\u043d\u0438\u0435 \u0434\u043b\u0438\u043d\u044b<\/span>\n\t\t\t\t\t\t\t\t\t\t\t<\/a>\n\t\t\t\t\t\t\t\t\t<\/li>\n\t\t\t\t\t\t<\/ul>\n\t\t\t\t\t\t<\/div>\n\t\t\t\t<\/div>\n\t\t\t\t<section class=\"elementor-section elementor-inner-section elementor-element elementor-element-6a7542ef elementor-section-boxed elementor-section-height-default elementor-section-height-default\" data-id=\"6a7542ef\" data-element_type=\"section\" data-e-type=\"section\">\n\t\t\t\t\t\t<div class=\"elementor-container elementor-column-gap-default\">\n\t\t\t\t\t<div class=\"elementor-column elementor-col-50 elementor-inner-column elementor-element elementor-element-35292250\" data-id=\"35292250\" data-element_type=\"column\" data-e-type=\"column\">\n\t\t\t<div class=\"elementor-widget-wrap elementor-element-populated\">\n\t\t\t\t\t\t<div class=\"elementor-element elementor-element-4e47f9b elementor-widget elementor-widget-image\" data-id=\"4e47f9b\" data-element_type=\"widget\" data-e-type=\"widget\" data-widget_type=\"image.default\">\n\t\t\t\t<div class=\"elementor-widget-container\">\n\t\t\t\t\t\t\t\t\t\t\t\t\t\t\t<img fetchpriority=\"high\" decoding=\"async\" width=\"816\" height=\"1024\" src=\"http:\/\/spmaskiner.dev03.extrude.se\/wp-content\/uploads\/2021\/06\/langdmatning-mathjul-816x1024.png\" class=\"attachment-large size-large wp-image-8880\" alt=\"\" srcset=\"http:\/\/spmaskiner.dev03.extrude.se\/wp-content\/uploads\/2021\/06\/langdmatning-mathjul-816x1024.png 816w, http:\/\/spmaskiner.dev03.extrude.se\/wp-content\/uploads\/2021\/06\/langdmatning-mathjul-239x300.png 239w, http:\/\/spmaskiner.dev03.extrude.se\/wp-content\/uploads\/2021\/06\/langdmatning-mathjul-768x964.png 768w, http:\/\/spmaskiner.dev03.extrude.se\/wp-content\/uploads\/2021\/06\/langdmatning-mathjul.png 1045w\" sizes=\"(max-width: 816px) 100vw, 816px\" \/>\t\t\t\t\t\t\t\t\t\t\t\t\t\t\t<\/div>\n\t\t\t\t<\/div>\n\t\t\t\t\t<\/div>\n\t\t<\/div>\n\t\t\t\t<div class=\"elementor-column elementor-col-50 elementor-inner-column elementor-element elementor-element-5f75fc1\" data-id=\"5f75fc1\" data-element_type=\"column\" data-e-type=\"column\">\n\t\t\t<div class=\"elementor-widget-wrap elementor-element-populated\">\n\t\t\t\t\t\t<div class=\"elementor-element elementor-element-c4e0e65 elementor-widget elementor-widget-text-editor\" data-id=\"c4e0e65\" data-element_type=\"widget\" data-e-type=\"widget\" data-widget_type=\"text-editor.default\">\n\t\t\t\t<div class=\"elementor-widget-container\">\n\t\t\t\t\t\t\t\t\t<span style=\"color: #ff0000;\"><em><strong>\u0411\u043b\u043e\u043a \u0438\u0437\u043c\u0435\u0440\u0435\u043d\u0438\u044f \u0434\u043b\u0438\u043d\u044b<\/strong><\/em><\/span>\u00a0aktiveras med en mycket v\u00e4l skyddad hydraulcylinder och inkapslade slangar, vilket ger m\u00f6jlighet till att dra in m\u00e4thjulet till skyddad position vid \u00f6ppet aggregat.\r\n\r\n<span style=\"color: #ff0000;\"><em><strong>\u0418\u0437\u043c\u0435\u0440\u0438\u0442\u0435\u043b\u044c\u043d\u043e\u0435<\/strong><\/em><\/span>\u00a0har en mycket robust och permanentsmord lagring f\u00f6r b\u00e4sta livsl\u00e4ngd och minimalt behov av underh\u00e5ll. Den robusta lagringen \u00e4r dimensionerad f\u00f6r att utan problem \u00e4ven klara mycket h\u00f6ga sidokrafter som tex uppst\u00e5r vid flertr\u00e4dshantering och avverkning av krokig l\u00f6vskog.\r\n\r\n<span style=\"color: #ff0000;\"><em><strong>\u0420\u044b\u0447\u0430\u0433 \u0438\u0437\u043c\u0435\u0440\u0435\u043d\u0438\u044f \u0434\u043b\u0438\u043d\u044b<\/strong><\/em><\/span>\u00a0har en mycket kraftig och robust lagring mot ramen f\u00f6r l\u00e4ngsta livsl\u00e4ngd. Detta ger ocks\u00e5 en mycket stabil och glappfri r\u00f6relse av m\u00e4tarmen f\u00f6r b\u00e4sta m\u00e4tnoggrannhet.\r\n\r\n<span style=\"color: #ff0000;\"><em><strong>\u041d\u0430\u0448\u0438 \u0431\u043e\u043b\u0435\u0435 \u043a\u0440\u0443\u043f\u043d\u044b\u0435 \u0433\u043e\u043b\u043e\u0432\u043a\u0438<\/strong><\/em><\/span>, SP661LF och SP761LF, som ofta arbetar i en tuff milj\u00f6 med grov skog p\u00e5 kraftfulla b\u00e4rare, har en unik och helt skyddad kabeldragning till l\u00e4ngdm\u00e4tningsgivaren. D\u00e5 den \u00e4r helt integrerad i ramen och i l\u00e4ngdm\u00e4tningsarmen \u00e4r den helt skyddad f\u00f6r yttre \u00e5verkan i alla l\u00e4gen. Detta ger b\u00e4sta tillf\u00f6rlitlighet \u00e4ven i de tuffaste f\u00f6rh\u00e5llanden.\r\n\r\n<span style=\"color: #ff0000;\"><em><strong>\u0414\u0430\u0442\u0447\u0438\u043a \u0438\u0437\u043c\u0435\u0440\u0435\u043d\u0438\u044f \u0434\u043b\u0438\u043d\u044b<\/strong><\/em><\/span>\u00a0\u00e4r helt kontaktfri utan n\u00e5gon mekanisk f\u00f6rbindelse med m\u00e4thjulet. I kombination med att givaren inte har n\u00e5gra r\u00f6rliga delar eller \u00f6ppen elektronik ger detta b\u00e4sta tillf\u00f6rlitlighet och l\u00e4ngsta livsl\u00e4ngd.\t\t\t\t\t\t\t\t<\/div>\n\t\t\t\t<\/div>\n\t\t\t\t\t<\/div>\n\t\t<\/div>\n\t\t\t\t\t<\/div>\n\t\t<\/section>\n\t\t\t\t\t<\/div>\n\t\t<\/div>\n\t\t\t\t\t<\/div>\n\t\t<\/section>\n\t\t\t\t<\/div>\n\t\t","protected":false},"excerpt":{"rendered":"<p>\u0418\u0437\u043c\u0435\u0440\u0435\u043d\u0438\u0435 \u0434\u043b\u0438\u043d\u044b \u041d\u0430\u0434\u0435\u0436\u043d\u043e\u0435 \u0438\u0437\u043c\u0435\u0440\u0435\u043d\u0438\u0435 \u0434\u043b\u0438\u043d\u044b \u0441 \u0432\u044b\u0441\u043e\u043a\u043e\u0439 \u0442\u043e\u0447\u043d\u043e\u0441\u0442\u044c\u044e \u0438 \u043c\u0438\u043d\u0438\u043c\u0430\u043b\u044c\u043d\u044b\u043c \u0442\u0435\u0445\u043d\u0438\u0447\u0435\u0441\u043a\u0438\u043c \u043e\u0431\u0441\u043b\u0443\u0436\u0438\u0432\u0430\u043d\u0438\u0435\u043c \u0411\u043b\u0430\u0433\u043e\u0434\u0430\u0440\u044f \u0443\u043d\u0438\u043a\u0430\u043b\u044c\u043d\u043e\u0439 \u043a\u043e\u043d\u0441\u0442\u0440\u0443\u043a\u0446\u0438\u0438 \u0431\u043b\u043e\u043a \u0438\u0437\u043c\u0435\u0440\u0435\u043d\u0438\u044f \u0434\u043b\u0438\u043d\u044b, \u0443\u0441\u0442\u0430\u043d\u043e\u0432\u043b\u0435\u043d\u043d\u044b\u0439 \u043d\u0430 \u0433\u043e\u043b\u043e\u0432\u043a\u0430\u0445 SP, \u043e\u0431\u0435\u0441\u043f\u0435\u0447\u0438\u0432\u0430\u0435\u0442 \u0438\u0441\u043a\u043b\u044e\u0447\u0438\u0442\u0435\u043b\u044c\u043d\u043e \u0432\u044b\u0441\u043e\u043a\u0443\u044e \u0431\u0435\u0437\u043e\u0442\u043a\u0430\u0437\u043d\u043e\u0441\u0442\u044c, \u043d\u0430\u0434\u0435\u0436\u043d\u043e\u0441\u0442\u044c \u0438 \u0442\u043e\u0447\u043d\u043e\u0441\u0442\u044c \u0438\u0437\u043c\u0435\u0440\u0435\u043d\u0438\u044f. \u0413\u0438\u0434\u0440\u0430\u0432\u043b\u0438\u043a\u0430 \u0440\u0430\u0441\u0441\u0447\u0438\u0442\u0430\u043d\u0430 \u043d\u0430 \u0447\u0440\u0435\u0437\u0432\u044b\u0447\u0430\u0439\u043d\u043e \u0431\u044b\u0441\u0442\u0440\u044b\u0435 \u0434\u0432\u0438\u0436\u0435\u043d\u0438\u044f \u0438 \u0438\u0437\u043c\u0435\u043d\u0435\u043d\u0438\u044f \u043d\u0430\u043f\u0440\u0430\u0432- \u043b\u0435\u043d\u0438\u044f, \u0433\u0430\u0440\u0430\u043d\u0442\u0438\u0440\u0443\u044f \u043f\u043e\u0441\u0442\u043e\u044f\u043d\u043d\u044b\u0439 \u043a\u043e\u043d\u0442\u0430\u043a\u0442 \u0438\u0437\u043c\u0435\u0440\u0438\u0442\u0435\u043b\u044c\u043d\u043e\u0433\u043e \u043a\u043e\u043b\u0435\u0441\u0430 \u0441\u043e \u0441\u0442\u0432\u043e\u043b\u043e\u043c. \u0412 \u0441\u043e\u0447\u0435\u0442\u0430\u043d\u0438\u0438 \u0441 \u0434\u0430\u0442\u0447\u0438\u043a\u043e\u043c \u0441 \u0432\u044b\u0441\u043e\u043a\u0438\u043c \u0440\u0430\u0437\u0440\u0435\u0448\u0435\u043d\u0438\u0435\u043c \u044d\u0442\u043e [&hellip;]<\/p>\n","protected":false},"author":1,"featured_media":0,"parent":9095,"menu_order":20,"comment_status":"closed","ping_status":"closed","template":"","meta":{"_acf_changed":false,"site-sidebar-layout":"no-sidebar","site-content-layout":"page-builder","ast-site-content-layout":"default","site-content-style":"default","site-sidebar-style":"default","ast-global-header-display":"","ast-banner-title-visibility":"","ast-main-header-display":"","ast-hfb-above-header-display":"","ast-hfb-below-header-display":"","ast-hfb-mobile-header-display":"","site-post-title":"disabled","ast-breadcrumbs-content":"","ast-featured-img":"disabled","footer-sml-layout":"","ast-disable-related-posts":"","theme-transparent-header-meta":"default","adv-header-id-meta":"","stick-header-meta":"","header-above-stick-meta":"","header-main-stick-meta":"","header-below-stick-meta":"","astra-migrate-meta-layouts":"default","ast-page-background-enabled":"default","ast-page-background-meta":{"desktop":{"background-color":"","background-image":"","background-repeat":"repeat","background-position":"center center","background-size":"auto","background-attachment":"scroll","background-type":"","background-media":"","overlay-type":"","overlay-color":"","overlay-opacity":"","overlay-gradient":""},"tablet":{"background-color":"","background-image":"","background-repeat":"repeat","background-position":"center center","background-size":"auto","background-attachment":"scroll","background-type":"","background-media":"","overlay-type":"","overlay-color":"","overlay-opacity":"","overlay-gradient":""},"mobile":{"background-color":"","background-image":"","background-repeat":"repeat","background-position":"center center","background-size":"auto","background-attachment":"scroll","background-type":"","background-media":"","overlay-type":"","overlay-color":"","overlay-opacity":"","overlay-gradient":""}},"ast-content-background-meta":{"desktop":{"background-color":"var(--ast-global-color-5)","background-image":"","background-repeat":"repeat","background-position":"center center","background-size":"auto","background-attachment":"scroll","background-type":"","background-media":"","overlay-type":"","overlay-color":"","overlay-opacity":"","overlay-gradient":""},"tablet":{"background-color":"var(--ast-global-color-5)","background-image":"","background-repeat":"repeat","background-position":"center center","background-size":"auto","background-attachment":"scroll","background-type":"","background-media":"","overlay-type":"","overlay-color":"","overlay-opacity":"","overlay-gradient":""},"mobile":{"background-color":"var(--ast-global-color-5)","background-image":"","background-repeat":"repeat","background-position":"center center","background-size":"auto","background-attachment":"scroll","background-type":"","background-media":"","overlay-type":"","overlay-color":"","overlay-opacity":"","overlay-gradient":""}},"footnotes":""},"class_list":["post-9141","page","type-page","status-publish","hentry"],"acf":[],"_links":{"self":[{"href":"http:\/\/spmaskiner.dev03.extrude.se\/ru\/wp-json\/wp\/v2\/pages\/9141","targetHints":{"allow":["GET"]}}],"collection":[{"href":"http:\/\/spmaskiner.dev03.extrude.se\/ru\/wp-json\/wp\/v2\/pages"}],"about":[{"href":"http:\/\/spmaskiner.dev03.extrude.se\/ru\/wp-json\/wp\/v2\/types\/page"}],"author":[{"embeddable":true,"href":"http:\/\/spmaskiner.dev03.extrude.se\/ru\/wp-json\/wp\/v2\/users\/1"}],"replies":[{"embeddable":true,"href":"http:\/\/spmaskiner.dev03.extrude.se\/ru\/wp-json\/wp\/v2\/comments?post=9141"}],"version-history":[{"count":1,"href":"http:\/\/spmaskiner.dev03.extrude.se\/ru\/wp-json\/wp\/v2\/pages\/9141\/revisions"}],"predecessor-version":[{"id":9142,"href":"http:\/\/spmaskiner.dev03.extrude.se\/ru\/wp-json\/wp\/v2\/pages\/9141\/revisions\/9142"}],"up":[{"embeddable":true,"href":"http:\/\/spmaskiner.dev03.extrude.se\/ru\/wp-json\/wp\/v2\/pages\/9095"}],"wp:attachment":[{"href":"http:\/\/spmaskiner.dev03.extrude.se\/ru\/wp-json\/wp\/v2\/media?parent=9141"}],"curies":[{"name":"wp","href":"https:\/\/api.w.org\/{rel}","templated":true}]}}