{"id":9645,"date":"2022-10-25T07:52:28","date_gmt":"2022-10-25T05:52:28","guid":{"rendered":"http:\/\/spmaskiner.dev03.extrude.se\/beneficios-para-o-cliente\/cabecas-produtivas-para-escavadoras\/"},"modified":"2022-10-25T09:51:35","modified_gmt":"2022-10-25T07:51:35","slug":"cabecas-produtivas-para-escavadoras","status":"publish","type":"page","link":"http:\/\/spmaskiner.dev03.extrude.se\/pt-br\/beneficios-para-o-cliente\/cabecas-produtivas-para-escavadoras\/","title":{"rendered":"Cabe\u00e7as produtivas para escavadoras"},"content":{"rendered":"\t\t<div data-elementor-type=\"wp-page\" data-elementor-id=\"9645\" class=\"elementor elementor-9645 elementor-9557\" data-elementor-post-type=\"page\">\n\t\t\t\t\t\t<section class=\"elementor-section elementor-top-section elementor-element elementor-element-190c45f elementor-section-boxed elementor-section-height-default elementor-section-height-default\" data-id=\"190c45f\" data-element_type=\"section\" data-e-type=\"section\">\n\t\t\t\t\t\t<div class=\"elementor-container elementor-column-gap-default\">\n\t\t\t\t\t<div class=\"elementor-column elementor-col-100 elementor-top-column elementor-element elementor-element-380323b6\" data-id=\"380323b6\" data-element_type=\"column\" data-e-type=\"column\">\n\t\t\t<div class=\"elementor-widget-wrap elementor-element-populated\">\n\t\t\t\t\t\t<div class=\"elementor-element elementor-element-578343ec elementor-widget elementor-widget-heading\" data-id=\"578343ec\" data-element_type=\"widget\" data-e-type=\"widget\" data-widget_type=\"heading.default\">\n\t\t\t\t<div class=\"elementor-widget-container\">\n\t\t\t\t\t<h1 class=\"elementor-heading-title elementor-size-default\">Cabe\u00e7as produtivas para escavadoras<\/h1>\t\t\t\t<\/div>\n\t\t\t\t<\/div>\n\t\t\t\t<div class=\"elementor-element elementor-element-0ccd9c5 elementor-widget elementor-widget-text-editor\" data-id=\"0ccd9c5\" data-element_type=\"widget\" data-e-type=\"widget\" data-widget_type=\"text-editor.default\">\n\t\t\t\t<div class=\"elementor-widget-container\">\n\t\t\t\t\t\t\t\t\t<p>Com uma cabe\u00e7a SP, pode facilmente transformar a sua escavadora numa processadora produtiva. Com mais de quarenta anos de experi\u00eancia, podemos honestamente afirmar que somos especialistas em instala\u00e7\u00f5es de cabe\u00e7as e que sabemos exatamente o que \u00e9 preciso para que tire o m\u00e1ximo partido da sua m\u00e1quina e da sua cabe\u00e7a. Ao longo dos anos, as cabe\u00e7as SP t\u00eam sido instaladas em todos os modelos e marcas de escavadoras em todo o mundo temos orgulho em dizer que somos hoje uma das marcas l\u00edderes no mercado global. O nosso Kit de Convers\u00e3o de Escavadora re\u00fane o nosso conhecimentos e experi\u00eancia na documenta\u00e7\u00e3o t\u00e9cnica passo a passo que permite aos nossos concession\u00e1rios e clientes conclu\u00edrem a instala\u00e7\u00e3o de forma r\u00e1pida, f\u00e1cil e sem problemas com o melhor resultado poss\u00edvel. Al\u00e9m disso, como cliente SP, podemos oferecer-lhe uma an\u00e1lise gratuita para determinar as suas necessidades e ver qual a melhor forma de maximizar a sua produ\u00e7\u00e3o com a ajuda das nossas cabe\u00e7as. O nosso conhecimento significa que os clientes SP podem sempre escolher com confian\u00e7a.<\/p>\n<p>Todas as cabe\u00e7as SP s\u00e3o concebidas em linha com o nosso conceito \u00fanico de baixo atrito e destacam-se pelo seu alto desempenho e velocidade de alimenta\u00e7\u00e3o, assim como pelo seu consumo de combust\u00edvel otimizado. Hidr\u00e1ulica inteligente e eficiente com gotas de press\u00e3o m\u00ednima proporcionam uma elevada efici\u00eancia energ\u00e9tica e minimizam o risco de sobreaquecimento do sistema, prolongando consideravelmente a vida \u00fatil dos componentes tanto da m\u00e1quina como da cabe\u00e7a.<\/p>\n<p>Como resultado, o nosso conceito tamb\u00e9m garante custos de manuten\u00e7\u00e3o extremamente baixos, tempo m\u00ednimo de inatividade e um custo total favor\u00e1vel de propriedade. Com a sua hidr\u00e1ulica \u00fanica, as cabe\u00e7as processadoras SP s\u00e3o ideais para instala\u00e7\u00f5es de escavadoras, fornecendo-lhe tudo o que \u00e9 necess\u00e1rio para garantir uma colheita produtiva e rent\u00e1vel, independentemente do tipo de colheita ou das condi\u00e7\u00f5es de colheita.<\/p>\n\t\t\t\t\t\t\t\t<\/div>\n\t\t\t\t<\/div>\n\t\t\t\t<div class=\"elementor-element elementor-element-4c5a6be elementor-icon-list--layout-inline elementor-align-end elementor-list-item-link-full_width elementor-widget elementor-widget-icon-list\" data-id=\"4c5a6be\" data-element_type=\"widget\" data-e-type=\"widget\" data-widget_type=\"icon-list.default\">\n\t\t\t\t<div class=\"elementor-widget-container\">\n\t\t\t\t\t\t\t<ul class=\"elementor-icon-list-items elementor-inline-items\">\n\t\t\t\t\t\t\t<li class=\"elementor-icon-list-item elementor-inline-item\">\n\t\t\t\t\t\t\t\t\t\t\t<a href=\"http:\/\/spmaskiner.dev03.extrude.se\/wp-content\/uploads\/2022\/10\/productiveheadsforexcavators_pt-PT.pdf\" target=\"_blank\">\n\n\t\t\t\t\t\t\t\t\t\t\t\t<span class=\"elementor-icon-list-icon\">\n\t\t\t\t\t\t\t<i aria-hidden=\"true\" class=\"fas fa-file-pdf\"><\/i>\t\t\t\t\t\t<\/span>\n\t\t\t\t\t\t\t\t\t\t<span class=\"elementor-icon-list-text\">Cabe\u00e7as produtivas para escavadoras<\/span>\n\t\t\t\t\t\t\t\t\t\t\t<\/a>\n\t\t\t\t\t\t\t\t\t<\/li>\n\t\t\t\t\t\t<\/ul>\n\t\t\t\t\t\t<\/div>\n\t\t\t\t<\/div>\n\t\t\t\t\t<\/div>\n\t\t<\/div>\n\t\t\t\t\t<\/div>\n\t\t<\/section>\n\t\t\t\t<section class=\"elementor-section elementor-top-section elementor-element elementor-element-bc4dae0 elementor-section-boxed elementor-section-height-default elementor-section-height-default\" data-id=\"bc4dae0\" data-element_type=\"section\" data-e-type=\"section\">\n\t\t\t\t\t\t<div class=\"elementor-container elementor-column-gap-default\">\n\t\t\t\t\t<div class=\"elementor-column elementor-col-33 elementor-top-column elementor-element elementor-element-7fd6320\" data-id=\"7fd6320\" data-element_type=\"column\" data-e-type=\"column\">\n\t\t\t<div class=\"elementor-widget-wrap elementor-element-populated\">\n\t\t\t\t\t\t<div class=\"elementor-element elementor-element-855dc69 elementor-widget elementor-widget-image\" data-id=\"855dc69\" data-element_type=\"widget\" data-e-type=\"widget\" data-widget_type=\"image.default\">\n\t\t\t\t<div class=\"elementor-widget-container\">\n\t\t\t\t\t\t\t\t\t\t\t\t\t\t\t<img fetchpriority=\"high\" decoding=\"async\" width=\"1024\" height=\"683\" src=\"http:\/\/spmaskiner.dev03.extrude.se\/wp-content\/uploads\/2022\/10\/174245968_4667029113323699_6238349744950711997_n.jpg\" class=\"attachment-large size-large wp-image-9562\" alt=\"Sk\u00f6rdaraggregat gr\u00e4vmaskin\" srcset=\"http:\/\/spmaskiner.dev03.extrude.se\/wp-content\/uploads\/2022\/10\/174245968_4667029113323699_6238349744950711997_n.jpg 1024w, http:\/\/spmaskiner.dev03.extrude.se\/wp-content\/uploads\/2022\/10\/174245968_4667029113323699_6238349744950711997_n-300x200.jpg 300w, http:\/\/spmaskiner.dev03.extrude.se\/wp-content\/uploads\/2022\/10\/174245968_4667029113323699_6238349744950711997_n-768x512.jpg 768w\" sizes=\"(max-width: 1024px) 100vw, 1024px\" \/>\t\t\t\t\t\t\t\t\t\t\t\t\t\t\t<\/div>\n\t\t\t\t<\/div>\n\t\t\t\t\t<\/div>\n\t\t<\/div>\n\t\t\t\t<div class=\"elementor-column elementor-col-33 elementor-top-column elementor-element elementor-element-d0fff82\" data-id=\"d0fff82\" data-element_type=\"column\" data-e-type=\"column\">\n\t\t\t<div class=\"elementor-widget-wrap elementor-element-populated\">\n\t\t\t\t\t\t<div class=\"elementor-element elementor-element-624ab7f elementor-widget elementor-widget-image\" data-id=\"624ab7f\" data-element_type=\"widget\" data-e-type=\"widget\" data-widget_type=\"image.default\">\n\t\t\t\t<div class=\"elementor-widget-container\">\n\t\t\t\t\t\t\t\t\t\t\t\t\t\t\t<img decoding=\"async\" width=\"1024\" height=\"683\" src=\"http:\/\/spmaskiner.dev03.extrude.se\/wp-content\/uploads\/2022\/10\/IMG_1117-1024x683.jpg\" class=\"attachment-large size-large wp-image-9569\" alt=\"Sk\u00f6rdaraggregat gr\u00e4vmaskin\" srcset=\"http:\/\/spmaskiner.dev03.extrude.se\/wp-content\/uploads\/2022\/10\/IMG_1117-1024x683.jpg 1024w, http:\/\/spmaskiner.dev03.extrude.se\/wp-content\/uploads\/2022\/10\/IMG_1117-300x200.jpg 300w, http:\/\/spmaskiner.dev03.extrude.se\/wp-content\/uploads\/2022\/10\/IMG_1117-768x512.jpg 768w, http:\/\/spmaskiner.dev03.extrude.se\/wp-content\/uploads\/2022\/10\/IMG_1117-1536x1024.jpg 1536w, http:\/\/spmaskiner.dev03.extrude.se\/wp-content\/uploads\/2022\/10\/IMG_1117-2048x1365.jpg 2048w\" sizes=\"(max-width: 1024px) 100vw, 1024px\" \/>\t\t\t\t\t\t\t\t\t\t\t\t\t\t\t<\/div>\n\t\t\t\t<\/div>\n\t\t\t\t\t<\/div>\n\t\t<\/div>\n\t\t\t\t<div class=\"elementor-column elementor-col-33 elementor-top-column elementor-element elementor-element-94195c7\" data-id=\"94195c7\" data-element_type=\"column\" data-e-type=\"column\">\n\t\t\t<div class=\"elementor-widget-wrap elementor-element-populated\">\n\t\t\t\t\t\t<div class=\"elementor-element elementor-element-f93ccbe elementor-widget elementor-widget-image\" data-id=\"f93ccbe\" data-element_type=\"widget\" data-e-type=\"widget\" data-widget_type=\"image.default\">\n\t\t\t\t<div class=\"elementor-widget-container\">\n\t\t\t\t\t\t\t\t\t\t\t\t\t\t\t<img decoding=\"async\" width=\"1024\" height=\"683\" src=\"http:\/\/spmaskiner.dev03.extrude.se\/wp-content\/uploads\/2022\/10\/IMG-20220107-WA0038-1024x683.jpg\" class=\"attachment-large size-large wp-image-9576\" alt=\"Sk\u00f6rdaraggregat gr\u00e4vmaskin\" srcset=\"http:\/\/spmaskiner.dev03.extrude.se\/wp-content\/uploads\/2022\/10\/IMG-20220107-WA0038-1024x683.jpg 1024w, http:\/\/spmaskiner.dev03.extrude.se\/wp-content\/uploads\/2022\/10\/IMG-20220107-WA0038-300x200.jpg 300w, http:\/\/spmaskiner.dev03.extrude.se\/wp-content\/uploads\/2022\/10\/IMG-20220107-WA0038-768x512.jpg 768w, http:\/\/spmaskiner.dev03.extrude.se\/wp-content\/uploads\/2022\/10\/IMG-20220107-WA0038-1536x1024.jpg 1536w, http:\/\/spmaskiner.dev03.extrude.se\/wp-content\/uploads\/2022\/10\/IMG-20220107-WA0038.jpg 1920w\" sizes=\"(max-width: 1024px) 100vw, 1024px\" \/>\t\t\t\t\t\t\t\t\t\t\t\t\t\t\t<\/div>\n\t\t\t\t<\/div>\n\t\t\t\t\t<\/div>\n\t\t<\/div>\n\t\t\t\t\t<\/div>\n\t\t<\/section>\n\t\t\t\t<\/div>\n\t\t","protected":false},"excerpt":{"rendered":"<p>Cabe\u00e7as produtivas para escavadoras Com uma cabe\u00e7a SP, pode facilmente transformar a sua escavadora numa processadora produtiva. Com mais de quarenta anos de experi\u00eancia, podemos honestamente afirmar que somos especialistas em instala\u00e7\u00f5es de cabe\u00e7as e que sabemos exatamente o que \u00e9 preciso para que tire o m\u00e1ximo partido da sua m\u00e1quina e da sua cabe\u00e7a. [&hellip;]<\/p>\n","protected":false},"author":2,"featured_media":0,"parent":8479,"menu_order":10,"comment_status":"closed","ping_status":"closed","template":"elementor_header_footer","meta":{"_acf_changed":false,"site-sidebar-layout":"no-sidebar","site-content-layout":"page-builder","ast-site-content-layout":"default","site-content-style":"default","site-sidebar-style":"default","ast-global-header-display":"","ast-banner-title-visibility":"","ast-main-header-display":"","ast-hfb-above-header-display":"","ast-hfb-below-header-display":"","ast-hfb-mobile-header-display":"","site-post-title":"disabled","ast-breadcrumbs-content":"","ast-featured-img":"disabled","footer-sml-layout":"","ast-disable-related-posts":"","theme-transparent-header-meta":"default","adv-header-id-meta":"","stick-header-meta":"","header-above-stick-meta":"","header-main-stick-meta":"","header-below-stick-meta":"","astra-migrate-meta-layouts":"default","ast-page-background-enabled":"default","ast-page-background-meta":{"desktop":{"background-color":"","background-image":"","background-repeat":"repeat","background-position":"center center","background-size":"auto","background-attachment":"scroll","background-type":"","background-media":"","overlay-type":"","overlay-color":"","overlay-opacity":"","overlay-gradient":""},"tablet":{"background-color":"","background-image":"","background-repeat":"repeat","background-position":"center center","background-size":"auto","background-attachment":"scroll","background-type":"","background-media":"","overlay-type":"","overlay-color":"","overlay-opacity":"","overlay-gradient":""},"mobile":{"background-color":"","background-image":"","background-repeat":"repeat","background-position":"center center","background-size":"auto","background-attachment":"scroll","background-type":"","background-media":"","overlay-type":"","overlay-color":"","overlay-opacity":"","overlay-gradient":""}},"ast-content-background-meta":{"desktop":{"background-color":"var(--ast-global-color-5)","background-image":"","background-repeat":"repeat","background-position":"center center","background-size":"auto","background-attachment":"scroll","background-type":"","background-media":"","overlay-type":"","overlay-color":"","overlay-opacity":"","overlay-gradient":""},"tablet":{"background-color":"var(--ast-global-color-5)","background-image":"","background-repeat":"repeat","background-position":"center center","background-size":"auto","background-attachment":"scroll","background-type":"","background-media":"","overlay-type":"","overlay-color":"","overlay-opacity":"","overlay-gradient":""},"mobile":{"background-color":"var(--ast-global-color-5)","background-image":"","background-repeat":"repeat","background-position":"center center","background-size":"auto","background-attachment":"scroll","background-type":"","background-media":"","overlay-type":"","overlay-color":"","overlay-opacity":"","overlay-gradient":""}},"footnotes":""},"class_list":["post-9645","page","type-page","status-publish","hentry"],"acf":[],"_links":{"self":[{"href":"http:\/\/spmaskiner.dev03.extrude.se\/pt-br\/wp-json\/wp\/v2\/pages\/9645","targetHints":{"allow":["GET"]}}],"collection":[{"href":"http:\/\/spmaskiner.dev03.extrude.se\/pt-br\/wp-json\/wp\/v2\/pages"}],"about":[{"href":"http:\/\/spmaskiner.dev03.extrude.se\/pt-br\/wp-json\/wp\/v2\/types\/page"}],"author":[{"embeddable":true,"href":"http:\/\/spmaskiner.dev03.extrude.se\/pt-br\/wp-json\/wp\/v2\/users\/2"}],"replies":[{"embeddable":true,"href":"http:\/\/spmaskiner.dev03.extrude.se\/pt-br\/wp-json\/wp\/v2\/comments?post=9645"}],"version-history":[{"count":1,"href":"http:\/\/spmaskiner.dev03.extrude.se\/pt-br\/wp-json\/wp\/v2\/pages\/9645\/revisions"}],"predecessor-version":[{"id":9646,"href":"http:\/\/spmaskiner.dev03.extrude.se\/pt-br\/wp-json\/wp\/v2\/pages\/9645\/revisions\/9646"}],"up":[{"embeddable":true,"href":"http:\/\/spmaskiner.dev03.extrude.se\/pt-br\/wp-json\/wp\/v2\/pages\/8479"}],"wp:attachment":[{"href":"http:\/\/spmaskiner.dev03.extrude.se\/pt-br\/wp-json\/wp\/v2\/media?parent=9645"}],"curies":[{"name":"wp","href":"https:\/\/api.w.org\/{rel}","templated":true}]}}