{"id":8519,"date":"2021-03-31T15:47:57","date_gmt":"2021-03-31T13:47:57","guid":{"rendered":"http:\/\/spmaskiner.dev03.extrude.se\/pos-vendas\/servico-e-suporte\/"},"modified":"2022-06-02T10:38:45","modified_gmt":"2022-06-02T08:38:45","slug":"servico-e-suporte","status":"publish","type":"page","link":"http:\/\/spmaskiner.dev03.extrude.se\/pt-br\/pos-vendas\/servico-e-suporte\/","title":{"rendered":"Servi\u00e7o e suporte"},"content":{"rendered":"\t\t<div data-elementor-type=\"wp-page\" data-elementor-id=\"8519\" class=\"elementor elementor-8519 elementor-1807\" data-elementor-post-type=\"page\">\n\t\t\t\t\t\t<section class=\"elementor-section elementor-top-section elementor-element elementor-element-11724500 elementor-section-content-top standard_page elementor-section-boxed elementor-section-height-default elementor-section-height-default\" data-id=\"11724500\" data-element_type=\"section\" data-e-type=\"section\">\n\t\t\t\t\t\t<div class=\"elementor-container elementor-column-gap-no\">\n\t\t\t\t\t<nav class=\"elementor-column elementor-col-33 elementor-top-column elementor-element elementor-element-68df373f elementor-hidden-tablet elementor-hidden-phone elementor-invisible\" data-id=\"68df373f\" data-element_type=\"column\" data-e-type=\"column\" id=\"news-block\" data-settings=\"{&quot;animation&quot;:&quot;fadeIn&quot;}\">\n\t\t\t<div class=\"elementor-widget-wrap\">\n\t\t\t\t\t\t\t<\/div>\n\t\t<\/nav>\n\t\t\t\t<article class=\"elementor-column elementor-col-33 elementor-top-column elementor-element elementor-element-56f8f829\" data-id=\"56f8f829\" data-element_type=\"column\" data-e-type=\"column\">\n\t\t\t<div class=\"elementor-widget-wrap elementor-element-populated\">\n\t\t\t\t\t\t<div class=\"elementor-element elementor-element-28249883 elementor-widget elementor-widget-heading\" data-id=\"28249883\" data-element_type=\"widget\" data-e-type=\"widget\" data-widget_type=\"heading.default\">\n\t\t\t\t<div class=\"elementor-widget-container\">\n\t\t\t\t\t<h1 class=\"elementor-heading-title elementor-size-default\">Servi\u00e7o e suporte<\/h1>\t\t\t\t<\/div>\n\t\t\t\t<\/div>\n\t\t\t\t<div class=\"elementor-element elementor-element-d11a79c elementor-widget elementor-widget-text-editor\" data-id=\"d11a79c\" data-element_type=\"widget\" data-e-type=\"widget\" data-widget_type=\"text-editor.default\">\n\t\t\t\t<div class=\"elementor-widget-container\">\n\t\t\t\t\t\t\t\t\tSabemos o que \u00e9 necess\u00e1rio para evitar interrup\u00e7\u00f5es operacionais. Somos conhecidos por nossos altos n\u00edveis de qualidade, mas isso tamb\u00e9m requer manuten\u00e7\u00e3o preventiva. A nossa rede de servi\u00e7os pode ser encontrada em todo o mundo. Entre em contato conosco ou com o centro de servi\u00e7os mais pr\u00f3ximo, e eles v\u00e3o ajud\u00e1-lo com o trabalho de servi\u00e7o preventivo, a fim de evitar interrup\u00e7\u00f5es operacionais onerosas.\t\t\t\t\t\t\t\t<\/div>\n\t\t\t\t<\/div>\n\t\t\t\t\t<\/div>\n\t\t<\/article>\n\t\t\t\t<article class=\"elementor-column elementor-col-33 elementor-top-column elementor-element elementor-element-d5e289c\" data-id=\"d5e289c\" data-element_type=\"column\" data-e-type=\"column\" data-settings=\"{&quot;background_background&quot;:&quot;classic&quot;}\">\n\t\t\t<div class=\"elementor-widget-wrap elementor-element-populated\">\n\t\t\t\t\t\t<div class=\"elementor-element elementor-element-3456b85 elementor-widget elementor-widget-text-editor\" data-id=\"3456b85\" data-element_type=\"widget\" data-e-type=\"widget\" data-widget_type=\"text-editor.default\">\n\t\t\t\t<div class=\"elementor-widget-container\">\n\t\t\t\t\t\t\t\t\t<div class=\"col-sm-4 col-md-4\">\r\n<div class=\"well-info\">\r\n\r\n<strong>Informa\u00e7\u00f5es de contato<\/strong>\r\nTel.: <a href=\"tel:004637225346\">+46 372 253 46<\/a>\r\nE-mail: <a href=\"mailto:cs@spmaskiner.se\">cs@spmaskiner.se<\/a>\r\n\r\nHor\u00e1rio de funcionamento:\r\nDias \u00fateis (n\u00e3o feriados) de 07h \u00e0s 16h\r\nFechado para almo\u00e7o de 12h a 13h\r\n\r\n<\/div>\r\n<\/div>\t\t\t\t\t\t\t\t<\/div>\n\t\t\t\t<\/div>\n\t\t\t\t\t<\/div>\n\t\t<\/article>\n\t\t\t\t\t<\/div>\n\t\t<\/section>\n\t\t\t\t<section class=\"elementor-section elementor-top-section elementor-element elementor-element-50cc520 elementor-section-content-top standard_page elementor-section-boxed elementor-section-height-default elementor-section-height-default\" data-id=\"50cc520\" data-element_type=\"section\" data-e-type=\"section\">\n\t\t\t\t\t\t<div class=\"elementor-container elementor-column-gap-no\">\n\t\t\t\t\t<nav class=\"elementor-column elementor-col-33 elementor-top-column elementor-element elementor-element-531b1f4 elementor-hidden-tablet elementor-hidden-phone elementor-invisible\" data-id=\"531b1f4\" data-element_type=\"column\" data-e-type=\"column\" data-settings=\"{&quot;animation&quot;:&quot;fadeIn&quot;}\">\n\t\t\t<div class=\"elementor-widget-wrap\">\n\t\t\t\t\t\t\t<\/div>\n\t\t<\/nav>\n\t\t\t\t<article class=\"elementor-column elementor-col-33 elementor-top-column elementor-element elementor-element-1288cea\" data-id=\"1288cea\" data-element_type=\"column\" data-e-type=\"column\">\n\t\t\t<div class=\"elementor-widget-wrap elementor-element-populated\">\n\t\t\t\t\t\t<div class=\"elementor-element elementor-element-7cb126f elementor-widget elementor-widget-heading\" data-id=\"7cb126f\" data-element_type=\"widget\" data-e-type=\"widget\" data-widget_type=\"heading.default\">\n\t\t\t\t<div class=\"elementor-widget-container\">\n\t\t\t\t\t<h1 class=\"elementor-heading-title elementor-size-default\">Otimiza\u00e7\u00e3o<\/h1>\t\t\t\t<\/div>\n\t\t\t\t<\/div>\n\t\t\t\t<div class=\"elementor-element elementor-element-bf1483f elementor-widget elementor-widget-text-editor\" data-id=\"bf1483f\" data-element_type=\"widget\" data-e-type=\"widget\" data-widget_type=\"text-editor.default\">\n\t\t\t\t<div class=\"elementor-widget-container\">\n\t\t\t\t\t\t\t\t\t<div class=\"col-sm-8 col-md-8\">\r\n\r\nA SP Maskiner recomenda otimizar as cabe\u00e7as processadoras uma vez por ano. Vamos enviar um engenheiro de servi\u00e7o experiente para otimizar sua cabe\u00e7a processadora. Todos os nossos procedimentos de otimiza\u00e7\u00e3o s\u00e3o baseados nas necessidades do cliente, e voc\u00ea pode aproveitar rapidamente esse benef\u00edcio com apenas um pequeno investimento a cada ano.\r\n\r\nSe voc\u00ea n\u00e3o conseguir otimizar sua cabe\u00e7a processadora por um longo per\u00edodo, sua efici\u00eancia ser\u00e1 reduzida. Ao otimizar a cabe\u00e7a processadora, voc\u00ea estende sua vida \u00fatil, aumenta o desempenho, melhora a remo\u00e7\u00e3o de cascas e reduz os danos no tronco.\r\n\r\n<\/div>\t\t\t\t\t\t\t\t<\/div>\n\t\t\t\t<\/div>\n\t\t\t\t\t<\/div>\n\t\t<\/article>\n\t\t\t\t<article class=\"elementor-column elementor-col-33 elementor-top-column elementor-element elementor-element-c75bbc2\" data-id=\"c75bbc2\" data-element_type=\"column\" data-e-type=\"column\">\n\t\t\t<div class=\"elementor-widget-wrap elementor-element-populated\">\n\t\t\t\t\t\t<div class=\"elementor-element elementor-element-31d917e elementor-widget elementor-widget-image\" data-id=\"31d917e\" data-element_type=\"widget\" data-e-type=\"widget\" data-widget_type=\"image.default\">\n\t\t\t\t<div class=\"elementor-widget-container\">\n\t\t\t\t\t\t\t\t\t\t\t\t\t\t\t<img fetchpriority=\"high\" decoding=\"async\" width=\"860\" height=\"573\" src=\"http:\/\/spmaskiner.dev03.extrude.se\/wp-content\/uploads\/2021\/03\/support.jpg\" class=\"attachment-large size-large wp-image-8214\" alt=\"\" srcset=\"http:\/\/spmaskiner.dev03.extrude.se\/wp-content\/uploads\/2021\/03\/support.jpg 860w, http:\/\/spmaskiner.dev03.extrude.se\/wp-content\/uploads\/2021\/03\/support-300x200.jpg 300w, http:\/\/spmaskiner.dev03.extrude.se\/wp-content\/uploads\/2021\/03\/support-768x512.jpg 768w\" sizes=\"(max-width: 860px) 100vw, 860px\" \/>\t\t\t\t\t\t\t\t\t\t\t\t\t\t\t<\/div>\n\t\t\t\t<\/div>\n\t\t\t\t\t<\/div>\n\t\t<\/article>\n\t\t\t\t\t<\/div>\n\t\t<\/section>\n\t\t\t\t<section class=\"elementor-section elementor-top-section elementor-element elementor-element-ad5dba2 elementor-section-content-top standard_page elementor-section-boxed elementor-section-height-default elementor-section-height-default\" data-id=\"ad5dba2\" data-element_type=\"section\" data-e-type=\"section\">\n\t\t\t\t\t\t<div class=\"elementor-container elementor-column-gap-no\">\n\t\t\t\t\t<nav class=\"elementor-column elementor-col-50 elementor-top-column elementor-element elementor-element-2e793f7 elementor-hidden-tablet elementor-hidden-phone elementor-invisible\" data-id=\"2e793f7\" data-element_type=\"column\" data-e-type=\"column\" data-settings=\"{&quot;animation&quot;:&quot;fadeIn&quot;}\">\n\t\t\t<div class=\"elementor-widget-wrap\">\n\t\t\t\t\t\t\t<\/div>\n\t\t<\/nav>\n\t\t\t\t<article class=\"elementor-column elementor-col-50 elementor-top-column elementor-element elementor-element-ea54b04\" data-id=\"ea54b04\" data-element_type=\"column\" data-e-type=\"column\">\n\t\t\t<div class=\"elementor-widget-wrap elementor-element-populated\">\n\t\t\t\t\t\t<div class=\"elementor-element elementor-element-727635b elementor-widget elementor-widget-heading\" data-id=\"727635b\" data-element_type=\"widget\" data-e-type=\"widget\" data-widget_type=\"heading.default\">\n\t\t\t\t<div class=\"elementor-widget-container\">\n\t\t\t\t\t<h1 class=\"elementor-heading-title elementor-size-default\">Suporte<\/h1>\t\t\t\t<\/div>\n\t\t\t\t<\/div>\n\t\t\t\t<div class=\"elementor-element elementor-element-a9c16ef elementor-widget elementor-widget-text-editor\" data-id=\"a9c16ef\" data-element_type=\"widget\" data-e-type=\"widget\" data-widget_type=\"text-editor.default\">\n\t\t\t\t<div class=\"elementor-widget-container\">\n\t\t\t\t\t\t\t\t\tNossos funcion\u00e1rios experientes ficam mais do que felizes em ajudar. Se voc\u00ea precisar de suporte, ligue para o nosso n\u00famero de emerg\u00eancia <a href=\"tel:004637225346\">+46 372 253 46<\/a> entre 7h e 16h (fechado para o almo\u00e7o de 12h \u00e0s 12h40) ou envie um e-mail para n\u00f3s. Caso precise de um manual, <a href=\"http:\/\/korr.spmaskiner.com\/pt-br\/inloggning\/\">entre na nossa intranet<\/a> ou <a href=\"http:\/\/korr.spmaskiner.com\/pt-br\/kontakt\/\">entre em contato conosco<\/a>.\r\n\r\nSe desejar receber nossos boletins de servi\u00e7o, preencha o formul\u00e1rio.\t\t\t\t\t\t\t\t<\/div>\n\t\t\t\t<\/div>\n\t\t\t\t<div class=\"elementor-element elementor-element-9ffe107 elementor-button-align-stretch elementor-widget elementor-widget-form\" data-id=\"9ffe107\" data-element_type=\"widget\" data-e-type=\"widget\" id=\"support-form\" data-settings=\"{&quot;step_next_label&quot;:&quot;Pr\\u00f3ximo&quot;,&quot;step_previous_label&quot;:&quot;Anterior&quot;,&quot;button_width&quot;:&quot;100&quot;,&quot;step_type&quot;:&quot;number_text&quot;,&quot;step_icon_shape&quot;:&quot;circle&quot;}\" data-widget_type=\"form.default\">\n\t\t\t\t<div class=\"elementor-widget-container\">\n\t\t\t\t\t\t\t<form class=\"elementor-form\" method=\"post\" id=\"support_form\" name=\"Supportformul\u00e4r\" aria-label=\"Supportformul\u00e4r\">\n\t\t\t<input type=\"hidden\" name=\"post_id\" value=\"8519\"\/>\n\t\t\t<input type=\"hidden\" name=\"form_id\" value=\"9ffe107\"\/>\n\t\t\t<input type=\"hidden\" name=\"referer_title\" value=\"Servi\u00e7o e suporte\" \/>\n\n\t\t\t\t\t\t\t<input type=\"hidden\" name=\"queried_id\" value=\"8519\"\/>\n\t\t\t\n\t\t\t<div class=\"elementor-form-fields-wrapper elementor-labels-above\">\n\t\t\t\t\t\t\t\t<div class=\"elementor-field-type-text elementor-field-group elementor-column elementor-field-group-name elementor-col-50 elementor-field-required\">\n\t\t\t\t\t\t\t\t\t\t\t\t<label for=\"form-field-name\" class=\"elementor-field-label\">\n\t\t\t\t\t\t\t\tNome\t\t\t\t\t\t\t<\/label>\n\t\t\t\t\t\t\t\t\t\t\t\t\t\t<input size=\"1\" type=\"text\" name=\"form_fields[name]\" id=\"form-field-name\" class=\"elementor-field elementor-size-sm  elementor-field-textual\" required=\"required\">\n\t\t\t\t\t\t\t\t\t\t\t<\/div>\n\t\t\t\t\t\t\t\t<div class=\"elementor-field-type-text elementor-field-group elementor-column elementor-field-group-field_e3b03c1 elementor-col-50 elementor-field-required\">\n\t\t\t\t\t\t\t\t\t\t\t\t<label for=\"form-field-field_e3b03c1\" class=\"elementor-field-label\">\n\t\t\t\t\t\t\t\tEmpresa\t\t\t\t\t\t\t<\/label>\n\t\t\t\t\t\t\t\t\t\t\t\t\t\t<input size=\"1\" type=\"text\" name=\"form_fields[field_e3b03c1]\" id=\"form-field-field_e3b03c1\" class=\"elementor-field elementor-size-sm  elementor-field-textual\" required=\"required\">\n\t\t\t\t\t\t\t\t\t\t\t<\/div>\n\t\t\t\t\t\t\t\t<div class=\"elementor-field-type-email elementor-field-group elementor-column elementor-field-group-email elementor-col-50 elementor-field-required\">\n\t\t\t\t\t\t\t\t\t\t\t\t<label for=\"form-field-email\" class=\"elementor-field-label\">\n\t\t\t\t\t\t\t\tE-Mail\t\t\t\t\t\t\t<\/label>\n\t\t\t\t\t\t\t\t\t\t\t\t\t\t<input size=\"1\" type=\"email\" name=\"form_fields[email]\" id=\"form-field-email\" class=\"elementor-field elementor-size-sm  elementor-field-textual\" required=\"required\">\n\t\t\t\t\t\t\t\t\t\t\t<\/div>\n\t\t\t\t\t\t\t\t<div class=\"elementor-field-type-text elementor-field-group elementor-column elementor-field-group-message elementor-col-50\">\n\t\t\t\t\t\t\t\t\t\t\t\t<label for=\"form-field-message\" class=\"elementor-field-label\">\n\t\t\t\t\t\t\t\tEndere\u00e7o\t\t\t\t\t\t\t<\/label>\n\t\t\t\t\t\t\t\t\t\t\t\t\t\t<input size=\"1\" type=\"text\" name=\"form_fields[message]\" id=\"form-field-message\" class=\"elementor-field elementor-size-sm  elementor-field-textual\">\n\t\t\t\t\t\t\t\t\t\t\t<\/div>\n\t\t\t\t\t\t\t\t<div class=\"elementor-field-type-text elementor-field-group elementor-column elementor-field-group-field_b371c98 elementor-col-50\">\n\t\t\t\t\t\t\t\t\t\t\t\t<label for=\"form-field-field_b371c98\" class=\"elementor-field-label\">\n\t\t\t\t\t\t\t\tTelefone\t\t\t\t\t\t\t<\/label>\n\t\t\t\t\t\t\t\t\t\t\t\t\t\t<input size=\"1\" type=\"text\" name=\"form_fields[field_b371c98]\" id=\"form-field-field_b371c98\" class=\"elementor-field elementor-size-sm  elementor-field-textual\">\n\t\t\t\t\t\t\t\t\t\t\t<\/div>\n\t\t\t\t\t\t\t\t<div class=\"elementor-field-type-text elementor-field-group elementor-column elementor-field-group-field_dea6fc3 elementor-col-100\">\n\t\t\t\t\t\t\t\t\t\t\t\t<label for=\"form-field-field_dea6fc3\" class=\"elementor-field-label\">\n\t\t\t\t\t\t\t\tN\u00famero de s\u00e9rie da cabe\u00e7a processadora \/ n\u00famero do cliente\t\t\t\t\t\t\t<\/label>\n\t\t\t\t\t\t\t\t\t\t\t\t\t\t<input size=\"1\" type=\"text\" name=\"form_fields[field_dea6fc3]\" id=\"form-field-field_dea6fc3\" class=\"elementor-field elementor-size-sm  elementor-field-textual\" placeholder=\"N\u00famero de s\u00e9rie da cabe\u00e7a processadora \/ n\u00famero do cliente\">\n\t\t\t\t\t\t\t\t\t\t\t<\/div>\n\t\t\t\t\t\t\t\t<div class=\"elementor-field-type-text elementor-field-group elementor-column elementor-field-group-field_eabc656 elementor-col-50\">\n\t\t\t\t\t\t\t\t\t\t\t\t<label for=\"form-field-field_eabc656\" class=\"elementor-field-label\">\n\t\t\t\t\t\t\t\tModelo de cabe\u00e7a processadora\t\t\t\t\t\t\t<\/label>\n\t\t\t\t\t\t\t\t\t\t\t\t\t\t<input size=\"1\" type=\"text\" name=\"form_fields[field_eabc656]\" id=\"form-field-field_eabc656\" class=\"elementor-field elementor-size-sm  elementor-field-textual\">\n\t\t\t\t\t\t\t\t\t\t\t<\/div>\n\t\t\t\t\t\t\t\t<div class=\"elementor-field-type-text elementor-field-group elementor-column elementor-field-group-field_25b6acb elementor-col-50\">\n\t\t\t\t\t\t\t\t\t\t\t\t<label for=\"form-field-field_25b6acb\" class=\"elementor-field-label\">\n\t\t\t\t\t\t\t\tVe\u00edculo transportador\t\t\t\t\t\t\t<\/label>\n\t\t\t\t\t\t\t\t\t\t\t\t\t\t<input size=\"1\" type=\"text\" name=\"form_fields[field_25b6acb]\" id=\"form-field-field_25b6acb\" class=\"elementor-field elementor-size-sm  elementor-field-textual\">\n\t\t\t\t\t\t\t\t\t\t\t<\/div>\n\t\t\t\t\t\t\t\t<div class=\"elementor-field-group elementor-column elementor-field-type-submit elementor-col-100 e-form__buttons\">\n\t\t\t\t\t<button class=\"elementor-button elementor-size-sm\" type=\"submit\">\n\t\t\t\t\t\t<span class=\"elementor-button-content-wrapper\">\n\t\t\t\t\t\t\t\t\t\t\t\t\t\t\t\t\t\t\t\t\t\t<span class=\"elementor-button-text\">Enviar<\/span>\n\t\t\t\t\t\t\t\t\t\t\t\t\t<\/span>\n\t\t\t\t\t<\/button>\n\t\t\t\t<\/div>\n\t\t\t<\/div>\n\t\t<\/form>\n\t\t\t\t\t\t<\/div>\n\t\t\t\t<\/div>\n\t\t\t\t\t<\/div>\n\t\t<\/article>\n\t\t\t\t\t<\/div>\n\t\t<\/section>\n\t\t\t\t<section class=\"elementor-section elementor-top-section elementor-element elementor-element-6c157ace elementor-section-boxed elementor-section-height-default elementor-section-height-default\" data-id=\"6c157ace\" data-element_type=\"section\" data-e-type=\"section\">\n\t\t\t\t\t\t<div class=\"elementor-container elementor-column-gap-default\">\n\t\t\t\t\t<section class=\"elementor-column elementor-col-100 elementor-top-column elementor-element elementor-element-4a557e3b\" data-id=\"4a557e3b\" data-element_type=\"column\" data-e-type=\"column\">\n\t\t\t<div class=\"elementor-widget-wrap\">\n\t\t\t\t\t\t\t<\/div>\n\t\t<\/section>\n\t\t\t\t\t<\/div>\n\t\t<\/section>\n\t\t\t\t<\/div>\n\t\t","protected":false},"excerpt":{"rendered":"<p>Servi\u00e7o e suporte Sabemos o que \u00e9 necess\u00e1rio para evitar interrup\u00e7\u00f5es operacionais. Somos conhecidos por nossos altos n\u00edveis de qualidade, mas isso tamb\u00e9m requer manuten\u00e7\u00e3o preventiva. A nossa rede de servi\u00e7os pode ser encontrada em todo o mundo. Entre em contato conosco ou com o centro de servi\u00e7os mais pr\u00f3ximo, e eles v\u00e3o ajud\u00e1-lo com [&hellip;]<\/p>\n","protected":false},"author":1,"featured_media":0,"parent":8515,"menu_order":40,"comment_status":"closed","ping_status":"closed","template":"elementor_header_footer","meta":{"_acf_changed":false,"site-sidebar-layout":"no-sidebar","site-content-layout":"page-builder","ast-site-content-layout":"default","site-content-style":"default","site-sidebar-style":"default","ast-global-header-display":"","ast-banner-title-visibility":"","ast-main-header-display":"","ast-hfb-above-header-display":"","ast-hfb-below-header-display":"","ast-hfb-mobile-header-display":"","site-post-title":"disabled","ast-breadcrumbs-content":"","ast-featured-img":"disabled","footer-sml-layout":"","ast-disable-related-posts":"","theme-transparent-header-meta":"default","adv-header-id-meta":"","stick-header-meta":"","header-above-stick-meta":"","header-main-stick-meta":"","header-below-stick-meta":"","astra-migrate-meta-layouts":"default","ast-page-background-enabled":"default","ast-page-background-meta":{"desktop":{"background-color":"","background-image":"","background-repeat":"repeat","background-position":"center center","background-size":"auto","background-attachment":"scroll","background-type":"","background-media":"","overlay-type":"","overlay-color":"","overlay-opacity":"","overlay-gradient":""},"tablet":{"background-color":"","background-image":"","background-repeat":"repeat","background-position":"center center","background-size":"auto","background-attachment":"scroll","background-type":"","background-media":"","overlay-type":"","overlay-color":"","overlay-opacity":"","overlay-gradient":""},"mobile":{"background-color":"","background-image":"","background-repeat":"repeat","background-position":"center center","background-size":"auto","background-attachment":"scroll","background-type":"","background-media":"","overlay-type":"","overlay-color":"","overlay-opacity":"","overlay-gradient":""}},"ast-content-background-meta":{"desktop":{"background-color":"var(--ast-global-color-5)","background-image":"","background-repeat":"repeat","background-position":"center center","background-size":"auto","background-attachment":"scroll","background-type":"","background-media":"","overlay-type":"","overlay-color":"","overlay-opacity":"","overlay-gradient":""},"tablet":{"background-color":"var(--ast-global-color-5)","background-image":"","background-repeat":"repeat","background-position":"center center","background-size":"auto","background-attachment":"scroll","background-type":"","background-media":"","overlay-type":"","overlay-color":"","overlay-opacity":"","overlay-gradient":""},"mobile":{"background-color":"var(--ast-global-color-5)","background-image":"","background-repeat":"repeat","background-position":"center center","background-size":"auto","background-attachment":"scroll","background-type":"","background-media":"","overlay-type":"","overlay-color":"","overlay-opacity":"","overlay-gradient":""}},"footnotes":""},"class_list":["post-8519","page","type-page","status-publish","hentry"],"acf":[],"_links":{"self":[{"href":"http:\/\/spmaskiner.dev03.extrude.se\/pt-br\/wp-json\/wp\/v2\/pages\/8519","targetHints":{"allow":["GET"]}}],"collection":[{"href":"http:\/\/spmaskiner.dev03.extrude.se\/pt-br\/wp-json\/wp\/v2\/pages"}],"about":[{"href":"http:\/\/spmaskiner.dev03.extrude.se\/pt-br\/wp-json\/wp\/v2\/types\/page"}],"author":[{"embeddable":true,"href":"http:\/\/spmaskiner.dev03.extrude.se\/pt-br\/wp-json\/wp\/v2\/users\/1"}],"replies":[{"embeddable":true,"href":"http:\/\/spmaskiner.dev03.extrude.se\/pt-br\/wp-json\/wp\/v2\/comments?post=8519"}],"version-history":[{"count":1,"href":"http:\/\/spmaskiner.dev03.extrude.se\/pt-br\/wp-json\/wp\/v2\/pages\/8519\/revisions"}],"predecessor-version":[{"id":8520,"href":"http:\/\/spmaskiner.dev03.extrude.se\/pt-br\/wp-json\/wp\/v2\/pages\/8519\/revisions\/8520"}],"up":[{"embeddable":true,"href":"http:\/\/spmaskiner.dev03.extrude.se\/pt-br\/wp-json\/wp\/v2\/pages\/8515"}],"wp:attachment":[{"href":"http:\/\/spmaskiner.dev03.extrude.se\/pt-br\/wp-json\/wp\/v2\/media?parent=8519"}],"curies":[{"name":"wp","href":"https:\/\/api.w.org\/{rel}","templated":true}]}}