{"id":8487,"date":"2022-03-04T09:05:48","date_gmt":"2022-03-04T08:05:48","guid":{"rendered":"http:\/\/spmaskiner.dev03.extrude.se\/beneficios-para-o-cliente\/cabecas-para-todos-os-tipos-de-maquinas-e-sistemas-de-medicao\/"},"modified":"2022-06-02T10:14:05","modified_gmt":"2022-06-02T08:14:05","slug":"cabecas-para-todos-os-tipos-de-maquinas-e-sistemas-de-medicao","status":"publish","type":"page","link":"http:\/\/spmaskiner.dev03.extrude.se\/pt-br\/beneficios-para-o-cliente\/cabecas-para-todos-os-tipos-de-maquinas-e-sistemas-de-medicao\/","title":{"rendered":"Cabe\u00e7as para todos os tipos de m\u00e1quinas e sistemas de medi\u00e7\u00e3o"},"content":{"rendered":"\t\t<div data-elementor-type=\"wp-page\" data-elementor-id=\"8487\" class=\"elementor elementor-8487 elementor-7113\" data-elementor-post-type=\"page\">\n\t\t\t\t\t\t<section class=\"elementor-section elementor-top-section elementor-element elementor-element-190c45f elementor-section-boxed elementor-section-height-default elementor-section-height-default\" data-id=\"190c45f\" data-element_type=\"section\" data-e-type=\"section\">\n\t\t\t\t\t\t<div class=\"elementor-container elementor-column-gap-default\">\n\t\t\t\t\t<div class=\"elementor-column elementor-col-100 elementor-top-column elementor-element elementor-element-380323b6\" data-id=\"380323b6\" data-element_type=\"column\" data-e-type=\"column\">\n\t\t\t<div class=\"elementor-widget-wrap elementor-element-populated\">\n\t\t\t\t\t\t<div class=\"elementor-element elementor-element-578343ec elementor-widget elementor-widget-heading\" data-id=\"578343ec\" data-element_type=\"widget\" data-e-type=\"widget\" data-widget_type=\"heading.default\">\n\t\t\t\t<div class=\"elementor-widget-container\">\n\t\t\t\t\t<h1 class=\"elementor-heading-title elementor-size-default\">Cabe\u00e7as para todos os tipos de m\u00e1quinas e sistemas de medi\u00e7\u00e3o<\/h1>\t\t\t\t<\/div>\n\t\t\t\t<\/div>\n\t\t\t\t<div class=\"elementor-element elementor-element-0ccd9c5 elementor-widget elementor-widget-text-editor\" data-id=\"0ccd9c5\" data-element_type=\"widget\" data-e-type=\"widget\" data-widget_type=\"text-editor.default\">\n\t\t\t\t<div class=\"elementor-widget-container\">\n\t\t\t\t\t\t\t\t\tAqui na SP, oferecemos uma ampla gama de cabe\u00e7as para todos os tipos de m\u00e1quinas, marcas, modelos e opera\u00e7\u00f5es de colheita\r\n&#8211; desde o primeiro desbaste at\u00e9 ao corte final, \u00e0 colheita biol\u00f3gica de biocombust\u00edveis e descascamento de eucaliptos. Gra\u00e7as ao\r\nnosso conhecimento e extensa experi\u00eancia, sabemos o que \u00e9 necess\u00e1rio para tornar as suas opera\u00e7\u00f5es de colheita o mais eficientes\r\ne lucrativas poss\u00edvel, independentemente da m\u00e1quina que utiliza ou das condi\u00e7\u00f5es de trabalho que enfrenta. Todas as nossas cabe\u00e7as\r\nprocessadoras foram concebidas de acordo com o nosso conceito de baixo atrito, com mais de quarenta anos de experi\u00eancia\r\ne desenvolvimento, resultando em cabe\u00e7as de alto desempenho que se destacam pela sua combina\u00e7\u00e3o \u00fanica de produtividade\r\nmaximizada, consumo otimizado de combust\u00edvel, custos m\u00ednimos de manuten\u00e7\u00e3o e medi\u00e7\u00e3o de precis\u00e3o.\r\nSe, atualmente, est\u00e1 a utilizar uma cabe\u00e7a de outro fabricante, mas deseja aumentar a sua efici\u00eancia e rentabilidade, a transi\u00e7\u00e3o\r\npara uma cabe\u00e7a SP \u00e9 f\u00e1cil. As nossas cabe\u00e7as processadoras podem ser utilizadas com praticamente todos os sistemas de controlo\r\ne medi\u00e7\u00e3o do mercado, o que significa que n\u00e3o h\u00e1 necessidade de aprender ou investir num novo sistema de computador ao escolher\r\numa cabe\u00e7a SP. Como resultado, ao contr\u00e1rio de muitas outras marcas no mercado, uma instala\u00e7\u00e3o de cabe\u00e7a SP n\u00e3o requer\r\nconvers\u00e3o do sistema de controlo existente ou componentes eletr\u00f3nicos adicionais.\r\nIndependentemente do tipo ou marca da m\u00e1quina base, somos especialistas na instala\u00e7\u00e3o de cabe\u00e7as e na adapta\u00e7\u00e3o das instala\u00e7\u00f5es\r\npara maximizar a funcionalidade e a capacidade da sua cabe\u00e7a. Tem uma processadora com rodas ou sobre esteiras? Ou uma\r\nescavadora? \u00c9 um Rottne, John Deere, Komatsu, Eco Log, Ponsse, Volvo, Caterpillar ou Sany? Ou alguma outra marca? Independentemente\r\nde qual seja, a SP tem uma cabe\u00e7a perfeita para si. Al\u00e9m disso, ao escolher uma cabe\u00e7a SP, oferecemos sempre uma\r\nan\u00e1lise gratuita para determinar como pode maximizar a sua rentabilidade com base nas suas condi\u00e7\u00f5es espec\u00edficas e opera\u00e7\u00f5es\r\nde colheita.\t\t\t\t\t\t\t\t<\/div>\n\t\t\t\t<\/div>\n\t\t\t\t<div class=\"elementor-element elementor-element-4c5a6be elementor-icon-list--layout-inline elementor-align-end elementor-list-item-link-full_width elementor-widget elementor-widget-icon-list\" data-id=\"4c5a6be\" data-element_type=\"widget\" data-e-type=\"widget\" data-widget_type=\"icon-list.default\">\n\t\t\t\t<div class=\"elementor-widget-container\">\n\t\t\t\t\t\t\t<ul class=\"elementor-icon-list-items elementor-inline-items\">\n\t\t\t\t\t\t\t<li class=\"elementor-icon-list-item elementor-inline-item\">\n\t\t\t\t\t\t\t\t\t\t\t<a href=\"http:\/\/spmaskiner.dev03.extrude.se\/wp-content\/uploads\/2022\/06\/Headsforallmachinesen-pt-PT.pdf\">\n\n\t\t\t\t\t\t\t\t\t\t\t\t<span class=\"elementor-icon-list-icon\">\n\t\t\t\t\t\t\t<i aria-hidden=\"true\" class=\"fas fa-file-pdf\"><\/i>\t\t\t\t\t\t<\/span>\n\t\t\t\t\t\t\t\t\t\t<span class=\"elementor-icon-list-text\">Cat\u00e1logo - Cabe\u00e7as para todos os tipos de m\u00e1quinas e sistemas de medi\u00e7\u00e3o (PDF)<\/span>\n\t\t\t\t\t\t\t\t\t\t\t<\/a>\n\t\t\t\t\t\t\t\t\t<\/li>\n\t\t\t\t\t\t<\/ul>\n\t\t\t\t\t\t<\/div>\n\t\t\t\t<\/div>\n\t\t\t\t\t<\/div>\n\t\t<\/div>\n\t\t\t\t\t<\/div>\n\t\t<\/section>\n\t\t\t\t<section class=\"elementor-section elementor-top-section elementor-element elementor-element-bc4dae0 elementor-section-boxed elementor-section-height-default elementor-section-height-default\" data-id=\"bc4dae0\" data-element_type=\"section\" data-e-type=\"section\">\n\t\t\t\t\t\t<div class=\"elementor-container elementor-column-gap-default\">\n\t\t\t\t\t<div class=\"elementor-column elementor-col-33 elementor-top-column elementor-element elementor-element-7fd6320\" data-id=\"7fd6320\" data-element_type=\"column\" data-e-type=\"column\">\n\t\t\t<div class=\"elementor-widget-wrap elementor-element-populated\">\n\t\t\t\t\t\t<div class=\"elementor-element elementor-element-855dc69 elementor-widget elementor-widget-image\" data-id=\"855dc69\" data-element_type=\"widget\" data-e-type=\"widget\" data-widget_type=\"image.default\">\n\t\t\t\t<div class=\"elementor-widget-container\">\n\t\t\t\t\t\t\t\t\t\t\t\t\t\t\t<img fetchpriority=\"high\" decoding=\"async\" width=\"1024\" height=\"576\" src=\"http:\/\/spmaskiner.dev03.extrude.se\/wp-content\/uploads\/2022\/03\/brnilsson122-1024x576.jpg\" class=\"attachment-large size-large wp-image-8340\" alt=\"\" srcset=\"http:\/\/spmaskiner.dev03.extrude.se\/wp-content\/uploads\/2022\/03\/brnilsson122-1024x576.jpg 1024w, http:\/\/spmaskiner.dev03.extrude.se\/wp-content\/uploads\/2022\/03\/brnilsson122-300x169.jpg 300w, http:\/\/spmaskiner.dev03.extrude.se\/wp-content\/uploads\/2022\/03\/brnilsson122-768x432.jpg 768w, http:\/\/spmaskiner.dev03.extrude.se\/wp-content\/uploads\/2022\/03\/brnilsson122-1536x864.jpg 1536w, http:\/\/spmaskiner.dev03.extrude.se\/wp-content\/uploads\/2022\/03\/brnilsson122-2048x1152.jpg 2048w\" sizes=\"(max-width: 1024px) 100vw, 1024px\" \/>\t\t\t\t\t\t\t\t\t\t\t\t\t\t\t<\/div>\n\t\t\t\t<\/div>\n\t\t\t\t\t<\/div>\n\t\t<\/div>\n\t\t\t\t<div class=\"elementor-column elementor-col-33 elementor-top-column elementor-element elementor-element-d0fff82\" data-id=\"d0fff82\" data-element_type=\"column\" data-e-type=\"column\">\n\t\t\t<div class=\"elementor-widget-wrap elementor-element-populated\">\n\t\t\t\t\t\t<div class=\"elementor-element elementor-element-624ab7f elementor-widget elementor-widget-image\" data-id=\"624ab7f\" data-element_type=\"widget\" data-e-type=\"widget\" data-widget_type=\"image.default\">\n\t\t\t\t<div class=\"elementor-widget-container\">\n\t\t\t\t\t\t\t\t\t\t\t\t\t\t\t<img decoding=\"async\" width=\"1024\" height=\"576\" src=\"http:\/\/spmaskiner.dev03.extrude.se\/wp-content\/uploads\/2022\/03\/eisab145-1024x576.jpg\" class=\"attachment-large size-large wp-image-8341\" alt=\"\" srcset=\"http:\/\/spmaskiner.dev03.extrude.se\/wp-content\/uploads\/2022\/03\/eisab145-1024x576.jpg 1024w, http:\/\/spmaskiner.dev03.extrude.se\/wp-content\/uploads\/2022\/03\/eisab145-300x169.jpg 300w, http:\/\/spmaskiner.dev03.extrude.se\/wp-content\/uploads\/2022\/03\/eisab145-768x432.jpg 768w, http:\/\/spmaskiner.dev03.extrude.se\/wp-content\/uploads\/2022\/03\/eisab145-1536x864.jpg 1536w, http:\/\/spmaskiner.dev03.extrude.se\/wp-content\/uploads\/2022\/03\/eisab145.jpg 1920w\" sizes=\"(max-width: 1024px) 100vw, 1024px\" \/>\t\t\t\t\t\t\t\t\t\t\t\t\t\t\t<\/div>\n\t\t\t\t<\/div>\n\t\t\t\t\t<\/div>\n\t\t<\/div>\n\t\t\t\t<div class=\"elementor-column elementor-col-33 elementor-top-column elementor-element elementor-element-94195c7\" data-id=\"94195c7\" data-element_type=\"column\" data-e-type=\"column\">\n\t\t\t<div class=\"elementor-widget-wrap elementor-element-populated\">\n\t\t\t\t\t\t<div class=\"elementor-element elementor-element-f93ccbe elementor-widget elementor-widget-image\" data-id=\"f93ccbe\" data-element_type=\"widget\" data-e-type=\"widget\" data-widget_type=\"image.default\">\n\t\t\t\t<div class=\"elementor-widget-container\">\n\t\t\t\t\t\t\t\t\t\t\t\t\t\t\t<img decoding=\"async\" width=\"1024\" height=\"576\" src=\"http:\/\/spmaskiner.dev03.extrude.se\/wp-content\/uploads\/2022\/03\/manoskog134-1024x576.jpg\" class=\"attachment-large size-large wp-image-8342\" alt=\"\" srcset=\"http:\/\/spmaskiner.dev03.extrude.se\/wp-content\/uploads\/2022\/03\/manoskog134-1024x576.jpg 1024w, http:\/\/spmaskiner.dev03.extrude.se\/wp-content\/uploads\/2022\/03\/manoskog134-300x169.jpg 300w, http:\/\/spmaskiner.dev03.extrude.se\/wp-content\/uploads\/2022\/03\/manoskog134-768x432.jpg 768w, http:\/\/spmaskiner.dev03.extrude.se\/wp-content\/uploads\/2022\/03\/manoskog134-1536x864.jpg 1536w, http:\/\/spmaskiner.dev03.extrude.se\/wp-content\/uploads\/2022\/03\/manoskog134.jpg 1920w\" sizes=\"(max-width: 1024px) 100vw, 1024px\" \/>\t\t\t\t\t\t\t\t\t\t\t\t\t\t\t<\/div>\n\t\t\t\t<\/div>\n\t\t\t\t\t<\/div>\n\t\t<\/div>\n\t\t\t\t\t<\/div>\n\t\t<\/section>\n\t\t\t\t<\/div>\n\t\t","protected":false},"excerpt":{"rendered":"<p>Cabe\u00e7as para todos os tipos de m\u00e1quinas e sistemas de medi\u00e7\u00e3o Aqui na SP, oferecemos uma ampla gama de cabe\u00e7as para todos os tipos de m\u00e1quinas, marcas, modelos e opera\u00e7\u00f5es de colheita &#8211; desde o primeiro desbaste at\u00e9 ao corte final, \u00e0 colheita biol\u00f3gica de biocombust\u00edveis e descascamento de eucaliptos. Gra\u00e7as ao nosso conhecimento e [&hellip;]<\/p>\n","protected":false},"author":2,"featured_media":0,"parent":8479,"menu_order":10,"comment_status":"closed","ping_status":"closed","template":"elementor_header_footer","meta":{"_acf_changed":false,"site-sidebar-layout":"no-sidebar","site-content-layout":"page-builder","ast-site-content-layout":"default","site-content-style":"default","site-sidebar-style":"default","ast-global-header-display":"","ast-banner-title-visibility":"","ast-main-header-display":"","ast-hfb-above-header-display":"","ast-hfb-below-header-display":"","ast-hfb-mobile-header-display":"","site-post-title":"disabled","ast-breadcrumbs-content":"","ast-featured-img":"disabled","footer-sml-layout":"","ast-disable-related-posts":"","theme-transparent-header-meta":"default","adv-header-id-meta":"","stick-header-meta":"","header-above-stick-meta":"","header-main-stick-meta":"","header-below-stick-meta":"","astra-migrate-meta-layouts":"default","ast-page-background-enabled":"default","ast-page-background-meta":{"desktop":{"background-color":"","background-image":"","background-repeat":"repeat","background-position":"center center","background-size":"auto","background-attachment":"scroll","background-type":"","background-media":"","overlay-type":"","overlay-color":"","overlay-opacity":"","overlay-gradient":""},"tablet":{"background-color":"","background-image":"","background-repeat":"repeat","background-position":"center center","background-size":"auto","background-attachment":"scroll","background-type":"","background-media":"","overlay-type":"","overlay-color":"","overlay-opacity":"","overlay-gradient":""},"mobile":{"background-color":"","background-image":"","background-repeat":"repeat","background-position":"center center","background-size":"auto","background-attachment":"scroll","background-type":"","background-media":"","overlay-type":"","overlay-color":"","overlay-opacity":"","overlay-gradient":""}},"ast-content-background-meta":{"desktop":{"background-color":"var(--ast-global-color-5)","background-image":"","background-repeat":"repeat","background-position":"center center","background-size":"auto","background-attachment":"scroll","background-type":"","background-media":"","overlay-type":"","overlay-color":"","overlay-opacity":"","overlay-gradient":""},"tablet":{"background-color":"var(--ast-global-color-5)","background-image":"","background-repeat":"repeat","background-position":"center center","background-size":"auto","background-attachment":"scroll","background-type":"","background-media":"","overlay-type":"","overlay-color":"","overlay-opacity":"","overlay-gradient":""},"mobile":{"background-color":"var(--ast-global-color-5)","background-image":"","background-repeat":"repeat","background-position":"center center","background-size":"auto","background-attachment":"scroll","background-type":"","background-media":"","overlay-type":"","overlay-color":"","overlay-opacity":"","overlay-gradient":""}},"footnotes":""},"class_list":["post-8487","page","type-page","status-publish","hentry"],"acf":[],"_links":{"self":[{"href":"http:\/\/spmaskiner.dev03.extrude.se\/pt-br\/wp-json\/wp\/v2\/pages\/8487","targetHints":{"allow":["GET"]}}],"collection":[{"href":"http:\/\/spmaskiner.dev03.extrude.se\/pt-br\/wp-json\/wp\/v2\/pages"}],"about":[{"href":"http:\/\/spmaskiner.dev03.extrude.se\/pt-br\/wp-json\/wp\/v2\/types\/page"}],"author":[{"embeddable":true,"href":"http:\/\/spmaskiner.dev03.extrude.se\/pt-br\/wp-json\/wp\/v2\/users\/2"}],"replies":[{"embeddable":true,"href":"http:\/\/spmaskiner.dev03.extrude.se\/pt-br\/wp-json\/wp\/v2\/comments?post=8487"}],"version-history":[{"count":1,"href":"http:\/\/spmaskiner.dev03.extrude.se\/pt-br\/wp-json\/wp\/v2\/pages\/8487\/revisions"}],"predecessor-version":[{"id":8488,"href":"http:\/\/spmaskiner.dev03.extrude.se\/pt-br\/wp-json\/wp\/v2\/pages\/8487\/revisions\/8488"}],"up":[{"embeddable":true,"href":"http:\/\/spmaskiner.dev03.extrude.se\/pt-br\/wp-json\/wp\/v2\/pages\/8479"}],"wp:attachment":[{"href":"http:\/\/spmaskiner.dev03.extrude.se\/pt-br\/wp-json\/wp\/v2\/media?parent=8487"}],"curies":[{"name":"wp","href":"https:\/\/api.w.org\/{rel}","templated":true}]}}