{"id":8443,"date":"2021-04-09T11:43:29","date_gmt":"2021-04-09T09:43:29","guid":{"rendered":"http:\/\/spmaskiner.dev03.extrude.se\/cabecas-processadoras\/cabecas-processadoras-lx\/cabecas-processadora-sp-591-lx-g3\/sp-591-lx-g3-acessorios-e-equipamentos\/"},"modified":"2022-06-01T16:56:27","modified_gmt":"2022-06-01T14:56:27","slug":"sp-591-lx-g3-acessorios-e-equipamentos","status":"publish","type":"page","link":"http:\/\/spmaskiner.dev03.extrude.se\/pt-br\/cabecas-processadoras\/cabecas-processadoras-lx\/cabecas-processadora-sp-591-lx-g3\/sp-591-lx-g3-acessorios-e-equipamentos\/","title":{"rendered":"SP 591 LX G3 Acess\u00f3rios e equipamentos"},"content":{"rendered":"\t\t<div data-elementor-type=\"wp-page\" data-elementor-id=\"8443\" class=\"elementor elementor-8443 elementor-3144\" data-elementor-post-type=\"page\">\n\t\t\t\t\t\t<section class=\"elementor-section elementor-top-section elementor-element elementor-element-350464f9 elementor-section-height-min-height elementor-section-items-top product-top-section elementor-section-boxed elementor-section-height-default\" data-id=\"350464f9\" data-element_type=\"section\" data-e-type=\"section\" data-settings=\"{&quot;background_background&quot;:&quot;classic&quot;}\">\n\t\t\t\t\t\t<div class=\"elementor-container elementor-column-gap-default\">\n\t\t\t\t\t<div class=\"elementor-column elementor-col-50 elementor-top-column elementor-element elementor-element-4f64430f\" data-id=\"4f64430f\" data-element_type=\"column\" data-e-type=\"column\" data-settings=\"{&quot;background_background&quot;:&quot;classic&quot;}\">\n\t\t\t<div class=\"elementor-widget-wrap elementor-element-populated\">\n\t\t\t\t\t\t<div class=\"elementor-element elementor-element-85aeac0 elementor-widget__width-auto elementor-widget elementor-widget-heading\" data-id=\"85aeac0\" data-element_type=\"widget\" data-e-type=\"widget\" data-widget_type=\"heading.default\">\n\t\t\t\t<div class=\"elementor-widget-container\">\n\t\t\t\t\t<h2 class=\"elementor-heading-title elementor-size-default\">SP 591 LX G3<\/h2>\t\t\t\t<\/div>\n\t\t\t\t<\/div>\n\t\t\t\t\t<\/div>\n\t\t<\/div>\n\t\t\t\t<div class=\"elementor-column elementor-col-50 elementor-top-column elementor-element elementor-element-13cf71ea\" data-id=\"13cf71ea\" data-element_type=\"column\" data-e-type=\"column\" data-settings=\"{&quot;background_background&quot;:&quot;classic&quot;}\">\n\t\t\t<div class=\"elementor-widget-wrap\">\n\t\t\t\t\t\t\t<\/div>\n\t\t<\/div>\n\t\t\t\t\t<\/div>\n\t\t<\/section>\n\t\t\t\t<section class=\"elementor-section elementor-top-section elementor-element elementor-element-62a7671a elementor-section-full_width elementor-section-height-default elementor-section-height-default\" data-id=\"62a7671a\" data-element_type=\"section\" data-e-type=\"section\">\n\t\t\t\t\t\t<div class=\"elementor-container elementor-column-gap-default\">\n\t\t\t\t\t<div class=\"elementor-column elementor-col-100 elementor-top-column elementor-element elementor-element-7a34a1e8\" data-id=\"7a34a1e8\" data-element_type=\"column\" data-e-type=\"column\">\n\t\t\t<div class=\"elementor-widget-wrap elementor-element-populated\">\n\t\t\t\t\t\t<div class=\"elementor-element elementor-element-2f8c579 elementor-nav-menu__align-center elementor-nav-menu--dropdown-mobile elementor-nav-menu__text-align-aside elementor-nav-menu--toggle elementor-nav-menu--burger elementor-widget elementor-widget-global elementor-global-3155 elementor-widget-nav-menu\" data-id=\"2f8c579\" data-element_type=\"widget\" data-e-type=\"widget\" id=\"product-menu\" data-settings=\"{&quot;layout&quot;:&quot;horizontal&quot;,&quot;submenu_icon&quot;:{&quot;value&quot;:&quot;fas fa-caret-down&quot;,&quot;library&quot;:&quot;fa-solid&quot;},&quot;toggle&quot;:&quot;burger&quot;}\" data-widget_type=\"nav-menu.default\">\n\t\t\t\t<div class=\"elementor-widget-container\">\n\t\t\t\t\t\t\t\t<nav aria-label=\"Menu\" class=\"elementor-nav-menu--main elementor-nav-menu__container elementor-nav-menu--layout-horizontal e--pointer-background e--animation-fade\">\n\t\t\t\t<ul id=\"menu-1-2f8c579\" class=\"elementor-nav-menu\"><li class=\"menu-item menu-item-type-post_type menu-item-object-page menu-item-8635\"><a href=\"http:\/\/spmaskiner.dev03.extrude.se\/pt-br\/cabecas-processadoras\/cabecas-processadoras-lx\/cabecas-processadora-sp-591-lx-g3\/\" class=\"elementor-item menu-link\">Informa\u00e7\u00e3o do produto<\/a><\/li>\n<li class=\"menu-item menu-item-type-post_type menu-item-object-page menu-item-8636\"><a href=\"http:\/\/spmaskiner.dev03.extrude.se\/pt-br\/cabecas-processadoras\/cabecas-processadoras-lx\/cabecas-processadora-sp-591-lx-g3\/sp-591-lx-g3-dados-tecnicos\/\" class=\"elementor-item menu-link\">Dados t\u00e9cnicos<\/a><\/li>\n<li class=\"menu-item menu-item-type-post_type menu-item-object-page menu-item-8637\"><a href=\"http:\/\/spmaskiner.dev03.extrude.se\/pt-br\/cabecas-processadoras\/cabecas-processadoras-lx\/cabecas-processadora-sp-591-lx-g3\/sp-591-lx-g3-beneficios-para-o-cliente\/\" class=\"elementor-item menu-link\">Benef\u00edcios para o cliente<\/a><\/li>\n<li class=\"menu-item menu-item-type-post_type menu-item-object-page menu-item-8638\"><a href=\"http:\/\/spmaskiner.dev03.extrude.se\/pt-br\/cabecas-processadoras\/cabecas-processadoras-lx\/cabecas-processadora-sp-591-lx-g3\/sp-591-lx-g3-sistemas-de-controle\/\" class=\"elementor-item menu-link\">Sistemas de controle<\/a><\/li>\n<li class=\"menu-item menu-item-type-post_type menu-item-object-page menu-item-8639\"><a href=\"http:\/\/spmaskiner.dev03.extrude.se\/pt-br\/cabecas-processadoras\/cabecas-processadoras-lx\/cabecas-processadora-sp-591-lx-g3\/sp-591-lx-g3-acessorios-e-equipamentos\/\" class=\"elementor-item menu-link\">Acess\u00f3rios e equipamentos<\/a><\/li>\n<\/ul>\t\t\t<\/nav>\n\t\t\t\t\t<div class=\"elementor-menu-toggle\" role=\"button\" tabindex=\"0\" aria-label=\"Alternar menu\" aria-expanded=\"false\">\n\t\t\t<i aria-hidden=\"true\" role=\"presentation\" class=\"elementor-menu-toggle__icon--open eicon-menu-bar\"><\/i><i aria-hidden=\"true\" role=\"presentation\" class=\"elementor-menu-toggle__icon--close eicon-close\"><\/i>\t\t<\/div>\n\t\t\t\t\t<nav class=\"elementor-nav-menu--dropdown elementor-nav-menu__container\" aria-hidden=\"true\">\n\t\t\t\t<ul id=\"menu-2-2f8c579\" class=\"elementor-nav-menu\"><li class=\"menu-item menu-item-type-post_type menu-item-object-page menu-item-8635\"><a href=\"http:\/\/spmaskiner.dev03.extrude.se\/pt-br\/cabecas-processadoras\/cabecas-processadoras-lx\/cabecas-processadora-sp-591-lx-g3\/\" class=\"elementor-item menu-link\" tabindex=\"-1\">Informa\u00e7\u00e3o do produto<\/a><\/li>\n<li class=\"menu-item menu-item-type-post_type menu-item-object-page menu-item-8636\"><a href=\"http:\/\/spmaskiner.dev03.extrude.se\/pt-br\/cabecas-processadoras\/cabecas-processadoras-lx\/cabecas-processadora-sp-591-lx-g3\/sp-591-lx-g3-dados-tecnicos\/\" class=\"elementor-item menu-link\" tabindex=\"-1\">Dados t\u00e9cnicos<\/a><\/li>\n<li class=\"menu-item menu-item-type-post_type menu-item-object-page menu-item-8637\"><a href=\"http:\/\/spmaskiner.dev03.extrude.se\/pt-br\/cabecas-processadoras\/cabecas-processadoras-lx\/cabecas-processadora-sp-591-lx-g3\/sp-591-lx-g3-beneficios-para-o-cliente\/\" class=\"elementor-item menu-link\" tabindex=\"-1\">Benef\u00edcios para o cliente<\/a><\/li>\n<li class=\"menu-item menu-item-type-post_type menu-item-object-page menu-item-8638\"><a href=\"http:\/\/spmaskiner.dev03.extrude.se\/pt-br\/cabecas-processadoras\/cabecas-processadoras-lx\/cabecas-processadora-sp-591-lx-g3\/sp-591-lx-g3-sistemas-de-controle\/\" class=\"elementor-item menu-link\" tabindex=\"-1\">Sistemas de controle<\/a><\/li>\n<li class=\"menu-item menu-item-type-post_type menu-item-object-page menu-item-8639\"><a href=\"http:\/\/spmaskiner.dev03.extrude.se\/pt-br\/cabecas-processadoras\/cabecas-processadoras-lx\/cabecas-processadora-sp-591-lx-g3\/sp-591-lx-g3-acessorios-e-equipamentos\/\" class=\"elementor-item menu-link\" tabindex=\"-1\">Acess\u00f3rios e equipamentos<\/a><\/li>\n<\/ul>\t\t\t<\/nav>\n\t\t\t\t\t\t<\/div>\n\t\t\t\t<\/div>\n\t\t\t\t\t<\/div>\n\t\t<\/div>\n\t\t\t\t\t<\/div>\n\t\t<\/section>\n\t\t\t\t<section class=\"elementor-section elementor-top-section elementor-element elementor-element-22f6c59d elementor-section-boxed elementor-section-height-default elementor-section-height-default\" data-id=\"22f6c59d\" data-element_type=\"section\" data-e-type=\"section\">\n\t\t\t\t\t\t<div class=\"elementor-container elementor-column-gap-default\">\n\t\t\t\t\t<div class=\"elementor-column elementor-col-100 elementor-top-column elementor-element elementor-element-5631476\" data-id=\"5631476\" data-element_type=\"column\" data-e-type=\"column\">\n\t\t\t<div class=\"elementor-widget-wrap elementor-element-populated\">\n\t\t\t\t\t\t<div class=\"elementor-element elementor-element-62c405df elementor-widget elementor-widget-heading\" data-id=\"62c405df\" data-element_type=\"widget\" data-e-type=\"widget\" data-widget_type=\"heading.default\">\n\t\t\t\t<div class=\"elementor-widget-container\">\n\t\t\t\t\t<h1 class=\"elementor-heading-title elementor-size-default\">Acess\u00f3rios e equipamentos - Cabe\u00e7as processadora SP 591 LX G3<\/h1>\t\t\t\t<\/div>\n\t\t\t\t<\/div>\n\t\t\t\t<div class=\"elementor-element elementor-element-5c148800 elementor-widget elementor-widget-text-editor\" data-id=\"5c148800\" data-element_type=\"widget\" data-e-type=\"widget\" data-widget_type=\"text-editor.default\">\n\t\t\t\t<div class=\"elementor-widget-container\">\n\t\t\t\t\t\t\t\t\t<div class=\"col-md-8 col-md-offset-2 text-center margin-bottom-lg\">\r\n\r\nA SP 591 LX G3 pode ser fornecida com v\u00e1rios acess\u00f3rios para adaptar a cabe\u00e7a processadora a diferentes necessidades, ve\u00edculos transportadores e condi\u00e7\u00f5es de abate. Os acess\u00f3rios mais comuns est\u00e3o descritos abaixo.\r\n\r\nPara obter mais informa\u00e7\u00f5es, entre em contato com a revendedora SP mais pr\u00f3xima.\r\n\r\n<\/div>\t\t\t\t\t\t\t\t<\/div>\n\t\t\t\t<\/div>\n\t\t\t\t\t<\/div>\n\t\t<\/div>\n\t\t\t\t\t<\/div>\n\t\t<\/section>\n\t\t\t\t<section class=\"elementor-section elementor-inner-section elementor-element elementor-element-6366a268 elementor-section-boxed elementor-section-height-default elementor-section-height-default\" data-id=\"6366a268\" data-element_type=\"section\" data-e-type=\"section\">\n\t\t\t\t\t\t<div class=\"elementor-container elementor-column-gap-default\">\n\t\t\t\t\t<div class=\"elementor-column elementor-col-50 elementor-inner-column elementor-element elementor-element-6e559185\" data-id=\"6e559185\" data-element_type=\"column\" data-e-type=\"column\">\n\t\t\t<div class=\"elementor-widget-wrap elementor-element-populated\">\n\t\t\t\t\t\t<div class=\"elementor-element elementor-element-511bca53 elementor-widget elementor-widget-text-editor\" data-id=\"511bca53\" data-element_type=\"widget\" data-e-type=\"widget\" data-widget_type=\"text-editor.default\">\n\t\t\t\t<div class=\"elementor-widget-container\">\n\t\t\t\t\t\t\t\t\t<p><strong>Marca\u00e7\u00e3o de cor\r\n<\/strong><br>Utilizada para otimizar o trabalho de encaminhamento quando os sortidos s\u00e3o dif\u00edceis de distinguir apenas \u00e0 vista.\r\n<\/p><p>\r\n<strong>Fun\u00e7\u00e3o detetar a extremidade\r\n<\/strong><br>Com a ajuda de um sensor montado na caixa da unidade de serra, a cabe\u00e7a localiza automaticamente a extremidade da haste quando se prime um bot\u00e3o.\r\n<\/p><p>\r\n<strong>Motores de rolo\r\n<\/strong><br>Motores de rolos de tamanho diferentes est\u00e3o dispon\u00edveis para otimizar o desempenho da cabe\u00e7a dependendo das condi\u00e7\u00f5es de trabalho e do tamanho da m\u00e1quina base. Escolha entre as configura\u00e7\u00f5es 500 cc\/315 cc e 620 cc\/400 cc.\r\n<\/p><p>\r\n<strong>Luz para caixa da unidade de serra\r\n<\/strong><br>Uma l\u00e2mpada LED na caixa da unidade de serra oferece ilumina\u00e7\u00e3o adicional da \u00e1rea de trabalho.\r\n<\/p><p>\r\n<strong>Unidade de medi\u00e7\u00e3o de comprimento independente\r\n<\/strong><br>Bra\u00e7o de medi\u00e7\u00e3o de comprimento controlado hidraulicamente que proporciona medi\u00e7\u00f5es de comprimento extremamente precisas.<\/p>\t\t\t\t\t\t\t\t<\/div>\n\t\t\t\t<\/div>\n\t\t\t\t\t<\/div>\n\t\t<\/div>\n\t\t\t\t<div class=\"elementor-column elementor-col-50 elementor-inner-column elementor-element elementor-element-1ed45670\" data-id=\"1ed45670\" data-element_type=\"column\" data-e-type=\"column\">\n\t\t\t<div class=\"elementor-widget-wrap elementor-element-populated\">\n\t\t\t\t\t\t<div class=\"elementor-element elementor-element-20b8de97 elementor-widget elementor-widget-text-editor\" data-id=\"20b8de97\" data-element_type=\"widget\" data-e-type=\"widget\" data-widget_type=\"text-editor.default\">\n\t\t\t\t<div class=\"elementor-widget-container\">\n\t\t\t\t\t\t\t\t\t<p><strong>Rolos de alimenta\u00e7\u00e3o\r\n<\/strong><br>V\u00e1rios modelos e variantes diferentes de rolos de alimenta\u00e7\u00e3o est\u00e3o dispon\u00edveis para atender a diferentes condi\u00e7\u00f5es e necessidades.\r\n<\/p><p>\r\n\r\n<strong>Bra\u00e7os motorizados em \u00e2ngulo\u00a0 <\/strong>\r\nProporcionam uma maior rota\u00e7\u00e3o da haste e, assim, um descascamento mais eficaz do eucalipto e da ac\u00e1cia.\r\n<\/p><p>\r\n<strong>Integra\u00e7\u00e3o do sistema de medi\u00e7\u00e3o\r\n<\/strong><br>As cabe\u00e7as processadoras SP podem ser utilizadas juntamente com essencialmente qualquer sistema de medi\u00e7\u00e3o no mercado. Isto significa custos de investimento mais baixos e um arranque mais r\u00e1pido, uma vez que o operador n\u00e3o tem de aprender um novo sistema.\r\n<\/p><p>\r\n<strong>Sistema completo de medi\u00e7\u00e3o Dasa5\r\n<\/strong><br>\u00c9 necess\u00e1rio um sistema de medi\u00e7\u00e3o completo se montar a cabe\u00e7a, por exemplo, numa escavadora ou numa processadora sobre esteiras. Escolha entre o sistema b\u00e1sico, D5 Bucking Prio C, o sistema interm\u00e9dio, D5 Bucking Prio, e o sistema mais avan\u00e7ado, D5 Bucking.<\/p>\r\n\t\t\t\t\t\t\t\t<\/div>\n\t\t\t\t<\/div>\n\t\t\t\t\t<\/div>\n\t\t<\/div>\n\t\t\t\t\t<\/div>\n\t\t<\/section>\n\t\t\t\t<\/div>\n\t\t","protected":false},"excerpt":{"rendered":"<p>SP 591 LX G3 Acess\u00f3rios e equipamentos &#8211; Cabe\u00e7as processadora SP 591 LX G3 A SP 591 LX G3 pode ser fornecida com v\u00e1rios acess\u00f3rios para adaptar a cabe\u00e7a processadora a diferentes necessidades, ve\u00edculos transportadores e condi\u00e7\u00f5es de abate. Os acess\u00f3rios mais comuns est\u00e3o descritos abaixo. Para obter mais informa\u00e7\u00f5es, entre em contato com a [&hellip;]<\/p>\n","protected":false},"author":1,"featured_media":0,"parent":8437,"menu_order":40,"comment_status":"closed","ping_status":"closed","template":"","meta":{"_acf_changed":false,"site-sidebar-layout":"no-sidebar","site-content-layout":"page-builder","ast-site-content-layout":"default","site-content-style":"default","site-sidebar-style":"default","ast-global-header-display":"","ast-banner-title-visibility":"","ast-main-header-display":"","ast-hfb-above-header-display":"","ast-hfb-below-header-display":"","ast-hfb-mobile-header-display":"","site-post-title":"disabled","ast-breadcrumbs-content":"","ast-featured-img":"disabled","footer-sml-layout":"","ast-disable-related-posts":"","theme-transparent-header-meta":"default","adv-header-id-meta":"","stick-header-meta":"","header-above-stick-meta":"","header-main-stick-meta":"","header-below-stick-meta":"","astra-migrate-meta-layouts":"default","ast-page-background-enabled":"default","ast-page-background-meta":{"desktop":{"background-color":"","background-image":"","background-repeat":"repeat","background-position":"center center","background-size":"auto","background-attachment":"scroll","background-type":"","background-media":"","overlay-type":"","overlay-color":"","overlay-opacity":"","overlay-gradient":""},"tablet":{"background-color":"","background-image":"","background-repeat":"repeat","background-position":"center center","background-size":"auto","background-attachment":"scroll","background-type":"","background-media":"","overlay-type":"","overlay-color":"","overlay-opacity":"","overlay-gradient":""},"mobile":{"background-color":"","background-image":"","background-repeat":"repeat","background-position":"center center","background-size":"auto","background-attachment":"scroll","background-type":"","background-media":"","overlay-type":"","overlay-color":"","overlay-opacity":"","overlay-gradient":""}},"ast-content-background-meta":{"desktop":{"background-color":"var(--ast-global-color-5)","background-image":"","background-repeat":"repeat","background-position":"center center","background-size":"auto","background-attachment":"scroll","background-type":"","background-media":"","overlay-type":"","overlay-color":"","overlay-opacity":"","overlay-gradient":""},"tablet":{"background-color":"var(--ast-global-color-5)","background-image":"","background-repeat":"repeat","background-position":"center center","background-size":"auto","background-attachment":"scroll","background-type":"","background-media":"","overlay-type":"","overlay-color":"","overlay-opacity":"","overlay-gradient":""},"mobile":{"background-color":"var(--ast-global-color-5)","background-image":"","background-repeat":"repeat","background-position":"center center","background-size":"auto","background-attachment":"scroll","background-type":"","background-media":"","overlay-type":"","overlay-color":"","overlay-opacity":"","overlay-gradient":""}},"footnotes":""},"class_list":["post-8443","page","type-page","status-publish","hentry"],"acf":[],"_links":{"self":[{"href":"http:\/\/spmaskiner.dev03.extrude.se\/pt-br\/wp-json\/wp\/v2\/pages\/8443","targetHints":{"allow":["GET"]}}],"collection":[{"href":"http:\/\/spmaskiner.dev03.extrude.se\/pt-br\/wp-json\/wp\/v2\/pages"}],"about":[{"href":"http:\/\/spmaskiner.dev03.extrude.se\/pt-br\/wp-json\/wp\/v2\/types\/page"}],"author":[{"embeddable":true,"href":"http:\/\/spmaskiner.dev03.extrude.se\/pt-br\/wp-json\/wp\/v2\/users\/1"}],"replies":[{"embeddable":true,"href":"http:\/\/spmaskiner.dev03.extrude.se\/pt-br\/wp-json\/wp\/v2\/comments?post=8443"}],"version-history":[{"count":1,"href":"http:\/\/spmaskiner.dev03.extrude.se\/pt-br\/wp-json\/wp\/v2\/pages\/8443\/revisions"}],"predecessor-version":[{"id":8444,"href":"http:\/\/spmaskiner.dev03.extrude.se\/pt-br\/wp-json\/wp\/v2\/pages\/8443\/revisions\/8444"}],"up":[{"embeddable":true,"href":"http:\/\/spmaskiner.dev03.extrude.se\/pt-br\/wp-json\/wp\/v2\/pages\/8437"}],"wp:attachment":[{"href":"http:\/\/spmaskiner.dev03.extrude.se\/pt-br\/wp-json\/wp\/v2\/media?parent=8443"}],"curies":[{"name":"wp","href":"https:\/\/api.w.org\/{rel}","templated":true}]}}