{"id":8429,"date":"2021-06-14T16:53:37","date_gmt":"2021-06-14T14:53:37","guid":{"rendered":"http:\/\/spmaskiner.dev03.extrude.se\/cabecas-processadoras\/cabecas-processadoras-lf\/cabecas-processadora-sp-761-lf\/sp-761-lf-sistemas-de-controle\/"},"modified":"2022-06-01T16:19:01","modified_gmt":"2022-06-01T14:19:01","slug":"sp-761-lf-sistemas-de-controle","status":"publish","type":"page","link":"http:\/\/spmaskiner.dev03.extrude.se\/pt-br\/cabecas-processadoras\/cabecas-processadoras-lf\/cabecas-processadora-sp-761-lf\/sp-761-lf-sistemas-de-controle\/","title":{"rendered":"SP 761 LF Sistemas de controle"},"content":{"rendered":"\t\t<div data-elementor-type=\"wp-page\" data-elementor-id=\"8429\" class=\"elementor elementor-8429 elementor-4055\" data-elementor-post-type=\"page\">\n\t\t\t\t\t\t<section class=\"elementor-section elementor-top-section elementor-element elementor-element-350464f9 elementor-section-height-min-height elementor-section-items-top product-top-section elementor-section-boxed elementor-section-height-default\" data-id=\"350464f9\" data-element_type=\"section\" data-e-type=\"section\" data-settings=\"{&quot;background_background&quot;:&quot;classic&quot;}\">\n\t\t\t\t\t\t<div class=\"elementor-container elementor-column-gap-default\">\n\t\t\t\t\t<div class=\"elementor-column elementor-col-50 elementor-top-column elementor-element elementor-element-4f64430f\" data-id=\"4f64430f\" data-element_type=\"column\" data-e-type=\"column\" data-settings=\"{&quot;background_background&quot;:&quot;classic&quot;}\">\n\t\t\t<div class=\"elementor-widget-wrap elementor-element-populated\">\n\t\t\t\t\t\t<div class=\"elementor-element elementor-element-85aeac0 elementor-widget__width-auto elementor-widget elementor-widget-heading\" data-id=\"85aeac0\" data-element_type=\"widget\" data-e-type=\"widget\" data-widget_type=\"heading.default\">\n\t\t\t\t<div class=\"elementor-widget-container\">\n\t\t\t\t\t<h2 class=\"elementor-heading-title elementor-size-default\">SP 761 LF<\/h2>\t\t\t\t<\/div>\n\t\t\t\t<\/div>\n\t\t\t\t\t<\/div>\n\t\t<\/div>\n\t\t\t\t<div class=\"elementor-column elementor-col-50 elementor-top-column elementor-element elementor-element-13cf71ea\" data-id=\"13cf71ea\" data-element_type=\"column\" data-e-type=\"column\" data-settings=\"{&quot;background_background&quot;:&quot;classic&quot;}\">\n\t\t\t<div class=\"elementor-widget-wrap\">\n\t\t\t\t\t\t\t<\/div>\n\t\t<\/div>\n\t\t\t\t\t<\/div>\n\t\t<\/section>\n\t\t\t\t<section class=\"elementor-section elementor-top-section elementor-element elementor-element-62a7671a elementor-section-full_width elementor-section-height-default elementor-section-height-default\" data-id=\"62a7671a\" data-element_type=\"section\" data-e-type=\"section\">\n\t\t\t\t\t\t<div class=\"elementor-container elementor-column-gap-default\">\n\t\t\t\t\t<div class=\"elementor-column elementor-col-100 elementor-top-column elementor-element elementor-element-7a34a1e8\" data-id=\"7a34a1e8\" data-element_type=\"column\" data-e-type=\"column\">\n\t\t\t<div class=\"elementor-widget-wrap elementor-element-populated\">\n\t\t\t\t\t\t<div class=\"elementor-element elementor-element-a55961c elementor-nav-menu__align-center elementor-nav-menu--dropdown-mobile elementor-nav-menu__text-align-aside elementor-nav-menu--toggle elementor-nav-menu--burger elementor-widget elementor-widget-global elementor-global-3067 elementor-widget-nav-menu\" data-id=\"a55961c\" data-element_type=\"widget\" data-e-type=\"widget\" id=\"product-menu\" data-settings=\"{&quot;layout&quot;:&quot;horizontal&quot;,&quot;submenu_icon&quot;:{&quot;value&quot;:&quot;fas fa-caret-down&quot;,&quot;library&quot;:&quot;fa-solid&quot;},&quot;toggle&quot;:&quot;burger&quot;}\" data-widget_type=\"nav-menu.default\">\n\t\t\t\t<div class=\"elementor-widget-container\">\n\t\t\t\t\t\t\t\t<nav aria-label=\"Menu\" class=\"elementor-nav-menu--main elementor-nav-menu__container elementor-nav-menu--layout-horizontal e--pointer-background e--animation-fade\">\n\t\t\t\t<ul id=\"menu-1-a55961c\" class=\"elementor-nav-menu\"><li class=\"menu-item menu-item-type-post_type menu-item-object-page menu-item-8630\"><a href=\"http:\/\/spmaskiner.dev03.extrude.se\/pt-br\/cabecas-processadoras\/cabecas-processadoras-lf\/cabecas-processadora-sp-761-lf\/\" class=\"elementor-item menu-link\">Informa\u00e7\u00e3o do produto<\/a><\/li>\n<li class=\"menu-item menu-item-type-post_type menu-item-object-page menu-item-8631\"><a href=\"http:\/\/spmaskiner.dev03.extrude.se\/pt-br\/cabecas-processadoras\/cabecas-processadoras-lf\/cabecas-processadora-sp-761-lf\/sp-761-lf-dados-tecnicos\/\" class=\"elementor-item menu-link\">Dados t\u00e9cnicos<\/a><\/li>\n<li class=\"menu-item menu-item-type-post_type menu-item-object-page menu-item-8632\"><a href=\"http:\/\/spmaskiner.dev03.extrude.se\/pt-br\/cabecas-processadoras\/cabecas-processadoras-lf\/cabecas-processadora-sp-761-lf\/sp-761-lf-beneficios-para-o-cliente\/\" class=\"elementor-item menu-link\">Benef\u00edcios para o cliente<\/a><\/li>\n<li class=\"menu-item menu-item-type-post_type menu-item-object-page menu-item-8633\"><a href=\"http:\/\/spmaskiner.dev03.extrude.se\/pt-br\/cabecas-processadoras\/cabecas-processadoras-lf\/cabecas-processadora-sp-761-lf\/sp-761-lf-sistemas-de-controle\/\" class=\"elementor-item menu-link\">Sistemas de controle<\/a><\/li>\n<li class=\"menu-item menu-item-type-post_type menu-item-object-page menu-item-8634\"><a href=\"http:\/\/spmaskiner.dev03.extrude.se\/pt-br\/cabecas-processadoras\/cabecas-processadoras-lf\/cabecas-processadora-sp-761-lf\/sp-761-lf-acessorios-e-equipamentos\/\" class=\"elementor-item menu-link\">Acess\u00f3rios e equipamentos<\/a><\/li>\n<\/ul>\t\t\t<\/nav>\n\t\t\t\t\t<div class=\"elementor-menu-toggle\" role=\"button\" tabindex=\"0\" aria-label=\"Alternar menu\" aria-expanded=\"false\">\n\t\t\t<i aria-hidden=\"true\" role=\"presentation\" class=\"elementor-menu-toggle__icon--open eicon-menu-bar\"><\/i><i aria-hidden=\"true\" role=\"presentation\" class=\"elementor-menu-toggle__icon--close eicon-close\"><\/i>\t\t<\/div>\n\t\t\t\t\t<nav class=\"elementor-nav-menu--dropdown elementor-nav-menu__container\" aria-hidden=\"true\">\n\t\t\t\t<ul id=\"menu-2-a55961c\" class=\"elementor-nav-menu\"><li class=\"menu-item menu-item-type-post_type menu-item-object-page menu-item-8630\"><a href=\"http:\/\/spmaskiner.dev03.extrude.se\/pt-br\/cabecas-processadoras\/cabecas-processadoras-lf\/cabecas-processadora-sp-761-lf\/\" class=\"elementor-item menu-link\" tabindex=\"-1\">Informa\u00e7\u00e3o do produto<\/a><\/li>\n<li class=\"menu-item menu-item-type-post_type menu-item-object-page menu-item-8631\"><a href=\"http:\/\/spmaskiner.dev03.extrude.se\/pt-br\/cabecas-processadoras\/cabecas-processadoras-lf\/cabecas-processadora-sp-761-lf\/sp-761-lf-dados-tecnicos\/\" class=\"elementor-item menu-link\" tabindex=\"-1\">Dados t\u00e9cnicos<\/a><\/li>\n<li class=\"menu-item menu-item-type-post_type menu-item-object-page menu-item-8632\"><a href=\"http:\/\/spmaskiner.dev03.extrude.se\/pt-br\/cabecas-processadoras\/cabecas-processadoras-lf\/cabecas-processadora-sp-761-lf\/sp-761-lf-beneficios-para-o-cliente\/\" class=\"elementor-item menu-link\" tabindex=\"-1\">Benef\u00edcios para o cliente<\/a><\/li>\n<li class=\"menu-item menu-item-type-post_type menu-item-object-page menu-item-8633\"><a href=\"http:\/\/spmaskiner.dev03.extrude.se\/pt-br\/cabecas-processadoras\/cabecas-processadoras-lf\/cabecas-processadora-sp-761-lf\/sp-761-lf-sistemas-de-controle\/\" class=\"elementor-item menu-link\" tabindex=\"-1\">Sistemas de controle<\/a><\/li>\n<li class=\"menu-item menu-item-type-post_type menu-item-object-page menu-item-8634\"><a href=\"http:\/\/spmaskiner.dev03.extrude.se\/pt-br\/cabecas-processadoras\/cabecas-processadoras-lf\/cabecas-processadora-sp-761-lf\/sp-761-lf-acessorios-e-equipamentos\/\" class=\"elementor-item menu-link\" tabindex=\"-1\">Acess\u00f3rios e equipamentos<\/a><\/li>\n<\/ul>\t\t\t<\/nav>\n\t\t\t\t\t\t<\/div>\n\t\t\t\t<\/div>\n\t\t\t\t\t<\/div>\n\t\t<\/div>\n\t\t\t\t\t<\/div>\n\t\t<\/section>\n\t\t\t\t<section class=\"elementor-section elementor-top-section elementor-element elementor-element-146c9cfe control-system-section elementor-section-boxed elementor-section-height-default elementor-section-height-default\" data-id=\"146c9cfe\" data-element_type=\"section\" data-e-type=\"section\" data-settings=\"{&quot;background_background&quot;:&quot;classic&quot;}\">\n\t\t\t\t\t\t<div class=\"elementor-container elementor-column-gap-default\">\n\t\t\t\t\t<div class=\"elementor-column elementor-col-100 elementor-top-column elementor-element elementor-element-4ffa3b4e\" data-id=\"4ffa3b4e\" data-element_type=\"column\" data-e-type=\"column\">\n\t\t\t<div class=\"elementor-widget-wrap elementor-element-populated\">\n\t\t\t\t\t\t<div class=\"elementor-element elementor-element-195513e8 elementor-widget elementor-widget-heading\" data-id=\"195513e8\" data-element_type=\"widget\" data-e-type=\"widget\" data-widget_type=\"heading.default\">\n\t\t\t\t<div class=\"elementor-widget-container\">\n\t\t\t\t\t<h1 class=\"elementor-heading-title elementor-size-default\">Sistemas de controle - Cabe\u00e7as processadora SP 761 LF<\/h1>\t\t\t\t<\/div>\n\t\t\t\t<\/div>\n\t\t\t\t<section class=\"elementor-section elementor-inner-section elementor-element elementor-element-3c07ec3a elementor-section-boxed elementor-section-height-default elementor-section-height-default\" data-id=\"3c07ec3a\" data-element_type=\"section\" data-e-type=\"section\">\n\t\t\t\t\t\t<div class=\"elementor-container elementor-column-gap-default\">\n\t\t\t\t\t<div class=\"elementor-column elementor-col-50 elementor-inner-column elementor-element elementor-element-5d8c493a\" data-id=\"5d8c493a\" data-element_type=\"column\" data-e-type=\"column\">\n\t\t\t<div class=\"elementor-widget-wrap elementor-element-populated\">\n\t\t\t\t\t\t<div class=\"elementor-element elementor-element-1663066e elementor-widget elementor-widget-heading\" data-id=\"1663066e\" data-element_type=\"widget\" data-e-type=\"widget\" data-widget_type=\"heading.default\">\n\t\t\t\t<div class=\"elementor-widget-container\">\n\t\t\t\t\t<h2 class=\"elementor-heading-title elementor-size-default\">Compat\u00edvel com a maioria dos sistemas de controle<\/h2>\t\t\t\t<\/div>\n\t\t\t\t<\/div>\n\t\t\t\t<div class=\"elementor-element elementor-element-60efa184 elementor-widget elementor-widget-text-editor\" data-id=\"60efa184\" data-element_type=\"widget\" data-e-type=\"widget\" data-widget_type=\"text-editor.default\">\n\t\t\t\t<div class=\"elementor-widget-container\">\n\t\t\t\t\t\t\t\t\tO SP 761 LF pode ser usado com praticamente todos os sistemas de controle no mercado. Com uma adapta\u00e7\u00e3o simples, o SP 661 LF pode ser usado em conjunto com os seguintes sistemas:\t\t\t\t\t\t\t\t<\/div>\n\t\t\t\t<\/div>\n\t\t\t\t<div class=\"elementor-element elementor-element-539c3b5c sp-table elementor-widget elementor-widget-text-editor\" data-id=\"539c3b5c\" data-element_type=\"widget\" data-e-type=\"widget\" data-widget_type=\"text-editor.default\">\n\t\t\t\t<div class=\"elementor-widget-container\">\n\t\t\t\t\t\t\t\t\t<ul><li>Dasa280<\/li><li>Dasa380<\/li><li>Dasa4<\/li><li>Dasa4 Compact<\/li><li>Dasa Forester<\/li><li>John Deere Timbermatic<\/li><li>Motomit IT<\/li><li>Motomit PC<\/li><li>Komatsu MAXI<\/li><li>Ponsse Opti<\/li><li>Technion<\/li><li>Techno Matic<\/li><li>TOC-MD<\/li><\/ul>\t\t\t\t\t\t\t\t<\/div>\n\t\t\t\t<\/div>\n\t\t\t\t\t<\/div>\n\t\t<\/div>\n\t\t\t\t<div class=\"elementor-column elementor-col-50 elementor-inner-column elementor-element elementor-element-4477d718\" data-id=\"4477d718\" data-element_type=\"column\" data-e-type=\"column\">\n\t\t\t<div class=\"elementor-widget-wrap elementor-element-populated\">\n\t\t\t\t\t\t<div class=\"elementor-element elementor-element-6a38cc44 elementor-widget elementor-widget-image\" data-id=\"6a38cc44\" data-element_type=\"widget\" data-e-type=\"widget\" data-widget_type=\"image.default\">\n\t\t\t\t<div class=\"elementor-widget-container\">\n\t\t\t\t\t\t\t\t\t\t\t\t\t\t\t<img fetchpriority=\"high\" decoding=\"async\" width=\"400\" height=\"267\" src=\"http:\/\/spmaskiner.dev03.extrude.se\/wp-content\/uploads\/2021\/03\/styrsystem-.jpg\" class=\"attachment-large size-large wp-image-8199\" alt=\"\" srcset=\"http:\/\/spmaskiner.dev03.extrude.se\/wp-content\/uploads\/2021\/03\/styrsystem-.jpg 400w, http:\/\/spmaskiner.dev03.extrude.se\/wp-content\/uploads\/2021\/03\/styrsystem--300x200.jpg 300w\" sizes=\"(max-width: 400px) 100vw, 400px\" \/>\t\t\t\t\t\t\t\t\t\t\t\t\t\t\t<\/div>\n\t\t\t\t<\/div>\n\t\t\t\t\t<\/div>\n\t\t<\/div>\n\t\t\t\t\t<\/div>\n\t\t<\/section>\n\t\t\t\t<div class=\"elementor-element elementor-element-73c6c452 elementor-widget elementor-widget-image\" data-id=\"73c6c452\" data-element_type=\"widget\" data-e-type=\"widget\" data-widget_type=\"image.default\">\n\t\t\t\t<div class=\"elementor-widget-container\">\n\t\t\t\t\t\t\t\t\t\t\t\t\t\t\t<img decoding=\"async\" width=\"1024\" height=\"512\" src=\"http:\/\/spmaskiner.dev03.extrude.se\/wp-content\/uploads\/2021\/04\/styrsystem-1024x512.png\" class=\"attachment-large size-large wp-image-8234\" alt=\"\" srcset=\"http:\/\/spmaskiner.dev03.extrude.se\/wp-content\/uploads\/2021\/04\/styrsystem-1024x512.png 1024w, http:\/\/spmaskiner.dev03.extrude.se\/wp-content\/uploads\/2021\/04\/styrsystem-300x150.png 300w, http:\/\/spmaskiner.dev03.extrude.se\/wp-content\/uploads\/2021\/04\/styrsystem-768x384.png 768w, http:\/\/spmaskiner.dev03.extrude.se\/wp-content\/uploads\/2021\/04\/styrsystem.png 1200w\" sizes=\"(max-width: 1024px) 100vw, 1024px\" \/>\t\t\t\t\t\t\t\t\t\t\t\t\t\t\t<\/div>\n\t\t\t\t<\/div>\n\t\t\t\t<div class=\"elementor-element elementor-element-1ea1349e elementor-widget elementor-widget-heading\" data-id=\"1ea1349e\" data-element_type=\"widget\" data-e-type=\"widget\" data-widget_type=\"heading.default\">\n\t\t\t\t<div class=\"elementor-widget-container\">\n\t\t\t\t\t<h2 class=\"elementor-heading-title elementor-size-default\">Sistemas de controle completos<\/h2>\t\t\t\t<\/div>\n\t\t\t\t<\/div>\n\t\t\t\t<section class=\"elementor-section elementor-inner-section elementor-element elementor-element-7e9f5bab elementor-section-boxed elementor-section-height-default elementor-section-height-default\" data-id=\"7e9f5bab\" data-element_type=\"section\" data-e-type=\"section\">\n\t\t\t\t\t\t<div class=\"elementor-container elementor-column-gap-default\">\n\t\t\t\t\t<div class=\"elementor-column elementor-col-25 elementor-inner-column elementor-element elementor-element-50b37807\" data-id=\"50b37807\" data-element_type=\"column\" data-e-type=\"column\">\n\t\t\t<div class=\"elementor-widget-wrap elementor-element-populated\">\n\t\t\t\t\t\t<div class=\"elementor-element elementor-element-6709972f elementor-widget elementor-widget-text-editor\" data-id=\"6709972f\" data-element_type=\"widget\" data-e-type=\"widget\" data-widget_type=\"text-editor.default\">\n\t\t\t\t<div class=\"elementor-widget-container\">\n\t\t\t\t\t\t\t\t\t<strong>SPd5Bucking<\/strong>\r\nO SPd5Bucking \u00e9 um sistema de medi\u00e7\u00e3o e controle completo destinado ao controle do processamento em uma colheitadeira florestal de acordo com StanForD. Este \u00e9 o nosso sistema mais avan\u00e7ado e tem suporte para reorganiza\u00e7\u00e3o de valores. O sistema tamb\u00e9m \u00e9 totalmente integrado ao sistema de controle e comunica\u00e7\u00e3o dasa5. Toda comunica\u00e7\u00e3o com o operador \u00e9 via dxPc, que \u00e9 um computador m\u00f3vel com sistema operacional Windows 10, e armazena todas as informa\u00e7\u00f5es, por ex., estat\u00edsticas ou instru\u00e7\u00f5es. O computador dxPc tem uma tela sens\u00edvel ao toque, o que facilita consideravelmente o trabalho do operador.\t\t\t\t\t\t\t\t<\/div>\n\t\t\t\t<\/div>\n\t\t\t\t\t<\/div>\n\t\t<\/div>\n\t\t\t\t<div class=\"elementor-column elementor-col-25 elementor-inner-column elementor-element elementor-element-e469184\" data-id=\"e469184\" data-element_type=\"column\" data-e-type=\"column\">\n\t\t\t<div class=\"elementor-widget-wrap elementor-element-populated\">\n\t\t\t\t\t\t<div class=\"elementor-element elementor-element-77220885 elementor-widget elementor-widget-text-editor\" data-id=\"77220885\" data-element_type=\"widget\" data-e-type=\"widget\" data-widget_type=\"text-editor.default\">\n\t\t\t\t<div class=\"elementor-widget-container\">\n\t\t\t\t\t\t\t\t\t<strong>SPd5BuckingPrio<\/strong>\r\nO SPd5BuckingPrio \u00e9 nosso sistema intermedi\u00e1rio. O sistema tem suporte para reavaliar as prioridades e \u00e9 equipado com um computador. O SPd5BuckingPrio \u00e9 um sistema um pouco mais simples, combinado aos recursos de um computador para gera\u00e7\u00e3o de relat\u00f3rios, comunica\u00e7\u00f5es e outros programas. O colecta \u00e9 baseado nos comprimentos priorit\u00e1rios com ou sem classes de di\u00e2metro. O SPd5BuckingPrio \u00e9 ideal quando n\u00e3o h\u00e1 a necessidade de colecta de valor e gera\u00e7\u00e3o de relat\u00f3rio de acordo com StanForD no mesmo instante em que \u00e9 necess\u00e1rio um computador para a gera\u00e7\u00e3o de relat\u00f3rios, comunica\u00e7\u00e3o e outros programas de computador. Toda a comunica\u00e7\u00e3o com o operador ocorre via dxPc.\t\t\t\t\t\t\t\t<\/div>\n\t\t\t\t<\/div>\n\t\t\t\t\t<\/div>\n\t\t<\/div>\n\t\t\t\t<div class=\"elementor-column elementor-col-25 elementor-inner-column elementor-element elementor-element-66753647\" data-id=\"66753647\" data-element_type=\"column\" data-e-type=\"column\">\n\t\t\t<div class=\"elementor-widget-wrap elementor-element-populated\">\n\t\t\t\t\t\t<div class=\"elementor-element elementor-element-6702386e elementor-widget elementor-widget-text-editor\" data-id=\"6702386e\" data-element_type=\"widget\" data-e-type=\"widget\" data-widget_type=\"text-editor.default\">\n\t\t\t\t<div class=\"elementor-widget-container\">\n\t\t\t\t\t\t\t\t\t<strong>SPd5BuckingPrio-C<\/strong>\r\nSPd5BuckingPrio-C \u00e9 um sistema de colecta que se concentra na simplicidade sem comprometer o controle desempenho ou produtividade do cabe\u00e7ote. O SPd5BuckingPrio-C \u00e9 compat\u00edvel com a reorganiza\u00e7\u00e3o de prioridades com ou sem classes de di\u00e2metro e foi especialmente desenvolvido para derrubadas em que n\u00e3o seja necess\u00e1ria a gera\u00e7\u00e3o remota de relat\u00f3rio de produ\u00e7\u00e3o ou o uso de programas de computador. O SPd5Bucking Prio-C \u00e9 executado no sistema operacional Windows CE.\t\t\t\t\t\t\t\t<\/div>\n\t\t\t\t<\/div>\n\t\t\t\t\t<\/div>\n\t\t<\/div>\n\t\t\t\t<div class=\"elementor-column elementor-col-25 elementor-inner-column elementor-element elementor-element-40640336\" data-id=\"40640336\" data-element_type=\"column\" data-e-type=\"column\">\n\t\t\t<div class=\"elementor-widget-wrap elementor-element-populated\">\n\t\t\t\t\t\t<div class=\"elementor-element elementor-element-354a2447 elementor-widget elementor-widget-text-editor\" data-id=\"354a2447\" data-element_type=\"widget\" data-e-type=\"widget\" data-widget_type=\"text-editor.default\">\n\t\t\t\t<div class=\"elementor-widget-container\">\n\t\t\t\t\t\t\t\t\t<strong>Gabinete SPd5<\/strong>\r\nIndependentemente do sistema escolhido acima, voc\u00ea pode t\u00ea-lo com seu gabinete SPd5. O gabinete permite que os m\u00f3dulos de gabinete SPd5 sejam instalados de forma r\u00e1pida, eficiente e com a mais alta qualidade. O gabinete recebe um ajuste de f\u00e1brica na SP e \u00e9 entregue completamente acabado e testado junto com o cabe\u00e7ote, o que garante uma conex\u00e3o correta e um comissionamento descomplicado. Gra\u00e7as aos m\u00f3dulos eletr\u00f4nicos que s\u00e3o montados em um ambiente protegido dentro da caixa, os problemas causados por danos externos, como umidade, poeira, sujeira e impacto, s\u00e3o minimizados.\t\t\t\t\t\t\t\t<\/div>\n\t\t\t\t<\/div>\n\t\t\t\t\t<\/div>\n\t\t<\/div>\n\t\t\t\t\t<\/div>\n\t\t<\/section>\n\t\t\t\t\t<\/div>\n\t\t<\/div>\n\t\t\t\t\t<\/div>\n\t\t<\/section>\n\t\t\t\t<\/div>\n\t\t","protected":false},"excerpt":{"rendered":"<p>SP 761 LF Sistemas de controle &#8211; Cabe\u00e7as processadora SP 761 LF Compat\u00edvel com a maioria dos sistemas de controle O SP 761 LF pode ser usado com praticamente todos os sistemas de controle no mercado. Com uma adapta\u00e7\u00e3o simples, o SP 661 LF pode ser usado em conjunto com os seguintes sistemas: Dasa280 Dasa380 [&hellip;]<\/p>\n","protected":false},"author":1,"featured_media":0,"parent":8421,"menu_order":40,"comment_status":"closed","ping_status":"closed","template":"","meta":{"_acf_changed":false,"site-sidebar-layout":"no-sidebar","site-content-layout":"page-builder","ast-site-content-layout":"default","site-content-style":"default","site-sidebar-style":"default","ast-global-header-display":"","ast-banner-title-visibility":"","ast-main-header-display":"","ast-hfb-above-header-display":"","ast-hfb-below-header-display":"","ast-hfb-mobile-header-display":"","site-post-title":"disabled","ast-breadcrumbs-content":"","ast-featured-img":"disabled","footer-sml-layout":"","ast-disable-related-posts":"","theme-transparent-header-meta":"default","adv-header-id-meta":"","stick-header-meta":"","header-above-stick-meta":"","header-main-stick-meta":"","header-below-stick-meta":"","astra-migrate-meta-layouts":"default","ast-page-background-enabled":"default","ast-page-background-meta":{"desktop":{"background-color":"","background-image":"","background-repeat":"repeat","background-position":"center center","background-size":"auto","background-attachment":"scroll","background-type":"","background-media":"","overlay-type":"","overlay-color":"","overlay-opacity":"","overlay-gradient":""},"tablet":{"background-color":"","background-image":"","background-repeat":"repeat","background-position":"center center","background-size":"auto","background-attachment":"scroll","background-type":"","background-media":"","overlay-type":"","overlay-color":"","overlay-opacity":"","overlay-gradient":""},"mobile":{"background-color":"","background-image":"","background-repeat":"repeat","background-position":"center center","background-size":"auto","background-attachment":"scroll","background-type":"","background-media":"","overlay-type":"","overlay-color":"","overlay-opacity":"","overlay-gradient":""}},"ast-content-background-meta":{"desktop":{"background-color":"var(--ast-global-color-5)","background-image":"","background-repeat":"repeat","background-position":"center center","background-size":"auto","background-attachment":"scroll","background-type":"","background-media":"","overlay-type":"","overlay-color":"","overlay-opacity":"","overlay-gradient":""},"tablet":{"background-color":"var(--ast-global-color-5)","background-image":"","background-repeat":"repeat","background-position":"center center","background-size":"auto","background-attachment":"scroll","background-type":"","background-media":"","overlay-type":"","overlay-color":"","overlay-opacity":"","overlay-gradient":""},"mobile":{"background-color":"var(--ast-global-color-5)","background-image":"","background-repeat":"repeat","background-position":"center center","background-size":"auto","background-attachment":"scroll","background-type":"","background-media":"","overlay-type":"","overlay-color":"","overlay-opacity":"","overlay-gradient":""}},"footnotes":""},"class_list":["post-8429","page","type-page","status-publish","hentry"],"acf":[],"_links":{"self":[{"href":"http:\/\/spmaskiner.dev03.extrude.se\/pt-br\/wp-json\/wp\/v2\/pages\/8429","targetHints":{"allow":["GET"]}}],"collection":[{"href":"http:\/\/spmaskiner.dev03.extrude.se\/pt-br\/wp-json\/wp\/v2\/pages"}],"about":[{"href":"http:\/\/spmaskiner.dev03.extrude.se\/pt-br\/wp-json\/wp\/v2\/types\/page"}],"author":[{"embeddable":true,"href":"http:\/\/spmaskiner.dev03.extrude.se\/pt-br\/wp-json\/wp\/v2\/users\/1"}],"replies":[{"embeddable":true,"href":"http:\/\/spmaskiner.dev03.extrude.se\/pt-br\/wp-json\/wp\/v2\/comments?post=8429"}],"version-history":[{"count":1,"href":"http:\/\/spmaskiner.dev03.extrude.se\/pt-br\/wp-json\/wp\/v2\/pages\/8429\/revisions"}],"predecessor-version":[{"id":8430,"href":"http:\/\/spmaskiner.dev03.extrude.se\/pt-br\/wp-json\/wp\/v2\/pages\/8429\/revisions\/8430"}],"up":[{"embeddable":true,"href":"http:\/\/spmaskiner.dev03.extrude.se\/pt-br\/wp-json\/wp\/v2\/pages\/8421"}],"wp:attachment":[{"href":"http:\/\/spmaskiner.dev03.extrude.se\/pt-br\/wp-json\/wp\/v2\/media?parent=8429"}],"curies":[{"name":"wp","href":"https:\/\/api.w.org\/{rel}","templated":true}]}}