{"id":8395,"date":"2021-04-08T16:27:38","date_gmt":"2021-04-08T14:27:38","guid":{"rendered":"http:\/\/spmaskiner.dev03.extrude.se\/cabecas-processadoras\/cabecas-processadoras-lf\/cabecas-processadora-sp-561-lf\/"},"modified":"2022-06-01T15:31:41","modified_gmt":"2022-06-01T13:31:41","slug":"cabecas-processadora-sp-561-lf","status":"publish","type":"page","link":"http:\/\/spmaskiner.dev03.extrude.se\/pt-br\/cabecas-processadoras\/cabecas-processadoras-lf\/cabecas-processadora-sp-561-lf\/","title":{"rendered":"Cabe\u00e7as processadora SP 561 LF"},"content":{"rendered":"\t\t<div data-elementor-type=\"wp-page\" data-elementor-id=\"8395\" class=\"elementor elementor-8395 elementor-2616\" data-elementor-post-type=\"page\">\n\t\t\t\t\t\t<section class=\"elementor-section elementor-top-section elementor-element elementor-element-6394f2c elementor-section-height-min-height elementor-section-items-top product-top-image elementor-section-boxed elementor-section-height-default\" data-id=\"6394f2c\" data-element_type=\"section\" data-e-type=\"section\" data-settings=\"{&quot;background_background&quot;:&quot;classic&quot;}\">\n\t\t\t\t\t\t<div class=\"elementor-container elementor-column-gap-default\">\n\t\t\t\t\t<div class=\"elementor-column elementor-col-50 elementor-top-column elementor-element elementor-element-7beafd3\" data-id=\"7beafd3\" data-element_type=\"column\" data-e-type=\"column\" data-settings=\"{&quot;background_background&quot;:&quot;classic&quot;}\">\n\t\t\t<div class=\"elementor-widget-wrap elementor-element-populated\">\n\t\t\t\t\t\t<div class=\"elementor-element elementor-element-f2760af elementor-widget__width-auto elementor-widget elementor-widget-heading\" data-id=\"f2760af\" data-element_type=\"widget\" data-e-type=\"widget\" data-widget_type=\"heading.default\">\n\t\t\t\t<div class=\"elementor-widget-container\">\n\t\t\t\t\t<h2 class=\"elementor-heading-title elementor-size-default\">SP 561 LF<\/h2>\t\t\t\t<\/div>\n\t\t\t\t<\/div>\n\t\t\t\t\t<\/div>\n\t\t<\/div>\n\t\t\t\t<div class=\"elementor-column elementor-col-50 elementor-top-column elementor-element elementor-element-bbeb34b\" data-id=\"bbeb34b\" data-element_type=\"column\" data-e-type=\"column\" data-settings=\"{&quot;background_background&quot;:&quot;classic&quot;}\">\n\t\t\t<div class=\"elementor-widget-wrap\">\n\t\t\t\t\t\t\t<\/div>\n\t\t<\/div>\n\t\t\t\t\t<\/div>\n\t\t<\/section>\n\t\t\t\t<section class=\"elementor-section elementor-top-section elementor-element elementor-element-c42e90e elementor-section-full_width elementor-section-height-default elementor-section-height-default\" data-id=\"c42e90e\" data-element_type=\"section\" data-e-type=\"section\">\n\t\t\t\t\t\t<div class=\"elementor-container elementor-column-gap-default\">\n\t\t\t\t\t<div class=\"elementor-column elementor-col-100 elementor-top-column elementor-element elementor-element-af960be\" data-id=\"af960be\" data-element_type=\"column\" data-e-type=\"column\">\n\t\t\t<div class=\"elementor-widget-wrap elementor-element-populated\">\n\t\t\t\t\t\t<div class=\"elementor-element elementor-element-cc10f7f elementor-nav-menu__align-center elementor-nav-menu--dropdown-mobile elementor-nav-menu__text-align-aside elementor-nav-menu--toggle elementor-nav-menu--burger elementor-widget elementor-widget-global elementor-global-2640 elementor-widget-nav-menu\" data-id=\"cc10f7f\" data-element_type=\"widget\" data-e-type=\"widget\" id=\"product-menu\" data-settings=\"{&quot;layout&quot;:&quot;horizontal&quot;,&quot;submenu_icon&quot;:{&quot;value&quot;:&quot;fas fa-caret-down&quot;,&quot;library&quot;:&quot;fa-solid&quot;},&quot;toggle&quot;:&quot;burger&quot;}\" data-widget_type=\"nav-menu.default\">\n\t\t\t\t<div class=\"elementor-widget-container\">\n\t\t\t\t\t\t\t\t<nav aria-label=\"Menu\" class=\"elementor-nav-menu--main elementor-nav-menu__container elementor-nav-menu--layout-horizontal e--pointer-background e--animation-fade\">\n\t\t\t\t<ul id=\"menu-1-cc10f7f\" class=\"elementor-nav-menu\"><li class=\"menu-item menu-item-type-post_type menu-item-object-page menu-item-8620\"><a href=\"http:\/\/spmaskiner.dev03.extrude.se\/pt-br\/cabecas-processadoras\/cabecas-processadoras-lf\/cabecas-processadora-sp-561-lf\/\" class=\"elementor-item menu-link\">Informa\u00e7\u00e3o do produto<\/a><\/li>\n<li class=\"menu-item menu-item-type-post_type menu-item-object-page menu-item-8621\"><a href=\"http:\/\/spmaskiner.dev03.extrude.se\/pt-br\/cabecas-processadoras\/cabecas-processadoras-lf\/cabecas-processadora-sp-561-lf\/sp-561-lf-dados-tecnicos\/\" class=\"elementor-item menu-link\">Dados t\u00e9cnicos<\/a><\/li>\n<li class=\"menu-item menu-item-type-post_type menu-item-object-page menu-item-8622\"><a href=\"http:\/\/spmaskiner.dev03.extrude.se\/pt-br\/cabecas-processadoras\/cabecas-processadoras-lf\/cabecas-processadora-sp-561-lf\/sp-561-lf-beneficios-para-o-cliente\/\" class=\"elementor-item menu-link\">Benef\u00edcios para o cliente<\/a><\/li>\n<li class=\"menu-item menu-item-type-post_type menu-item-object-page menu-item-8623\"><a href=\"http:\/\/spmaskiner.dev03.extrude.se\/pt-br\/cabecas-processadoras\/cabecas-processadoras-lf\/cabecas-processadora-sp-561-lf\/sp-561-lf-sistemas-de-controle\/\" class=\"elementor-item menu-link\">Sistemas de controle<\/a><\/li>\n<li class=\"menu-item menu-item-type-post_type menu-item-object-page menu-item-8624\"><a href=\"http:\/\/spmaskiner.dev03.extrude.se\/pt-br\/cabecas-processadoras\/cabecas-processadoras-lf\/cabecas-processadora-sp-561-lf\/sp-561-lf-acessorios-e-equipamentos\/\" class=\"elementor-item menu-link\">Acess\u00f3rios e equipamentos<\/a><\/li>\n<\/ul>\t\t\t<\/nav>\n\t\t\t\t\t<div class=\"elementor-menu-toggle\" role=\"button\" tabindex=\"0\" aria-label=\"Alternar menu\" aria-expanded=\"false\">\n\t\t\t<i aria-hidden=\"true\" role=\"presentation\" class=\"elementor-menu-toggle__icon--open eicon-menu-bar\"><\/i><i aria-hidden=\"true\" role=\"presentation\" class=\"elementor-menu-toggle__icon--close eicon-close\"><\/i>\t\t<\/div>\n\t\t\t\t\t<nav class=\"elementor-nav-menu--dropdown elementor-nav-menu__container\" aria-hidden=\"true\">\n\t\t\t\t<ul id=\"menu-2-cc10f7f\" class=\"elementor-nav-menu\"><li class=\"menu-item menu-item-type-post_type menu-item-object-page menu-item-8620\"><a href=\"http:\/\/spmaskiner.dev03.extrude.se\/pt-br\/cabecas-processadoras\/cabecas-processadoras-lf\/cabecas-processadora-sp-561-lf\/\" class=\"elementor-item menu-link\" tabindex=\"-1\">Informa\u00e7\u00e3o do produto<\/a><\/li>\n<li class=\"menu-item menu-item-type-post_type menu-item-object-page menu-item-8621\"><a href=\"http:\/\/spmaskiner.dev03.extrude.se\/pt-br\/cabecas-processadoras\/cabecas-processadoras-lf\/cabecas-processadora-sp-561-lf\/sp-561-lf-dados-tecnicos\/\" class=\"elementor-item menu-link\" tabindex=\"-1\">Dados t\u00e9cnicos<\/a><\/li>\n<li class=\"menu-item menu-item-type-post_type menu-item-object-page menu-item-8622\"><a href=\"http:\/\/spmaskiner.dev03.extrude.se\/pt-br\/cabecas-processadoras\/cabecas-processadoras-lf\/cabecas-processadora-sp-561-lf\/sp-561-lf-beneficios-para-o-cliente\/\" class=\"elementor-item menu-link\" tabindex=\"-1\">Benef\u00edcios para o cliente<\/a><\/li>\n<li class=\"menu-item menu-item-type-post_type menu-item-object-page menu-item-8623\"><a href=\"http:\/\/spmaskiner.dev03.extrude.se\/pt-br\/cabecas-processadoras\/cabecas-processadoras-lf\/cabecas-processadora-sp-561-lf\/sp-561-lf-sistemas-de-controle\/\" class=\"elementor-item menu-link\" tabindex=\"-1\">Sistemas de controle<\/a><\/li>\n<li class=\"menu-item menu-item-type-post_type menu-item-object-page menu-item-8624\"><a href=\"http:\/\/spmaskiner.dev03.extrude.se\/pt-br\/cabecas-processadoras\/cabecas-processadoras-lf\/cabecas-processadora-sp-561-lf\/sp-561-lf-acessorios-e-equipamentos\/\" class=\"elementor-item menu-link\" tabindex=\"-1\">Acess\u00f3rios e equipamentos<\/a><\/li>\n<\/ul>\t\t\t<\/nav>\n\t\t\t\t\t\t<\/div>\n\t\t\t\t<\/div>\n\t\t\t\t\t<\/div>\n\t\t<\/div>\n\t\t\t\t\t<\/div>\n\t\t<\/section>\n\t\t\t\t<section class=\"elementor-section elementor-top-section elementor-element elementor-element-613fc08 elementor-section-boxed elementor-section-height-default elementor-section-height-default\" data-id=\"613fc08\" data-element_type=\"section\" data-e-type=\"section\">\n\t\t\t\t\t\t<div class=\"elementor-container elementor-column-gap-default\">\n\t\t\t\t\t<div class=\"elementor-column elementor-col-50 elementor-top-column elementor-element elementor-element-68833e6\" data-id=\"68833e6\" data-element_type=\"column\" data-e-type=\"column\">\n\t\t\t<div class=\"elementor-widget-wrap elementor-element-populated\">\n\t\t\t\t\t\t<div class=\"elementor-element elementor-element-7e92e40 elementor-widget elementor-widget-heading\" data-id=\"7e92e40\" data-element_type=\"widget\" data-e-type=\"widget\" data-widget_type=\"heading.default\">\n\t\t\t\t<div class=\"elementor-widget-container\">\n\t\t\t\t\t<h1 class=\"elementor-heading-title elementor-size-default\">Cabe\u00e7as processadora SP 561 LF - Compacta, de amplo alcance e vers\u00e1til<\/h1>\t\t\t\t<\/div>\n\t\t\t\t<\/div>\n\t\t\t\t<div class=\"elementor-element elementor-element-0f6b82e elementor-widget elementor-widget-text-editor\" data-id=\"0f6b82e\" data-element_type=\"widget\" data-e-type=\"widget\" data-widget_type=\"text-editor.default\">\n\t\t\t\t<div class=\"elementor-widget-container\">\n\t\t\t\t\t\t\t\t\tA SP 561 LF \u00e9 uma cabe\u00e7a processadora vers\u00e1til, que oferece alto desempenho. Ela foi projetada de acordo com o princ\u00edpio LF, para produtividade m\u00e1xima. A SP 561 LF foi especialmente projetada para diversos trabalhos e oferece caracter\u00edsticas muito boas, com alcance desde o primeiro desbastamento at\u00e9 o corte final m\u00e9dio.\r\n\r\nAs medidas compactas, em combina\u00e7\u00e3o com uma poda perfeita at\u00e9 um m\u00ednimo de 30 mm, garantem que o primeiro desbastamento possa ser feito de forma r\u00e1pida e eficiente com a mais alta qualidade. No corte final, ou seja, no manuseio de \u00e1rvores de grandes di\u00e2metros, a patente LogHold SP inteligente e os cilindros de alimenta\u00e7\u00e3o com \u00e2ngulo proporcional transformam a SP 561 LF em uma cabe\u00e7a processadora com uma propor\u00e7\u00e3o de capacidade\/peso impressionante e uma produtividade incompar\u00e1vel. A SP 561 LF \u00e9, sem d\u00favida, compacta, de amplo alcance e vers\u00e1til.\r\n\r\nA SP 561 LF atinge o n\u00edvel m\u00e1ximo de desempenho em \u00e1reas com \u00e1rvores de di\u00e2metros entre 12 e 43 cm dap, mas gra\u00e7as ao princ\u00edpio da s\u00e9rie LF, ela tamb\u00e9m \u00e9 capaz de operar com efici\u00eancia em \u00e1rvores de dimens\u00f5es maiores.\t\t\t\t\t\t\t\t<\/div>\n\t\t\t\t<\/div>\n\t\t\t\t<section class=\"elementor-section elementor-inner-section elementor-element elementor-element-b74227f elementor-section-boxed elementor-section-height-default elementor-section-height-default\" data-id=\"b74227f\" data-element_type=\"section\" data-e-type=\"section\">\n\t\t\t\t\t\t<div class=\"elementor-container elementor-column-gap-default\">\n\t\t\t\t\t<div class=\"elementor-column elementor-col-25 elementor-inner-column elementor-element elementor-element-9ca00f4\" data-id=\"9ca00f4\" data-element_type=\"column\" data-e-type=\"column\">\n\t\t\t<div class=\"elementor-widget-wrap elementor-element-populated\">\n\t\t\t\t\t\t<div class=\"elementor-element elementor-element-049b534 elementor-widget elementor-widget-image\" data-id=\"049b534\" data-element_type=\"widget\" data-e-type=\"widget\" data-widget_type=\"image.default\">\n\t\t\t\t<div class=\"elementor-widget-container\">\n\t\t\t\t\t\t\t\t\t\t\t\t\t\t\t<img fetchpriority=\"high\" decoding=\"async\" width=\"250\" height=\"250\" src=\"http:\/\/spmaskiner.dev03.extrude.se\/wp-content\/uploads\/2021\/03\/vikt.png\" class=\"attachment-medium size-medium wp-image-8197\" alt=\"\" srcset=\"http:\/\/spmaskiner.dev03.extrude.se\/wp-content\/uploads\/2021\/03\/vikt.png 250w, http:\/\/spmaskiner.dev03.extrude.se\/wp-content\/uploads\/2021\/03\/vikt-150x150.png 150w\" sizes=\"(max-width: 250px) 100vw, 250px\" \/>\t\t\t\t\t\t\t\t\t\t\t\t\t\t\t<\/div>\n\t\t\t\t<\/div>\n\t\t\t\t<div class=\"elementor-element elementor-element-77c91a6 elementor-widget elementor-widget-heading\" data-id=\"77c91a6\" data-element_type=\"widget\" data-e-type=\"widget\" data-widget_type=\"heading.default\">\n\t\t\t\t<div class=\"elementor-widget-container\">\n\t\t\t\t\t<span class=\"elementor-heading-title elementor-size-default\">980kg<\/span>\t\t\t\t<\/div>\n\t\t\t\t<\/div>\n\t\t\t\t<div class=\"elementor-element elementor-element-4ad94a5 elementor-widget elementor-widget-heading\" data-id=\"4ad94a5\" data-element_type=\"widget\" data-e-type=\"widget\" data-widget_type=\"heading.default\">\n\t\t\t\t<div class=\"elementor-widget-container\">\n\t\t\t\t\t<span class=\"elementor-heading-title elementor-size-default\">Peso<\/span>\t\t\t\t<\/div>\n\t\t\t\t<\/div>\n\t\t\t\t\t<\/div>\n\t\t<\/div>\n\t\t\t\t<div class=\"elementor-column elementor-col-25 elementor-inner-column elementor-element elementor-element-77c06ca\" data-id=\"77c06ca\" data-element_type=\"column\" data-e-type=\"column\">\n\t\t\t<div class=\"elementor-widget-wrap elementor-element-populated\">\n\t\t\t\t\t\t<div class=\"elementor-element elementor-element-c9ce3b4 elementor-widget elementor-widget-image\" data-id=\"c9ce3b4\" data-element_type=\"widget\" data-e-type=\"widget\" data-widget_type=\"image.default\">\n\t\t\t\t<div class=\"elementor-widget-container\">\n\t\t\t\t\t\t\t\t\t\t\t\t\t\t\t<img decoding=\"async\" width=\"250\" height=\"250\" src=\"http:\/\/spmaskiner.dev03.extrude.se\/wp-content\/uploads\/2021\/03\/klinga.png\" class=\"attachment-medium size-medium wp-image-8194\" alt=\"\" srcset=\"http:\/\/spmaskiner.dev03.extrude.se\/wp-content\/uploads\/2021\/03\/klinga.png 250w, http:\/\/spmaskiner.dev03.extrude.se\/wp-content\/uploads\/2021\/03\/klinga-150x150.png 150w\" sizes=\"(max-width: 250px) 100vw, 250px\" \/>\t\t\t\t\t\t\t\t\t\t\t\t\t\t\t<\/div>\n\t\t\t\t<\/div>\n\t\t\t\t<div class=\"elementor-element elementor-element-e12e42d elementor-widget elementor-widget-heading\" data-id=\"e12e42d\" data-element_type=\"widget\" data-e-type=\"widget\" data-widget_type=\"heading.default\">\n\t\t\t\t<div class=\"elementor-widget-container\">\n\t\t\t\t\t<span class=\"elementor-heading-title elementor-size-default\">60cm<\/span>\t\t\t\t<\/div>\n\t\t\t\t<\/div>\n\t\t\t\t<div class=\"elementor-element elementor-element-d8ee382 elementor-widget elementor-widget-heading\" data-id=\"d8ee382\" data-element_type=\"widget\" data-e-type=\"widget\" data-widget_type=\"heading.default\">\n\t\t\t\t<div class=\"elementor-widget-container\">\n\t\t\t\t\t<span class=\"elementor-heading-title elementor-size-default\">Di\u00e2metro de corte<\/span>\t\t\t\t<\/div>\n\t\t\t\t<\/div>\n\t\t\t\t\t<\/div>\n\t\t<\/div>\n\t\t\t\t<div class=\"elementor-column elementor-col-25 elementor-inner-column elementor-element elementor-element-a27ec00\" data-id=\"a27ec00\" data-element_type=\"column\" data-e-type=\"column\">\n\t\t\t<div class=\"elementor-widget-wrap elementor-element-populated\">\n\t\t\t\t\t\t<div class=\"elementor-element elementor-element-d4d47ff elementor-widget elementor-widget-image\" data-id=\"d4d47ff\" data-element_type=\"widget\" data-e-type=\"widget\" data-widget_type=\"image.default\">\n\t\t\t\t<div class=\"elementor-widget-container\">\n\t\t\t\t\t\t\t\t\t\t\t\t\t\t\t<img decoding=\"async\" width=\"250\" height=\"250\" src=\"http:\/\/spmaskiner.dev03.extrude.se\/wp-content\/uploads\/2021\/03\/skog.png\" class=\"attachment-medium size-medium wp-image-8195\" alt=\"\" srcset=\"http:\/\/spmaskiner.dev03.extrude.se\/wp-content\/uploads\/2021\/03\/skog.png 250w, http:\/\/spmaskiner.dev03.extrude.se\/wp-content\/uploads\/2021\/03\/skog-150x150.png 150w\" sizes=\"(max-width: 250px) 100vw, 250px\" \/>\t\t\t\t\t\t\t\t\t\t\t\t\t\t\t<\/div>\n\t\t\t\t<\/div>\n\t\t\t\t<div class=\"elementor-element elementor-element-0cb0104 elementor-widget elementor-widget-heading\" data-id=\"0cb0104\" data-element_type=\"widget\" data-e-type=\"widget\" data-widget_type=\"heading.default\">\n\t\t\t\t<div class=\"elementor-widget-container\">\n\t\t\t\t\t<span class=\"elementor-heading-title elementor-size-default\">12-43cm<\/span>\t\t\t\t<\/div>\n\t\t\t\t<\/div>\n\t\t\t\t<div class=\"elementor-element elementor-element-3693ad3 elementor-widget elementor-widget-heading\" data-id=\"3693ad3\" data-element_type=\"widget\" data-e-type=\"widget\" data-widget_type=\"heading.default\">\n\t\t\t\t<div class=\"elementor-widget-container\">\n\t\t\t\t\t<span class=\"elementor-heading-title elementor-size-default\">Tamanho ideal da \u00e1rvore (DAP) para a produtividade m\u00e1xima<\/span>\t\t\t\t<\/div>\n\t\t\t\t<\/div>\n\t\t\t\t\t<\/div>\n\t\t<\/div>\n\t\t\t\t<div class=\"elementor-column elementor-col-25 elementor-inner-column elementor-element elementor-element-09b5976\" data-id=\"09b5976\" data-element_type=\"column\" data-e-type=\"column\">\n\t\t\t<div class=\"elementor-widget-wrap elementor-element-populated\">\n\t\t\t\t\t\t<div class=\"elementor-element elementor-element-3467414 elementor-widget elementor-widget-image\" data-id=\"3467414\" data-element_type=\"widget\" data-e-type=\"widget\" data-widget_type=\"image.default\">\n\t\t\t\t<div class=\"elementor-widget-container\">\n\t\t\t\t\t\t\t\t\t\t\t\t\t\t\t<img loading=\"lazy\" decoding=\"async\" width=\"250\" height=\"250\" src=\"http:\/\/spmaskiner.dev03.extrude.se\/wp-content\/uploads\/2021\/03\/tryck.png\" class=\"attachment-medium size-medium wp-image-8196\" alt=\"\" srcset=\"http:\/\/spmaskiner.dev03.extrude.se\/wp-content\/uploads\/2021\/03\/tryck.png 250w, http:\/\/spmaskiner.dev03.extrude.se\/wp-content\/uploads\/2021\/03\/tryck-150x150.png 150w\" sizes=\"(max-width: 250px) 100vw, 250px\" \/>\t\t\t\t\t\t\t\t\t\t\t\t\t\t\t<\/div>\n\t\t\t\t<\/div>\n\t\t\t\t<div class=\"elementor-element elementor-element-e5ab83e elementor-widget elementor-widget-heading\" data-id=\"e5ab83e\" data-element_type=\"widget\" data-e-type=\"widget\" data-widget_type=\"heading.default\">\n\t\t\t\t<div class=\"elementor-widget-container\">\n\t\t\t\t\t<span class=\"elementor-heading-title elementor-size-default\">23-28MPa<\/span>\t\t\t\t<\/div>\n\t\t\t\t<\/div>\n\t\t\t\t<div class=\"elementor-element elementor-element-114a772 elementor-widget elementor-widget-heading\" data-id=\"114a772\" data-element_type=\"widget\" data-e-type=\"widget\" data-widget_type=\"heading.default\">\n\t\t\t\t<div class=\"elementor-widget-container\">\n\t\t\t\t\t<span class=\"elementor-heading-title elementor-size-default\">Press\u00e3o de funcionamento recomendada<\/span>\t\t\t\t<\/div>\n\t\t\t\t<\/div>\n\t\t\t\t\t<\/div>\n\t\t<\/div>\n\t\t\t\t\t<\/div>\n\t\t<\/section>\n\t\t\t\t\t<\/div>\n\t\t<\/div>\n\t\t\t\t<div class=\"elementor-column elementor-col-50 elementor-top-column elementor-element elementor-element-ceaa6bd\" data-id=\"ceaa6bd\" data-element_type=\"column\" data-e-type=\"column\">\n\t\t\t<div class=\"elementor-widget-wrap elementor-element-populated\">\n\t\t\t\t\t\t<div class=\"elementor-element elementor-element-945c278 elementor-widget elementor-widget-image\" data-id=\"945c278\" data-element_type=\"widget\" data-e-type=\"widget\" data-widget_type=\"image.default\">\n\t\t\t\t<div class=\"elementor-widget-container\">\n\t\t\t\t\t\t\t\t\t\t\t\t\t\t\t<img loading=\"lazy\" decoding=\"async\" width=\"500\" height=\"603\" src=\"http:\/\/spmaskiner.dev03.extrude.se\/wp-content\/uploads\/2021\/04\/sp561lf-white.jpg\" class=\"attachment-large size-large wp-image-8216\" alt=\"\" srcset=\"http:\/\/spmaskiner.dev03.extrude.se\/wp-content\/uploads\/2021\/04\/sp561lf-white.jpg 500w, http:\/\/spmaskiner.dev03.extrude.se\/wp-content\/uploads\/2021\/04\/sp561lf-white-249x300.jpg 249w\" sizes=\"(max-width: 500px) 100vw, 500px\" \/>\t\t\t\t\t\t\t\t\t\t\t\t\t\t\t<\/div>\n\t\t\t\t<\/div>\n\t\t\t\t<div class=\"elementor-element elementor-element-b9975bc elementor-icon-list--layout-traditional elementor-list-item-link-full_width elementor-widget elementor-widget-icon-list\" data-id=\"b9975bc\" data-element_type=\"widget\" data-e-type=\"widget\" data-widget_type=\"icon-list.default\">\n\t\t\t\t<div class=\"elementor-widget-container\">\n\t\t\t\t\t\t\t<ul class=\"elementor-icon-list-items\">\n\t\t\t\t\t\t\t<li class=\"elementor-icon-list-item\">\n\t\t\t\t\t\t\t\t\t\t\t<a href=\"http:\/\/spmaskiner.dev03.extrude.se\/wp-content\/uploads\/2021\/09\/brochure_sp561lf.pdf\">\n\n\t\t\t\t\t\t\t\t\t\t\t\t<span class=\"elementor-icon-list-icon\">\n\t\t\t\t\t\t\t<i aria-hidden=\"true\" class=\"fas fa-file-pdf\"><\/i>\t\t\t\t\t\t<\/span>\n\t\t\t\t\t\t\t\t\t\t<span class=\"elementor-icon-list-text\">Cat\u00e1logo SP 561 LF (PDF, Eng)<\/span>\n\t\t\t\t\t\t\t\t\t\t\t<\/a>\n\t\t\t\t\t\t\t\t\t<\/li>\n\t\t\t\t\t\t\t\t<li class=\"elementor-icon-list-item\">\n\t\t\t\t\t\t\t\t\t\t\t<a href=\"http:\/\/spmaskiner.dev03.extrude.se\/wp-content\/uploads\/2021\/09\/brochure_dasa5.pdf\">\n\n\t\t\t\t\t\t\t\t\t\t\t\t<span class=\"elementor-icon-list-icon\">\n\t\t\t\t\t\t\t<i aria-hidden=\"true\" class=\"fas fa-file-pdf\"><\/i>\t\t\t\t\t\t<\/span>\n\t\t\t\t\t\t\t\t\t\t<span class=\"elementor-icon-list-text\">Cat\u00e1logo SPd5  Sistemas de controle (PDF, Eng)<\/span>\n\t\t\t\t\t\t\t\t\t\t\t<\/a>\n\t\t\t\t\t\t\t\t\t<\/li>\n\t\t\t\t\t\t<\/ul>\n\t\t\t\t\t\t<\/div>\n\t\t\t\t<\/div>\n\t\t\t\t\t<\/div>\n\t\t<\/div>\n\t\t\t\t\t<\/div>\n\t\t<\/section>\n\t\t\t\t<section class=\"elementor-section elementor-top-section elementor-element elementor-element-b68c0a9 elementor-section-boxed elementor-section-height-default elementor-section-height-default\" data-id=\"b68c0a9\" data-element_type=\"section\" data-e-type=\"section\">\n\t\t\t\t\t\t<div class=\"elementor-container elementor-column-gap-default\">\n\t\t\t\t\t<div class=\"elementor-column elementor-col-100 elementor-top-column elementor-element elementor-element-132cb00\" data-id=\"132cb00\" data-element_type=\"column\" data-e-type=\"column\">\n\t\t\t<div class=\"elementor-widget-wrap\">\n\t\t\t\t\t\t\t<\/div>\n\t\t<\/div>\n\t\t\t\t\t<\/div>\n\t\t<\/section>\n\t\t\t\t<\/div>\n\t\t","protected":false},"excerpt":{"rendered":"<p>SP 561 LF Cabe\u00e7as processadora SP 561 LF &#8211; Compacta, de amplo alcance e vers\u00e1til A SP 561 LF \u00e9 uma cabe\u00e7a processadora vers\u00e1til, que oferece alto desempenho. Ela foi projetada de acordo com o princ\u00edpio LF, para produtividade m\u00e1xima. A SP 561 LF foi especialmente projetada para diversos trabalhos e oferece caracter\u00edsticas muito boas, [&hellip;]<\/p>\n","protected":false},"author":1,"featured_media":0,"parent":8375,"menu_order":20,"comment_status":"closed","ping_status":"closed","template":"elementor_header_footer","meta":{"_acf_changed":false,"site-sidebar-layout":"no-sidebar","site-content-layout":"page-builder","ast-site-content-layout":"default","site-content-style":"default","site-sidebar-style":"default","ast-global-header-display":"","ast-banner-title-visibility":"","ast-main-header-display":"","ast-hfb-above-header-display":"","ast-hfb-below-header-display":"","ast-hfb-mobile-header-display":"","site-post-title":"disabled","ast-breadcrumbs-content":"","ast-featured-img":"disabled","footer-sml-layout":"","ast-disable-related-posts":"","theme-transparent-header-meta":"default","adv-header-id-meta":"","stick-header-meta":"","header-above-stick-meta":"","header-main-stick-meta":"","header-below-stick-meta":"","astra-migrate-meta-layouts":"default","ast-page-background-enabled":"default","ast-page-background-meta":{"desktop":{"background-color":"","background-image":"","background-repeat":"repeat","background-position":"center center","background-size":"auto","background-attachment":"scroll","background-type":"","background-media":"","overlay-type":"","overlay-color":"","overlay-opacity":"","overlay-gradient":""},"tablet":{"background-color":"","background-image":"","background-repeat":"repeat","background-position":"center center","background-size":"auto","background-attachment":"scroll","background-type":"","background-media":"","overlay-type":"","overlay-color":"","overlay-opacity":"","overlay-gradient":""},"mobile":{"background-color":"","background-image":"","background-repeat":"repeat","background-position":"center center","background-size":"auto","background-attachment":"scroll","background-type":"","background-media":"","overlay-type":"","overlay-color":"","overlay-opacity":"","overlay-gradient":""}},"ast-content-background-meta":{"desktop":{"background-color":"var(--ast-global-color-5)","background-image":"","background-repeat":"repeat","background-position":"center center","background-size":"auto","background-attachment":"scroll","background-type":"","background-media":"","overlay-type":"","overlay-color":"","overlay-opacity":"","overlay-gradient":""},"tablet":{"background-color":"var(--ast-global-color-5)","background-image":"","background-repeat":"repeat","background-position":"center center","background-size":"auto","background-attachment":"scroll","background-type":"","background-media":"","overlay-type":"","overlay-color":"","overlay-opacity":"","overlay-gradient":""},"mobile":{"background-color":"var(--ast-global-color-5)","background-image":"","background-repeat":"repeat","background-position":"center center","background-size":"auto","background-attachment":"scroll","background-type":"","background-media":"","overlay-type":"","overlay-color":"","overlay-opacity":"","overlay-gradient":""}},"footnotes":""},"class_list":["post-8395","page","type-page","status-publish","hentry"],"acf":[],"_links":{"self":[{"href":"http:\/\/spmaskiner.dev03.extrude.se\/pt-br\/wp-json\/wp\/v2\/pages\/8395","targetHints":{"allow":["GET"]}}],"collection":[{"href":"http:\/\/spmaskiner.dev03.extrude.se\/pt-br\/wp-json\/wp\/v2\/pages"}],"about":[{"href":"http:\/\/spmaskiner.dev03.extrude.se\/pt-br\/wp-json\/wp\/v2\/types\/page"}],"author":[{"embeddable":true,"href":"http:\/\/spmaskiner.dev03.extrude.se\/pt-br\/wp-json\/wp\/v2\/users\/1"}],"replies":[{"embeddable":true,"href":"http:\/\/spmaskiner.dev03.extrude.se\/pt-br\/wp-json\/wp\/v2\/comments?post=8395"}],"version-history":[{"count":1,"href":"http:\/\/spmaskiner.dev03.extrude.se\/pt-br\/wp-json\/wp\/v2\/pages\/8395\/revisions"}],"predecessor-version":[{"id":8396,"href":"http:\/\/spmaskiner.dev03.extrude.se\/pt-br\/wp-json\/wp\/v2\/pages\/8395\/revisions\/8396"}],"up":[{"embeddable":true,"href":"http:\/\/spmaskiner.dev03.extrude.se\/pt-br\/wp-json\/wp\/v2\/pages\/8375"}],"wp:attachment":[{"href":"http:\/\/spmaskiner.dev03.extrude.se\/pt-br\/wp-json\/wp\/v2\/media?parent=8395"}],"curies":[{"name":"wp","href":"https:\/\/api.w.org\/{rel}","templated":true}]}}