{"id":5879,"date":"2021-03-05T09:55:40","date_gmt":"2021-03-05T08:55:40","guid":{"rendered":"http:\/\/spmaskiner.dev03.extrude.se\/apres-vente\/apres-vente\/"},"modified":"2021-10-11T12:05:56","modified_gmt":"2021-10-11T10:05:56","slug":"apres-vente","status":"publish","type":"page","link":"http:\/\/spmaskiner.dev03.extrude.se\/fr\/apres-vente\/apres-vente\/","title":{"rendered":"Apr\u00e8s-vente"},"content":{"rendered":"\t\t<div data-elementor-type=\"wp-page\" data-elementor-id=\"5879\" class=\"elementor elementor-5879 elementor-18\" data-elementor-post-type=\"page\">\n\t\t\t\t\t\t<section class=\"elementor-section elementor-top-section elementor-element elementor-element-5906b93b elementor-section-content-top standard_page elementor-section-boxed elementor-section-height-default elementor-section-height-default\" data-id=\"5906b93b\" data-element_type=\"section\" data-e-type=\"section\">\n\t\t\t\t\t\t<div class=\"elementor-container elementor-column-gap-no\">\n\t\t\t\t\t<nav class=\"elementor-column elementor-col-50 elementor-top-column elementor-element elementor-element-5c529fcf elementor-hidden-tablet elementor-hidden-phone elementor-invisible\" data-id=\"5c529fcf\" data-element_type=\"column\" data-e-type=\"column\" id=\"news-block\" data-settings=\"{&quot;animation&quot;:&quot;fadeIn&quot;}\">\n\t\t\t<div class=\"elementor-widget-wrap\">\n\t\t\t\t\t\t\t<\/div>\n\t\t<\/nav>\n\t\t\t\t<article class=\"elementor-column elementor-col-50 elementor-top-column elementor-element elementor-element-9cb9530\" data-id=\"9cb9530\" data-element_type=\"column\" data-e-type=\"column\">\n\t\t\t<div class=\"elementor-widget-wrap elementor-element-populated\">\n\t\t\t\t\t\t<div class=\"elementor-element elementor-element-1db0f9b6 elementor-widget elementor-widget-heading\" data-id=\"1db0f9b6\" data-element_type=\"widget\" data-e-type=\"widget\" data-widget_type=\"heading.default\">\n\t\t\t\t<div class=\"elementor-widget-container\">\n\t\t\t\t\t<h1 class=\"elementor-heading-title elementor-size-default\">Apr\u00e8s-vente<\/h1>\t\t\t\t<\/div>\n\t\t\t\t<\/div>\n\t\t\t\t<div class=\"elementor-element elementor-element-8fdc9ce elementor-widget elementor-widget-text-editor\" data-id=\"8fdc9ce\" data-element_type=\"widget\" data-e-type=\"widget\" data-widget_type=\"text-editor.default\">\n\t\t\t\t<div class=\"elementor-widget-container\">\n\t\t\t\t\t\t\t\t\t<p>Avec plus de 40 ans d\u2019exp\u00e9rience dans le secteur, SP Maskiner a acquis un savoir-faire exceptionnel en mati\u00e8re de pi\u00e8ces d\u00e9tach\u00e9es, d\u2019optimisation et de service. La page Apr\u00e8s-vente vous propose des t\u00eates d\u2019abattage d\u2019occasion, un coin des bonnes affaires et des pi\u00e8ces de rechange, ainsi que de plus amples informations sur nos services d\u2019assistance et d\u2019optimisation.<\/p>\n<p>SP Maskiner propose \u00e9galement des formations sur ses t\u00eates d\u2019abattage et syst\u00e8mes de commande. Nous adaptons les formations aux besoins de nos clients. Contactez-nous pour en savoir plus sur nos formations.<\/p>\n\t\t\t\t\t\t\t\t<\/div>\n\t\t\t\t<\/div>\n\t\t\t\t\t<\/div>\n\t\t<\/article>\n\t\t\t\t\t<\/div>\n\t\t<\/section>\n\t\t\t\t<section class=\"elementor-section elementor-top-section elementor-element elementor-element-540d64d elementor-section-boxed elementor-section-height-default elementor-section-height-default\" data-id=\"540d64d\" data-element_type=\"section\" data-e-type=\"section\">\n\t\t\t\t\t\t<div class=\"elementor-container elementor-column-gap-default\">\n\t\t\t\t\t<section class=\"elementor-column elementor-col-100 elementor-top-column elementor-element elementor-element-c5c82ea\" data-id=\"c5c82ea\" data-element_type=\"column\" data-e-type=\"column\">\n\t\t\t<div class=\"elementor-widget-wrap\">\n\t\t\t\t\t\t\t<\/div>\n\t\t<\/section>\n\t\t\t\t\t<\/div>\n\t\t<\/section>\n\t\t\t\t<\/div>\n\t\t","protected":false},"excerpt":{"rendered":"<p>Apr\u00e8s-vente Avec plus de 40 ans d\u2019exp\u00e9rience dans le secteur, SP Maskiner a acquis un savoir-faire exceptionnel en mati\u00e8re de pi\u00e8ces d\u00e9tach\u00e9es, d\u2019optimisation et de service. La page Apr\u00e8s-vente vous propose des t\u00eates d\u2019abattage d\u2019occasion, un coin des bonnes affaires et des pi\u00e8ces de rechange, ainsi que de plus amples informations sur nos services d\u2019assistance [&hellip;]<\/p>\n","protected":false},"author":1,"featured_media":0,"parent":5877,"menu_order":10,"comment_status":"closed","ping_status":"closed","template":"elementor_header_footer","meta":{"_acf_changed":false,"site-sidebar-layout":"no-sidebar","site-content-layout":"page-builder","ast-site-content-layout":"default","site-content-style":"default","site-sidebar-style":"default","ast-global-header-display":"","ast-banner-title-visibility":"","ast-main-header-display":"","ast-hfb-above-header-display":"","ast-hfb-below-header-display":"","ast-hfb-mobile-header-display":"","site-post-title":"disabled","ast-breadcrumbs-content":"","ast-featured-img":"disabled","footer-sml-layout":"","ast-disable-related-posts":"","theme-transparent-header-meta":"default","adv-header-id-meta":"","stick-header-meta":"","header-above-stick-meta":"","header-main-stick-meta":"","header-below-stick-meta":"","astra-migrate-meta-layouts":"default","ast-page-background-enabled":"default","ast-page-background-meta":{"desktop":{"background-color":"","background-image":"","background-repeat":"repeat","background-position":"center center","background-size":"auto","background-attachment":"scroll","background-type":"","background-media":"","overlay-type":"","overlay-color":"","overlay-opacity":"","overlay-gradient":""},"tablet":{"background-color":"","background-image":"","background-repeat":"repeat","background-position":"center center","background-size":"auto","background-attachment":"scroll","background-type":"","background-media":"","overlay-type":"","overlay-color":"","overlay-opacity":"","overlay-gradient":""},"mobile":{"background-color":"","background-image":"","background-repeat":"repeat","background-position":"center center","background-size":"auto","background-attachment":"scroll","background-type":"","background-media":"","overlay-type":"","overlay-color":"","overlay-opacity":"","overlay-gradient":""}},"ast-content-background-meta":{"desktop":{"background-color":"var(--ast-global-color-5)","background-image":"","background-repeat":"repeat","background-position":"center center","background-size":"auto","background-attachment":"scroll","background-type":"","background-media":"","overlay-type":"","overlay-color":"","overlay-opacity":"","overlay-gradient":""},"tablet":{"background-color":"var(--ast-global-color-5)","background-image":"","background-repeat":"repeat","background-position":"center center","background-size":"auto","background-attachment":"scroll","background-type":"","background-media":"","overlay-type":"","overlay-color":"","overlay-opacity":"","overlay-gradient":""},"mobile":{"background-color":"var(--ast-global-color-5)","background-image":"","background-repeat":"repeat","background-position":"center center","background-size":"auto","background-attachment":"scroll","background-type":"","background-media":"","overlay-type":"","overlay-color":"","overlay-opacity":"","overlay-gradient":""}},"footnotes":""},"class_list":["post-5879","page","type-page","status-publish","hentry"],"acf":[],"_links":{"self":[{"href":"http:\/\/spmaskiner.dev03.extrude.se\/fr\/wp-json\/wp\/v2\/pages\/5879","targetHints":{"allow":["GET"]}}],"collection":[{"href":"http:\/\/spmaskiner.dev03.extrude.se\/fr\/wp-json\/wp\/v2\/pages"}],"about":[{"href":"http:\/\/spmaskiner.dev03.extrude.se\/fr\/wp-json\/wp\/v2\/types\/page"}],"author":[{"embeddable":true,"href":"http:\/\/spmaskiner.dev03.extrude.se\/fr\/wp-json\/wp\/v2\/users\/1"}],"replies":[{"embeddable":true,"href":"http:\/\/spmaskiner.dev03.extrude.se\/fr\/wp-json\/wp\/v2\/comments?post=5879"}],"version-history":[{"count":0,"href":"http:\/\/spmaskiner.dev03.extrude.se\/fr\/wp-json\/wp\/v2\/pages\/5879\/revisions"}],"up":[{"embeddable":true,"href":"http:\/\/spmaskiner.dev03.extrude.se\/fr\/wp-json\/wp\/v2\/pages\/5877"}],"wp:attachment":[{"href":"http:\/\/spmaskiner.dev03.extrude.se\/fr\/wp-json\/wp\/v2\/media?parent=5879"}],"curies":[{"name":"wp","href":"https:\/\/api.w.org\/{rel}","templated":true}]}}