{"id":5844,"date":"2021-03-05T09:55:16","date_gmt":"2021-03-05T08:55:16","guid":{"rendered":"http:\/\/spmaskiner.dev03.extrude.se\/avantages-pour-les-clients\/concept-de-faible-frottement\/"},"modified":"2021-09-27T15:43:45","modified_gmt":"2021-09-27T13:43:45","slug":"concept-de-faible-frottement","status":"publish","type":"page","link":"http:\/\/spmaskiner.dev03.extrude.se\/fr\/avantages-pour-les-clients\/concept-de-faible-frottement\/","title":{"rendered":"Concept de faible frottement"},"content":{"rendered":"\t\t<div data-elementor-type=\"wp-page\" data-elementor-id=\"5844\" class=\"elementor elementor-5844 elementor-16\" data-elementor-post-type=\"page\">\n\t\t\t\t\t\t<section class=\"elementor-section elementor-top-section elementor-element elementor-element-190c45f elementor-section-boxed elementor-section-height-default elementor-section-height-default\" data-id=\"190c45f\" data-element_type=\"section\" data-e-type=\"section\">\n\t\t\t\t\t\t<div class=\"elementor-container elementor-column-gap-default\">\n\t\t\t\t\t<div class=\"elementor-column elementor-col-100 elementor-top-column elementor-element elementor-element-380323b6\" data-id=\"380323b6\" data-element_type=\"column\" data-e-type=\"column\">\n\t\t\t<div class=\"elementor-widget-wrap elementor-element-populated\">\n\t\t\t\t\t\t<div class=\"elementor-element elementor-element-578343ec elementor-widget elementor-widget-heading\" data-id=\"578343ec\" data-element_type=\"widget\" data-e-type=\"widget\" data-widget_type=\"heading.default\">\n\t\t\t\t<div class=\"elementor-widget-container\">\n\t\t\t\t\t<h1 class=\"elementor-heading-title elementor-size-default\">Concept de faible frottement<\/h1>\t\t\t\t<\/div>\n\t\t\t\t<\/div>\n\t\t\t\t<div class=\"elementor-element elementor-element-0ccd9c5 elementor-widget elementor-widget-text-editor\" data-id=\"0ccd9c5\" data-element_type=\"widget\" data-e-type=\"widget\" data-widget_type=\"text-editor.default\">\n\t\t\t\t<div class=\"elementor-widget-container\">\n\t\t\t\t\t\t\t\t\t<p>Le concept de faible frottement comprend cinq innovations et solutions, toutes con\u00e7ues avec soin pour maximiser la production, optimiser la consommation d\u2019\u00e9nergie et de carburant et r\u00e9duire consid\u00e9rablement les co\u00fbts de maintenance. Ensemble, ces cinq solutions constituent une combinaison imbattable qui permet \u00e0 SP de proposer des t\u00eates offrant des propri\u00e9t\u00e9s et des avantages totalement uniques pour maximiser votre rentabilit\u00e9.<\/p>\n<p>Gr\u00e2ce au concept de faible frottement, vous disposez d\u2019une t\u00eate hautement productive et facile \u00e0 man\u0153uvrer, qu\u2019il s\u2019agisse de travaux d\u2019\u00e9claircie, de coupes d\u00e9finitives ou de r\u00e9colte de bois dur. Les fixations uniques des rouleaux d\u2019entra\u00eenement garantissent une t\u00eate agile et \u00e9troite qui facilite le travail d\u2019abattage, m\u00eame dans les peuplements denses, sans usure inutile de la t\u00eate ou endommagement des arbres restants. En parall\u00e8le, lors de l\u2019abattage d\u2019arbres de grand diam\u00e8tre, les rouleaux offrent une capacit\u00e9 de charge maximale et peuvent traiter sans effort m\u00eame les tiges les plus lourdes, pour un travail efficace et un maximum de rentabilit\u00e9.<\/p>\n<p>En outre, les t\u00eates SP peuvent \u00eatre mont\u00e9es sur des machines de base de toutes marques, sans qu\u2019il ne soit n\u00e9cessaire de remplacer ou de modifier le syst\u00e8me de donn\u00e9es et de commande existant de la machine.<\/p>\n<p>&nbsp;<\/p>\n\t\t\t\t\t\t\t\t<\/div>\n\t\t\t\t<\/div>\n\t\t\t\t<div class=\"elementor-element elementor-element-4c5a6be elementor-icon-list--layout-inline elementor-align-end elementor-list-item-link-full_width elementor-widget elementor-widget-icon-list\" data-id=\"4c5a6be\" data-element_type=\"widget\" data-e-type=\"widget\" data-widget_type=\"icon-list.default\">\n\t\t\t\t<div class=\"elementor-widget-container\">\n\t\t\t\t\t\t\t<ul class=\"elementor-icon-list-items elementor-inline-items\">\n\t\t\t\t\t\t\t<li class=\"elementor-icon-list-item elementor-inline-item\">\n\t\t\t\t\t\t\t\t\t\t\t<a href=\"http:\/\/spmaskiner.dev03.extrude.se\/wp-content\/uploads\/2021\/09\/Lagfriktionskonceptet_FR.pdf\">\n\n\t\t\t\t\t\t\t\t\t\t\t\t<span class=\"elementor-icon-list-icon\">\n\t\t\t\t\t\t\t<i aria-hidden=\"true\" class=\"fas fa-file-pdf\"><\/i>\t\t\t\t\t\t<\/span>\n\t\t\t\t\t\t\t\t\t\t<span class=\"elementor-icon-list-text\">Brochure Le concept de faible frottement (PDF)<\/span>\n\t\t\t\t\t\t\t\t\t\t\t<\/a>\n\t\t\t\t\t\t\t\t\t<\/li>\n\t\t\t\t\t\t<\/ul>\n\t\t\t\t\t\t<\/div>\n\t\t\t\t<\/div>\n\t\t\t\t<div class=\"elementor-element elementor-element-15f3cbb elementor-widget elementor-widget-heading\" data-id=\"15f3cbb\" data-element_type=\"widget\" data-e-type=\"widget\" data-widget_type=\"heading.default\">\n\t\t\t\t<div class=\"elementor-widget-container\">\n\t\t\t\t\t<h2 class=\"elementor-heading-title elementor-size-default\">Cinq innovations pour une efficacit\u00e9 maximale :<\/h2>\t\t\t\t<\/div>\n\t\t\t\t<\/div>\n\t\t\t\t<section class=\"elementor-section elementor-inner-section elementor-element elementor-element-dff9901 elementor-section-boxed elementor-section-height-default elementor-section-height-default\" data-id=\"dff9901\" data-element_type=\"section\" data-e-type=\"section\">\n\t\t\t\t\t\t<div class=\"elementor-container elementor-column-gap-default\">\n\t\t\t\t\t<div class=\"elementor-column elementor-col-100 elementor-inner-column elementor-element elementor-element-07b7e4e\" data-id=\"07b7e4e\" data-element_type=\"column\" data-e-type=\"column\">\n\t\t\t<div class=\"elementor-widget-wrap elementor-element-populated\">\n\t\t\t\t\t\t<div class=\"elementor-element elementor-element-cb71035 elementor-position-right box-shadow elementor-vertical-align-top elementor-widget elementor-widget-global elementor-global-5852 elementor-global-727 elementor-widget-image-box\" data-id=\"cb71035\" data-element_type=\"widget\" data-e-type=\"widget\" data-widget_type=\"image-box.default\">\n\t\t\t\t<div class=\"elementor-widget-container\">\n\t\t\t\t\t<div class=\"elementor-image-box-wrapper\"><figure class=\"elementor-image-box-img\"><img fetchpriority=\"high\" decoding=\"async\" width=\"500\" height=\"333\" src=\"http:\/\/spmaskiner.dev03.extrude.se\/wp-content\/uploads\/2021\/03\/knivdesign.jpg\" class=\"attachment-full size-full wp-image-699\" alt=\"\" srcset=\"http:\/\/spmaskiner.dev03.extrude.se\/wp-content\/uploads\/2021\/03\/knivdesign.jpg 500w, http:\/\/spmaskiner.dev03.extrude.se\/wp-content\/uploads\/2021\/03\/knivdesign-300x200.jpg 300w\" sizes=\"(max-width: 500px) 100vw, 500px\" \/><\/figure><div class=\"elementor-image-box-content\"><h3 class=\"elementor-image-box-title\">Les couteaux d\u2019\u00e9branchage <\/h3><p class=\"elementor-image-box-description\">sont \u00e9quip\u00e9s de bords de coupe longs sp\u00e9cialement con\u00e7us, qui permettent d\u2019\u00e9brancher en coupant plut\u00f4t qu\u2019en arrachant. Ceci minimise le frottement pendant l\u2019\u00e9branchage et augmente ainsi la vitesse et la productivit\u00e9. Les couteaux d\u2019\u00e9branchage sont moul\u00e9s en un acier haute r\u00e9sistance afin d\u2019offrir une durabilit\u00e9 et une dur\u00e9e de service maximales.<\/p><\/div><\/div>\t\t\t\t<\/div>\n\t\t\t\t<\/div>\n\t\t\t\t<div class=\"elementor-element elementor-element-bfd3df8 elementor-position-right box-shadow elementor-vertical-align-top elementor-widget elementor-widget-global elementor-global-5854 elementor-global-730 elementor-widget-image-box\" data-id=\"bfd3df8\" data-element_type=\"widget\" data-e-type=\"widget\" data-widget_type=\"image-box.default\">\n\t\t\t\t<div class=\"elementor-widget-container\">\n\t\t\t\t\t<div class=\"elementor-image-box-wrapper\"><figure class=\"elementor-image-box-img\"><img decoding=\"async\" width=\"500\" height=\"333\" src=\"http:\/\/spmaskiner.dev03.extrude.se\/wp-content\/uploads\/2021\/03\/lf_diagram_proportionella_tryck-thumb_sv-se.jpg\" class=\"attachment-full size-full wp-image-700\" alt=\"\" srcset=\"http:\/\/spmaskiner.dev03.extrude.se\/wp-content\/uploads\/2021\/03\/lf_diagram_proportionella_tryck-thumb_sv-se.jpg 500w, http:\/\/spmaskiner.dev03.extrude.se\/wp-content\/uploads\/2021\/03\/lf_diagram_proportionella_tryck-thumb_sv-se-300x200.jpg 300w\" sizes=\"(max-width: 500px) 100vw, 500px\" \/><\/figure><div class=\"elementor-image-box-content\"><h3 class=\"elementor-image-box-title\">Les pressions proportionnelles<\/h3><p class=\"elementor-image-box-description\">permettent \u00e0 la t\u00eate de toujours utiliser automatiquement la pression optimale des couteaux d\u2019\u00e9branchage et des rouleaux d\u2019entra\u00eenement sur la tige, quel que soit le diam\u00e8tre de cette derni\u00e8re. Le frottement entre la tige et la t\u00eate est ainsi minimis\u00e9, ce qui garantit un entra\u00eenement le plus rapide et le plus souple possible. Des r\u00e9glages individuels pour les diff\u00e9rentes esp\u00e8ces d\u2019arbres permettent de maximiser encore plus la production.<\/p><\/div><\/div>\t\t\t\t<\/div>\n\t\t\t\t<\/div>\n\t\t\t\t<div class=\"elementor-element elementor-element-c833b25 elementor-position-right box-shadow elementor-vertical-align-top elementor-widget elementor-widget-global elementor-global-5856 elementor-global-733 elementor-widget-image-box\" data-id=\"c833b25\" data-element_type=\"widget\" data-e-type=\"widget\" data-widget_type=\"image-box.default\">\n\t\t\t\t<div class=\"elementor-widget-container\">\n\t\t\t\t\t<div class=\"elementor-image-box-wrapper\"><figure class=\"elementor-image-box-img\"><img decoding=\"async\" width=\"500\" height=\"333\" src=\"http:\/\/spmaskiner.dev03.extrude.se\/wp-content\/uploads\/2021\/03\/LogHold.jpg\" class=\"attachment-full size-full wp-image-707\" alt=\"\" srcset=\"http:\/\/spmaskiner.dev03.extrude.se\/wp-content\/uploads\/2021\/03\/LogHold.jpg 500w, http:\/\/spmaskiner.dev03.extrude.se\/wp-content\/uploads\/2021\/03\/LogHold-300x200.jpg 300w\" sizes=\"(max-width: 500px) 100vw, 500px\" \/><\/figure><div class=\"elementor-image-box-content\"><h3 class=\"elementor-image-box-title\">LogHold<\/h3><p class=\"elementor-image-box-description\">est un syst\u00e8me brevet\u00e9 et une \u00e9volution de la solution de pression proportionnelle permettant de minimiser davantage le frottement. LogHold permet de r\u00e9duire encore plus la pression des couteaux d\u2019\u00e9branchage contre la tige sans aucun risque de chute de la tige. Si la tige se met \u00e0 glisser, LogHold r\u00e9agit imm\u00e9diatement et augmente la pression de serrage \u00e0 un niveau suffisant pour maintenir la tige dans la position optimale. L\u2019augmentation du diam\u00e8tre avant la r\u00e9action de LogHold est d\u00e9finie individuellement pour chaque esp\u00e8ce d\u2019arbre dans le syst\u00e8me de commande.<\/p><\/div><\/div>\t\t\t\t<\/div>\n\t\t\t\t<\/div>\n\t\t\t\t<div class=\"elementor-element elementor-element-b4b3831 elementor-position-right box-shadow elementor-vertical-align-top elementor-widget elementor-widget-global elementor-global-5858 elementor-global-743 elementor-widget-image-box\" data-id=\"b4b3831\" data-element_type=\"widget\" data-e-type=\"widget\" data-widget_type=\"image-box.default\">\n\t\t\t\t<div class=\"elementor-widget-container\">\n\t\t\t\t\t<div class=\"elementor-image-box-wrapper\"><figure class=\"elementor-image-box-img\"><img loading=\"lazy\" decoding=\"async\" width=\"500\" height=\"333\" src=\"http:\/\/spmaskiner.dev03.extrude.se\/wp-content\/uploads\/2021\/03\/vinkladematarhjul.jpg\" class=\"attachment-full size-full wp-image-736\" alt=\"\" srcset=\"http:\/\/spmaskiner.dev03.extrude.se\/wp-content\/uploads\/2021\/03\/vinkladematarhjul.jpg 500w, http:\/\/spmaskiner.dev03.extrude.se\/wp-content\/uploads\/2021\/03\/vinkladematarhjul-300x200.jpg 300w\" sizes=\"(max-width: 500px) 100vw, 500px\" \/><\/figure><div class=\"elementor-image-box-content\"><h3 class=\"elementor-image-box-title\">L\u2019angle proportionnel des rouleaux d\u2019entra\u00eenement<\/h3><p class=\"elementor-image-box-description\">modifie leur angle et leur capacit\u00e9 de charge en fonction du diam\u00e8tre de la tige. Lorsqu\u2019ils sont enti\u00e8rement ouverts pour le traitement d\u2019une tige d\u2019un diam\u00e8tre extr\u00eamement grand, les rouleaux d\u2019entra\u00eenement sont r\u00e9gl\u00e9s sur leur angle le plus large et offrent donc une capacit\u00e9 de charge maximale contre la tige. Ceci minimise la pression des couteaux d\u2019\u00e9branchage, ce qui r\u00e9duit le frottement et permet \u00e0 la t\u00eate d\u2019entra\u00eener plus rapidement et plus facilement la tige. Lorsque les rouleaux d\u2019entra\u00eenement sont ferm\u00e9s, cette solution unique permet d\u2019obtenir une t\u00eate tr\u00e8s \u00e9troite et agile aux dimensions compactes.<\/p><\/div><\/div>\t\t\t\t<\/div>\n\t\t\t\t<\/div>\n\t\t\t\t<div class=\"elementor-element elementor-element-c4b63c1 elementor-position-right box-shadow elementor-vertical-align-top elementor-widget elementor-widget-global elementor-global-5860 elementor-global-1114 elementor-widget-image-box\" data-id=\"c4b63c1\" data-element_type=\"widget\" data-e-type=\"widget\" data-widget_type=\"image-box.default\">\n\t\t\t\t<div class=\"elementor-widget-container\">\n\t\t\t\t\t<div class=\"elementor-image-box-wrapper\"><figure class=\"elementor-image-box-img\"><img decoding=\"async\" src=\"http:\/\/spmaskiner.dev03.extrude.se\/wp-content\/uploads\/elementor\/thumbs\/LogHold-px5rhdxjomdn8367qdvths4bacu72kyptrozeszakg.jpg\" title=\"LogHold\" alt=\"LogHold\" loading=\"lazy\" \/><\/figure><div class=\"elementor-image-box-content\"><h3 class=\"elementor-image-box-title\">Le syst\u00e8me hydraulique optimal<\/h3><p class=\"elementor-image-box-description\">minimise les chutes de pression gr\u00e2ce \u00e0 la taille et \u00e0 la conception des composants hydrauliques, par exemple les moteurs, les syst\u00e8mes de soupapes, les raccords et les flexibles. Ceci permet d\u2019obtenir une haute efficacit\u00e9 \u00e9nerg\u00e9tique et la consommation de carburant la plus faible possible par m\u00e8tre cube de bois abattu, tout en maximisant la puissance et la productivit\u00e9 pendant l\u2019entra\u00eenement, l\u2019\u00e9branchage et la coupe. Dans le concept de faible frottement SP, les t\u00eates ne comportent que deux moteurs de rouleaux, ce qui permet de r\u00e9duire consid\u00e9rablement le nombre de flexibles, de raccords et de coudes, donc de minimiser les pertes dans le syst\u00e8me hydraulique. Les faibles pertes de pression r\u00e9duisent \u00e9galement la g\u00e9n\u00e9ration de chaleur dans le syst\u00e8me hydraulique, ce qui am\u00e9liore la dur\u00e9e de service de nombreux composants de la machine gr\u00e2ce \u00e0 une r\u00e9duction de l\u2019usure et des besoins d\u2019entretien. <\/p><\/div><\/div>\t\t\t\t<\/div>\n\t\t\t\t<\/div>\n\t\t\t\t<div class=\"elementor-element elementor-element-031670a elementor-widget elementor-widget-heading\" data-id=\"031670a\" data-element_type=\"widget\" data-e-type=\"widget\" data-widget_type=\"heading.default\">\n\t\t\t\t<div class=\"elementor-widget-container\">\n\t\t\t\t\t<h2 class=\"elementor-heading-title elementor-size-xl\">Les couteaux d\u2019\u00e9branchage<\/h2>\t\t\t\t<\/div>\n\t\t\t\t<\/div>\n\t\t\t\t\t<\/div>\n\t\t<\/div>\n\t\t\t\t\t<\/div>\n\t\t<\/section>\n\t\t\t\t<section class=\"elementor-section elementor-inner-section elementor-element elementor-element-8605118 elementor-section-boxed elementor-section-height-default elementor-section-height-default\" data-id=\"8605118\" data-element_type=\"section\" data-e-type=\"section\">\n\t\t\t\t\t\t<div class=\"elementor-container elementor-column-gap-default\">\n\t\t\t\t\t<div class=\"elementor-column elementor-col-50 elementor-inner-column elementor-element elementor-element-ac37135\" data-id=\"ac37135\" data-element_type=\"column\" data-e-type=\"column\">\n\t\t\t<div class=\"elementor-widget-wrap elementor-element-populated\">\n\t\t\t\t\t\t<div class=\"elementor-element elementor-element-1cf5ebf elementor-widget elementor-widget-heading\" data-id=\"1cf5ebf\" data-element_type=\"widget\" data-e-type=\"widget\" data-widget_type=\"heading.default\">\n\t\t\t\t<div class=\"elementor-widget-container\">\n\t\t\t\t\t<h2 class=\"elementor-heading-title elementor-size-default\">Maximise<\/h2>\t\t\t\t<\/div>\n\t\t\t\t<\/div>\n\t\t\t\t<div class=\"elementor-element elementor-element-6e91edd elementor-icon-list--layout-traditional elementor-list-item-link-full_width elementor-widget elementor-widget-icon-list\" data-id=\"6e91edd\" data-element_type=\"widget\" data-e-type=\"widget\" data-widget_type=\"icon-list.default\">\n\t\t\t\t<div class=\"elementor-widget-container\">\n\t\t\t\t\t\t\t<ul class=\"elementor-icon-list-items\">\n\t\t\t\t\t\t\t<li class=\"elementor-icon-list-item\">\n\t\t\t\t\t\t\t\t\t\t\t<span class=\"elementor-icon-list-icon\">\n\t\t\t\t\t\t\t<i aria-hidden=\"true\" class=\"fas fa-square-full\"><\/i>\t\t\t\t\t\t<\/span>\n\t\t\t\t\t\t\t\t\t\t<span class=\"elementor-icon-list-text\">Vitesse d\u2019entra\u00eenement<\/span>\n\t\t\t\t\t\t\t\t\t<\/li>\n\t\t\t\t\t\t\t\t<li class=\"elementor-icon-list-item\">\n\t\t\t\t\t\t\t\t\t\t\t<span class=\"elementor-icon-list-icon\">\n\t\t\t\t\t\t\t<i aria-hidden=\"true\" class=\"fas fa-square-full\"><\/i>\t\t\t\t\t\t<\/span>\n\t\t\t\t\t\t\t\t\t\t<span class=\"elementor-icon-list-text\">Performances<\/span>\n\t\t\t\t\t\t\t\t\t<\/li>\n\t\t\t\t\t\t\t\t<li class=\"elementor-icon-list-item\">\n\t\t\t\t\t\t\t\t\t\t\t<span class=\"elementor-icon-list-icon\">\n\t\t\t\t\t\t\t<i aria-hidden=\"true\" class=\"fas fa-square-full\"><\/i>\t\t\t\t\t\t<\/span>\n\t\t\t\t\t\t\t\t\t\t<span class=\"elementor-icon-list-text\">Productivit\u00e9<\/span>\n\t\t\t\t\t\t\t\t\t<\/li>\n\t\t\t\t\t\t\t\t<li class=\"elementor-icon-list-item\">\n\t\t\t\t\t\t\t\t\t\t\t<span class=\"elementor-icon-list-icon\">\n\t\t\t\t\t\t\t<i aria-hidden=\"true\" class=\"fas fa-square-full\"><\/i>\t\t\t\t\t\t<\/span>\n\t\t\t\t\t\t\t\t\t\t<span class=\"elementor-icon-list-text\">Rentabilit\u00e9<\/span>\n\t\t\t\t\t\t\t\t\t<\/li>\n\t\t\t\t\t\t\t\t<li class=\"elementor-icon-list-item\">\n\t\t\t\t\t\t\t\t\t\t\t<span class=\"elementor-icon-list-icon\">\n\t\t\t\t\t\t\t<i aria-hidden=\"true\" class=\"fas fa-square-full\"><\/i>\t\t\t\t\t\t<\/span>\n\t\t\t\t\t\t\t\t\t\t<span class=\"elementor-icon-list-text\">Disponibilit\u00e9<\/span>\n\t\t\t\t\t\t\t\t\t<\/li>\n\t\t\t\t\t\t<\/ul>\n\t\t\t\t\t\t<\/div>\n\t\t\t\t<\/div>\n\t\t\t\t\t<\/div>\n\t\t<\/div>\n\t\t\t\t<div class=\"elementor-column elementor-col-50 elementor-inner-column elementor-element elementor-element-a449d85\" data-id=\"a449d85\" data-element_type=\"column\" data-e-type=\"column\">\n\t\t\t<div class=\"elementor-widget-wrap elementor-element-populated\">\n\t\t\t\t\t\t<div class=\"elementor-element elementor-element-71a4967 elementor-widget elementor-widget-heading\" data-id=\"71a4967\" data-element_type=\"widget\" data-e-type=\"widget\" data-widget_type=\"heading.default\">\n\t\t\t\t<div class=\"elementor-widget-container\">\n\t\t\t\t\t<h2 class=\"elementor-heading-title elementor-size-default\">Minimise<\/h2>\t\t\t\t<\/div>\n\t\t\t\t<\/div>\n\t\t\t\t<div class=\"elementor-element elementor-element-93c3969 elementor-icon-list--layout-traditional elementor-list-item-link-full_width elementor-widget elementor-widget-icon-list\" data-id=\"93c3969\" data-element_type=\"widget\" data-e-type=\"widget\" data-widget_type=\"icon-list.default\">\n\t\t\t\t<div class=\"elementor-widget-container\">\n\t\t\t\t\t\t\t<ul class=\"elementor-icon-list-items\">\n\t\t\t\t\t\t\t<li class=\"elementor-icon-list-item\">\n\t\t\t\t\t\t\t\t\t\t\t<span class=\"elementor-icon-list-icon\">\n\t\t\t\t\t\t\t<i aria-hidden=\"true\" class=\"fas fa-square-full\"><\/i>\t\t\t\t\t\t<\/span>\n\t\t\t\t\t\t\t\t\t\t<span class=\"elementor-icon-list-text\">Frottement entre la t\u00eate et la tige<\/span>\n\t\t\t\t\t\t\t\t\t<\/li>\n\t\t\t\t\t\t\t\t<li class=\"elementor-icon-list-item\">\n\t\t\t\t\t\t\t\t\t\t\t<span class=\"elementor-icon-list-icon\">\n\t\t\t\t\t\t\t<i aria-hidden=\"true\" class=\"fas fa-square-full\"><\/i>\t\t\t\t\t\t<\/span>\n\t\t\t\t\t\t\t\t\t\t<span class=\"elementor-icon-list-text\">Usure de la t\u00eate<\/span>\n\t\t\t\t\t\t\t\t\t<\/li>\n\t\t\t\t\t\t\t\t<li class=\"elementor-icon-list-item\">\n\t\t\t\t\t\t\t\t\t\t\t<span class=\"elementor-icon-list-icon\">\n\t\t\t\t\t\t\t<i aria-hidden=\"true\" class=\"fas fa-square-full\"><\/i>\t\t\t\t\t\t<\/span>\n\t\t\t\t\t\t\t\t\t\t<span class=\"elementor-icon-list-text\">Endommagement de la tige<\/span>\n\t\t\t\t\t\t\t\t\t<\/li>\n\t\t\t\t\t\t\t\t<li class=\"elementor-icon-list-item\">\n\t\t\t\t\t\t\t\t\t\t\t<span class=\"elementor-icon-list-icon\">\n\t\t\t\t\t\t\t<i aria-hidden=\"true\" class=\"fas fa-square-full\"><\/i>\t\t\t\t\t\t<\/span>\n\t\t\t\t\t\t\t\t\t\t<span class=\"elementor-icon-list-text\">Consommation de carburant de la machine de base<\/span>\n\t\t\t\t\t\t\t\t\t<\/li>\n\t\t\t\t\t\t\t\t<li class=\"elementor-icon-list-item\">\n\t\t\t\t\t\t\t\t\t\t\t<span class=\"elementor-icon-list-icon\">\n\t\t\t\t\t\t\t<i aria-hidden=\"true\" class=\"fas fa-square-full\"><\/i>\t\t\t\t\t\t<\/span>\n\t\t\t\t\t\t\t\t\t\t<span class=\"elementor-icon-list-text\">Co\u00fbts d\u2019entretien et de r\u00e9paration <\/span>\n\t\t\t\t\t\t\t\t\t<\/li>\n\t\t\t\t\t\t<\/ul>\n\t\t\t\t\t\t<\/div>\n\t\t\t\t<\/div>\n\t\t\t\t\t<\/div>\n\t\t<\/div>\n\t\t\t\t\t<\/div>\n\t\t<\/section>\n\t\t\t\t\t<\/div>\n\t\t<\/div>\n\t\t\t\t\t<\/div>\n\t\t<\/section>\n\t\t\t\t<\/div>\n\t\t","protected":false},"excerpt":{"rendered":"<p>Concept de faible frottement Le concept de faible frottement comprend cinq innovations et solutions, toutes con\u00e7ues avec soin pour maximiser la production, optimiser la consommation d\u2019\u00e9nergie et de carburant et r\u00e9duire consid\u00e9rablement les co\u00fbts de maintenance. Ensemble, ces cinq solutions constituent une combinaison imbattable qui permet \u00e0 SP de proposer des t\u00eates offrant des propri\u00e9t\u00e9s [&hellip;]<\/p>\n","protected":false},"author":1,"featured_media":0,"parent":5840,"menu_order":10,"comment_status":"closed","ping_status":"closed","template":"elementor_header_footer","meta":{"_acf_changed":false,"site-sidebar-layout":"no-sidebar","site-content-layout":"page-builder","ast-site-content-layout":"default","site-content-style":"default","site-sidebar-style":"default","ast-global-header-display":"","ast-banner-title-visibility":"","ast-main-header-display":"","ast-hfb-above-header-display":"","ast-hfb-below-header-display":"","ast-hfb-mobile-header-display":"","site-post-title":"disabled","ast-breadcrumbs-content":"","ast-featured-img":"disabled","footer-sml-layout":"","ast-disable-related-posts":"","theme-transparent-header-meta":"default","adv-header-id-meta":"","stick-header-meta":"","header-above-stick-meta":"","header-main-stick-meta":"","header-below-stick-meta":"","astra-migrate-meta-layouts":"default","ast-page-background-enabled":"default","ast-page-background-meta":{"desktop":{"background-color":"","background-image":"","background-repeat":"repeat","background-position":"center center","background-size":"auto","background-attachment":"scroll","background-type":"","background-media":"","overlay-type":"","overlay-color":"","overlay-opacity":"","overlay-gradient":""},"tablet":{"background-color":"","background-image":"","background-repeat":"repeat","background-position":"center center","background-size":"auto","background-attachment":"scroll","background-type":"","background-media":"","overlay-type":"","overlay-color":"","overlay-opacity":"","overlay-gradient":""},"mobile":{"background-color":"","background-image":"","background-repeat":"repeat","background-position":"center center","background-size":"auto","background-attachment":"scroll","background-type":"","background-media":"","overlay-type":"","overlay-color":"","overlay-opacity":"","overlay-gradient":""}},"ast-content-background-meta":{"desktop":{"background-color":"var(--ast-global-color-5)","background-image":"","background-repeat":"repeat","background-position":"center center","background-size":"auto","background-attachment":"scroll","background-type":"","background-media":"","overlay-type":"","overlay-color":"","overlay-opacity":"","overlay-gradient":""},"tablet":{"background-color":"var(--ast-global-color-5)","background-image":"","background-repeat":"repeat","background-position":"center center","background-size":"auto","background-attachment":"scroll","background-type":"","background-media":"","overlay-type":"","overlay-color":"","overlay-opacity":"","overlay-gradient":""},"mobile":{"background-color":"var(--ast-global-color-5)","background-image":"","background-repeat":"repeat","background-position":"center center","background-size":"auto","background-attachment":"scroll","background-type":"","background-media":"","overlay-type":"","overlay-color":"","overlay-opacity":"","overlay-gradient":""}},"footnotes":""},"class_list":["post-5844","page","type-page","status-publish","hentry"],"acf":[],"_links":{"self":[{"href":"http:\/\/spmaskiner.dev03.extrude.se\/fr\/wp-json\/wp\/v2\/pages\/5844","targetHints":{"allow":["GET"]}}],"collection":[{"href":"http:\/\/spmaskiner.dev03.extrude.se\/fr\/wp-json\/wp\/v2\/pages"}],"about":[{"href":"http:\/\/spmaskiner.dev03.extrude.se\/fr\/wp-json\/wp\/v2\/types\/page"}],"author":[{"embeddable":true,"href":"http:\/\/spmaskiner.dev03.extrude.se\/fr\/wp-json\/wp\/v2\/users\/1"}],"replies":[{"embeddable":true,"href":"http:\/\/spmaskiner.dev03.extrude.se\/fr\/wp-json\/wp\/v2\/comments?post=5844"}],"version-history":[{"count":0,"href":"http:\/\/spmaskiner.dev03.extrude.se\/fr\/wp-json\/wp\/v2\/pages\/5844\/revisions"}],"up":[{"embeddable":true,"href":"http:\/\/spmaskiner.dev03.extrude.se\/fr\/wp-json\/wp\/v2\/pages\/5840"}],"wp:attachment":[{"href":"http:\/\/spmaskiner.dev03.extrude.se\/fr\/wp-json\/wp\/v2\/media?parent=5844"}],"curies":[{"name":"wp","href":"https:\/\/api.w.org\/{rel}","templated":true}]}}