{"id":5796,"date":"2021-04-09T14:08:08","date_gmt":"2021-04-09T12:08:08","guid":{"rendered":"http:\/\/spmaskiner.dev03.extrude.se\/tetes-dabattage\/tetes-dabattage-e\/tetes-dabattage-sp-661-e\/avantages-pour-les-clients\/"},"modified":"2021-09-21T16:48:50","modified_gmt":"2021-09-21T14:48:50","slug":"avantages-pour-les-clients","status":"publish","type":"page","link":"http:\/\/spmaskiner.dev03.extrude.se\/fr\/tetes-dabattage\/tetes-dabattage-e\/tetes-dabattage-sp-661-e\/avantages-pour-les-clients\/","title":{"rendered":"Avantages pour les clients"},"content":{"rendered":"\t\t<div data-elementor-type=\"wp-page\" data-elementor-id=\"5796\" class=\"elementor elementor-5796 elementor-3282\" data-elementor-post-type=\"page\">\n\t\t\t\t\t\t<section class=\"elementor-section elementor-top-section elementor-element elementor-element-2d048f43 elementor-section-height-min-height elementor-section-items-top elementor-section-boxed elementor-section-height-default\" data-id=\"2d048f43\" data-element_type=\"section\" data-e-type=\"section\" data-settings=\"{&quot;background_background&quot;:&quot;classic&quot;}\">\n\t\t\t\t\t\t<div class=\"elementor-container elementor-column-gap-default\">\n\t\t\t\t\t<div class=\"elementor-column elementor-col-50 elementor-top-column elementor-element elementor-element-677623be\" data-id=\"677623be\" data-element_type=\"column\" data-e-type=\"column\" data-settings=\"{&quot;background_background&quot;:&quot;classic&quot;}\">\n\t\t\t<div class=\"elementor-widget-wrap elementor-element-populated\">\n\t\t\t\t\t\t<div class=\"elementor-element elementor-element-3a1c62bf elementor-widget__width-auto elementor-widget elementor-widget-heading\" data-id=\"3a1c62bf\" data-element_type=\"widget\" data-e-type=\"widget\" data-widget_type=\"heading.default\">\n\t\t\t\t<div class=\"elementor-widget-container\">\n\t\t\t\t\t<h2 class=\"elementor-heading-title elementor-size-default\">SP 661 E<\/h2>\t\t\t\t<\/div>\n\t\t\t\t<\/div>\n\t\t\t\t\t<\/div>\n\t\t<\/div>\n\t\t\t\t<div class=\"elementor-column elementor-col-50 elementor-top-column elementor-element elementor-element-23f5f463\" data-id=\"23f5f463\" data-element_type=\"column\" data-e-type=\"column\" data-settings=\"{&quot;background_background&quot;:&quot;classic&quot;}\">\n\t\t\t<div class=\"elementor-widget-wrap\">\n\t\t\t\t\t\t\t<\/div>\n\t\t<\/div>\n\t\t\t\t\t<\/div>\n\t\t<\/section>\n\t\t\t\t<section class=\"elementor-section elementor-top-section elementor-element elementor-element-1245f4f6 elementor-section-full_width elementor-section-height-default elementor-section-height-default\" data-id=\"1245f4f6\" data-element_type=\"section\" data-e-type=\"section\">\n\t\t\t\t\t\t<div class=\"elementor-container elementor-column-gap-default\">\n\t\t\t\t\t<div class=\"elementor-column elementor-col-100 elementor-top-column elementor-element elementor-element-4698a2c2\" data-id=\"4698a2c2\" data-element_type=\"column\" data-e-type=\"column\">\n\t\t\t<div class=\"elementor-widget-wrap elementor-element-populated\">\n\t\t\t\t\t\t<div class=\"elementor-element elementor-element-886ff1d elementor-nav-menu__align-center elementor-nav-menu--dropdown-mobile elementor-nav-menu__text-align-aside elementor-nav-menu--toggle elementor-nav-menu--burger elementor-widget elementor-widget-global elementor-global-3292 elementor-widget-nav-menu\" data-id=\"886ff1d\" data-element_type=\"widget\" data-e-type=\"widget\" id=\"product-menu\" data-settings=\"{&quot;layout&quot;:&quot;horizontal&quot;,&quot;submenu_icon&quot;:{&quot;value&quot;:&quot;fas fa-caret-down&quot;,&quot;library&quot;:&quot;fa-solid&quot;},&quot;toggle&quot;:&quot;burger&quot;}\" data-widget_type=\"nav-menu.default\">\n\t\t\t\t<div class=\"elementor-widget-container\">\n\t\t\t\t\t\t\t\t<nav aria-label=\"Menu\" class=\"elementor-nav-menu--main elementor-nav-menu__container elementor-nav-menu--layout-horizontal e--pointer-background e--animation-fade\">\n\t\t\t\t<ul id=\"menu-1-886ff1d\" class=\"elementor-nav-menu\"><li class=\"menu-item menu-item-type-post_type menu-item-object-page menu-item-6003\"><a href=\"http:\/\/spmaskiner.dev03.extrude.se\/fr\/tetes-dabattage\/tetes-dabattage-e\/tetes-dabattage-sp-661-e\/\" class=\"elementor-item menu-link\">Information produit<\/a><\/li>\n<li class=\"menu-item menu-item-type-post_type menu-item-object-page menu-item-6004\"><a href=\"http:\/\/spmaskiner.dev03.extrude.se\/fr\/tetes-dabattage\/tetes-dabattage-e\/tetes-dabattage-sp-661-e\/sp-661-e-caracteristiques-techniques\/\" title=\"Tekniska data \u2013 Sk\u00f6rdaraggregat SP 661 E\" class=\"elementor-item menu-link\">Caract\u00e9ristiques techniques<\/a><\/li>\n<li class=\"menu-item menu-item-type-post_type menu-item-object-page menu-item-6005\"><a href=\"http:\/\/spmaskiner.dev03.extrude.se\/fr\/tetes-dabattage\/tetes-dabattage-e\/tetes-dabattage-sp-661-e\/avantages-pour-les-clients\/\" title=\"Kundf\u00f6rdelar \u2013 Sk\u00f6rdaraggregat SP 661 E\" class=\"elementor-item menu-link\">Avantages pour les clients<\/a><\/li>\n<li class=\"menu-item menu-item-type-post_type menu-item-object-page menu-item-6006\"><a href=\"http:\/\/spmaskiner.dev03.extrude.se\/fr\/tetes-dabattage\/tetes-dabattage-e\/tetes-dabattage-sp-661-e\/systemes-de-commande\/\" class=\"elementor-item menu-link\">Syst\u00e8mes de commande<\/a><\/li>\n<li class=\"menu-item menu-item-type-post_type menu-item-object-page menu-item-6007\"><a href=\"http:\/\/spmaskiner.dev03.extrude.se\/fr\/tetes-dabattage\/tetes-dabattage-e\/tetes-dabattage-sp-661-e\/accessoires-et-equipement\/\" title=\" Tillbeh\u00f6r &#038; utrustning \u2013 Sk\u00f6rdaraggregat SP 661 E\" class=\"elementor-item menu-link\">Accessoires et \u00e9quipement<\/a><\/li>\n<\/ul>\t\t\t<\/nav>\n\t\t\t\t\t<div class=\"elementor-menu-toggle\" role=\"button\" tabindex=\"0\" aria-label=\"Permuter le menu\" aria-expanded=\"false\">\n\t\t\t<i aria-hidden=\"true\" role=\"presentation\" class=\"elementor-menu-toggle__icon--open eicon-menu-bar\"><\/i><i aria-hidden=\"true\" role=\"presentation\" class=\"elementor-menu-toggle__icon--close eicon-close\"><\/i>\t\t<\/div>\n\t\t\t\t\t<nav class=\"elementor-nav-menu--dropdown elementor-nav-menu__container\" aria-hidden=\"true\">\n\t\t\t\t<ul id=\"menu-2-886ff1d\" class=\"elementor-nav-menu\"><li class=\"menu-item menu-item-type-post_type menu-item-object-page menu-item-6003\"><a href=\"http:\/\/spmaskiner.dev03.extrude.se\/fr\/tetes-dabattage\/tetes-dabattage-e\/tetes-dabattage-sp-661-e\/\" class=\"elementor-item menu-link\" tabindex=\"-1\">Information produit<\/a><\/li>\n<li class=\"menu-item menu-item-type-post_type menu-item-object-page menu-item-6004\"><a href=\"http:\/\/spmaskiner.dev03.extrude.se\/fr\/tetes-dabattage\/tetes-dabattage-e\/tetes-dabattage-sp-661-e\/sp-661-e-caracteristiques-techniques\/\" title=\"Tekniska data \u2013 Sk\u00f6rdaraggregat SP 661 E\" class=\"elementor-item menu-link\" tabindex=\"-1\">Caract\u00e9ristiques techniques<\/a><\/li>\n<li class=\"menu-item menu-item-type-post_type menu-item-object-page menu-item-6005\"><a href=\"http:\/\/spmaskiner.dev03.extrude.se\/fr\/tetes-dabattage\/tetes-dabattage-e\/tetes-dabattage-sp-661-e\/avantages-pour-les-clients\/\" title=\"Kundf\u00f6rdelar \u2013 Sk\u00f6rdaraggregat SP 661 E\" class=\"elementor-item menu-link\" tabindex=\"-1\">Avantages pour les clients<\/a><\/li>\n<li class=\"menu-item menu-item-type-post_type menu-item-object-page menu-item-6006\"><a href=\"http:\/\/spmaskiner.dev03.extrude.se\/fr\/tetes-dabattage\/tetes-dabattage-e\/tetes-dabattage-sp-661-e\/systemes-de-commande\/\" class=\"elementor-item menu-link\" tabindex=\"-1\">Syst\u00e8mes de commande<\/a><\/li>\n<li class=\"menu-item menu-item-type-post_type menu-item-object-page menu-item-6007\"><a href=\"http:\/\/spmaskiner.dev03.extrude.se\/fr\/tetes-dabattage\/tetes-dabattage-e\/tetes-dabattage-sp-661-e\/accessoires-et-equipement\/\" title=\" Tillbeh\u00f6r &#038; utrustning \u2013 Sk\u00f6rdaraggregat SP 661 E\" class=\"elementor-item menu-link\" tabindex=\"-1\">Accessoires et \u00e9quipement<\/a><\/li>\n<\/ul>\t\t\t<\/nav>\n\t\t\t\t\t\t<\/div>\n\t\t\t\t<\/div>\n\t\t\t\t\t<\/div>\n\t\t<\/div>\n\t\t\t\t\t<\/div>\n\t\t<\/section>\n\t\t\t\t<section class=\"elementor-section elementor-top-section elementor-element elementor-element-45f75c68 elementor-section-boxed elementor-section-height-default elementor-section-height-default\" data-id=\"45f75c68\" data-element_type=\"section\" data-e-type=\"section\">\n\t\t\t\t\t\t<div class=\"elementor-container elementor-column-gap-default\">\n\t\t\t\t\t<div class=\"elementor-column elementor-col-100 elementor-top-column elementor-element elementor-element-5b017ccc\" data-id=\"5b017ccc\" data-element_type=\"column\" data-e-type=\"column\">\n\t\t\t<div class=\"elementor-widget-wrap elementor-element-populated\">\n\t\t\t\t\t\t<div class=\"elementor-element elementor-element-fb7f566 elementor-widget elementor-widget-heading\" data-id=\"fb7f566\" data-element_type=\"widget\" data-e-type=\"widget\" data-widget_type=\"heading.default\">\n\t\t\t\t<div class=\"elementor-widget-container\">\n\t\t\t\t\t<h1 class=\"elementor-heading-title elementor-size-default\">Avantages pour les clients - T\u00eates d\u2019abattage SP 661 E<\/h1>\t\t\t\t<\/div>\n\t\t\t\t<\/div>\n\t\t\t\t<div class=\"elementor-element elementor-element-40666573 elementor-widget elementor-widget-text-editor\" data-id=\"40666573\" data-element_type=\"widget\" data-e-type=\"widget\" data-widget_type=\"text-editor.default\">\n\t\t\t\t<div class=\"elementor-widget-container\">\n\t\t\t\t\t\t\t\t\t<div class=\"elementor-element elementor-element-40666573 elementor-widget elementor-widget-text-editor\" data-id=\"40666573\" data-element_type=\"widget\" data-widget_type=\"text-editor.default\">\n<div class=\"elementor-widget-container\">\n<div class=\"elementor-text-editor elementor-clearfix\">\n<div class=\"elementor-element elementor-element-40666573 elementor-widget elementor-widget-text-editor\" data-id=\"40666573\" data-element_type=\"widget\" data-widget_type=\"text-editor.default\">\n<div class=\"elementor-widget-container\">\n<div class=\"elementor-text-editor elementor-clearfix\">\n<div class=\"elementor-element elementor-element-475de39 elementor-widget elementor-widget-text-editor\" data-id=\"475de39\" data-element_type=\"widget\" data-widget_type=\"text-editor.default\">\n<div class=\"elementor-widget-container\">\n<div class=\"elementor-text-editor elementor-clearfix\">\n<h2>D\u00e9tails<\/h2>\n<div>Toutes nos t\u00eates d\u2019abattage ont des fonctions utiles et ing\u00e9nieuses. Cliquez sur les croix cercl\u00e9es pour en savoir plus.<\/div>\n<\/div>\n<\/div>\n<\/div>\n<\/div>\n<\/div>\n<\/div>\n<\/div>\n<\/div>\n<\/div>\n\t\t\t\t\t\t\t\t<\/div>\n\t\t\t\t<\/div>\n\t\t\t\t\t<\/div>\n\t\t<\/div>\n\t\t\t\t\t<\/div>\n\t\t<\/section>\n\t\t\t\t<section class=\"elementor-section elementor-top-section elementor-element elementor-element-7e11b637 detaljer elementor-section-boxed elementor-section-height-default elementor-section-height-default\" data-id=\"7e11b637\" data-element_type=\"section\" data-e-type=\"section\" id=\"detaljer-sp661e\" data-settings=\"{&quot;background_background&quot;:&quot;classic&quot;}\">\n\t\t\t\t\t\t<div class=\"elementor-container elementor-column-gap-default\">\n\t\t\t\t\t<div class=\"elementor-column elementor-col-50 elementor-top-column elementor-element elementor-element-b1557c3\" data-id=\"b1557c3\" data-element_type=\"column\" data-e-type=\"column\">\n\t\t\t<div class=\"elementor-widget-wrap elementor-element-populated\">\n\t\t\t\t\t\t<div class=\"elementor-element elementor-element-33200ca2 elementor-widget elementor-widget-text-editor\" data-id=\"33200ca2\" data-element_type=\"widget\" data-e-type=\"widget\" data-widget_type=\"text-editor.default\">\n\t\t\t\t<div class=\"elementor-widget-container\">\n\t\t\t\t\t\t\t\t\t<div class=\"hotspot\"><img decoding=\"async\" class=\"img-responsive\" src=\"\/wp-content\/themes\/spmaskiner\/images\/hotspots\/sp661e-hotspot-1.jpg\" \/><\/p>\n<div class=\"spots\">\n<div id=\"spot-01\"><a class=\"popoverBtn\" data-popupcontent=\"1\" data-placement=\"top\" data-content=\"Le couteau sup\u00e9rieur est coul\u00e9 en acier haute r\u00e9sistance pour offrir la meilleure durabilit\u00e9.  Le couteau est form\u00e9 pour permettre d\u2019effectuer un \u00e9cor\u00e7age optimal et efficace.\n\n \"><br \/>\n<i class=\"fa fa-2x fa-plus-circle animated infinite pulse\" aria-hidden=\"true\"><\/i><br \/>\n<\/a><\/div>\n<div id=\"spot-02\"><a class=\"popoverBtn\" data-popupcontent=\"1\" data-placement=\"top\" data-content=\"Des capteurs sans axe pour la mesure du diam\u00e8tre et un emplacement parfaitement prot\u00e9g\u00e9 permettent d\u2019obtenir une fiabilit\u00e9 et une dur\u00e9e de service optimales.\n \"><br \/>\n<i class=\"fa fa-2x fa-plus-circle animated infinite pulse\" aria-hidden=\"true\"><\/i><br \/>\n<\/a><\/div>\n<div id=\"spot-03\"><a class=\"popoverBtn\" data-popupcontent=\"1\" data-placement=\"top\" data-content=\"Des capteurs sans axe pour la mesure du diam\u00e8tre et un emplacement parfaitement prot\u00e9g\u00e9 permettent d\u2019obtenir une fiabilit\u00e9 et une dur\u00e9e de service optimales.\n \"><br \/>\n<i class=\"fa fa-2x fa-plus-circle animated infinite pulse\" aria-hidden=\"true\"><\/i><br \/>\n<\/a><\/div>\n<div id=\"spot-04\"><a class=\"popoverBtn\" data-popupcontent=\"1\" data-placement=\"bottom\" data-content=\"Deux d\u00e9flecteurs d\u2019\u00e9corce dans le cadre optimisent l\u2019\u00e9cor\u00e7age et r\u00e9duisent l\u2019usure du cadre. Les d\u00e9flecteurs d\u2019\u00e9corce sont boulonn\u00e9s pour faciliter l\u2019entretien et le remplacement.\n \"><br \/>\n<i class=\"fa fa-2x fa-plus-circle animated infinite pulse\" aria-hidden=\"true\"><\/i><br \/>\n<\/a><\/div>\n<div id=\"spot-05\"><a class=\"popoverBtn\" data-popupcontent=\"1\" data-placement=\"top\" data-content=\"Deux d\u00e9flecteurs d\u2019\u00e9corce dans le cadre optimisent l\u2019\u00e9cor\u00e7age et r\u00e9duisent l\u2019usure du cadre. Les d\u00e9flecteurs d\u2019\u00e9corce sont boulonn\u00e9s pour faciliter l\u2019entretien et le remplacement.\n \"><br \/>\n<i class=\"fa fa-2x fa-plus-circle animated infinite pulse\" aria-hidden=\"true\"><\/i><br \/>\n<\/a><\/div>\n<div id=\"spot-06\"><a class=\"popoverBtn\" data-popupcontent=\"1\" data-placement=\"top\" data-content=\"La suspension de roues unique produit une capacit\u00e9 de charge qui augmente avec la taille de la tige. Les pressions des couteaux peuvent donc \u00eatre maintenues \u00e0 un niveau tr\u00e8s bas, ce qui permet de minimiser le frottement et de maximiser la vitesse.\n\"><br \/>\n<i class=\"fa fa-2x fa-plus-circle animated infinite pulse\" aria-hidden=\"true\"><\/i><br \/>\n<\/a><\/div>\n<div id=\"spot-07\"><a class=\"popoverBtn\" data-popupcontent=\"1\" data-placement=\"top\" data-content=\"La suspension de roues unique produit une capacit\u00e9 de charge qui augmente avec la taille de la tige. Les pressions des couteaux peuvent donc \u00eatre maintenues \u00e0 un niveau tr\u00e8s bas, ce qui permet de minimiser le frottement et de maximiser la vitesse.\n \"><br \/>\n<i class=\"fa fa-2x fa-plus-circle animated infinite pulse\" aria-hidden=\"true\"><\/i><br \/>\n<\/a><\/div>\n<div id=\"spot-08\"><a class=\"popoverBtn\" data-popupcontent=\"1\" data-placement=\"top\" data-content=\"L\u2019unit\u00e9 de sciage est une Supercut 150, tr\u00e8s robuste et enti\u00e8rement automatique, avec lubrification de cha\u00eene int\u00e9gr\u00e9e et tension hydraulique de la cha\u00eene. L\u2019unit\u00e9 est pr\u00e9par\u00e9e pour l\u2019utilisation avec un guide .404 ou \u00be\u201d. Le moteur de scie de 32 cm3 et le syst\u00e8me \u00ab QuickCut \u00bb de SP assurent une coupe rapide et efficace. \n\"><br \/>\n<i class=\"fa fa-2x fa-plus-circle animated infinite pulse\" aria-hidden=\"true\"><\/i><br \/>\n<\/a><\/div>\n<\/div>\n<\/div>\n\t\t\t\t\t\t\t\t<\/div>\n\t\t\t\t<\/div>\n\t\t\t\t\t<\/div>\n\t\t<\/div>\n\t\t\t\t<div class=\"elementor-column elementor-col-50 elementor-top-column elementor-element elementor-element-57227670\" data-id=\"57227670\" data-element_type=\"column\" data-e-type=\"column\">\n\t\t\t<div class=\"elementor-widget-wrap elementor-element-populated\">\n\t\t\t\t\t\t<div class=\"elementor-element elementor-element-6f8b5c52 elementor-widget elementor-widget-text-editor\" data-id=\"6f8b5c52\" data-element_type=\"widget\" data-e-type=\"widget\" data-widget_type=\"text-editor.default\">\n\t\t\t\t<div class=\"elementor-widget-container\">\n\t\t\t\t\t\t\t\t\t<div class=\"hotspot\"><img decoding=\"async\" class=\"img-responsive\" src=\"\/wp-content\/themes\/spmaskiner\/images\/hotspots\/sp661e-hotspot-2.jpg\" \/><\/p>\n<div class=\"spots\">\n<div id=\"spot-09\"><a class=\"popoverBtn\" data-popupcontent=\"1\" data-placement=\"top\" data-content=\"Cadre inclin\u00e9 robuste et rigide pour une durabilit\u00e9 optimale. Pour \u00eatre prot\u00e9g\u00e9s au mieux, les deux v\u00e9rins d\u2019inclinaison sont plac\u00e9s \u00e0 l\u2019int\u00e9rieur du cadre inclin\u00e9.\n \"><br \/>\n<i class=\"fa fa-2x fa-plus-circle animated infinite pulse\" aria-hidden=\"true\"><\/i><br \/>\n<\/a><\/div>\n<div id=\"spot-10\"><a class=\"popoverBtn\" data-popupcontent=\"1\" data-placement=\"top\" data-content=\"La soupape hydraulique est une Parker L90\/K220. Une soupape tr\u00e8s fiable et efficace sp\u00e9cialement con\u00e7ue pour r\u00e9sister aux d\u00e9bits \u00e9lev\u00e9s et aux tr\u00e8s faibles chutes de pression.  Avec les pressions proportionnelles et le syst\u00e8me brevet\u00e9 LogHold de SP, ceci permet d\u2019obtenir une t\u00eate tr\u00e8s productive et rapide qui offre des performances impressionnantes et une faible consommation d\u2019\u00e9nergie.\n \"><br \/>\n<i class=\"fa fa-2x fa-plus-circle animated infinite pulse\" aria-hidden=\"true\"><\/i><br \/>\n<\/a><\/div>\n<div id=\"spot-11\"><a class=\"popoverBtn\" data-popupcontent=\"1\" data-placement=\"top\" data-content=\"Robuste couvercle de soupape rabattable \u00e0 charni\u00e8res pour un acc\u00e8s rapide et facile pour l\u2019entretien. L\u2019ajustement \u00e9troit emp\u00eache l\u2019accumulation de salet\u00e9s et de d\u00e9bris. Les bo\u00eetiers \u00e9lectriques sont plac\u00e9s \u00e0 l\u2019avant pour un acc\u00e8s rapide et facile.\n \"><br \/>\n<i class=\"fa fa-2x fa-plus-circle animated infinite pulse\" aria-hidden=\"true\"><\/i><br \/>\n<\/a><\/div>\n<div id=\"spot-12\"><a class=\"popoverBtn\" data-popupcontent=\"1\" data-placement=\"bottom\" data-content=\"Les v\u00e9rins d\u2019\u00e9branchage sont \u00e9quip\u00e9s d\u2019amortissement de fin de course afin de r\u00e9duire les chocs, les vibrations et l\u2019usure. \n \"><br \/>\n<i class=\"fa fa-2x fa-plus-circle animated infinite pulse\" aria-hidden=\"true\"><\/i><br \/>\n<\/a><\/div>\n<div id=\"spot-13\"><a class=\"popoverBtn\" data-popupcontent=\"1\" data-placement=\"top\" data-content=\"Les v\u00e9rins d\u2019\u00e9branchage sont \u00e9quip\u00e9s d\u2019amortissement de fin de course afin de r\u00e9duire les chocs, les vibrations et l\u2019usure. \n \"><br \/>\n<i class=\"fa fa-2x fa-plus-circle animated infinite pulse\" aria-hidden=\"true\"><\/i><br \/>\n<\/a><\/div>\n<div id=\"spot-14\"><a class=\"popoverBtn\" data-popupcontent=\"1\" data-placement=\"top\" data-content=\"Les trois couteaux d\u2019\u00e9branchage sont coul\u00e9s en acier haute r\u00e9sistance et pr\u00e9sentent une conception tr\u00e8s robuste pour une durabilit\u00e9 optimale. \nLes couteaux sont con\u00e7us pour effectuer un \u00e9cor\u00e7age optimal et efficace.\n \"><br \/>\n<i class=\"fa fa-2x fa-plus-circle animated infinite pulse\" aria-hidden=\"true\"><\/i><br \/>\n<\/a><\/div>\n<div id=\"spot-15\"><a class=\"popoverBtn\" data-popupcontent=\"1\" data-placement=\"top\" data-content=\"Les trois couteaux d\u2019\u00e9branchage sont coul\u00e9s en acier haute r\u00e9sistance et pr\u00e9sentent une conception tr\u00e8s robuste pour une durabilit\u00e9 optimale. \nLes couteaux sont con\u00e7us pour effectuer un \u00e9cor\u00e7age optimal et efficace.\n \"><br \/>\n<i class=\"fa fa-2x fa-plus-circle animated infinite pulse\" aria-hidden=\"true\"><\/i><br \/>\n<\/a><\/div>\n<div id=\"spot-16\"><a class=\"popoverBtn\" data-popupcontent=\"1\" data-placement=\"top\" data-content=\"Les trois couteaux d\u2019\u00e9branchage sont coul\u00e9s en acier haute r\u00e9sistance et pr\u00e9sentent une conception tr\u00e8s robuste pour une durabilit\u00e9 optimale. \nLes couteaux sont con\u00e7us pour effectuer un \u00e9cor\u00e7age optimal et efficace.\n \"><br \/>\n<i class=\"fa fa-2x fa-plus-circle animated infinite pulse\" aria-hidden=\"true\"><\/i><br \/>\n<\/a><\/div>\n<div id=\"spot-17\"><a class=\"popoverBtn\" data-popupcontent=\"1\" data-placement=\"top\" data-content=\"Pour offrir une dur\u00e9e de service maximale, l\u2019installation de tuyaux \nde l\u2019unit\u00e9 d\u2019inclinaison au syst\u00e8me de soupapes est con\u00e7ue de mani\u00e8re \u00e0 \u00e9viter tout coude \u00e0 proximit\u00e9 des raccords. \n \"><br \/>\n<i class=\"fa fa-2x fa-plus-circle animated infinite pulse\" aria-hidden=\"true\"><\/i><br \/>\n<\/a><\/div>\n<div id=\"spot-18\"><a class=\"popoverBtn\" data-popupcontent=\"1\" data-placement=\"top\" data-content=\"Les tuyaux des moteurs de rouleaux sont mont\u00e9s sur des pivots afin d\u2019\u00e9viter les torsions et l\u2019usure. Associ\u00e9 \u00e0 l\u2019acheminement de tuyaux enti\u00e8rement prot\u00e9g\u00e9, int\u00e9gr\u00e9 dans le bras du moteur, ceci permet de maximiser la dur\u00e9e de service et de minimiser les interruptions. \n \"><br \/>\n<i class=\"fa fa-2x fa-plus-circle animated infinite pulse\" aria-hidden=\"true\"><\/i><br \/>\n<\/a><\/div>\n<div id=\"spot-19\"><a class=\"popoverBtn\" data-popupcontent=\"1\" data-placement=\"top\" data-content=\"Des axes extensibles pourvus de joints robustes garantissent une dur\u00e9e de service maximale et minimisent le besoin d\u2019entretien et de service. \n\"><br \/>\n<i class=\"fa fa-2x fa-plus-circle animated infinite pulse\" aria-hidden=\"true\"><\/i><br \/>\n<\/a><\/div>\n<div id=\"spot-20\"><a class=\"popoverBtn\" data-popupcontent=\"1\" data-placement=\"top\" data-content=\"Des axes extensibles pourvus de joints robustes garantissent une dur\u00e9e de service maximale et minimisent le besoin d\u2019entretien et de service. \n \"><br \/>\n<i class=\"fa fa-2x fa-plus-circle animated infinite pulse\" aria-hidden=\"true\"><\/i><br \/>\n<\/a><\/div>\n<\/div>\n<\/div>\n\t\t\t\t\t\t\t\t<\/div>\n\t\t\t\t<\/div>\n\t\t\t\t\t<\/div>\n\t\t<\/div>\n\t\t\t\t\t<\/div>\n\t\t<\/section>\n\t\t\t\t<\/div>\n\t\t","protected":false},"excerpt":{"rendered":"<p>SP 661 E Avantages pour les clients &#8211; T\u00eates d\u2019abattage SP 661 E D\u00e9tails Toutes nos t\u00eates d\u2019abattage ont des fonctions utiles et ing\u00e9nieuses. Cliquez sur les croix cercl\u00e9es pour en savoir plus.<\/p>\n","protected":false},"author":1,"featured_media":0,"parent":5787,"menu_order":30,"comment_status":"closed","ping_status":"closed","template":"","meta":{"_acf_changed":false,"site-sidebar-layout":"no-sidebar","site-content-layout":"page-builder","ast-site-content-layout":"default","site-content-style":"default","site-sidebar-style":"default","ast-global-header-display":"","ast-banner-title-visibility":"","ast-main-header-display":"","ast-hfb-above-header-display":"","ast-hfb-below-header-display":"","ast-hfb-mobile-header-display":"","site-post-title":"disabled","ast-breadcrumbs-content":"","ast-featured-img":"disabled","footer-sml-layout":"","ast-disable-related-posts":"","theme-transparent-header-meta":"default","adv-header-id-meta":"","stick-header-meta":"","header-above-stick-meta":"","header-main-stick-meta":"","header-below-stick-meta":"","astra-migrate-meta-layouts":"default","ast-page-background-enabled":"default","ast-page-background-meta":{"desktop":{"background-color":"","background-image":"","background-repeat":"repeat","background-position":"center center","background-size":"auto","background-attachment":"scroll","background-type":"","background-media":"","overlay-type":"","overlay-color":"","overlay-opacity":"","overlay-gradient":""},"tablet":{"background-color":"","background-image":"","background-repeat":"repeat","background-position":"center center","background-size":"auto","background-attachment":"scroll","background-type":"","background-media":"","overlay-type":"","overlay-color":"","overlay-opacity":"","overlay-gradient":""},"mobile":{"background-color":"","background-image":"","background-repeat":"repeat","background-position":"center center","background-size":"auto","background-attachment":"scroll","background-type":"","background-media":"","overlay-type":"","overlay-color":"","overlay-opacity":"","overlay-gradient":""}},"ast-content-background-meta":{"desktop":{"background-color":"var(--ast-global-color-5)","background-image":"","background-repeat":"repeat","background-position":"center center","background-size":"auto","background-attachment":"scroll","background-type":"","background-media":"","overlay-type":"","overlay-color":"","overlay-opacity":"","overlay-gradient":""},"tablet":{"background-color":"var(--ast-global-color-5)","background-image":"","background-repeat":"repeat","background-position":"center center","background-size":"auto","background-attachment":"scroll","background-type":"","background-media":"","overlay-type":"","overlay-color":"","overlay-opacity":"","overlay-gradient":""},"mobile":{"background-color":"var(--ast-global-color-5)","background-image":"","background-repeat":"repeat","background-position":"center center","background-size":"auto","background-attachment":"scroll","background-type":"","background-media":"","overlay-type":"","overlay-color":"","overlay-opacity":"","overlay-gradient":""}},"footnotes":""},"class_list":["post-5796","page","type-page","status-publish","hentry"],"acf":[],"_links":{"self":[{"href":"http:\/\/spmaskiner.dev03.extrude.se\/fr\/wp-json\/wp\/v2\/pages\/5796","targetHints":{"allow":["GET"]}}],"collection":[{"href":"http:\/\/spmaskiner.dev03.extrude.se\/fr\/wp-json\/wp\/v2\/pages"}],"about":[{"href":"http:\/\/spmaskiner.dev03.extrude.se\/fr\/wp-json\/wp\/v2\/types\/page"}],"author":[{"embeddable":true,"href":"http:\/\/spmaskiner.dev03.extrude.se\/fr\/wp-json\/wp\/v2\/users\/1"}],"replies":[{"embeddable":true,"href":"http:\/\/spmaskiner.dev03.extrude.se\/fr\/wp-json\/wp\/v2\/comments?post=5796"}],"version-history":[{"count":0,"href":"http:\/\/spmaskiner.dev03.extrude.se\/fr\/wp-json\/wp\/v2\/pages\/5796\/revisions"}],"up":[{"embeddable":true,"href":"http:\/\/spmaskiner.dev03.extrude.se\/fr\/wp-json\/wp\/v2\/pages\/5787"}],"wp:attachment":[{"href":"http:\/\/spmaskiner.dev03.extrude.se\/fr\/wp-json\/wp\/v2\/media?parent=5796"}],"curies":[{"name":"wp","href":"https:\/\/api.w.org\/{rel}","templated":true}]}}