{"id":5781,"date":"2021-04-09T11:41:16","date_gmt":"2021-04-09T09:41:16","guid":{"rendered":"http:\/\/spmaskiner.dev03.extrude.se\/tetes-dabattage\/tetes-dabattage-lx\/tetes-dabattage-sp-591-lx-g3\/caracteristiques-techniques\/"},"modified":"2021-11-11T12:52:00","modified_gmt":"2021-11-11T11:52:00","slug":"caracteristiques-techniques","status":"publish","type":"page","link":"http:\/\/spmaskiner.dev03.extrude.se\/fr\/tetes-dabattage\/tetes-dabattage-lx\/tetes-dabattage-sp-591-lx-g3\/caracteristiques-techniques\/","title":{"rendered":"Caract\u00e9ristiques techniques"},"content":{"rendered":"\t\t<div data-elementor-type=\"wp-page\" data-elementor-id=\"5781\" class=\"elementor elementor-5781 elementor-3138\" data-elementor-post-type=\"page\">\n\t\t\t\t\t\t<section class=\"elementor-section elementor-top-section elementor-element elementor-element-57b8d95 elementor-section-height-min-height elementor-section-items-top elementor-section-boxed elementor-section-height-default\" data-id=\"57b8d95\" data-element_type=\"section\" data-e-type=\"section\" data-settings=\"{&quot;background_background&quot;:&quot;classic&quot;}\">\n\t\t\t\t\t\t<div class=\"elementor-container elementor-column-gap-default\">\n\t\t\t\t\t<div class=\"elementor-column elementor-col-50 elementor-top-column elementor-element elementor-element-6a511eee\" data-id=\"6a511eee\" data-element_type=\"column\" data-e-type=\"column\" data-settings=\"{&quot;background_background&quot;:&quot;classic&quot;}\">\n\t\t\t<div class=\"elementor-widget-wrap elementor-element-populated\">\n\t\t\t\t\t\t<div class=\"elementor-element elementor-element-52c71bb0 elementor-widget__width-auto elementor-widget elementor-widget-heading\" data-id=\"52c71bb0\" data-element_type=\"widget\" data-e-type=\"widget\" data-widget_type=\"heading.default\">\n\t\t\t\t<div class=\"elementor-widget-container\">\n\t\t\t\t\t<h2 class=\"elementor-heading-title elementor-size-default\">SP 591 LX G3<\/h2>\t\t\t\t<\/div>\n\t\t\t\t<\/div>\n\t\t\t\t\t<\/div>\n\t\t<\/div>\n\t\t\t\t<div class=\"elementor-column elementor-col-50 elementor-top-column elementor-element elementor-element-12a28660\" data-id=\"12a28660\" data-element_type=\"column\" data-e-type=\"column\" data-settings=\"{&quot;background_background&quot;:&quot;classic&quot;}\">\n\t\t\t<div class=\"elementor-widget-wrap\">\n\t\t\t\t\t\t\t<\/div>\n\t\t<\/div>\n\t\t\t\t\t<\/div>\n\t\t<\/section>\n\t\t\t\t<section class=\"elementor-section elementor-top-section elementor-element elementor-element-1acf06d0 elementor-section-full_width elementor-section-height-default elementor-section-height-default\" data-id=\"1acf06d0\" data-element_type=\"section\" data-e-type=\"section\">\n\t\t\t\t\t\t<div class=\"elementor-container elementor-column-gap-default\">\n\t\t\t\t\t<div class=\"elementor-column elementor-col-100 elementor-top-column elementor-element elementor-element-4902ca21\" data-id=\"4902ca21\" data-element_type=\"column\" data-e-type=\"column\">\n\t\t\t<div class=\"elementor-widget-wrap elementor-element-populated\">\n\t\t\t\t\t\t<div class=\"elementor-element elementor-element-08359f0 elementor-nav-menu__align-center elementor-nav-menu--dropdown-mobile elementor-nav-menu__text-align-aside elementor-nav-menu--toggle elementor-nav-menu--burger elementor-widget elementor-widget-global elementor-global-3155 elementor-widget-nav-menu\" data-id=\"08359f0\" data-element_type=\"widget\" data-e-type=\"widget\" id=\"product-menu\" data-settings=\"{&quot;layout&quot;:&quot;horizontal&quot;,&quot;submenu_icon&quot;:{&quot;value&quot;:&quot;fas fa-caret-down&quot;,&quot;library&quot;:&quot;fa-solid&quot;},&quot;toggle&quot;:&quot;burger&quot;}\" data-widget_type=\"nav-menu.default\">\n\t\t\t\t<div class=\"elementor-widget-container\">\n\t\t\t\t\t\t\t\t<nav aria-label=\"Menu\" class=\"elementor-nav-menu--main elementor-nav-menu__container elementor-nav-menu--layout-horizontal e--pointer-background e--animation-fade\">\n\t\t\t\t<ul id=\"menu-1-08359f0\" class=\"elementor-nav-menu\"><li class=\"menu-item menu-item-type-post_type menu-item-object-page menu-item-5999\"><a href=\"http:\/\/spmaskiner.dev03.extrude.se\/fr\/tetes-dabattage\/tetes-dabattage-lx\/tetes-dabattage-sp-591-lx-g3\/\" class=\"elementor-item menu-link\">Information produit<\/a><\/li>\n<li class=\"menu-item menu-item-type-post_type menu-item-object-page menu-item-6000\"><a href=\"http:\/\/spmaskiner.dev03.extrude.se\/fr\/tetes-dabattage\/tetes-dabattage-lx\/tetes-dabattage-sp-591-lx-g3\/caracteristiques-techniques\/\" title=\"SP 591 LX G3 \u2013 Tekniska data\" class=\"elementor-item menu-link\">Caract\u00e9ristiques techniques<\/a><\/li>\n<li class=\"menu-item menu-item-type-post_type menu-item-object-page menu-item-6001\"><a href=\"http:\/\/spmaskiner.dev03.extrude.se\/fr\/tetes-dabattage\/tetes-dabattage-lx\/tetes-dabattage-sp-591-lx-g3\/avantages-pour-les-clients\/\" title=\"SP 591 LX G3 \u2013 Kundf\u00f6rdelar\" class=\"elementor-item menu-link\">Avantages pour les clients<\/a><\/li>\n<li class=\"menu-item menu-item-type-post_type menu-item-object-page menu-item-6002\"><a href=\"http:\/\/spmaskiner.dev03.extrude.se\/fr\/tetes-dabattage\/tetes-dabattage-lx\/tetes-dabattage-sp-591-lx-g3\/systemes-de-commande\/\" class=\"elementor-item menu-link\">Syst\u00e8mes de commande<\/a><\/li>\n<li class=\"menu-item menu-item-type-post_type menu-item-object-page menu-item-6301\"><a href=\"http:\/\/spmaskiner.dev03.extrude.se\/fr\/tetes-dabattage\/tetes-dabattage-lx\/tetes-dabattage-sp-591-lx-g3\/accessoires-et-equipement\/\" title=\"SP 591 LX G3 &#8211; Tillbeh\u00f6r &#038; utrustning\" class=\"elementor-item menu-link\">Accessoires et \u00e9quipement<\/a><\/li>\n<\/ul>\t\t\t<\/nav>\n\t\t\t\t\t<div class=\"elementor-menu-toggle\" role=\"button\" tabindex=\"0\" aria-label=\"Permuter le menu\" aria-expanded=\"false\">\n\t\t\t<i aria-hidden=\"true\" role=\"presentation\" class=\"elementor-menu-toggle__icon--open eicon-menu-bar\"><\/i><i aria-hidden=\"true\" role=\"presentation\" class=\"elementor-menu-toggle__icon--close eicon-close\"><\/i>\t\t<\/div>\n\t\t\t\t\t<nav class=\"elementor-nav-menu--dropdown elementor-nav-menu__container\" aria-hidden=\"true\">\n\t\t\t\t<ul id=\"menu-2-08359f0\" class=\"elementor-nav-menu\"><li class=\"menu-item menu-item-type-post_type menu-item-object-page menu-item-5999\"><a href=\"http:\/\/spmaskiner.dev03.extrude.se\/fr\/tetes-dabattage\/tetes-dabattage-lx\/tetes-dabattage-sp-591-lx-g3\/\" class=\"elementor-item menu-link\" tabindex=\"-1\">Information produit<\/a><\/li>\n<li class=\"menu-item menu-item-type-post_type menu-item-object-page menu-item-6000\"><a href=\"http:\/\/spmaskiner.dev03.extrude.se\/fr\/tetes-dabattage\/tetes-dabattage-lx\/tetes-dabattage-sp-591-lx-g3\/caracteristiques-techniques\/\" title=\"SP 591 LX G3 \u2013 Tekniska data\" class=\"elementor-item menu-link\" tabindex=\"-1\">Caract\u00e9ristiques techniques<\/a><\/li>\n<li class=\"menu-item menu-item-type-post_type menu-item-object-page menu-item-6001\"><a href=\"http:\/\/spmaskiner.dev03.extrude.se\/fr\/tetes-dabattage\/tetes-dabattage-lx\/tetes-dabattage-sp-591-lx-g3\/avantages-pour-les-clients\/\" title=\"SP 591 LX G3 \u2013 Kundf\u00f6rdelar\" class=\"elementor-item menu-link\" tabindex=\"-1\">Avantages pour les clients<\/a><\/li>\n<li class=\"menu-item menu-item-type-post_type menu-item-object-page menu-item-6002\"><a href=\"http:\/\/spmaskiner.dev03.extrude.se\/fr\/tetes-dabattage\/tetes-dabattage-lx\/tetes-dabattage-sp-591-lx-g3\/systemes-de-commande\/\" class=\"elementor-item menu-link\" tabindex=\"-1\">Syst\u00e8mes de commande<\/a><\/li>\n<li class=\"menu-item menu-item-type-post_type menu-item-object-page menu-item-6301\"><a href=\"http:\/\/spmaskiner.dev03.extrude.se\/fr\/tetes-dabattage\/tetes-dabattage-lx\/tetes-dabattage-sp-591-lx-g3\/accessoires-et-equipement\/\" title=\"SP 591 LX G3 &#8211; Tillbeh\u00f6r &#038; utrustning\" class=\"elementor-item menu-link\" tabindex=\"-1\">Accessoires et \u00e9quipement<\/a><\/li>\n<\/ul>\t\t\t<\/nav>\n\t\t\t\t\t\t<\/div>\n\t\t\t\t<\/div>\n\t\t\t\t\t<\/div>\n\t\t<\/div>\n\t\t\t\t\t<\/div>\n\t\t<\/section>\n\t\t\t\t<section class=\"elementor-section elementor-top-section elementor-element elementor-element-5192a99e elementor-section-boxed elementor-section-height-default elementor-section-height-default\" data-id=\"5192a99e\" data-element_type=\"section\" data-e-type=\"section\">\n\t\t\t\t\t\t<div class=\"elementor-container elementor-column-gap-default\">\n\t\t\t\t\t<div class=\"elementor-column elementor-col-100 elementor-top-column elementor-element elementor-element-511b7df5\" data-id=\"511b7df5\" data-element_type=\"column\" data-e-type=\"column\">\n\t\t\t<div class=\"elementor-widget-wrap elementor-element-populated\">\n\t\t\t\t\t\t<div class=\"elementor-element elementor-element-2d36d1ca elementor-widget elementor-widget-heading\" data-id=\"2d36d1ca\" data-element_type=\"widget\" data-e-type=\"widget\" data-widget_type=\"heading.default\">\n\t\t\t\t<div class=\"elementor-widget-container\">\n\t\t\t\t\t<h1 class=\"elementor-heading-title elementor-size-default\">T\u00eates d\u2019abattage SP 591 LX G3 - Caract\u00e9ristiques techniques<\/h1>\t\t\t\t<\/div>\n\t\t\t\t<\/div>\n\t\t\t\t<div class=\"elementor-element elementor-element-665dd063 elementor-widget elementor-widget-text-editor\" data-id=\"665dd063\" data-element_type=\"widget\" data-e-type=\"widget\" data-widget_type=\"text-editor.default\">\n\t\t\t\t<div class=\"elementor-widget-container\">\n\t\t\t\t\t\t\t\t\t<p>Plus de d\u00e9tails sur la technologie de nos diff\u00e9rentes t\u00eates de r\u00e9colte : Voici les donn\u00e9es concernant le poids et les dimensions, en plus des informations utiles sur la coupe et l\u2019\u00e9branchage.<\/p>\n\t\t\t\t\t\t\t\t<\/div>\n\t\t\t\t<\/div>\n\t\t\t\t<div class=\"elementor-element elementor-element-1b801d0 tech-data elementor-widget elementor-widget-text-editor\" data-id=\"1b801d0\" data-element_type=\"widget\" data-e-type=\"widget\" data-widget_type=\"text-editor.default\">\n\t\t\t\t<div class=\"elementor-widget-container\">\n\t\t\t\t\t\t\t\t\t<div class=\"col-md-12\">\n<div class=\"\">\n<h4>Syst\u00e8me hydraulique<\/h4>\n<table class=\"table table-condensed\">\n<thead><\/thead>\n<tbody>\n<tr>\n<td><\/td>\n<td><strong>Syst\u00e8me m\u00e9trique<\/strong><\/td>\n<td><\/td>\n<td><\/td>\n<\/tr>\n<tr class=\"table-color\">\n<td width=\"30%\">Capacit\u00e9 de la pompe min.\u00a0:<\/td>\n<td width=\"70%\">166 l\/min<\/td>\n<td><\/td>\n<td><\/td>\n<\/tr>\n<tr>\n<td>Pression de service rec.\u00a0:<\/td>\n<td>25-30 MPa<\/td>\n<td><\/td>\n<td><\/td>\n<\/tr>\n<\/tbody>\n<\/table>\n<\/div>\n<div class=\"\">\n<h4>Alimentation<\/h4>\n<table class=\"table table-condensed\">\n<thead><\/thead>\n<tbody>\n<tr>\n<td colspan=\"4\">Pression de serrage des rouleaux d\u2019entra\u00eenement proportionnelle au diam\u00e8tre du tronc, r\u00e9glages individuels selon diff\u00e9rentes esp\u00e8ces pour une performance optimale.<\/td>\n<\/tr>\n<tr class=\"table-color\">\n<td width=\"30%\">Moteurs de rouleaux\u00a0:<\/td>\n<td width=\"70%\">500\/315, 630\/400 cm\u00b3<\/td>\n<td><\/td>\n<td><\/td>\n<\/tr>\n<tr>\n<td>Ouverture max.\u00a0:<\/td>\n<td>640 mm<\/td>\n<td><\/td>\n<td><\/td>\n<\/tr>\n<tr class=\"table-color\">\n<td>Vitesse d\u2019entra\u00eenement\u00a0:<\/td>\n<td>7,7 m\/s<\/td>\n<td><\/td>\n<td><\/td>\n<\/tr>\n<tr>\n<td>Force d\u2019entra\u00eenement\u00a0:<\/td>\n<td>24 kN<\/td>\n<td><\/td>\n<td><\/td>\n<\/tr>\n<tr class=\"table-color\">\n<td>Pression proportionnelle\u00a0:<\/td>\n<td>Oui<\/td>\n<td><\/td>\n<td><\/td>\n<\/tr>\n<\/tbody>\n<\/table>\n<\/div>\n<div class=\"\">\n<h4>Coupe<\/h4>\n<table class=\"table table-condensed\">\n<thead><\/thead>\n<tbody>\n<tr>\n<td colspan=\"4\">Unit\u00e9 de scie Hultdins SuperCut 150 extr\u00eamement robuste et puissante, avec lubrification int\u00e9gr\u00e9e et tension hydraulique de la cha\u00eene.<\/td>\n<\/tr>\n<tr class=\"table-color\">\n<td width=\"30%\">Diam\u00e8tre de coupe\u00a0:<\/td>\n<td width=\"70%\">600 mm<\/td>\n<td><\/td>\n<td><\/td>\n<\/tr>\n<tr>\n<td>Vitesse de la cha\u00eene\u00a0:<\/td>\n<td>40 m\/s<\/td>\n<td><\/td>\n<td><\/td>\n<\/tr>\n<tr class=\"table-color\">\n<td>Moteur de scie\u00a0:<\/td>\n<td>32 cc<\/td>\n<td><\/td>\n<td><\/td>\n<\/tr>\n<tr>\n<td>Unit\u00e9 de scie\u00a0:<\/td>\n<td>Automatique \u2013 SuperCut 150<\/td>\n<td><\/td>\n<td><\/td>\n<\/tr>\n<\/tbody>\n<\/table>\n<\/div>\n<div class=\"\">\n<h4>\u00c9branchage\u00a0:<\/h4>\n<table class=\"table table-condensed\">\n<thead><\/thead>\n<tbody>\n<tr>\n<td colspan=\"4\">Couteaux d\u2019\u00e9branchage \u00e0 pression proportionnelle. R\u00e9glages individuels selon diff\u00e9rentes esp\u00e8ces pour une performance optimale.<\/td>\n<\/tr>\n<tr class=\"table-color\">\n<td width=\"30%\">Couteaux mobiles\u00a0:<\/td>\n<td width=\"70%\">2<\/td>\n<td><\/td>\n<td><\/td>\n<\/tr>\n<tr>\n<td>Couteaux fixes\u00a0:<\/td>\n<td>2<\/td>\n<td><\/td>\n<td><\/td>\n<\/tr>\n<tr class=\"table-color\">\n<td>Diam\u00e8tre d\u2019\u00e9branchage bout \u00e0 bout\u00a0:<\/td>\n<td>430 mm<\/td>\n<td><\/td>\n<td><\/td>\n<\/tr>\n<tr>\n<td>Diam\u00e8tre d\u2019\u00e9branchage minimum\u00a0:<\/td>\n<td>30 mm<\/td>\n<td><\/td>\n<td><\/td>\n<\/tr>\n<tr class=\"table-color\">\n<td>Pression proportionnelle\u00a0:<\/td>\n<td>Oui<\/td>\n<td><\/td>\n<td><\/td>\n<\/tr>\n<tr>\n<td>LogHold\u00a0:<\/td>\n<td>Oui<\/td>\n<td><\/td>\n<td><\/td>\n<\/tr>\n<\/tbody>\n<\/table>\n<\/div>\n<div class=\"\">\n<h4>Poids et dimensions<\/h4>\n<table class=\"table table-condensed\">\n<thead><\/thead>\n<tbody>\n<tr>\n<td colspan=\"4\">En d\u00e9pit d\u2019une robustesse extr\u00eame, la SP 591 LX G3 affiche un poids mod\u00e9r\u00e9 et peut donc s\u2019utiliser sur une vari\u00e9t\u00e9 de porteurs. Gr\u00e2ce \u00e0 sa faible hauteur, elle peut manipuler efficacement et sans difficult\u00e9 les bois tordus et irr\u00e9guliers.<\/td>\n<\/tr>\n<tr class=\"table-color\">\n<td width=\"30%\">Largeur, t\u00eate ferm\u00e9e\u00a0:<\/td>\n<td width=\"70%\">1250 mm<\/td>\n<td><\/td>\n<td><\/td>\n<\/tr>\n<tr>\n<td>Largeur, t\u00eate ouverte\u00a0:<\/td>\n<td>1550 mm<\/td>\n<td><\/td>\n<td><\/td>\n<\/tr>\n<tr class=\"table-color\">\n<td>Hauteur, sans ch\u00e2ssis de tilt\u00a0:<\/td>\n<td>1670 mm<\/td>\n<td><\/td>\n<td><\/td>\n<\/tr>\n<tr>\n<td>Poids, sans rotateur\u00a0:<\/td>\n<td>1800 kg<\/td>\n<td><\/td>\n<td><\/td>\n<\/tr>\n<\/tbody>\n<\/table>\n<\/div>\n<div class=\"\">\n<h4>Recommandations<\/h4>\n<table class=\"table table-condensed\">\n<thead><\/thead>\n<tbody>\n<tr>\n<td colspan=\"2\"><strong>Porteurs<\/strong><\/td>\n<\/tr>\n<tr>\n<td colspan=\"2\">La SP 591 LX G3 peut \u00eatre mont\u00e9e sur diff\u00e9rents porteurs tels que les machines et pelles foresti\u00e8res conventionnelles. Afin de garantir un bon fonctionnement, veuillez consulter votre agent SP le plus proche.<\/td>\n<\/tr>\n<tr>\n<td colspan=\"2\"><strong>Abattage<\/strong><\/td>\n<\/tr>\n<tr>\n<td colspan=\"2\">Pression de serrage des rouleaux d\u2019entra\u00eenement proportionnelle au diam\u00e8tre du tronc, r\u00e9glages individuels selon diff\u00e9rentes esp\u00e8ces pour une performance optimale.<\/td>\n<\/tr>\n<tr>\n<td width=\"30%\">Diam\u00e8tre optimal (DHP) pour une productivit\u00e9 maximale*\u00a0:<\/td>\n<td width=\"70%\">10 \u2013 38 cm<\/td>\n<\/tr>\n<tr class=\"table-color\">\n<td>Diam\u00e8tre* max. rec.\u00a0:<\/td>\n<td>40 cm<\/td>\n<\/tr>\n<tr>\n<td colspan=\"2\">* Diam\u00e8tre \u00e0 hauteur de poitrine, \u00e0 1,3 m au-dessus du niveau du sol.<\/td>\n<\/tr>\n<\/tbody>\n<\/table>\n<\/div>\n<p>Nous nous r\u00e9servons le droit de modifier les caract\u00e9ristiques et la conception. Les t\u00eates d\u2019abattage illustr\u00e9es peuvent \u00eatre dot\u00e9es d\u2019un \u00e9quipement suppl\u00e9mentaire. Toutes les mesures\/valeurs indiqu\u00e9es sont approximatives et se r\u00e9f\u00e8rent \u00e0 l\u2019\u00e9quipement standard.<\/p>\n<\/div>\n\t\t\t\t\t\t\t\t<\/div>\n\t\t\t\t<\/div>\n\t\t\t\t\t<\/div>\n\t\t<\/div>\n\t\t\t\t\t<\/div>\n\t\t<\/section>\n\t\t\t\t<\/div>\n\t\t","protected":false},"excerpt":{"rendered":"<p>SP 591 LX G3 T\u00eates d\u2019abattage SP 591 LX G3 &#8211; Caract\u00e9ristiques techniques Plus de d\u00e9tails sur la technologie de nos diff\u00e9rentes t\u00eates de r\u00e9colte : Voici les donn\u00e9es concernant le poids et les dimensions, en plus des informations utiles sur la coupe et l\u2019\u00e9branchage. Syst\u00e8me hydraulique Syst\u00e8me m\u00e9trique Capacit\u00e9 de la pompe min.\u00a0: 166 [&hellip;]<\/p>\n","protected":false},"author":1,"featured_media":0,"parent":5779,"menu_order":10,"comment_status":"closed","ping_status":"closed","template":"elementor_header_footer","meta":{"_acf_changed":false,"site-sidebar-layout":"no-sidebar","site-content-layout":"page-builder","ast-site-content-layout":"default","site-content-style":"default","site-sidebar-style":"default","ast-global-header-display":"","ast-banner-title-visibility":"","ast-main-header-display":"","ast-hfb-above-header-display":"","ast-hfb-below-header-display":"","ast-hfb-mobile-header-display":"","site-post-title":"disabled","ast-breadcrumbs-content":"","ast-featured-img":"disabled","footer-sml-layout":"","ast-disable-related-posts":"","theme-transparent-header-meta":"default","adv-header-id-meta":"","stick-header-meta":"","header-above-stick-meta":"","header-main-stick-meta":"","header-below-stick-meta":"","astra-migrate-meta-layouts":"default","ast-page-background-enabled":"default","ast-page-background-meta":{"desktop":{"background-color":"","background-image":"","background-repeat":"repeat","background-position":"center center","background-size":"auto","background-attachment":"scroll","background-type":"","background-media":"","overlay-type":"","overlay-color":"","overlay-opacity":"","overlay-gradient":""},"tablet":{"background-color":"","background-image":"","background-repeat":"repeat","background-position":"center center","background-size":"auto","background-attachment":"scroll","background-type":"","background-media":"","overlay-type":"","overlay-color":"","overlay-opacity":"","overlay-gradient":""},"mobile":{"background-color":"","background-image":"","background-repeat":"repeat","background-position":"center center","background-size":"auto","background-attachment":"scroll","background-type":"","background-media":"","overlay-type":"","overlay-color":"","overlay-opacity":"","overlay-gradient":""}},"ast-content-background-meta":{"desktop":{"background-color":"var(--ast-global-color-5)","background-image":"","background-repeat":"repeat","background-position":"center center","background-size":"auto","background-attachment":"scroll","background-type":"","background-media":"","overlay-type":"","overlay-color":"","overlay-opacity":"","overlay-gradient":""},"tablet":{"background-color":"var(--ast-global-color-5)","background-image":"","background-repeat":"repeat","background-position":"center center","background-size":"auto","background-attachment":"scroll","background-type":"","background-media":"","overlay-type":"","overlay-color":"","overlay-opacity":"","overlay-gradient":""},"mobile":{"background-color":"var(--ast-global-color-5)","background-image":"","background-repeat":"repeat","background-position":"center center","background-size":"auto","background-attachment":"scroll","background-type":"","background-media":"","overlay-type":"","overlay-color":"","overlay-opacity":"","overlay-gradient":""}},"footnotes":""},"class_list":["post-5781","page","type-page","status-publish","hentry"],"acf":[],"_links":{"self":[{"href":"http:\/\/spmaskiner.dev03.extrude.se\/fr\/wp-json\/wp\/v2\/pages\/5781","targetHints":{"allow":["GET"]}}],"collection":[{"href":"http:\/\/spmaskiner.dev03.extrude.se\/fr\/wp-json\/wp\/v2\/pages"}],"about":[{"href":"http:\/\/spmaskiner.dev03.extrude.se\/fr\/wp-json\/wp\/v2\/types\/page"}],"author":[{"embeddable":true,"href":"http:\/\/spmaskiner.dev03.extrude.se\/fr\/wp-json\/wp\/v2\/users\/1"}],"replies":[{"embeddable":true,"href":"http:\/\/spmaskiner.dev03.extrude.se\/fr\/wp-json\/wp\/v2\/comments?post=5781"}],"version-history":[{"count":2,"href":"http:\/\/spmaskiner.dev03.extrude.se\/fr\/wp-json\/wp\/v2\/pages\/5781\/revisions"}],"predecessor-version":[{"id":6894,"href":"http:\/\/spmaskiner.dev03.extrude.se\/fr\/wp-json\/wp\/v2\/pages\/5781\/revisions\/6894"}],"up":[{"embeddable":true,"href":"http:\/\/spmaskiner.dev03.extrude.se\/fr\/wp-json\/wp\/v2\/pages\/5779"}],"wp:attachment":[{"href":"http:\/\/spmaskiner.dev03.extrude.se\/fr\/wp-json\/wp\/v2\/media?parent=5781"}],"curies":[{"name":"wp","href":"https:\/\/api.w.org\/{rel}","templated":true}]}}