{"id":5648,"date":"2021-03-05T09:54:14","date_gmt":"2021-03-05T08:54:14","guid":{"rendered":"http:\/\/spmaskiner.dev03.extrude.se\/tetes-dabattage\/"},"modified":"2022-05-25T15:11:10","modified_gmt":"2022-05-25T13:11:10","slug":"tetes-dabattage","status":"publish","type":"page","link":"http:\/\/spmaskiner.dev03.extrude.se\/fr\/tetes-dabattage\/","title":{"rendered":"T\u00eates d\u2019abattage"},"content":{"rendered":"\t\t<div data-elementor-type=\"wp-page\" data-elementor-id=\"5648\" class=\"elementor elementor-5648 elementor-11\" data-elementor-post-type=\"page\">\n\t\t\t\t\t\t<section class=\"elementor-section elementor-top-section elementor-element elementor-element-dbfcb83 elementor-section-boxed elementor-section-height-default elementor-section-height-default\" data-id=\"dbfcb83\" data-element_type=\"section\" data-e-type=\"section\">\n\t\t\t\t\t\t<div class=\"elementor-container elementor-column-gap-default\">\n\t\t\t\t\t<div class=\"elementor-column elementor-col-100 elementor-top-column elementor-element elementor-element-0a98888\" data-id=\"0a98888\" data-element_type=\"column\" data-e-type=\"column\">\n\t\t\t<div class=\"elementor-widget-wrap elementor-element-populated\">\n\t\t\t\t\t\t<div class=\"elementor-element elementor-element-2848fcf elementor-widget elementor-widget-heading\" data-id=\"2848fcf\" data-element_type=\"widget\" data-e-type=\"widget\" data-widget_type=\"heading.default\">\n\t\t\t\t<div class=\"elementor-widget-container\">\n\t\t\t\t\t<h1 class=\"elementor-heading-title elementor-size-default\">T\u00eates d\u2019abattage<\/h1>\t\t\t\t<\/div>\n\t\t\t\t<\/div>\n\t\t\t\t<div class=\"elementor-element elementor-element-dfda329 elementor-widget elementor-widget-text-editor\" data-id=\"dfda329\" data-element_type=\"widget\" data-e-type=\"widget\" data-widget_type=\"text-editor.default\">\n\t\t\t\t<div class=\"elementor-widget-container\">\n\t\t\t\t\t\t\t\t\t<p>Avec les t\u00eates d\u2019abattage SP Maskiner, vous remarquerez vraiment la diff\u00e9rence. Ce n\u2019est pas un hasard si nos t\u00eates sont utilis\u00e9es sur des machines du monde entier. Nous ne faisons jamais de compromis au niveau de la qualit\u00e9 et nous sommes \u00e0 la pointe du d\u00e9veloppement technique dans notre secteur. Toutes nos t\u00eates sont compatibles avec toutes les marques et tous les mod\u00e8les d\u2019abatteuses.<\/p><p>Notre gamme de produits couvre tous les types d\u2019abattage et toutes les conditions, de la premi\u00e8re \u00e9claircie \u00e0 la coupe d\u00e9finitive, en passant par l\u2019abattage d\u2019eucalyptus et de bois destin\u00e9 \u00e0 la production d\u2019\u00e9nergie. D\u00e9couvrez plus d\u2019informations ci-dessous sur l\u2019une de nos trois gammes de t\u00eates et trouvez le mod\u00e8le id\u00e9al pour vous.<\/p><p>SP propose des t\u00eates d\u2019abattage pour tous les types de machines et toutes les conditions d\u2019abattage. Pour proposer ceci sans aucun compromis, nous avons d\u00e9velopp\u00e9 trois diff\u00e9rentes gammes de t\u00eates, LF, LX et E, qui offrent toutes des conceptions, solutions et avantages uniques, afin que vous puissiez trouver la t\u00eate SP id\u00e9ale pour vos besoins sp\u00e9cifiques.<\/p>\t\t\t\t\t\t\t\t<\/div>\n\t\t\t\t<\/div>\n\t\t\t\t\t<\/div>\n\t\t<\/div>\n\t\t\t\t\t<\/div>\n\t\t<\/section>\n\t\t\t\t<section class=\"elementor-section elementor-top-section elementor-element elementor-element-574c92f unit-group-container elementor-section-boxed elementor-section-height-default elementor-section-height-default\" data-id=\"574c92f\" data-element_type=\"section\" data-e-type=\"section\">\n\t\t\t\t\t\t<div class=\"elementor-container elementor-column-gap-default\">\n\t\t\t\t\t<div class=\"elementor-column elementor-col-33 elementor-top-column elementor-element elementor-element-24219d9 unit-group-col\" data-id=\"24219d9\" data-element_type=\"column\" data-e-type=\"column\">\n\t\t\t<div class=\"elementor-widget-wrap elementor-element-populated\">\n\t\t\t\t\t\t<div class=\"elementor-element elementor-element-574d482 unit-group-block elementor-position-top elementor-widget elementor-widget-image-box\" data-id=\"574d482\" data-element_type=\"widget\" data-e-type=\"widget\" data-widget_type=\"image-box.default\">\n\t\t\t\t<div class=\"elementor-widget-container\">\n\t\t\t\t\t<div class=\"elementor-image-box-wrapper\"><figure class=\"elementor-image-box-img\"><a href=\"http:\/\/spmaskiner.dev03.extrude.se\/fr\/tetes-dabattage\/tetes-dabattage-lf\/\" tabindex=\"-1\"><img fetchpriority=\"high\" decoding=\"async\" width=\"380\" height=\"456\" src=\"http:\/\/spmaskiner.dev03.extrude.se\/wp-content\/uploads\/2021\/03\/sp461lf-thumb.jpg\" class=\"attachment-medium_large size-medium_large wp-image-444\" alt=\"\" srcset=\"http:\/\/spmaskiner.dev03.extrude.se\/wp-content\/uploads\/2021\/03\/sp461lf-thumb.jpg 380w, http:\/\/spmaskiner.dev03.extrude.se\/wp-content\/uploads\/2021\/03\/sp461lf-thumb-250x300.jpg 250w\" sizes=\"(max-width: 380px) 100vw, 380px\" \/><\/a><\/figure><div class=\"elementor-image-box-content\"><h2 class=\"elementor-image-box-title\"><a href=\"http:\/\/spmaskiner.dev03.extrude.se\/fr\/tetes-dabattage\/tetes-dabattage-lf\/\">T\u00eates d\u2019abattage LF<\/a><\/h2><p class=\"elementor-image-box-description\">Des t\u00eates rapides, agiles et compactes pour une production maximale dans les for\u00eats de conif\u00e8res comme de feuillus.<\/p><\/div><\/div>\t\t\t\t<\/div>\n\t\t\t\t<\/div>\n\t\t\t\t\t<\/div>\n\t\t<\/div>\n\t\t\t\t<div class=\"elementor-column elementor-col-33 elementor-top-column elementor-element elementor-element-4b58488 unit-group-col\" data-id=\"4b58488\" data-element_type=\"column\" data-e-type=\"column\">\n\t\t\t<div class=\"elementor-widget-wrap elementor-element-populated\">\n\t\t\t\t\t\t<div class=\"elementor-element elementor-element-c3e0a89 unit-group-block elementor-position-top elementor-widget elementor-widget-image-box\" data-id=\"c3e0a89\" data-element_type=\"widget\" data-e-type=\"widget\" data-widget_type=\"image-box.default\">\n\t\t\t\t<div class=\"elementor-widget-container\">\n\t\t\t\t\t<div class=\"elementor-image-box-wrapper\"><figure class=\"elementor-image-box-img\"><a href=\"http:\/\/spmaskiner.dev03.extrude.se\/fr\/tetes-dabattage\/tetes-dabattage-lx\/\" tabindex=\"-1\"><img decoding=\"async\" width=\"656\" height=\"800\" src=\"http:\/\/spmaskiner.dev03.extrude.se\/wp-content\/uploads\/2021\/04\/ar00001662_161116.jpg\" class=\"attachment-full size-full wp-image-3165\" alt=\"\" srcset=\"http:\/\/spmaskiner.dev03.extrude.se\/wp-content\/uploads\/2021\/04\/ar00001662_161116.jpg 656w, http:\/\/spmaskiner.dev03.extrude.se\/wp-content\/uploads\/2021\/04\/ar00001662_161116-246x300.jpg 246w\" sizes=\"(max-width: 656px) 100vw, 656px\" \/><\/a><\/figure><div class=\"elementor-image-box-content\"><h2 class=\"elementor-image-box-title\"><a href=\"http:\/\/spmaskiner.dev03.extrude.se\/fr\/tetes-dabattage\/tetes-dabattage-lx\/\">T\u00eates d\u2019abattage LX<\/a><\/h2><p class=\"elementor-image-box-description\">Des t\u00eates extr\u00eamement robustes et solides pour les travaux les plus difficiles et les plus exigeants.<\/p><\/div><\/div>\t\t\t\t<\/div>\n\t\t\t\t<\/div>\n\t\t\t\t\t<\/div>\n\t\t<\/div>\n\t\t\t\t<div class=\"elementor-column elementor-col-33 elementor-top-column elementor-element elementor-element-f41f259 unit-group-col\" data-id=\"f41f259\" data-element_type=\"column\" data-e-type=\"column\">\n\t\t\t<div class=\"elementor-widget-wrap elementor-element-populated\">\n\t\t\t\t\t\t<div class=\"elementor-element elementor-element-840b86c unit-group-block elementor-position-top elementor-widget elementor-widget-image-box\" data-id=\"840b86c\" data-element_type=\"widget\" data-e-type=\"widget\" data-widget_type=\"image-box.default\">\n\t\t\t\t<div class=\"elementor-widget-container\">\n\t\t\t\t\t<div class=\"elementor-image-box-wrapper\"><figure class=\"elementor-image-box-img\"><a href=\"http:\/\/spmaskiner.dev03.extrude.se\/fr\/tetes-dabattage\/tetes-dabattage-e\/\" tabindex=\"-1\"><img decoding=\"async\" width=\"664\" height=\"800\" src=\"http:\/\/spmaskiner.dev03.extrude.se\/wp-content\/uploads\/2021\/04\/sp661e-2.jpg\" class=\"attachment-full size-full wp-image-3297\" alt=\"\" srcset=\"http:\/\/spmaskiner.dev03.extrude.se\/wp-content\/uploads\/2021\/04\/sp661e-2.jpg 664w, http:\/\/spmaskiner.dev03.extrude.se\/wp-content\/uploads\/2021\/04\/sp661e-2-249x300.jpg 249w\" sizes=\"(max-width: 664px) 100vw, 664px\" \/><\/a><\/figure><div class=\"elementor-image-box-content\"><h2 class=\"elementor-image-box-title\"><a href=\"http:\/\/spmaskiner.dev03.extrude.se\/fr\/tetes-dabattage\/tetes-dabattage-e\/\">T\u00eates d\u2019abattage E<\/a><\/h2><p class=\"elementor-image-box-description\">Sp\u00e9cialement con\u00e7ues pour un \u00e9cor\u00e7age efficace des eucalyptus et acacias de plantation.<\/p><\/div><\/div>\t\t\t\t<\/div>\n\t\t\t\t<\/div>\n\t\t\t\t\t<\/div>\n\t\t<\/div>\n\t\t\t\t\t<\/div>\n\t\t<\/section>\n\t\t\t\t<\/div>\n\t\t","protected":false},"excerpt":{"rendered":"<p>T\u00eates d\u2019abattage Avec les t\u00eates d\u2019abattage SP Maskiner, vous remarquerez vraiment la diff\u00e9rence. Ce n\u2019est pas un hasard si nos t\u00eates sont utilis\u00e9es sur des machines du monde entier. Nous ne faisons jamais de compromis au niveau de la qualit\u00e9 et nous sommes \u00e0 la pointe du d\u00e9veloppement technique dans notre secteur. Toutes nos t\u00eates [&hellip;]<\/p>\n","protected":false},"author":1,"featured_media":0,"parent":0,"menu_order":10,"comment_status":"closed","ping_status":"closed","template":"elementor_header_footer","meta":{"_acf_changed":false,"site-sidebar-layout":"no-sidebar","site-content-layout":"page-builder","ast-site-content-layout":"default","site-content-style":"default","site-sidebar-style":"default","ast-global-header-display":"","ast-banner-title-visibility":"","ast-main-header-display":"","ast-hfb-above-header-display":"","ast-hfb-below-header-display":"","ast-hfb-mobile-header-display":"","site-post-title":"disabled","ast-breadcrumbs-content":"","ast-featured-img":"disabled","footer-sml-layout":"","ast-disable-related-posts":"","theme-transparent-header-meta":"default","adv-header-id-meta":"","stick-header-meta":"","header-above-stick-meta":"","header-main-stick-meta":"","header-below-stick-meta":"","astra-migrate-meta-layouts":"default","ast-page-background-enabled":"default","ast-page-background-meta":{"desktop":{"background-color":"","background-image":"","background-repeat":"repeat","background-position":"center center","background-size":"auto","background-attachment":"scroll","background-type":"","background-media":"","overlay-type":"","overlay-color":"","overlay-opacity":"","overlay-gradient":""},"tablet":{"background-color":"","background-image":"","background-repeat":"repeat","background-position":"center center","background-size":"auto","background-attachment":"scroll","background-type":"","background-media":"","overlay-type":"","overlay-color":"","overlay-opacity":"","overlay-gradient":""},"mobile":{"background-color":"","background-image":"","background-repeat":"repeat","background-position":"center center","background-size":"auto","background-attachment":"scroll","background-type":"","background-media":"","overlay-type":"","overlay-color":"","overlay-opacity":"","overlay-gradient":""}},"ast-content-background-meta":{"desktop":{"background-color":"var(--ast-global-color-5)","background-image":"","background-repeat":"repeat","background-position":"center center","background-size":"auto","background-attachment":"scroll","background-type":"","background-media":"","overlay-type":"","overlay-color":"","overlay-opacity":"","overlay-gradient":""},"tablet":{"background-color":"var(--ast-global-color-5)","background-image":"","background-repeat":"repeat","background-position":"center center","background-size":"auto","background-attachment":"scroll","background-type":"","background-media":"","overlay-type":"","overlay-color":"","overlay-opacity":"","overlay-gradient":""},"mobile":{"background-color":"var(--ast-global-color-5)","background-image":"","background-repeat":"repeat","background-position":"center center","background-size":"auto","background-attachment":"scroll","background-type":"","background-media":"","overlay-type":"","overlay-color":"","overlay-opacity":"","overlay-gradient":""}},"footnotes":""},"class_list":["post-5648","page","type-page","status-publish","hentry"],"acf":[],"_links":{"self":[{"href":"http:\/\/spmaskiner.dev03.extrude.se\/fr\/wp-json\/wp\/v2\/pages\/5648","targetHints":{"allow":["GET"]}}],"collection":[{"href":"http:\/\/spmaskiner.dev03.extrude.se\/fr\/wp-json\/wp\/v2\/pages"}],"about":[{"href":"http:\/\/spmaskiner.dev03.extrude.se\/fr\/wp-json\/wp\/v2\/types\/page"}],"author":[{"embeddable":true,"href":"http:\/\/spmaskiner.dev03.extrude.se\/fr\/wp-json\/wp\/v2\/users\/1"}],"replies":[{"embeddable":true,"href":"http:\/\/spmaskiner.dev03.extrude.se\/fr\/wp-json\/wp\/v2\/comments?post=5648"}],"version-history":[{"count":2,"href":"http:\/\/spmaskiner.dev03.extrude.se\/fr\/wp-json\/wp\/v2\/pages\/5648\/revisions"}],"predecessor-version":[{"id":7641,"href":"http:\/\/spmaskiner.dev03.extrude.se\/fr\/wp-json\/wp\/v2\/pages\/5648\/revisions\/7641"}],"wp:attachment":[{"href":"http:\/\/spmaskiner.dev03.extrude.se\/fr\/wp-json\/wp\/v2\/media?parent=5648"}],"curies":[{"name":"wp","href":"https:\/\/api.w.org\/{rel}","templated":true}]}}