{"id":9649,"date":"2022-10-25T07:52:28","date_gmt":"2022-10-25T05:52:28","guid":{"rendered":"http:\/\/spmaskiner.dev03.extrude.se\/ventajas-para-el-cliente\/cabezales-productivos-para-excavadoras\/"},"modified":"2022-10-25T10:00:12","modified_gmt":"2022-10-25T08:00:12","slug":"cabezales-productivos-para-excavadoras","status":"publish","type":"page","link":"http:\/\/spmaskiner.dev03.extrude.se\/es\/ventajas-para-el-cliente\/cabezales-productivos-para-excavadoras\/","title":{"rendered":"Cabezales productivos para excavadoras"},"content":{"rendered":"\t\t<div data-elementor-type=\"wp-page\" data-elementor-id=\"9649\" class=\"elementor elementor-9649 elementor-9557\" data-elementor-post-type=\"page\">\n\t\t\t\t\t\t<section class=\"elementor-section elementor-top-section elementor-element elementor-element-190c45f elementor-section-boxed elementor-section-height-default elementor-section-height-default\" data-id=\"190c45f\" data-element_type=\"section\" data-e-type=\"section\">\n\t\t\t\t\t\t<div class=\"elementor-container elementor-column-gap-default\">\n\t\t\t\t\t<div class=\"elementor-column elementor-col-100 elementor-top-column elementor-element elementor-element-380323b6\" data-id=\"380323b6\" data-element_type=\"column\" data-e-type=\"column\">\n\t\t\t<div class=\"elementor-widget-wrap elementor-element-populated\">\n\t\t\t\t\t\t<div class=\"elementor-element elementor-element-578343ec elementor-widget elementor-widget-heading\" data-id=\"578343ec\" data-element_type=\"widget\" data-e-type=\"widget\" data-widget_type=\"heading.default\">\n\t\t\t\t<div class=\"elementor-widget-container\">\n\t\t\t\t\t<h1 class=\"elementor-heading-title elementor-size-default\">Cabezales productivos para excavadoras<\/h1>\t\t\t\t<\/div>\n\t\t\t\t<\/div>\n\t\t\t\t<div class=\"elementor-element elementor-element-0ccd9c5 elementor-widget elementor-widget-text-editor\" data-id=\"0ccd9c5\" data-element_type=\"widget\" data-e-type=\"widget\" data-widget_type=\"text-editor.default\">\n\t\t\t\t<div class=\"elementor-widget-container\">\n\t\t\t\t\t\t\t\t\t<p>Con un cabezal de SP, puede transformar de manera sencilla su excavadora en una cosechadora productiva. Con m\u00e1s de cuarenta a\u00f1os de experiencia, podemos decir honestamente que somos expertos en instalaciones de cabezales y que sabemos exactamente lo que hace falta para que usted aproveche al m\u00e1ximo tanto su m\u00e1quina como su cabezal. A lo largo de los a\u00f1os, los cabezales de SP se han instalado en todos los modelos y marcas de excavadoras concebibles de todo el mundo, y estamos orgullosos de decir que hoy en d\u00eda somos una de las marcas l\u00edderes del mercado a escala mundial. Nuestro kit de conversi\u00f3n de excavadoras recopila nuestros conocimientos y experiencia en documentaci\u00f3n t\u00e9cnica paso a paso que permite a nuestros distribuidores y clientes completar la instalaci\u00f3n de forma r\u00e1pida, sencilla y sin problemas con el mejor resultado posible. Adem\u00e1s, como cliente de SP, podemos ofrecerle un an\u00e1lisis gratuito para esbozar sus necesidades y ver la mejor manera de maximizar su producci\u00f3n con la ayuda de nuestros cabezales. Nuestros conocimientos son sin\u00f3nimo de decir que los clientes de SP siempre pueden elegir con confianza.<\/p>\n<p>Todos los cabezales SP est\u00e1n dise\u00f1ados en l\u00ednea con nuestro concepto \u00fanico de baja fricci\u00f3n y destacan por su alto rendimiento y velocidad de alimentaci\u00f3n, as\u00ed como por su consumo de combustible optimizado. El sistema hidr\u00e1ulico inteligente y eficiente con ca\u00eddas de presi\u00f3n m\u00ednimas ofrece una alta eficiencia energ\u00e9tica y minimiza el riesgo de sobrecalentamiento del sistema, ampliando considerablemente la vida \u00fatil de los componentes tanto en la m\u00e1quina como en el cabezal.<\/p>\n<p>Como resultado de ello, nuestro concepto tambi\u00e9n garantiza unos costes de mantenimiento extremadamente bajos, un tiempo de inactividad m\u00ednimo y un coste total de propiedad beneficioso. Con su sistema hidr\u00e1ulico \u00fanico, los cabezales de cosechadora de SP son perfectos para instalaciones en excavadoras, ya que le proporcionan todo lo que se necesita para garantizar una cosecha productiva y rentable, independientemente del tipo o las condiciones de cosecha.<\/p>\n\t\t\t\t\t\t\t\t<\/div>\n\t\t\t\t<\/div>\n\t\t\t\t<div class=\"elementor-element elementor-element-4c5a6be elementor-icon-list--layout-inline elementor-align-end elementor-list-item-link-full_width elementor-widget elementor-widget-icon-list\" data-id=\"4c5a6be\" data-element_type=\"widget\" data-e-type=\"widget\" data-widget_type=\"icon-list.default\">\n\t\t\t\t<div class=\"elementor-widget-container\">\n\t\t\t\t\t\t\t<ul class=\"elementor-icon-list-items elementor-inline-items\">\n\t\t\t\t\t\t\t<li class=\"elementor-icon-list-item elementor-inline-item\">\n\t\t\t\t\t\t\t\t\t\t\t<a href=\"http:\/\/spmaskiner.dev03.extrude.se\/wp-content\/uploads\/2022\/10\/productiveheadsforexcavators-es-ES.pdf\" target=\"_blank\">\n\n\t\t\t\t\t\t\t\t\t\t\t\t<span class=\"elementor-icon-list-icon\">\n\t\t\t\t\t\t\t<i aria-hidden=\"true\" class=\"fas fa-file-pdf\"><\/i>\t\t\t\t\t\t<\/span>\n\t\t\t\t\t\t\t\t\t\t<span class=\"elementor-icon-list-text\">Cabezales productivos para excavadoras<\/span>\n\t\t\t\t\t\t\t\t\t\t\t<\/a>\n\t\t\t\t\t\t\t\t\t<\/li>\n\t\t\t\t\t\t<\/ul>\n\t\t\t\t\t\t<\/div>\n\t\t\t\t<\/div>\n\t\t\t\t\t<\/div>\n\t\t<\/div>\n\t\t\t\t\t<\/div>\n\t\t<\/section>\n\t\t\t\t<section class=\"elementor-section elementor-top-section elementor-element elementor-element-bc4dae0 elementor-section-boxed elementor-section-height-default elementor-section-height-default\" data-id=\"bc4dae0\" data-element_type=\"section\" data-e-type=\"section\">\n\t\t\t\t\t\t<div class=\"elementor-container elementor-column-gap-default\">\n\t\t\t\t\t<div class=\"elementor-column elementor-col-33 elementor-top-column elementor-element elementor-element-7fd6320\" data-id=\"7fd6320\" data-element_type=\"column\" data-e-type=\"column\">\n\t\t\t<div class=\"elementor-widget-wrap elementor-element-populated\">\n\t\t\t\t\t\t<div class=\"elementor-element elementor-element-855dc69 elementor-widget elementor-widget-image\" data-id=\"855dc69\" data-element_type=\"widget\" data-e-type=\"widget\" data-widget_type=\"image.default\">\n\t\t\t\t<div class=\"elementor-widget-container\">\n\t\t\t\t\t\t\t\t\t\t\t\t\t\t\t<img fetchpriority=\"high\" decoding=\"async\" width=\"1024\" height=\"683\" src=\"http:\/\/spmaskiner.dev03.extrude.se\/wp-content\/uploads\/2022\/10\/174245968_4667029113323699_6238349744950711997_n.jpg\" class=\"attachment-large size-large wp-image-9564\" alt=\"Sk\u00f6rdaraggregat gr\u00e4vmaskin\" srcset=\"http:\/\/spmaskiner.dev03.extrude.se\/wp-content\/uploads\/2022\/10\/174245968_4667029113323699_6238349744950711997_n.jpg 1024w, http:\/\/spmaskiner.dev03.extrude.se\/wp-content\/uploads\/2022\/10\/174245968_4667029113323699_6238349744950711997_n-300x200.jpg 300w, http:\/\/spmaskiner.dev03.extrude.se\/wp-content\/uploads\/2022\/10\/174245968_4667029113323699_6238349744950711997_n-768x512.jpg 768w\" sizes=\"(max-width: 1024px) 100vw, 1024px\" \/>\t\t\t\t\t\t\t\t\t\t\t\t\t\t\t<\/div>\n\t\t\t\t<\/div>\n\t\t\t\t\t<\/div>\n\t\t<\/div>\n\t\t\t\t<div class=\"elementor-column elementor-col-33 elementor-top-column elementor-element elementor-element-d0fff82\" data-id=\"d0fff82\" data-element_type=\"column\" data-e-type=\"column\">\n\t\t\t<div class=\"elementor-widget-wrap elementor-element-populated\">\n\t\t\t\t\t\t<div class=\"elementor-element elementor-element-624ab7f elementor-widget elementor-widget-image\" data-id=\"624ab7f\" data-element_type=\"widget\" data-e-type=\"widget\" data-widget_type=\"image.default\">\n\t\t\t\t<div class=\"elementor-widget-container\">\n\t\t\t\t\t\t\t\t\t\t\t\t\t\t\t<img decoding=\"async\" width=\"1024\" height=\"683\" src=\"http:\/\/spmaskiner.dev03.extrude.se\/wp-content\/uploads\/2022\/10\/IMG_1117-1024x683.jpg\" class=\"attachment-large size-large wp-image-9571\" alt=\"Sk\u00f6rdaraggregat gr\u00e4vmaskin\" srcset=\"http:\/\/spmaskiner.dev03.extrude.se\/wp-content\/uploads\/2022\/10\/IMG_1117-1024x683.jpg 1024w, http:\/\/spmaskiner.dev03.extrude.se\/wp-content\/uploads\/2022\/10\/IMG_1117-300x200.jpg 300w, http:\/\/spmaskiner.dev03.extrude.se\/wp-content\/uploads\/2022\/10\/IMG_1117-768x512.jpg 768w, http:\/\/spmaskiner.dev03.extrude.se\/wp-content\/uploads\/2022\/10\/IMG_1117-1536x1024.jpg 1536w, http:\/\/spmaskiner.dev03.extrude.se\/wp-content\/uploads\/2022\/10\/IMG_1117-2048x1365.jpg 2048w\" sizes=\"(max-width: 1024px) 100vw, 1024px\" \/>\t\t\t\t\t\t\t\t\t\t\t\t\t\t\t<\/div>\n\t\t\t\t<\/div>\n\t\t\t\t\t<\/div>\n\t\t<\/div>\n\t\t\t\t<div class=\"elementor-column elementor-col-33 elementor-top-column elementor-element elementor-element-94195c7\" data-id=\"94195c7\" data-element_type=\"column\" data-e-type=\"column\">\n\t\t\t<div class=\"elementor-widget-wrap elementor-element-populated\">\n\t\t\t\t\t\t<div class=\"elementor-element elementor-element-f93ccbe elementor-widget elementor-widget-image\" data-id=\"f93ccbe\" data-element_type=\"widget\" data-e-type=\"widget\" data-widget_type=\"image.default\">\n\t\t\t\t<div class=\"elementor-widget-container\">\n\t\t\t\t\t\t\t\t\t\t\t\t\t\t\t<img decoding=\"async\" width=\"1024\" height=\"683\" src=\"http:\/\/spmaskiner.dev03.extrude.se\/wp-content\/uploads\/2022\/10\/IMG-20220107-WA0038-1024x683.jpg\" class=\"attachment-large size-large wp-image-9578\" alt=\"Sk\u00f6rdaraggregat gr\u00e4vmaskin\" srcset=\"http:\/\/spmaskiner.dev03.extrude.se\/wp-content\/uploads\/2022\/10\/IMG-20220107-WA0038-1024x683.jpg 1024w, http:\/\/spmaskiner.dev03.extrude.se\/wp-content\/uploads\/2022\/10\/IMG-20220107-WA0038-300x200.jpg 300w, http:\/\/spmaskiner.dev03.extrude.se\/wp-content\/uploads\/2022\/10\/IMG-20220107-WA0038-768x512.jpg 768w, http:\/\/spmaskiner.dev03.extrude.se\/wp-content\/uploads\/2022\/10\/IMG-20220107-WA0038-1536x1024.jpg 1536w, http:\/\/spmaskiner.dev03.extrude.se\/wp-content\/uploads\/2022\/10\/IMG-20220107-WA0038.jpg 1920w\" sizes=\"(max-width: 1024px) 100vw, 1024px\" \/>\t\t\t\t\t\t\t\t\t\t\t\t\t\t\t<\/div>\n\t\t\t\t<\/div>\n\t\t\t\t\t<\/div>\n\t\t<\/div>\n\t\t\t\t\t<\/div>\n\t\t<\/section>\n\t\t\t\t<\/div>\n\t\t","protected":false},"excerpt":{"rendered":"<p>Cabezales productivos para excavadoras Con un cabezal de SP, puede transformar de manera sencilla su excavadora en una cosechadora productiva. Con m\u00e1s de cuarenta a\u00f1os de experiencia, podemos decir honestamente que somos expertos en instalaciones de cabezales y que sabemos exactamente lo que hace falta para que usted aproveche al m\u00e1ximo tanto su m\u00e1quina como [&hellip;]<\/p>\n","protected":false},"author":2,"featured_media":0,"parent":7833,"menu_order":10,"comment_status":"closed","ping_status":"closed","template":"elementor_header_footer","meta":{"_acf_changed":false,"site-sidebar-layout":"no-sidebar","site-content-layout":"page-builder","ast-site-content-layout":"default","site-content-style":"default","site-sidebar-style":"default","ast-global-header-display":"","ast-banner-title-visibility":"","ast-main-header-display":"","ast-hfb-above-header-display":"","ast-hfb-below-header-display":"","ast-hfb-mobile-header-display":"","site-post-title":"disabled","ast-breadcrumbs-content":"","ast-featured-img":"disabled","footer-sml-layout":"","ast-disable-related-posts":"","theme-transparent-header-meta":"default","adv-header-id-meta":"","stick-header-meta":"","header-above-stick-meta":"","header-main-stick-meta":"","header-below-stick-meta":"","astra-migrate-meta-layouts":"default","ast-page-background-enabled":"default","ast-page-background-meta":{"desktop":{"background-color":"","background-image":"","background-repeat":"repeat","background-position":"center center","background-size":"auto","background-attachment":"scroll","background-type":"","background-media":"","overlay-type":"","overlay-color":"","overlay-opacity":"","overlay-gradient":""},"tablet":{"background-color":"","background-image":"","background-repeat":"repeat","background-position":"center center","background-size":"auto","background-attachment":"scroll","background-type":"","background-media":"","overlay-type":"","overlay-color":"","overlay-opacity":"","overlay-gradient":""},"mobile":{"background-color":"","background-image":"","background-repeat":"repeat","background-position":"center center","background-size":"auto","background-attachment":"scroll","background-type":"","background-media":"","overlay-type":"","overlay-color":"","overlay-opacity":"","overlay-gradient":""}},"ast-content-background-meta":{"desktop":{"background-color":"var(--ast-global-color-5)","background-image":"","background-repeat":"repeat","background-position":"center center","background-size":"auto","background-attachment":"scroll","background-type":"","background-media":"","overlay-type":"","overlay-color":"","overlay-opacity":"","overlay-gradient":""},"tablet":{"background-color":"var(--ast-global-color-5)","background-image":"","background-repeat":"repeat","background-position":"center center","background-size":"auto","background-attachment":"scroll","background-type":"","background-media":"","overlay-type":"","overlay-color":"","overlay-opacity":"","overlay-gradient":""},"mobile":{"background-color":"var(--ast-global-color-5)","background-image":"","background-repeat":"repeat","background-position":"center center","background-size":"auto","background-attachment":"scroll","background-type":"","background-media":"","overlay-type":"","overlay-color":"","overlay-opacity":"","overlay-gradient":""}},"footnotes":""},"class_list":["post-9649","page","type-page","status-publish","hentry"],"acf":[],"_links":{"self":[{"href":"http:\/\/spmaskiner.dev03.extrude.se\/es\/wp-json\/wp\/v2\/pages\/9649","targetHints":{"allow":["GET"]}}],"collection":[{"href":"http:\/\/spmaskiner.dev03.extrude.se\/es\/wp-json\/wp\/v2\/pages"}],"about":[{"href":"http:\/\/spmaskiner.dev03.extrude.se\/es\/wp-json\/wp\/v2\/types\/page"}],"author":[{"embeddable":true,"href":"http:\/\/spmaskiner.dev03.extrude.se\/es\/wp-json\/wp\/v2\/users\/2"}],"replies":[{"embeddable":true,"href":"http:\/\/spmaskiner.dev03.extrude.se\/es\/wp-json\/wp\/v2\/comments?post=9649"}],"version-history":[{"count":1,"href":"http:\/\/spmaskiner.dev03.extrude.se\/es\/wp-json\/wp\/v2\/pages\/9649\/revisions"}],"predecessor-version":[{"id":9650,"href":"http:\/\/spmaskiner.dev03.extrude.se\/es\/wp-json\/wp\/v2\/pages\/9649\/revisions\/9650"}],"up":[{"embeddable":true,"href":"http:\/\/spmaskiner.dev03.extrude.se\/es\/wp-json\/wp\/v2\/pages\/7833"}],"wp:attachment":[{"href":"http:\/\/spmaskiner.dev03.extrude.se\/es\/wp-json\/wp\/v2\/media?parent=9649"}],"curies":[{"name":"wp","href":"https:\/\/api.w.org\/{rel}","templated":true}]}}