{"id":9492,"date":"2022-06-21T09:14:48","date_gmt":"2022-06-21T07:14:48","guid":{"rendered":"http:\/\/spmaskiner.dev03.extrude.se\/cabezales-procesadores\/simulador-sp\/"},"modified":"2022-06-21T13:42:37","modified_gmt":"2022-06-21T11:42:37","slug":"simulador-sp","status":"publish","type":"page","link":"http:\/\/spmaskiner.dev03.extrude.se\/es\/cabezales-procesadores\/simulador-sp\/","title":{"rendered":"Simulador SP"},"content":{"rendered":"\n<p><strong>\u2013 La clave para una silvicultura m\u00e1s eficiente<\/strong><\/p>\n\n\n\n<p>\u00bfAcaba de comenzar su viaje para convertirse en operario de m\u00e1quinas forestales? \u00bfO tal vez es un operario curtido con varios a\u00f1os de experiencia en el \u00e1mbito de la cosecha y la silvicultura? Sea como fuere, el simulador de SP es la herramienta que le llevar\u00e1 a usted y a sus destrezas al siguiente nivel.<\/p>\n\n\n\n<p><a href=\"http:\/\/spmaskiner.dev03.extrude.se\/wp-content\/uploads\/2022\/06\/SP_Simulator-brochure_ES-web.pdf\" target=\"_blank\" rel=\"noreferrer noopener\">Folleto, SP Simulator:<\/a><\/p>\n\n\n\n<figure class=\"wp-block-image size-full is-resized\"><a href=\"http:\/\/spmaskiner.dev03.extrude.se\/wp-content\/uploads\/2022\/06\/SP_Simulator-brochure_ES-web.pdf\" target=\"_blank\" rel=\"noreferrer noopener\"><img fetchpriority=\"high\" decoding=\"async\" src=\"http:\/\/spmaskiner.dev03.extrude.se\/wp-content\/uploads\/2022\/06\/SP_Simulator-brochure_ES-sid1.jpg\" alt=\"\" class=\"wp-image-9402\" width=\"298\" height=\"298\" srcset=\"http:\/\/spmaskiner.dev03.extrude.se\/wp-content\/uploads\/2022\/06\/SP_Simulator-brochure_ES-sid1.jpg 595w, http:\/\/spmaskiner.dev03.extrude.se\/wp-content\/uploads\/2022\/06\/SP_Simulator-brochure_ES-sid1-300x300.jpg 300w, http:\/\/spmaskiner.dev03.extrude.se\/wp-content\/uploads\/2022\/06\/SP_Simulator-brochure_ES-sid1-150x150.jpg 150w\" sizes=\"(max-width: 298px) 100vw, 298px\" \/><\/a><\/figure>\n","protected":false},"excerpt":{"rendered":"<p>\u2013 La clave para una silvicultura m\u00e1s eficiente \u00bfAcaba de comenzar su viaje para convertirse en operario de m\u00e1quinas forestales? \u00bfO tal vez es un operario curtido con varios a\u00f1os de experiencia en el \u00e1mbito de la cosecha y la silvicultura? Sea como fuere, el simulador de SP es la herramienta que le llevar\u00e1 a [&hellip;]<\/p>\n","protected":false},"author":1,"featured_media":0,"parent":7628,"menu_order":40,"comment_status":"closed","ping_status":"closed","template":"","meta":{"_acf_changed":false,"site-sidebar-layout":"default","site-content-layout":"","ast-site-content-layout":"default","site-content-style":"default","site-sidebar-style":"default","ast-global-header-display":"","ast-banner-title-visibility":"","ast-main-header-display":"","ast-hfb-above-header-display":"","ast-hfb-below-header-display":"","ast-hfb-mobile-header-display":"","site-post-title":"","ast-breadcrumbs-content":"","ast-featured-img":"","footer-sml-layout":"","ast-disable-related-posts":"","theme-transparent-header-meta":"","adv-header-id-meta":"","stick-header-meta":"","header-above-stick-meta":"","header-main-stick-meta":"","header-below-stick-meta":"","astra-migrate-meta-layouts":"default","ast-page-background-enabled":"default","ast-page-background-meta":{"desktop":{"background-color":"","background-image":"","background-repeat":"repeat","background-position":"center center","background-size":"auto","background-attachment":"scroll","background-type":"","background-media":"","overlay-type":"","overlay-color":"","overlay-opacity":"","overlay-gradient":""},"tablet":{"background-color":"","background-image":"","background-repeat":"repeat","background-position":"center center","background-size":"auto","background-attachment":"scroll","background-type":"","background-media":"","overlay-type":"","overlay-color":"","overlay-opacity":"","overlay-gradient":""},"mobile":{"background-color":"","background-image":"","background-repeat":"repeat","background-position":"center center","background-size":"auto","background-attachment":"scroll","background-type":"","background-media":"","overlay-type":"","overlay-color":"","overlay-opacity":"","overlay-gradient":""}},"ast-content-background-meta":{"desktop":{"background-color":"var(--ast-global-color-5)","background-image":"","background-repeat":"repeat","background-position":"center center","background-size":"auto","background-attachment":"scroll","background-type":"","background-media":"","overlay-type":"","overlay-color":"","overlay-opacity":"","overlay-gradient":""},"tablet":{"background-color":"var(--ast-global-color-5)","background-image":"","background-repeat":"repeat","background-position":"center center","background-size":"auto","background-attachment":"scroll","background-type":"","background-media":"","overlay-type":"","overlay-color":"","overlay-opacity":"","overlay-gradient":""},"mobile":{"background-color":"var(--ast-global-color-5)","background-image":"","background-repeat":"repeat","background-position":"center center","background-size":"auto","background-attachment":"scroll","background-type":"","background-media":"","overlay-type":"","overlay-color":"","overlay-opacity":"","overlay-gradient":""}},"footnotes":""},"class_list":["post-9492","page","type-page","status-publish","hentry"],"acf":[],"_links":{"self":[{"href":"http:\/\/spmaskiner.dev03.extrude.se\/es\/wp-json\/wp\/v2\/pages\/9492","targetHints":{"allow":["GET"]}}],"collection":[{"href":"http:\/\/spmaskiner.dev03.extrude.se\/es\/wp-json\/wp\/v2\/pages"}],"about":[{"href":"http:\/\/spmaskiner.dev03.extrude.se\/es\/wp-json\/wp\/v2\/types\/page"}],"author":[{"embeddable":true,"href":"http:\/\/spmaskiner.dev03.extrude.se\/es\/wp-json\/wp\/v2\/users\/1"}],"replies":[{"embeddable":true,"href":"http:\/\/spmaskiner.dev03.extrude.se\/es\/wp-json\/wp\/v2\/comments?post=9492"}],"version-history":[{"count":4,"href":"http:\/\/spmaskiner.dev03.extrude.se\/es\/wp-json\/wp\/v2\/pages\/9492\/revisions"}],"predecessor-version":[{"id":9509,"href":"http:\/\/spmaskiner.dev03.extrude.se\/es\/wp-json\/wp\/v2\/pages\/9492\/revisions\/9509"}],"up":[{"embeddable":true,"href":"http:\/\/spmaskiner.dev03.extrude.se\/es\/wp-json\/wp\/v2\/pages\/7628"}],"wp:attachment":[{"href":"http:\/\/spmaskiner.dev03.extrude.se\/es\/wp-json\/wp\/v2\/media?parent=9492"}],"curies":[{"name":"wp","href":"https:\/\/api.w.org\/{rel}","templated":true}]}}