{"id":7866,"date":"2022-04-21T14:11:52","date_gmt":"2022-04-21T12:11:52","guid":{"rendered":"http:\/\/spmaskiner.dev03.extrude.se\/ventajas-para-el-cliente\/fabricacion-de-calidad-integral\/"},"modified":"2022-05-31T10:33:36","modified_gmt":"2022-05-31T08:33:36","slug":"fabricacion-de-calidad-integral","status":"publish","type":"page","link":"http:\/\/spmaskiner.dev03.extrude.se\/es\/ventajas-para-el-cliente\/fabricacion-de-calidad-integral\/","title":{"rendered":"Fabricaci\u00f3n de calidad integral"},"content":{"rendered":"\t\t<div data-elementor-type=\"wp-page\" data-elementor-id=\"7866\" class=\"elementor elementor-7866 elementor-7225\" data-elementor-post-type=\"page\">\n\t\t\t\t\t\t<section class=\"elementor-section elementor-top-section elementor-element elementor-element-190c45f elementor-section-boxed elementor-section-height-default elementor-section-height-default\" data-id=\"190c45f\" data-element_type=\"section\" data-e-type=\"section\">\n\t\t\t\t\t\t<div class=\"elementor-container elementor-column-gap-default\">\n\t\t\t\t\t<div class=\"elementor-column elementor-col-100 elementor-top-column elementor-element elementor-element-380323b6\" data-id=\"380323b6\" data-element_type=\"column\" data-e-type=\"column\">\n\t\t\t<div class=\"elementor-widget-wrap elementor-element-populated\">\n\t\t\t\t\t\t<div class=\"elementor-element elementor-element-578343ec elementor-widget elementor-widget-heading\" data-id=\"578343ec\" data-element_type=\"widget\" data-e-type=\"widget\" data-widget_type=\"heading.default\">\n\t\t\t\t<div class=\"elementor-widget-container\">\n\t\t\t\t\t<h1 class=\"elementor-heading-title elementor-size-default\">Fabricaci\u00f3n de calidad integral<\/h1>\t\t\t\t<\/div>\n\t\t\t\t<\/div>\n\t\t\t\t<div class=\"elementor-element elementor-element-0ccd9c5 elementor-widget elementor-widget-text-editor\" data-id=\"0ccd9c5\" data-element_type=\"widget\" data-e-type=\"widget\" data-widget_type=\"text-editor.default\">\n\t\t\t\t<div class=\"elementor-widget-container\">\n\t\t\t\t\t\t\t\t\tEn SP Maskiner, la calidad siempre est\u00e1 en el punto de mira y cada cabezal que sale de nuestra f\u00e1brica es el resultado de una s\u00f3lida experiencia y\r\nuna gran dosis de orgullo profesional. Gracias a la atenci\u00f3n al detalle en todos los pasos de nuestro proceso, que abarca todo, desde la elecci\u00f3n de\r\nlos materiales hasta los dise\u00f1os, la soldadura y las inspecciones finales, siempre sabemos que cada cabezal funcionar\u00e1 sin fallos en el momento de la\r\nentrega, y que la instalaci\u00f3n y el arranque ir\u00e1n como un reloj.\r\nCada parte del cabezal se elige cuidadosamente para garantizar que todo, desde el material para el bastidor hasta componentes como las v\u00e1lvulas\r\nhidr\u00e1ulicas, los cilindros, los sensores y las cuchillas de desrame, sea de la m\u00e1xima calidad posible. Nuestra amplia experiencia y conocimientos\r\ndentro del campo de la fabricaci\u00f3n de cabezales han dado como resultado la decisi\u00f3n de trabajar principalmente con componentes fundidos, como\r\npara los bastidores y las cuchillas, ya que sabemos que esto garantizar\u00e1 un cabezal extremadamente robusto y duradero. La decisi\u00f3n de utilizar\r\ncomponentes fundidos tambi\u00e9n hace que SP sea \u00fanico en nuestro enfoque de la fabricaci\u00f3n de cabezales, al igual que nuestra atenci\u00f3n al detalle en\r\ntodos los pasos del camino. La cuidadosa elecci\u00f3n de los componentes combinada con una precisi\u00f3n extrema en todos los trabajos de soldadura\r\ngarantiza que los cabezales tengan una vida \u00fatil maximizada y un mantenimiento m\u00ednimo del bastidor. Nuestro enorme respeto por la artesan\u00eda\r\nsignifica que siempre trabajamos de acuerdo con un proceso controlado para garantizar unos resultados perfectos en todo momento.\r\nNing\u00fan cabezal sale de nuestra f\u00e1brica sin ser revisado antes de acuerdo con nuestro exhaustivo programa de pruebas, SP Quality\r\nAssurance (Garant\u00eda de calidad de SP). Este protocolo describe en detalle lo que se debe verificar y qu\u00e9 pruebas se deben realizar, garantizando as\u00ed\r\nque todas las funciones se verifiquen antes de la entrega, sin dejar nada al azar.\r\nComo fabricante de cabezales, nos hemos establecido requisitos estrictos para nosotros mismos y estamos orgullosos de decir que nuestros clientes\r\nsiempre pueden esperar la m\u00e1xima calidad al elegir un cabezal de SP.\t\t\t\t\t\t\t\t<\/div>\n\t\t\t\t<\/div>\n\t\t\t\t<div class=\"elementor-element elementor-element-4c5a6be elementor-icon-list--layout-inline elementor-align-end elementor-list-item-link-full_width elementor-widget elementor-widget-icon-list\" data-id=\"4c5a6be\" data-element_type=\"widget\" data-e-type=\"widget\" data-widget_type=\"icon-list.default\">\n\t\t\t\t<div class=\"elementor-widget-container\">\n\t\t\t\t\t\t\t<ul class=\"elementor-icon-list-items elementor-inline-items\">\n\t\t\t\t\t\t\t<li class=\"elementor-icon-list-item elementor-inline-item\">\n\t\t\t\t\t\t\t\t\t\t\t<a href=\"http:\/\/spmaskiner.dev03.extrude.se\/wp-content\/uploads\/2022\/05\/qualitymanufacturing-es-ES.pdf\">\n\n\t\t\t\t\t\t\t\t\t\t\t\t<span class=\"elementor-icon-list-icon\">\n\t\t\t\t\t\t\t<i aria-hidden=\"true\" class=\"fas fa-file-pdf\"><\/i>\t\t\t\t\t\t<\/span>\n\t\t\t\t\t\t\t\t\t\t<span class=\"elementor-icon-list-text\">Fabricaci\u00f3n de calidad<\/span>\n\t\t\t\t\t\t\t\t\t\t\t<\/a>\n\t\t\t\t\t\t\t\t\t<\/li>\n\t\t\t\t\t\t<\/ul>\n\t\t\t\t\t\t<\/div>\n\t\t\t\t<\/div>\n\t\t\t\t\t<\/div>\n\t\t<\/div>\n\t\t\t\t\t<\/div>\n\t\t<\/section>\n\t\t\t\t<section class=\"elementor-section elementor-top-section elementor-element elementor-element-0862548 elementor-section-boxed elementor-section-height-default elementor-section-height-default\" data-id=\"0862548\" data-element_type=\"section\" data-e-type=\"section\">\n\t\t\t\t\t\t<div class=\"elementor-container elementor-column-gap-default\">\n\t\t\t\t\t<div class=\"elementor-column elementor-col-100 elementor-top-column elementor-element elementor-element-cd8c7cf\" data-id=\"cd8c7cf\" data-element_type=\"column\" data-e-type=\"column\">\n\t\t\t<div class=\"elementor-widget-wrap elementor-element-populated\">\n\t\t\t\t\t\t<div class=\"elementor-element elementor-element-07841ae elementor-widget elementor-widget-image\" data-id=\"07841ae\" data-element_type=\"widget\" data-e-type=\"widget\" data-widget_type=\"image.default\">\n\t\t\t\t<div class=\"elementor-widget-container\">\n\t\t\t\t\t\t\t\t\t\t\t\t\t\t\t<img fetchpriority=\"high\" decoding=\"async\" width=\"1024\" height=\"683\" src=\"http:\/\/spmaskiner.dev03.extrude.se\/wp-content\/uploads\/2022\/04\/DSC05966-1024x683.jpg\" class=\"attachment-large size-large wp-image-7620\" alt=\"\" srcset=\"http:\/\/spmaskiner.dev03.extrude.se\/wp-content\/uploads\/2022\/04\/DSC05966-1024x683.jpg 1024w, http:\/\/spmaskiner.dev03.extrude.se\/wp-content\/uploads\/2022\/04\/DSC05966-300x200.jpg 300w, http:\/\/spmaskiner.dev03.extrude.se\/wp-content\/uploads\/2022\/04\/DSC05966-768x512.jpg 768w, http:\/\/spmaskiner.dev03.extrude.se\/wp-content\/uploads\/2022\/04\/DSC05966-1536x1024.jpg 1536w, http:\/\/spmaskiner.dev03.extrude.se\/wp-content\/uploads\/2022\/04\/DSC05966-2048x1366.jpg 2048w\" sizes=\"(max-width: 1024px) 100vw, 1024px\" \/>\t\t\t\t\t\t\t\t\t\t\t\t\t\t\t<\/div>\n\t\t\t\t<\/div>\n\t\t\t\t\t<\/div>\n\t\t<\/div>\n\t\t\t\t\t<\/div>\n\t\t<\/section>\n\t\t\t\t<\/div>\n\t\t","protected":false},"excerpt":{"rendered":"<p>Fabricaci\u00f3n de calidad integral En SP Maskiner, la calidad siempre est\u00e1 en el punto de mira y cada cabezal que sale de nuestra f\u00e1brica es el resultado de una s\u00f3lida experiencia y una gran dosis de orgullo profesional. Gracias a la atenci\u00f3n al detalle en todos los pasos de nuestro proceso, que abarca todo, desde [&hellip;]<\/p>\n","protected":false},"author":2,"featured_media":0,"parent":7833,"menu_order":10,"comment_status":"closed","ping_status":"closed","template":"elementor_header_footer","meta":{"_acf_changed":false,"site-sidebar-layout":"no-sidebar","site-content-layout":"page-builder","ast-site-content-layout":"default","site-content-style":"default","site-sidebar-style":"default","ast-global-header-display":"","ast-banner-title-visibility":"","ast-main-header-display":"","ast-hfb-above-header-display":"","ast-hfb-below-header-display":"","ast-hfb-mobile-header-display":"","site-post-title":"disabled","ast-breadcrumbs-content":"","ast-featured-img":"disabled","footer-sml-layout":"","ast-disable-related-posts":"","theme-transparent-header-meta":"default","adv-header-id-meta":"","stick-header-meta":"","header-above-stick-meta":"","header-main-stick-meta":"","header-below-stick-meta":"","astra-migrate-meta-layouts":"default","ast-page-background-enabled":"default","ast-page-background-meta":{"desktop":{"background-color":"","background-image":"","background-repeat":"repeat","background-position":"center center","background-size":"auto","background-attachment":"scroll","background-type":"","background-media":"","overlay-type":"","overlay-color":"","overlay-opacity":"","overlay-gradient":""},"tablet":{"background-color":"","background-image":"","background-repeat":"repeat","background-position":"center center","background-size":"auto","background-attachment":"scroll","background-type":"","background-media":"","overlay-type":"","overlay-color":"","overlay-opacity":"","overlay-gradient":""},"mobile":{"background-color":"","background-image":"","background-repeat":"repeat","background-position":"center center","background-size":"auto","background-attachment":"scroll","background-type":"","background-media":"","overlay-type":"","overlay-color":"","overlay-opacity":"","overlay-gradient":""}},"ast-content-background-meta":{"desktop":{"background-color":"var(--ast-global-color-5)","background-image":"","background-repeat":"repeat","background-position":"center center","background-size":"auto","background-attachment":"scroll","background-type":"","background-media":"","overlay-type":"","overlay-color":"","overlay-opacity":"","overlay-gradient":""},"tablet":{"background-color":"var(--ast-global-color-5)","background-image":"","background-repeat":"repeat","background-position":"center center","background-size":"auto","background-attachment":"scroll","background-type":"","background-media":"","overlay-type":"","overlay-color":"","overlay-opacity":"","overlay-gradient":""},"mobile":{"background-color":"var(--ast-global-color-5)","background-image":"","background-repeat":"repeat","background-position":"center center","background-size":"auto","background-attachment":"scroll","background-type":"","background-media":"","overlay-type":"","overlay-color":"","overlay-opacity":"","overlay-gradient":""}},"footnotes":""},"class_list":["post-7866","page","type-page","status-publish","hentry"],"acf":[],"_links":{"self":[{"href":"http:\/\/spmaskiner.dev03.extrude.se\/es\/wp-json\/wp\/v2\/pages\/7866","targetHints":{"allow":["GET"]}}],"collection":[{"href":"http:\/\/spmaskiner.dev03.extrude.se\/es\/wp-json\/wp\/v2\/pages"}],"about":[{"href":"http:\/\/spmaskiner.dev03.extrude.se\/es\/wp-json\/wp\/v2\/types\/page"}],"author":[{"embeddable":true,"href":"http:\/\/spmaskiner.dev03.extrude.se\/es\/wp-json\/wp\/v2\/users\/2"}],"replies":[{"embeddable":true,"href":"http:\/\/spmaskiner.dev03.extrude.se\/es\/wp-json\/wp\/v2\/comments?post=7866"}],"version-history":[{"count":1,"href":"http:\/\/spmaskiner.dev03.extrude.se\/es\/wp-json\/wp\/v2\/pages\/7866\/revisions"}],"predecessor-version":[{"id":7867,"href":"http:\/\/spmaskiner.dev03.extrude.se\/es\/wp-json\/wp\/v2\/pages\/7866\/revisions\/7867"}],"up":[{"embeddable":true,"href":"http:\/\/spmaskiner.dev03.extrude.se\/es\/wp-json\/wp\/v2\/pages\/7833"}],"wp:attachment":[{"href":"http:\/\/spmaskiner.dev03.extrude.se\/es\/wp-json\/wp\/v2\/media?parent=7866"}],"curies":[{"name":"wp","href":"https:\/\/api.w.org\/{rel}","templated":true}]}}