{"id":7847,"date":"2021-03-05T09:55:16","date_gmt":"2021-03-05T08:55:16","guid":{"rendered":"http:\/\/spmaskiner.dev03.extrude.se\/ventajas-para-el-cliente\/concepto-de-baja-friccion\/"},"modified":"2022-05-31T10:21:55","modified_gmt":"2022-05-31T08:21:55","slug":"concepto-de-baja-friccion","status":"publish","type":"page","link":"http:\/\/spmaskiner.dev03.extrude.se\/es\/ventajas-para-el-cliente\/concepto-de-baja-friccion\/","title":{"rendered":"Concepto de baja fricci\u00f3n"},"content":{"rendered":"\t\t<div data-elementor-type=\"wp-page\" data-elementor-id=\"7847\" class=\"elementor elementor-7847 elementor-16\" data-elementor-post-type=\"page\">\n\t\t\t\t\t\t<section class=\"elementor-section elementor-top-section elementor-element elementor-element-190c45f elementor-section-boxed elementor-section-height-default elementor-section-height-default\" data-id=\"190c45f\" data-element_type=\"section\" data-e-type=\"section\">\n\t\t\t\t\t\t<div class=\"elementor-container elementor-column-gap-default\">\n\t\t\t\t\t<div class=\"elementor-column elementor-col-100 elementor-top-column elementor-element elementor-element-380323b6\" data-id=\"380323b6\" data-element_type=\"column\" data-e-type=\"column\">\n\t\t\t<div class=\"elementor-widget-wrap elementor-element-populated\">\n\t\t\t\t\t\t<div class=\"elementor-element elementor-element-578343ec elementor-widget elementor-widget-heading\" data-id=\"578343ec\" data-element_type=\"widget\" data-e-type=\"widget\" data-widget_type=\"heading.default\">\n\t\t\t\t<div class=\"elementor-widget-container\">\n\t\t\t\t\t<h1 class=\"elementor-heading-title elementor-size-default\">Nuestro concepto de baja fricci\u00f3n<\/h1>\t\t\t\t<\/div>\n\t\t\t\t<\/div>\n\t\t\t\t<div class=\"elementor-element elementor-element-0ccd9c5 elementor-widget elementor-widget-text-editor\" data-id=\"0ccd9c5\" data-element_type=\"widget\" data-e-type=\"widget\" data-widget_type=\"text-editor.default\">\n\t\t\t\t<div class=\"elementor-widget-container\">\n\t\t\t\t\t\t\t\t\tNuestro concepto de baja fricci\u00f3n abarca cinco innovaciones y soluciones independientes, cada una de ellas cuidadosamente dise\u00f1ada para\r\nmaximizar la producci\u00f3n, optimizar el consumo de combustible y de energ\u00eda, y reducir dr\u00e1sticamente los costes de mantenimiento. Juntas, estas\r\ncinco soluciones proporcionan una combinaci\u00f3n inmejorable que permite a SP ofrecer cabezales con propiedades y ventajas totalmente \u00fanicas que\r\nmaximizan su rentabilidad.\r\nNuestro concepto de baja fricci\u00f3n le proporciona un cabezal altamente productivo y f\u00e1cil de operar, independientemente de que se utilice para el\r\nraleo, la pesada tala final o la cosecha de madera dura. Los exclusivos soportes de rodillos de alimentaci\u00f3n garantizan un cabezal \u00e1gil y estrecho que\r\nhace que el trabajo de cosechar sea ligero, incluso en rodales densos, sin desgaste innecesario del cabezal ni da\u00f1os a los \u00e1rboles que quedan en pie.\r\nEn paralelo a esto, al cosechar \u00e1rboles de gran di\u00e1metro, los rodillos proporcionan la m\u00e1xima capacidad de carga, ya que son capaces de manejar\r\nincluso los tallos m\u00e1s pesados sin esfuerzo, lo que garantiza una cosecha eficiente y la m\u00e1xima rentabilidad.\r\nAdem\u00e1s, los cabezales de SP se pueden montar en todos los soportes, independientemente de la marca, y sin la necesidad de sustituir o modificar\r\nel sistema de control y medici\u00f3n existente de la m\u00e1quina.\t\t\t\t\t\t\t\t<\/div>\n\t\t\t\t<\/div>\n\t\t\t\t<div class=\"elementor-element elementor-element-4c5a6be elementor-icon-list--layout-inline elementor-align-end elementor-list-item-link-full_width elementor-widget elementor-widget-icon-list\" data-id=\"4c5a6be\" data-element_type=\"widget\" data-e-type=\"widget\" data-widget_type=\"icon-list.default\">\n\t\t\t\t<div class=\"elementor-widget-container\">\n\t\t\t\t\t\t\t<ul class=\"elementor-icon-list-items elementor-inline-items\">\n\t\t\t\t\t\t\t<li class=\"elementor-icon-list-item elementor-inline-item\">\n\t\t\t\t\t\t\t\t\t\t\t<a href=\"\/wp-content\/uploads\/2022\/05\/Lagfriktionskonceptet_EN-es-ES.pdf\">\n\n\t\t\t\t\t\t\t\t\t\t\t\t<span class=\"elementor-icon-list-icon\">\n\t\t\t\t\t\t\t<i aria-hidden=\"true\" class=\"fas fa-file-pdf\"><\/i>\t\t\t\t\t\t<\/span>\n\t\t\t\t\t\t\t\t\t\t<span class=\"elementor-icon-list-text\">Folleto Concepto de baja fricci\u00f3n<\/span>\n\t\t\t\t\t\t\t\t\t\t\t<\/a>\n\t\t\t\t\t\t\t\t\t<\/li>\n\t\t\t\t\t\t<\/ul>\n\t\t\t\t\t\t<\/div>\n\t\t\t\t<\/div>\n\t\t\t\t<div class=\"elementor-element elementor-element-15f3cbb elementor-widget elementor-widget-heading\" data-id=\"15f3cbb\" data-element_type=\"widget\" data-e-type=\"widget\" data-widget_type=\"heading.default\">\n\t\t\t\t<div class=\"elementor-widget-container\">\n\t\t\t\t\t<h2 class=\"elementor-heading-title elementor-size-default\">Cinco innovaciones para la m\u00e1xima eficiencia:<\/h2>\t\t\t\t<\/div>\n\t\t\t\t<\/div>\n\t\t\t\t<section class=\"elementor-section elementor-inner-section elementor-element elementor-element-dff9901 elementor-section-boxed elementor-section-height-default elementor-section-height-default\" data-id=\"dff9901\" data-element_type=\"section\" data-e-type=\"section\">\n\t\t\t\t\t\t<div class=\"elementor-container elementor-column-gap-default\">\n\t\t\t\t\t<div class=\"elementor-column elementor-col-100 elementor-inner-column elementor-element elementor-element-07b7e4e\" data-id=\"07b7e4e\" data-element_type=\"column\" data-e-type=\"column\">\n\t\t\t<div class=\"elementor-widget-wrap elementor-element-populated\">\n\t\t\t\t\t\t<div class=\"elementor-element elementor-element-cb71035 elementor-position-right box-shadow elementor-vertical-align-top elementor-widget elementor-widget-global elementor-global-7849 elementor-global-727 elementor-widget-image-box\" data-id=\"cb71035\" data-element_type=\"widget\" data-e-type=\"widget\" data-widget_type=\"image-box.default\">\n\t\t\t\t<div class=\"elementor-widget-container\">\n\t\t\t\t\t<div class=\"elementor-image-box-wrapper\"><figure class=\"elementor-image-box-img\"><img fetchpriority=\"high\" decoding=\"async\" width=\"500\" height=\"333\" src=\"http:\/\/spmaskiner.dev03.extrude.se\/wp-content\/uploads\/2021\/03\/knivdesign.jpg\" class=\"attachment-full size-full wp-image-699\" alt=\"\" srcset=\"http:\/\/spmaskiner.dev03.extrude.se\/wp-content\/uploads\/2021\/03\/knivdesign.jpg 500w, http:\/\/spmaskiner.dev03.extrude.se\/wp-content\/uploads\/2021\/03\/knivdesign-300x200.jpg 300w\" sizes=\"(max-width: 500px) 100vw, 500px\" \/><\/figure><div class=\"elementor-image-box-content\"><h3 class=\"elementor-image-box-title\">Las cuchillas de desrame cuentan con bordes<\/h3><p class=\"elementor-image-box-description\">Las cuchillas de desrame cuentan con bordes de corte largos y especialmente dise\u00f1ados, lo que garantiza el desramado mediante corte, en lugar de tronzado. Esto minimiza la fricci\u00f3n durante el desramado, aumentando as\u00ed la velocidad y la productividad. Las cuchillas de desrame est\u00e1n fundidas en acero de alta resistencia para una m\u00e1xima durabilidad y vida \u00fatil.<\/p><\/div><\/div>\t\t\t\t<\/div>\n\t\t\t\t<\/div>\n\t\t\t\t<div class=\"elementor-element elementor-element-bfd3df8 elementor-position-right box-shadow elementor-vertical-align-top elementor-widget elementor-widget-global elementor-global-7851 elementor-global-730 elementor-widget-image-box\" data-id=\"bfd3df8\" data-element_type=\"widget\" data-e-type=\"widget\" data-widget_type=\"image-box.default\">\n\t\t\t\t<div class=\"elementor-widget-container\">\n\t\t\t\t\t<div class=\"elementor-image-box-wrapper\"><figure class=\"elementor-image-box-img\"><img decoding=\"async\" width=\"500\" height=\"333\" src=\"http:\/\/spmaskiner.dev03.extrude.se\/wp-content\/uploads\/2021\/03\/lf_diagram_proportionella_tryck-thumb_sv-se.jpg\" class=\"attachment-full size-full wp-image-700\" alt=\"\" srcset=\"http:\/\/spmaskiner.dev03.extrude.se\/wp-content\/uploads\/2021\/03\/lf_diagram_proportionella_tryck-thumb_sv-se.jpg 500w, http:\/\/spmaskiner.dev03.extrude.se\/wp-content\/uploads\/2021\/03\/lf_diagram_proportionella_tryck-thumb_sv-se-300x200.jpg 300w\" sizes=\"(max-width: 500px) 100vw, 500px\" \/><\/figure><div class=\"elementor-image-box-content\"><h3 class=\"elementor-image-box-title\">La presi\u00f3n proporcional<\/h3><p class=\"elementor-image-box-description\">La presi\u00f3n proporcional garantiza que el cabezal aplique autom\u00e1ticamente siempre la presi\u00f3n \u00f3ptima de sujeci\u00f3n de las cuchillas de desrame y los rodillos de alimentaci\u00f3n en el tallo, independientemente del di\u00e1metro. Esto minimiza la fricci\u00f3n entre el tallo y el cabezal, garantizando la alimentaci\u00f3n m\u00e1s r\u00e1pida y suave posible. Los ajustes individuales para diferentes especies de \u00e1rboles maximizan a\u00fan m\u00e1s la producci\u00f3n.<\/p><\/div><\/div>\t\t\t\t<\/div>\n\t\t\t\t<\/div>\n\t\t\t\t<div class=\"elementor-element elementor-element-c833b25 elementor-position-right box-shadow elementor-vertical-align-top elementor-widget elementor-widget-global elementor-global-7853 elementor-global-733 elementor-widget-image-box\" data-id=\"c833b25\" data-element_type=\"widget\" data-e-type=\"widget\" data-widget_type=\"image-box.default\">\n\t\t\t\t<div class=\"elementor-widget-container\">\n\t\t\t\t\t<div class=\"elementor-image-box-wrapper\"><figure class=\"elementor-image-box-img\"><img decoding=\"async\" width=\"500\" height=\"333\" src=\"http:\/\/spmaskiner.dev03.extrude.se\/wp-content\/uploads\/2021\/03\/LogHold.jpg\" class=\"attachment-full size-full wp-image-707\" alt=\"\" srcset=\"http:\/\/spmaskiner.dev03.extrude.se\/wp-content\/uploads\/2021\/03\/LogHold.jpg 500w, http:\/\/spmaskiner.dev03.extrude.se\/wp-content\/uploads\/2021\/03\/LogHold-300x200.jpg 300w\" sizes=\"(max-width: 500px) 100vw, 500px\" \/><\/figure><div class=\"elementor-image-box-content\"><h3 class=\"elementor-image-box-title\">LogHold<\/h3><p class=\"elementor-image-box-description\">LogHold es un sistema patentado y un desarrollo adicional de la soluci\u00f3n de presi\u00f3n proporcional que minimiza a\u00fan m\u00e1s la fricci\u00f3n. LogHold permite que la presi\u00f3n de sujeci\u00f3n de la cuchilla de desrame se reduzca a\u00fan m\u00e1s, sin ning\u00fan riesgo de dejar caer el tallo. En caso de que el tallo comience a deslizarse, LogHold reacciona al instante, elevando la presi\u00f3n de sujeci\u00f3n lo suficiente como para mantener el tallo en la posici\u00f3n \u00f3ptima. El aumento del di\u00e1metro antes de que Log Hold reaccione se configura de manera individual para cada especie de \u00e1rbol en el sistema de control.<\/p><\/div><\/div>\t\t\t\t<\/div>\n\t\t\t\t<\/div>\n\t\t\t\t<div class=\"elementor-element elementor-element-b4b3831 elementor-position-right box-shadow elementor-vertical-align-top elementor-widget elementor-widget-global elementor-global-7855 elementor-global-743 elementor-widget-image-box\" data-id=\"b4b3831\" data-element_type=\"widget\" data-e-type=\"widget\" data-widget_type=\"image-box.default\">\n\t\t\t\t<div class=\"elementor-widget-container\">\n\t\t\t\t\t<div class=\"elementor-image-box-wrapper\"><figure class=\"elementor-image-box-img\"><img loading=\"lazy\" decoding=\"async\" width=\"500\" height=\"333\" src=\"http:\/\/spmaskiner.dev03.extrude.se\/wp-content\/uploads\/2021\/03\/vinkladematarhjul.jpg\" class=\"attachment-full size-full wp-image-736\" alt=\"\" srcset=\"http:\/\/spmaskiner.dev03.extrude.se\/wp-content\/uploads\/2021\/03\/vinkladematarhjul.jpg 500w, http:\/\/spmaskiner.dev03.extrude.se\/wp-content\/uploads\/2021\/03\/vinkladematarhjul-300x200.jpg 300w\" sizes=\"(max-width: 500px) 100vw, 500px\" \/><\/figure><div class=\"elementor-image-box-content\"><h3 class=\"elementor-image-box-title\">Los rodillos de alimentaci\u00f3n en \u00e1ngulo proporcional<\/h3><p class=\"elementor-image-box-description\">Los rodillos de alimentaci\u00f3n en \u00e1ngulo proporcional garantizan que el \u00e1ngulo y la capacidad de carga de los rodillos de alimentaci\u00f3n cambien en proporci\u00f3n al di\u00e1metro del tallo. Cuando los rodillos de alimentaci\u00f3n est\u00e1n completamente abiertos para procesar un tallo de di\u00e1metro extremadamente grande, los rodillos de alimentaci\u00f3n se colocan en su \u00e1ngulo m\u00e1s abierto y, como resultado de ello, proporcionan la m\u00e1xima capacidad de carga del tallo. Esto significa que la presi\u00f3n de sujeci\u00f3n de las cuchillas de desrame se puede minimizar, lo que a su vez reduce la fricci\u00f3n y permite que el cabezal alimente el tallo de manera r\u00e1pida y sencilla. Cuando los rodillos de alimentaci\u00f3n est\u00e1n cerrados, esta soluci\u00f3n \u00fanica proporciona un cabezal incre\u00edblemente estrecho y \u00e1gil con dimensiones compactas.<\/p><\/div><\/div>\t\t\t\t<\/div>\n\t\t\t\t<\/div>\n\t\t\t\t<div class=\"elementor-element elementor-element-c4b63c1 elementor-position-right box-shadow elementor-vertical-align-top elementor-widget elementor-widget-global elementor-global-7859 elementor-global-1114 elementor-widget-image-box\" data-id=\"c4b63c1\" data-element_type=\"widget\" data-e-type=\"widget\" data-widget_type=\"image-box.default\">\n\t\t\t\t<div class=\"elementor-widget-container\">\n\t\t\t\t\t<div class=\"elementor-image-box-wrapper\"><figure class=\"elementor-image-box-img\"><img decoding=\"async\" src=\"http:\/\/spmaskiner.dev03.extrude.se\/wp-content\/uploads\/elementor\/thumbs\/LogHold-px5rhdxjomdn8367qdvths4bacu72kyptrozeszakg.jpg\" title=\"LogHold\" alt=\"LogHold\" loading=\"lazy\" \/><\/figure><div class=\"elementor-image-box-content\"><h3 class=\"elementor-image-box-title\">El sistema hidr\u00e1ulico \u00f3ptimo<\/h3><p class=\"elementor-image-box-description\">El sistema hidr\u00e1ulico \u00f3ptimo significa que las ca\u00eddas de presi\u00f3n se minimizan gracias al tama\u00f1o y el dise\u00f1o de cada componente hidr\u00e1ulico, como los motores, los bloques de las v\u00e1lvulas, los acoplamientos y las mangueras. Esto genera una alta eficiencia energ\u00e9tica y el menor consumo de combustible posible por metro c\u00fabico de madera cosechada, con una maximizaci\u00f3n de la potencia, fuerza y productividad durante la alimentaci\u00f3n, el desrame y el corte. Debido al hecho de que los cabezales del concepto de baja fricci\u00f3n de SP solo tienen dos motores de rodillos de alimentaci\u00f3n, el n\u00famero de mangueras, acoplamientos y codos se puede reducir significativamente, lo que tambi\u00e9n redunda en unas p\u00e9rdidas hidr\u00e1ulicas m\u00ednimas. Las bajas ca\u00eddas de presi\u00f3n tambi\u00e9n reducen la generaci\u00f3n de calor en el sistema hidr\u00e1ulico, lo que aumenta la vida \u00fatil de muchos componentes de la m\u00e1quina debido a un menor desgaste y menores necesidades de mantenimiento.<\/p><\/div><\/div>\t\t\t\t<\/div>\n\t\t\t\t<\/div>\n\t\t\t\t<div class=\"elementor-element elementor-element-031670a elementor-widget elementor-widget-heading\" data-id=\"031670a\" data-element_type=\"widget\" data-e-type=\"widget\" data-widget_type=\"heading.default\">\n\t\t\t\t<div class=\"elementor-widget-container\">\n\t\t\t\t\t<h2 class=\"elementor-heading-title elementor-size-xl\">Las ventajas de nuestro concepto de baja fricci\u00f3n<\/h2>\t\t\t\t<\/div>\n\t\t\t\t<\/div>\n\t\t\t\t\t<\/div>\n\t\t<\/div>\n\t\t\t\t\t<\/div>\n\t\t<\/section>\n\t\t\t\t<section class=\"elementor-section elementor-inner-section elementor-element elementor-element-8605118 elementor-section-boxed elementor-section-height-default elementor-section-height-default\" data-id=\"8605118\" data-element_type=\"section\" data-e-type=\"section\">\n\t\t\t\t\t\t<div class=\"elementor-container elementor-column-gap-default\">\n\t\t\t\t\t<div class=\"elementor-column elementor-col-50 elementor-inner-column elementor-element elementor-element-ac37135\" data-id=\"ac37135\" data-element_type=\"column\" data-e-type=\"column\">\n\t\t\t<div class=\"elementor-widget-wrap elementor-element-populated\">\n\t\t\t\t\t\t<div class=\"elementor-element elementor-element-1cf5ebf elementor-widget elementor-widget-heading\" data-id=\"1cf5ebf\" data-element_type=\"widget\" data-e-type=\"widget\" data-widget_type=\"heading.default\">\n\t\t\t\t<div class=\"elementor-widget-container\">\n\t\t\t\t\t<h2 class=\"elementor-heading-title elementor-size-default\">Maximiza<\/h2>\t\t\t\t<\/div>\n\t\t\t\t<\/div>\n\t\t\t\t<div class=\"elementor-element elementor-element-6e91edd elementor-icon-list--layout-traditional elementor-list-item-link-full_width elementor-widget elementor-widget-icon-list\" data-id=\"6e91edd\" data-element_type=\"widget\" data-e-type=\"widget\" data-widget_type=\"icon-list.default\">\n\t\t\t\t<div class=\"elementor-widget-container\">\n\t\t\t\t\t\t\t<ul class=\"elementor-icon-list-items\">\n\t\t\t\t\t\t\t<li class=\"elementor-icon-list-item\">\n\t\t\t\t\t\t\t\t\t\t\t<span class=\"elementor-icon-list-icon\">\n\t\t\t\t\t\t\t<i aria-hidden=\"true\" class=\"fas fa-square-full\"><\/i>\t\t\t\t\t\t<\/span>\n\t\t\t\t\t\t\t\t\t\t<span class=\"elementor-icon-list-text\">Velocidad de alimentaci\u00f3n<\/span>\n\t\t\t\t\t\t\t\t\t<\/li>\n\t\t\t\t\t\t\t\t<li class=\"elementor-icon-list-item\">\n\t\t\t\t\t\t\t\t\t\t\t<span class=\"elementor-icon-list-icon\">\n\t\t\t\t\t\t\t<i aria-hidden=\"true\" class=\"fas fa-square-full\"><\/i>\t\t\t\t\t\t<\/span>\n\t\t\t\t\t\t\t\t\t\t<span class=\"elementor-icon-list-text\">Rendimiento<\/span>\n\t\t\t\t\t\t\t\t\t<\/li>\n\t\t\t\t\t\t\t\t<li class=\"elementor-icon-list-item\">\n\t\t\t\t\t\t\t\t\t\t\t<span class=\"elementor-icon-list-icon\">\n\t\t\t\t\t\t\t<i aria-hidden=\"true\" class=\"fas fa-square-full\"><\/i>\t\t\t\t\t\t<\/span>\n\t\t\t\t\t\t\t\t\t\t<span class=\"elementor-icon-list-text\">Productividad<\/span>\n\t\t\t\t\t\t\t\t\t<\/li>\n\t\t\t\t\t\t\t\t<li class=\"elementor-icon-list-item\">\n\t\t\t\t\t\t\t\t\t\t\t<span class=\"elementor-icon-list-icon\">\n\t\t\t\t\t\t\t<i aria-hidden=\"true\" class=\"fas fa-square-full\"><\/i>\t\t\t\t\t\t<\/span>\n\t\t\t\t\t\t\t\t\t\t<span class=\"elementor-icon-list-text\">Rentabilidad<\/span>\n\t\t\t\t\t\t\t\t\t<\/li>\n\t\t\t\t\t\t\t\t<li class=\"elementor-icon-list-item\">\n\t\t\t\t\t\t\t\t\t\t\t<span class=\"elementor-icon-list-icon\">\n\t\t\t\t\t\t\t<i aria-hidden=\"true\" class=\"fas fa-square-full\"><\/i>\t\t\t\t\t\t<\/span>\n\t\t\t\t\t\t\t\t\t\t<span class=\"elementor-icon-list-text\">Tiempo de actividad<\/span>\n\t\t\t\t\t\t\t\t\t<\/li>\n\t\t\t\t\t\t<\/ul>\n\t\t\t\t\t\t<\/div>\n\t\t\t\t<\/div>\n\t\t\t\t\t<\/div>\n\t\t<\/div>\n\t\t\t\t<div class=\"elementor-column elementor-col-50 elementor-inner-column elementor-element elementor-element-a449d85\" data-id=\"a449d85\" data-element_type=\"column\" data-e-type=\"column\">\n\t\t\t<div class=\"elementor-widget-wrap elementor-element-populated\">\n\t\t\t\t\t\t<div class=\"elementor-element elementor-element-71a4967 elementor-widget elementor-widget-heading\" data-id=\"71a4967\" data-element_type=\"widget\" data-e-type=\"widget\" data-widget_type=\"heading.default\">\n\t\t\t\t<div class=\"elementor-widget-container\">\n\t\t\t\t\t<h2 class=\"elementor-heading-title elementor-size-default\">Minimiza<\/h2>\t\t\t\t<\/div>\n\t\t\t\t<\/div>\n\t\t\t\t<div class=\"elementor-element elementor-element-93c3969 elementor-icon-list--layout-traditional elementor-list-item-link-full_width elementor-widget elementor-widget-icon-list\" data-id=\"93c3969\" data-element_type=\"widget\" data-e-type=\"widget\" data-widget_type=\"icon-list.default\">\n\t\t\t\t<div class=\"elementor-widget-container\">\n\t\t\t\t\t\t\t<ul class=\"elementor-icon-list-items\">\n\t\t\t\t\t\t\t<li class=\"elementor-icon-list-item\">\n\t\t\t\t\t\t\t\t\t\t\t<span class=\"elementor-icon-list-icon\">\n\t\t\t\t\t\t\t<i aria-hidden=\"true\" class=\"fas fa-square-full\"><\/i>\t\t\t\t\t\t<\/span>\n\t\t\t\t\t\t\t\t\t\t<span class=\"elementor-icon-list-text\">Fricci\u00f3n entre el cabezal y el tallo<\/span>\n\t\t\t\t\t\t\t\t\t<\/li>\n\t\t\t\t\t\t\t\t<li class=\"elementor-icon-list-item\">\n\t\t\t\t\t\t\t\t\t\t\t<span class=\"elementor-icon-list-icon\">\n\t\t\t\t\t\t\t<i aria-hidden=\"true\" class=\"fas fa-square-full\"><\/i>\t\t\t\t\t\t<\/span>\n\t\t\t\t\t\t\t\t\t\t<span class=\"elementor-icon-list-text\">Desgaste del cabezal<\/span>\n\t\t\t\t\t\t\t\t\t<\/li>\n\t\t\t\t\t\t\t\t<li class=\"elementor-icon-list-item\">\n\t\t\t\t\t\t\t\t\t\t\t<span class=\"elementor-icon-list-icon\">\n\t\t\t\t\t\t\t<i aria-hidden=\"true\" class=\"fas fa-square-full\"><\/i>\t\t\t\t\t\t<\/span>\n\t\t\t\t\t\t\t\t\t\t<span class=\"elementor-icon-list-text\">Da\u00f1o en el tallo<\/span>\n\t\t\t\t\t\t\t\t\t<\/li>\n\t\t\t\t\t\t\t\t<li class=\"elementor-icon-list-item\">\n\t\t\t\t\t\t\t\t\t\t\t<span class=\"elementor-icon-list-icon\">\n\t\t\t\t\t\t\t<i aria-hidden=\"true\" class=\"fas fa-square-full\"><\/i>\t\t\t\t\t\t<\/span>\n\t\t\t\t\t\t\t\t\t\t<span class=\"elementor-icon-list-text\">Consumo de combustible del soporte<\/span>\n\t\t\t\t\t\t\t\t\t<\/li>\n\t\t\t\t\t\t\t\t<li class=\"elementor-icon-list-item\">\n\t\t\t\t\t\t\t\t\t\t\t<span class=\"elementor-icon-list-icon\">\n\t\t\t\t\t\t\t<i aria-hidden=\"true\" class=\"fas fa-square-full\"><\/i>\t\t\t\t\t\t<\/span>\n\t\t\t\t\t\t\t\t\t\t<span class=\"elementor-icon-list-text\">Costes de mantenimiento y reparaci\u00f3n<\/span>\n\t\t\t\t\t\t\t\t\t<\/li>\n\t\t\t\t\t\t<\/ul>\n\t\t\t\t\t\t<\/div>\n\t\t\t\t<\/div>\n\t\t\t\t\t<\/div>\n\t\t<\/div>\n\t\t\t\t\t<\/div>\n\t\t<\/section>\n\t\t\t\t\t<\/div>\n\t\t<\/div>\n\t\t\t\t\t<\/div>\n\t\t<\/section>\n\t\t\t\t<\/div>\n\t\t","protected":false},"excerpt":{"rendered":"<p>Nuestro concepto de baja fricci\u00f3n Nuestro concepto de baja fricci\u00f3n abarca cinco innovaciones y soluciones independientes, cada una de ellas cuidadosamente dise\u00f1ada para maximizar la producci\u00f3n, optimizar el consumo de combustible y de energ\u00eda, y reducir dr\u00e1sticamente los costes de mantenimiento. Juntas, estas cinco soluciones proporcionan una combinaci\u00f3n inmejorable que permite a SP ofrecer cabezales [&hellip;]<\/p>\n","protected":false},"author":1,"featured_media":0,"parent":7833,"menu_order":10,"comment_status":"closed","ping_status":"closed","template":"elementor_header_footer","meta":{"_acf_changed":false,"site-sidebar-layout":"no-sidebar","site-content-layout":"page-builder","ast-site-content-layout":"default","site-content-style":"default","site-sidebar-style":"default","ast-global-header-display":"","ast-banner-title-visibility":"","ast-main-header-display":"","ast-hfb-above-header-display":"","ast-hfb-below-header-display":"","ast-hfb-mobile-header-display":"","site-post-title":"disabled","ast-breadcrumbs-content":"","ast-featured-img":"disabled","footer-sml-layout":"","ast-disable-related-posts":"","theme-transparent-header-meta":"default","adv-header-id-meta":"","stick-header-meta":"","header-above-stick-meta":"","header-main-stick-meta":"","header-below-stick-meta":"","astra-migrate-meta-layouts":"default","ast-page-background-enabled":"default","ast-page-background-meta":{"desktop":{"background-color":"","background-image":"","background-repeat":"repeat","background-position":"center center","background-size":"auto","background-attachment":"scroll","background-type":"","background-media":"","overlay-type":"","overlay-color":"","overlay-opacity":"","overlay-gradient":""},"tablet":{"background-color":"","background-image":"","background-repeat":"repeat","background-position":"center center","background-size":"auto","background-attachment":"scroll","background-type":"","background-media":"","overlay-type":"","overlay-color":"","overlay-opacity":"","overlay-gradient":""},"mobile":{"background-color":"","background-image":"","background-repeat":"repeat","background-position":"center center","background-size":"auto","background-attachment":"scroll","background-type":"","background-media":"","overlay-type":"","overlay-color":"","overlay-opacity":"","overlay-gradient":""}},"ast-content-background-meta":{"desktop":{"background-color":"var(--ast-global-color-5)","background-image":"","background-repeat":"repeat","background-position":"center center","background-size":"auto","background-attachment":"scroll","background-type":"","background-media":"","overlay-type":"","overlay-color":"","overlay-opacity":"","overlay-gradient":""},"tablet":{"background-color":"var(--ast-global-color-5)","background-image":"","background-repeat":"repeat","background-position":"center center","background-size":"auto","background-attachment":"scroll","background-type":"","background-media":"","overlay-type":"","overlay-color":"","overlay-opacity":"","overlay-gradient":""},"mobile":{"background-color":"var(--ast-global-color-5)","background-image":"","background-repeat":"repeat","background-position":"center center","background-size":"auto","background-attachment":"scroll","background-type":"","background-media":"","overlay-type":"","overlay-color":"","overlay-opacity":"","overlay-gradient":""}},"footnotes":""},"class_list":["post-7847","page","type-page","status-publish","hentry"],"acf":[],"_links":{"self":[{"href":"http:\/\/spmaskiner.dev03.extrude.se\/es\/wp-json\/wp\/v2\/pages\/7847","targetHints":{"allow":["GET"]}}],"collection":[{"href":"http:\/\/spmaskiner.dev03.extrude.se\/es\/wp-json\/wp\/v2\/pages"}],"about":[{"href":"http:\/\/spmaskiner.dev03.extrude.se\/es\/wp-json\/wp\/v2\/types\/page"}],"author":[{"embeddable":true,"href":"http:\/\/spmaskiner.dev03.extrude.se\/es\/wp-json\/wp\/v2\/users\/1"}],"replies":[{"embeddable":true,"href":"http:\/\/spmaskiner.dev03.extrude.se\/es\/wp-json\/wp\/v2\/comments?post=7847"}],"version-history":[{"count":1,"href":"http:\/\/spmaskiner.dev03.extrude.se\/es\/wp-json\/wp\/v2\/pages\/7847\/revisions"}],"predecessor-version":[{"id":7848,"href":"http:\/\/spmaskiner.dev03.extrude.se\/es\/wp-json\/wp\/v2\/pages\/7847\/revisions\/7848"}],"up":[{"embeddable":true,"href":"http:\/\/spmaskiner.dev03.extrude.se\/es\/wp-json\/wp\/v2\/pages\/7833"}],"wp:attachment":[{"href":"http:\/\/spmaskiner.dev03.extrude.se\/es\/wp-json\/wp\/v2\/media?parent=7847"}],"curies":[{"name":"wp","href":"https:\/\/api.w.org\/{rel}","templated":true}]}}