{"id":7729,"date":"2021-04-09T11:37:42","date_gmt":"2021-04-09T09:37:42","guid":{"rendered":"http:\/\/spmaskiner.dev03.extrude.se\/cabezales-procesadores\/cabezales-procesadores-lx\/"},"modified":"2022-05-31T08:35:48","modified_gmt":"2022-05-31T06:35:48","slug":"cabezales-procesadores-lx","status":"publish","type":"page","link":"http:\/\/spmaskiner.dev03.extrude.se\/es\/cabezales-procesadores\/cabezales-procesadores-lx\/","title":{"rendered":"Cabezales procesadores LX"},"content":{"rendered":"\t\t<div data-elementor-type=\"wp-page\" data-elementor-id=\"7729\" class=\"elementor elementor-7729 elementor-3131\" data-elementor-post-type=\"page\">\n\t\t\t\t\t\t<section class=\"elementor-section elementor-top-section elementor-element elementor-element-1bce3936 elementor-section-boxed elementor-section-height-default elementor-section-height-default\" data-id=\"1bce3936\" data-element_type=\"section\" data-e-type=\"section\">\n\t\t\t\t\t\t<div class=\"elementor-container elementor-column-gap-default\">\n\t\t\t\t\t<div class=\"elementor-column elementor-col-100 elementor-top-column elementor-element elementor-element-7e6ee8ee\" data-id=\"7e6ee8ee\" data-element_type=\"column\" data-e-type=\"column\">\n\t\t\t<div class=\"elementor-widget-wrap elementor-element-populated\">\n\t\t\t\t\t\t<div class=\"elementor-element elementor-element-1aafbf82 elementor-widget elementor-widget-heading\" data-id=\"1aafbf82\" data-element_type=\"widget\" data-e-type=\"widget\" data-widget_type=\"heading.default\">\n\t\t\t\t<div class=\"elementor-widget-container\">\n\t\t\t\t\t<h1 class=\"elementor-heading-title elementor-size-default\">Cabezales procesadores LX<\/h1>\t\t\t\t<\/div>\n\t\t\t\t<\/div>\n\t\t\t\t<div class=\"elementor-element elementor-element-2a7ed5f8 elementor-widget elementor-widget-text-editor\" data-id=\"2a7ed5f8\" data-element_type=\"widget\" data-e-type=\"widget\" data-widget_type=\"text-editor.default\">\n\t\t\t\t<div class=\"elementor-widget-container\">\n\t\t\t\t\t\t\t\t\tLos cabezales de la serie LX est\u00e1n dise\u00f1ados para gestionar las tareas de cosecha m\u00e1s exigentes\r\nsin fallar. Los cabezales se caracterizan por su dise\u00f1o extremadamente robusto y ofrecen una gama de soluciones \u00fanicas que garantizan la mayor vida \u00fatil y las m\u00ednimas necesidades de puesta a punto\r\ny mantenimiento. Y gracias al sistema LogHold de SP, la presi\u00f3n proporcional y el sistema hidr\u00e1ulico optimizado, tambi\u00e9n ofrecen el m\u00e1ximo rendimiento y productividad.\t\t\t\t\t\t\t\t<\/div>\n\t\t\t\t<\/div>\n\t\t\t\t\t<\/div>\n\t\t<\/div>\n\t\t\t\t\t<\/div>\n\t\t<\/section>\n\t\t\t\t<section class=\"elementor-section elementor-top-section elementor-element elementor-element-44369634 unit-group-container elementor-section-boxed elementor-section-height-default elementor-section-height-default\" data-id=\"44369634\" data-element_type=\"section\" data-e-type=\"section\">\n\t\t\t\t\t\t<div class=\"elementor-container elementor-column-gap-default\">\n\t\t\t\t\t<div class=\"elementor-column elementor-col-33 elementor-top-column elementor-element elementor-element-30ee73d3 unit-group-col\" data-id=\"30ee73d3\" data-element_type=\"column\" data-e-type=\"column\">\n\t\t\t<div class=\"elementor-widget-wrap elementor-element-populated\">\n\t\t\t\t\t\t<div class=\"elementor-element elementor-element-1fa25b4 unit-group-block elementor-position-top elementor-widget elementor-widget-image-box\" data-id=\"1fa25b4\" data-element_type=\"widget\" data-e-type=\"widget\" data-widget_type=\"image-box.default\">\n\t\t\t\t<div class=\"elementor-widget-container\">\n\t\t\t\t\t<div class=\"elementor-image-box-wrapper\"><figure class=\"elementor-image-box-img\"><a href=\"http:\/\/spmaskiner.dev03.extrude.se\/es\/cabezales-procesadores\/cabezales-procesadores-lx\/cabezales-procesadores-sp-591-lx-g3\/\" tabindex=\"-1\"><img fetchpriority=\"high\" decoding=\"async\" width=\"656\" height=\"800\" src=\"http:\/\/spmaskiner.dev03.extrude.se\/wp-content\/uploads\/2021\/04\/ar00001662_161116.jpg\" class=\"attachment-medium_large size-medium_large wp-image-3165\" alt=\"\" srcset=\"http:\/\/spmaskiner.dev03.extrude.se\/wp-content\/uploads\/2021\/04\/ar00001662_161116.jpg 656w, http:\/\/spmaskiner.dev03.extrude.se\/wp-content\/uploads\/2021\/04\/ar00001662_161116-246x300.jpg 246w\" sizes=\"(max-width: 656px) 100vw, 656px\" \/><\/a><\/figure><div class=\"elementor-image-box-content\"><h2 class=\"elementor-image-box-title\"><a href=\"http:\/\/spmaskiner.dev03.extrude.se\/es\/cabezales-procesadores\/cabezales-procesadores-lx\/cabezales-procesadores-sp-591-lx-g3\/\">SP 591 LX G3<\/a><\/h2><p class=\"elementor-image-box-description\">Cabezales de cosechadora extremadamente robustos y potentes para los trabajos m\u00e1s dif\u00edciles  y exigentes.<\/p><\/div><\/div>\t\t\t\t<\/div>\n\t\t\t\t<\/div>\n\t\t\t\t\t<\/div>\n\t\t<\/div>\n\t\t\t\t<div class=\"elementor-column elementor-col-33 elementor-top-column elementor-element elementor-element-7da63d9f unit-group-col\" data-id=\"7da63d9f\" data-element_type=\"column\" data-e-type=\"column\">\n\t\t\t<div class=\"elementor-widget-wrap\">\n\t\t\t\t\t\t\t<\/div>\n\t\t<\/div>\n\t\t\t\t<div class=\"elementor-column elementor-col-33 elementor-top-column elementor-element elementor-element-eb005cd unit-group-col\" data-id=\"eb005cd\" data-element_type=\"column\" data-e-type=\"column\">\n\t\t\t<div class=\"elementor-widget-wrap\">\n\t\t\t\t\t\t\t<\/div>\n\t\t<\/div>\n\t\t\t\t\t<\/div>\n\t\t<\/section>\n\t\t\t\t<\/div>\n\t\t","protected":false},"excerpt":{"rendered":"<p>Cabezales procesadores LX Los cabezales de la serie LX est\u00e1n dise\u00f1ados para gestionar las tareas de cosecha m\u00e1s exigentes sin fallar. Los cabezales se caracterizan por su dise\u00f1o extremadamente robusto y ofrecen una gama de soluciones \u00fanicas que garantizan la mayor vida \u00fatil y las m\u00ednimas necesidades de puesta a punto y mantenimiento. Y gracias [&hellip;]<\/p>\n","protected":false},"author":1,"featured_media":0,"parent":7628,"menu_order":20,"comment_status":"closed","ping_status":"closed","template":"elementor_header_footer","meta":{"_acf_changed":false,"site-sidebar-layout":"no-sidebar","site-content-layout":"page-builder","ast-site-content-layout":"default","site-content-style":"default","site-sidebar-style":"default","ast-global-header-display":"","ast-banner-title-visibility":"","ast-main-header-display":"","ast-hfb-above-header-display":"","ast-hfb-below-header-display":"","ast-hfb-mobile-header-display":"","site-post-title":"disabled","ast-breadcrumbs-content":"","ast-featured-img":"disabled","footer-sml-layout":"","ast-disable-related-posts":"","theme-transparent-header-meta":"default","adv-header-id-meta":"","stick-header-meta":"","header-above-stick-meta":"","header-main-stick-meta":"","header-below-stick-meta":"","astra-migrate-meta-layouts":"default","ast-page-background-enabled":"default","ast-page-background-meta":{"desktop":{"background-color":"","background-image":"","background-repeat":"repeat","background-position":"center center","background-size":"auto","background-attachment":"scroll","background-type":"","background-media":"","overlay-type":"","overlay-color":"","overlay-opacity":"","overlay-gradient":""},"tablet":{"background-color":"","background-image":"","background-repeat":"repeat","background-position":"center center","background-size":"auto","background-attachment":"scroll","background-type":"","background-media":"","overlay-type":"","overlay-color":"","overlay-opacity":"","overlay-gradient":""},"mobile":{"background-color":"","background-image":"","background-repeat":"repeat","background-position":"center center","background-size":"auto","background-attachment":"scroll","background-type":"","background-media":"","overlay-type":"","overlay-color":"","overlay-opacity":"","overlay-gradient":""}},"ast-content-background-meta":{"desktop":{"background-color":"var(--ast-global-color-5)","background-image":"","background-repeat":"repeat","background-position":"center center","background-size":"auto","background-attachment":"scroll","background-type":"","background-media":"","overlay-type":"","overlay-color":"","overlay-opacity":"","overlay-gradient":""},"tablet":{"background-color":"var(--ast-global-color-5)","background-image":"","background-repeat":"repeat","background-position":"center center","background-size":"auto","background-attachment":"scroll","background-type":"","background-media":"","overlay-type":"","overlay-color":"","overlay-opacity":"","overlay-gradient":""},"mobile":{"background-color":"var(--ast-global-color-5)","background-image":"","background-repeat":"repeat","background-position":"center center","background-size":"auto","background-attachment":"scroll","background-type":"","background-media":"","overlay-type":"","overlay-color":"","overlay-opacity":"","overlay-gradient":""}},"footnotes":""},"class_list":["post-7729","page","type-page","status-publish","hentry"],"acf":[],"_links":{"self":[{"href":"http:\/\/spmaskiner.dev03.extrude.se\/es\/wp-json\/wp\/v2\/pages\/7729","targetHints":{"allow":["GET"]}}],"collection":[{"href":"http:\/\/spmaskiner.dev03.extrude.se\/es\/wp-json\/wp\/v2\/pages"}],"about":[{"href":"http:\/\/spmaskiner.dev03.extrude.se\/es\/wp-json\/wp\/v2\/types\/page"}],"author":[{"embeddable":true,"href":"http:\/\/spmaskiner.dev03.extrude.se\/es\/wp-json\/wp\/v2\/users\/1"}],"replies":[{"embeddable":true,"href":"http:\/\/spmaskiner.dev03.extrude.se\/es\/wp-json\/wp\/v2\/comments?post=7729"}],"version-history":[{"count":7,"href":"http:\/\/spmaskiner.dev03.extrude.se\/es\/wp-json\/wp\/v2\/pages\/7729\/revisions"}],"predecessor-version":[{"id":7784,"href":"http:\/\/spmaskiner.dev03.extrude.se\/es\/wp-json\/wp\/v2\/pages\/7729\/revisions\/7784"}],"up":[{"embeddable":true,"href":"http:\/\/spmaskiner.dev03.extrude.se\/es\/wp-json\/wp\/v2\/pages\/7628"}],"wp:attachment":[{"href":"http:\/\/spmaskiner.dev03.extrude.se\/es\/wp-json\/wp\/v2\/media?parent=7729"}],"curies":[{"name":"wp","href":"https:\/\/api.w.org\/{rel}","templated":true}]}}