{"id":7692,"date":"2021-04-08T16:31:42","date_gmt":"2021-04-08T14:31:42","guid":{"rendered":"http:\/\/spmaskiner.dev03.extrude.se\/cabezales-procesadores\/cabezales-procesadores-lf\/cabezales-procesadores-sp-561-lf\/sp-561-lf-accesorios-y-equipamiento\/"},"modified":"2022-06-09T16:29:26","modified_gmt":"2022-06-09T14:29:26","slug":"sp-561-lf-accesorios-y-equipamiento","status":"publish","type":"page","link":"http:\/\/spmaskiner.dev03.extrude.se\/es\/cabezales-procesadores\/cabezales-procesadores-lf\/cabezales-procesadores-sp-561-lf\/sp-561-lf-accesorios-y-equipamiento\/","title":{"rendered":"SP 561 LF Accesorios y equipamiento"},"content":{"rendered":"\t\t<div data-elementor-type=\"wp-page\" data-elementor-id=\"7692\" class=\"elementor elementor-7692 elementor-2624\" data-elementor-post-type=\"page\">\n\t\t\t\t\t\t<section class=\"elementor-section elementor-top-section elementor-element elementor-element-350464f9 elementor-section-height-min-height elementor-section-items-top product-top-section elementor-section-boxed elementor-section-height-default\" data-id=\"350464f9\" data-element_type=\"section\" data-e-type=\"section\" data-settings=\"{&quot;background_background&quot;:&quot;classic&quot;}\">\n\t\t\t\t\t\t<div class=\"elementor-container elementor-column-gap-default\">\n\t\t\t\t\t<div class=\"elementor-column elementor-col-50 elementor-top-column elementor-element elementor-element-4f64430f\" data-id=\"4f64430f\" data-element_type=\"column\" data-e-type=\"column\" data-settings=\"{&quot;background_background&quot;:&quot;classic&quot;}\">\n\t\t\t<div class=\"elementor-widget-wrap elementor-element-populated\">\n\t\t\t\t\t\t<div class=\"elementor-element elementor-element-85aeac0 elementor-widget__width-auto elementor-widget elementor-widget-heading\" data-id=\"85aeac0\" data-element_type=\"widget\" data-e-type=\"widget\" data-widget_type=\"heading.default\">\n\t\t\t\t<div class=\"elementor-widget-container\">\n\t\t\t\t\t<h2 class=\"elementor-heading-title elementor-size-default\">SP 561 LF<\/h2>\t\t\t\t<\/div>\n\t\t\t\t<\/div>\n\t\t\t\t\t<\/div>\n\t\t<\/div>\n\t\t\t\t<div class=\"elementor-column elementor-col-50 elementor-top-column elementor-element elementor-element-13cf71ea\" data-id=\"13cf71ea\" data-element_type=\"column\" data-e-type=\"column\" data-settings=\"{&quot;background_background&quot;:&quot;classic&quot;}\">\n\t\t\t<div class=\"elementor-widget-wrap\">\n\t\t\t\t\t\t\t<\/div>\n\t\t<\/div>\n\t\t\t\t\t<\/div>\n\t\t<\/section>\n\t\t\t\t<section class=\"elementor-section elementor-top-section elementor-element elementor-element-62a7671a elementor-section-full_width elementor-section-height-default elementor-section-height-default\" data-id=\"62a7671a\" data-element_type=\"section\" data-e-type=\"section\">\n\t\t\t\t\t\t<div class=\"elementor-container elementor-column-gap-default\">\n\t\t\t\t\t<div class=\"elementor-column elementor-col-100 elementor-top-column elementor-element elementor-element-7a34a1e8\" data-id=\"7a34a1e8\" data-element_type=\"column\" data-e-type=\"column\">\n\t\t\t<div class=\"elementor-widget-wrap elementor-element-populated\">\n\t\t\t\t\t\t<div class=\"elementor-element elementor-element-eeb4a0d elementor-nav-menu__align-center elementor-nav-menu--dropdown-mobile elementor-nav-menu__text-align-aside elementor-nav-menu--toggle elementor-nav-menu--burger elementor-widget elementor-widget-global elementor-global-2640 elementor-widget-nav-menu\" data-id=\"eeb4a0d\" data-element_type=\"widget\" data-e-type=\"widget\" id=\"product-menu\" data-settings=\"{&quot;layout&quot;:&quot;horizontal&quot;,&quot;submenu_icon&quot;:{&quot;value&quot;:&quot;fas fa-caret-down&quot;,&quot;library&quot;:&quot;fa-solid&quot;},&quot;toggle&quot;:&quot;burger&quot;}\" data-widget_type=\"nav-menu.default\">\n\t\t\t\t<div class=\"elementor-widget-container\">\n\t\t\t\t\t\t\t\t<nav aria-label=\"Men\u00fa\" class=\"elementor-nav-menu--main elementor-nav-menu__container elementor-nav-menu--layout-horizontal e--pointer-background e--animation-fade\">\n\t\t\t\t<ul id=\"menu-1-eeb4a0d\" class=\"elementor-nav-menu\"><li class=\"menu-item menu-item-type-post_type menu-item-object-page menu-item-8055\"><a href=\"http:\/\/spmaskiner.dev03.extrude.se\/es\/cabezales-procesadores\/cabezales-procesadores-lf\/cabezales-procesadores-sp-561-lf\/\" class=\"elementor-item menu-link\">Informaci\u00f3n del Producto<\/a><\/li>\n<li class=\"menu-item menu-item-type-post_type menu-item-object-page menu-item-8056\"><a href=\"http:\/\/spmaskiner.dev03.extrude.se\/es\/cabezales-procesadores\/cabezales-procesadores-lf\/cabezales-procesadores-sp-561-lf\/sp-561-lf-ficha-tecnica\/\" class=\"elementor-item menu-link\">Ficha t\u00e9cnica<\/a><\/li>\n<li class=\"menu-item menu-item-type-post_type menu-item-object-page menu-item-8057\"><a href=\"http:\/\/spmaskiner.dev03.extrude.se\/es\/cabezales-procesadores\/cabezales-procesadores-lf\/cabezales-procesadores-sp-561-lf\/sp-561-lf-ventajas-para-el-cliente\/\" class=\"elementor-item menu-link\">Ventajas para el cliente<\/a><\/li>\n<li class=\"menu-item menu-item-type-post_type menu-item-object-page menu-item-8058\"><a href=\"http:\/\/spmaskiner.dev03.extrude.se\/es\/cabezales-procesadores\/cabezales-procesadores-lf\/cabezales-procesadores-sp-561-lf\/sp-561-lf-sistemas-de-control\/\" class=\"elementor-item menu-link\">Sistemas de control<\/a><\/li>\n<li class=\"menu-item menu-item-type-post_type menu-item-object-page menu-item-8059\"><a href=\"http:\/\/spmaskiner.dev03.extrude.se\/es\/cabezales-procesadores\/cabezales-procesadores-lf\/cabezales-procesadores-sp-561-lf\/sp-561-lf-accesorios-y-equipamiento\/\" class=\"elementor-item menu-link\">Accesorios y equipamiento<\/a><\/li>\n<\/ul>\t\t\t<\/nav>\n\t\t\t\t\t<div class=\"elementor-menu-toggle\" role=\"button\" tabindex=\"0\" aria-label=\"Alternar men\u00fa\" aria-expanded=\"false\">\n\t\t\t<i aria-hidden=\"true\" role=\"presentation\" class=\"elementor-menu-toggle__icon--open eicon-menu-bar\"><\/i><i aria-hidden=\"true\" role=\"presentation\" class=\"elementor-menu-toggle__icon--close eicon-close\"><\/i>\t\t<\/div>\n\t\t\t\t\t<nav class=\"elementor-nav-menu--dropdown elementor-nav-menu__container\" aria-hidden=\"true\">\n\t\t\t\t<ul id=\"menu-2-eeb4a0d\" class=\"elementor-nav-menu\"><li class=\"menu-item menu-item-type-post_type menu-item-object-page menu-item-8055\"><a href=\"http:\/\/spmaskiner.dev03.extrude.se\/es\/cabezales-procesadores\/cabezales-procesadores-lf\/cabezales-procesadores-sp-561-lf\/\" class=\"elementor-item menu-link\" tabindex=\"-1\">Informaci\u00f3n del Producto<\/a><\/li>\n<li class=\"menu-item menu-item-type-post_type menu-item-object-page menu-item-8056\"><a href=\"http:\/\/spmaskiner.dev03.extrude.se\/es\/cabezales-procesadores\/cabezales-procesadores-lf\/cabezales-procesadores-sp-561-lf\/sp-561-lf-ficha-tecnica\/\" class=\"elementor-item menu-link\" tabindex=\"-1\">Ficha t\u00e9cnica<\/a><\/li>\n<li class=\"menu-item menu-item-type-post_type menu-item-object-page menu-item-8057\"><a href=\"http:\/\/spmaskiner.dev03.extrude.se\/es\/cabezales-procesadores\/cabezales-procesadores-lf\/cabezales-procesadores-sp-561-lf\/sp-561-lf-ventajas-para-el-cliente\/\" class=\"elementor-item menu-link\" tabindex=\"-1\">Ventajas para el cliente<\/a><\/li>\n<li class=\"menu-item menu-item-type-post_type menu-item-object-page menu-item-8058\"><a href=\"http:\/\/spmaskiner.dev03.extrude.se\/es\/cabezales-procesadores\/cabezales-procesadores-lf\/cabezales-procesadores-sp-561-lf\/sp-561-lf-sistemas-de-control\/\" class=\"elementor-item menu-link\" tabindex=\"-1\">Sistemas de control<\/a><\/li>\n<li class=\"menu-item menu-item-type-post_type menu-item-object-page menu-item-8059\"><a href=\"http:\/\/spmaskiner.dev03.extrude.se\/es\/cabezales-procesadores\/cabezales-procesadores-lf\/cabezales-procesadores-sp-561-lf\/sp-561-lf-accesorios-y-equipamiento\/\" class=\"elementor-item menu-link\" tabindex=\"-1\">Accesorios y equipamiento<\/a><\/li>\n<\/ul>\t\t\t<\/nav>\n\t\t\t\t\t\t<\/div>\n\t\t\t\t<\/div>\n\t\t\t\t\t<\/div>\n\t\t<\/div>\n\t\t\t\t\t<\/div>\n\t\t<\/section>\n\t\t\t\t<section class=\"elementor-section elementor-top-section elementor-element elementor-element-22f6c59d elementor-section-boxed elementor-section-height-default elementor-section-height-default\" data-id=\"22f6c59d\" data-element_type=\"section\" data-e-type=\"section\">\n\t\t\t\t\t\t<div class=\"elementor-container elementor-column-gap-default\">\n\t\t\t\t\t<div class=\"elementor-column elementor-col-100 elementor-top-column elementor-element elementor-element-5631476\" data-id=\"5631476\" data-element_type=\"column\" data-e-type=\"column\">\n\t\t\t<div class=\"elementor-widget-wrap elementor-element-populated\">\n\t\t\t\t\t\t<div class=\"elementor-element elementor-element-62c405df elementor-widget elementor-widget-heading\" data-id=\"62c405df\" data-element_type=\"widget\" data-e-type=\"widget\" data-widget_type=\"heading.default\">\n\t\t\t\t<div class=\"elementor-widget-container\">\n\t\t\t\t\t<h1 class=\"elementor-heading-title elementor-size-default\">Accesorios y equipamiento - Cabezal procesador SP 561 LF<\/h1>\t\t\t\t<\/div>\n\t\t\t\t<\/div>\n\t\t\t\t<div class=\"elementor-element elementor-element-5c148800 elementor-widget elementor-widget-text-editor\" data-id=\"5c148800\" data-element_type=\"widget\" data-e-type=\"widget\" data-widget_type=\"text-editor.default\">\n\t\t\t\t<div class=\"elementor-widget-container\">\n\t\t\t\t\t\t\t\t\t\r\nTodos nuestros cabezales procesadores incluyen de serie equipamiento de alto nivel. Sin embargo, hay disponibles diferentes accesorios para optimizar el cabezal procesador para diferentes necesidades, veh\u00edculos y condiciones de tala. A continuaci\u00f3n se describen los accesorios m\u00e1s comunes.\r\n\r\nSi desea m\u00e1s informaci\u00f3n sobre los accesorios, p\u00f3ngase en contacto con el concesionario m\u00e1s cercano de SP o con SP Maskiner.\r\n\t\t\t\t\t\t\t\t<\/div>\n\t\t\t\t<\/div>\n\t\t\t\t\t<\/div>\n\t\t<\/div>\n\t\t\t\t\t<\/div>\n\t\t<\/section>\n\t\t\t\t<section class=\"elementor-section elementor-inner-section elementor-element elementor-element-1acc92fa elementor-section-boxed elementor-section-height-default elementor-section-height-default\" data-id=\"1acc92fa\" data-element_type=\"section\" data-e-type=\"section\">\n\t\t\t\t\t\t<div class=\"elementor-container elementor-column-gap-default\">\n\t\t\t\t\t<div class=\"elementor-column elementor-col-50 elementor-inner-column elementor-element elementor-element-2f56ddd7\" data-id=\"2f56ddd7\" data-element_type=\"column\" data-e-type=\"column\">\n\t\t\t<div class=\"elementor-widget-wrap elementor-element-populated\">\n\t\t\t\t\t\t<div class=\"elementor-element elementor-element-50b99499 elementor-widget elementor-widget-text-editor\" data-id=\"50b99499\" data-element_type=\"widget\" data-e-type=\"widget\" data-widget_type=\"text-editor.default\">\n\t\t\t\t<div class=\"elementor-widget-container\">\n\t\t\t\t\t\t\t\t\t<strong>Marcado con color\r\n<\/strong>Se utiliza para optimizar el trabajo de autocargado cuando las variedades son dif\u00edciles\r\nde distinguir solo con la vista.\r\n\r\n<strong>Manipulaci\u00f3n de varios \u00e1rboles\r\n<\/strong>Equipo opcional para una mayor producci\u00f3n cuando se trabaja con rodales de di\u00e1metro peque\u00f1o, ya que la manipulaci\u00f3n de varios \u00e1rboles de SP le permite talar y acumular varios tallos para procesarlos juntos.\r\n\r\n<strong>Funci\u00f3n de Buscar fin\r\n<\/strong>Con la ayuda de un sensor montado en la carcasa de la unidad de sierra, el cabezal localiza autom\u00e1ticamente el extremo del tallo con solo presionar un bot\u00f3n.\r\n\r\n<strong>Motores de rodillos\r\n<\/strong>Hay disponibles motores de rodillos de diferentes tama\u00f1os para optimizar el rendimiento del cabezal en funci\u00f3n de las condiciones de trabajo y el tama\u00f1o de la m\u00e1quina base. Puede elegir entre motores de 514\u00a0cc, 560\u00a0cc y 625\u00a0cc.\r\n\r\n<strong>Luz para la carcasa de la unidad de sierra\r\n<\/strong>Una l\u00e1mpara LED en la carcasa de la unidad de sierra ofrece iluminaci\u00f3n adicional sobre\r\nel \u00e1rea de trabajo.\t\t\t\t\t\t\t\t<\/div>\n\t\t\t\t<\/div>\n\t\t\t\t\t<\/div>\n\t\t<\/div>\n\t\t\t\t<div class=\"elementor-column elementor-col-50 elementor-inner-column elementor-element elementor-element-7f9426df\" data-id=\"7f9426df\" data-element_type=\"column\" data-e-type=\"column\">\n\t\t\t<div class=\"elementor-widget-wrap elementor-element-populated\">\n\t\t\t\t\t\t<div class=\"elementor-element elementor-element-506e6cea elementor-widget elementor-widget-text-editor\" data-id=\"506e6cea\" data-element_type=\"widget\" data-e-type=\"widget\" data-widget_type=\"text-editor.default\">\n\t\t\t\t<div class=\"elementor-widget-container\">\n\t\t\t\t\t\t\t\t\t<strong>Kit para eucaliptos\r\n<\/strong>Kit de descortezado para eucaliptos.\r\n\r\n<strong>Rodillos de alimentaci\u00f3n\r\n<\/strong>Hay disponibles varios modelos y variantes diferentes de rodillos de alimentaci\u00f3n para adaptarse a las diferentes condiciones y necesidades.\r\n\r\n<strong>Integraci\u00f3n del sistema de medici\u00f3n\r\n<\/strong>Los cabezales de cosechadora SP se pueden utilizar pr\u00e1cticamente junto con cualquier sistema de medici\u00f3n del mercado. Esto significa menores costes de inversi\u00f3n y una puesta en marcha m\u00e1s r\u00e1pida, ya que el operario no necesita aprender un nuevo sistema.\r\n\r\n<strong>Sistema de medici\u00f3n completo Dasa5\r\n<\/strong>Se requiere un sistema de medici\u00f3n completo si se monta el cabezal en, por ejemplo, una excavadora o una cosechadora de orugas. Puede elegir entre el sistema b\u00e1sico, D5 Bucking Prio C, el sistema intermedio, D5 Bucking Prio, y el sistema m\u00e1s avanzado, D5 Bucking.\t\t\t\t\t\t\t\t<\/div>\n\t\t\t\t<\/div>\n\t\t\t\t\t<\/div>\n\t\t<\/div>\n\t\t\t\t\t<\/div>\n\t\t<\/section>\n\t\t\t\t<\/div>\n\t\t","protected":false},"excerpt":{"rendered":"<p>SP 561 LF Accesorios y equipamiento &#8211; Cabezal procesador SP 561 LF Todos nuestros cabezales procesadores incluyen de serie equipamiento de alto nivel. Sin embargo, hay disponibles diferentes accesorios para optimizar el cabezal procesador para diferentes necesidades, veh\u00edculos y condiciones de tala. A continuaci\u00f3n se describen los accesorios m\u00e1s comunes. Si desea m\u00e1s informaci\u00f3n sobre [&hellip;]<\/p>\n","protected":false},"author":1,"featured_media":0,"parent":7684,"menu_order":40,"comment_status":"closed","ping_status":"closed","template":"","meta":{"_acf_changed":false,"site-sidebar-layout":"no-sidebar","site-content-layout":"page-builder","ast-site-content-layout":"default","site-content-style":"default","site-sidebar-style":"default","ast-global-header-display":"","ast-banner-title-visibility":"","ast-main-header-display":"","ast-hfb-above-header-display":"","ast-hfb-below-header-display":"","ast-hfb-mobile-header-display":"","site-post-title":"disabled","ast-breadcrumbs-content":"","ast-featured-img":"disabled","footer-sml-layout":"","ast-disable-related-posts":"","theme-transparent-header-meta":"default","adv-header-id-meta":"","stick-header-meta":"","header-above-stick-meta":"","header-main-stick-meta":"","header-below-stick-meta":"","astra-migrate-meta-layouts":"default","ast-page-background-enabled":"default","ast-page-background-meta":{"desktop":{"background-color":"","background-image":"","background-repeat":"repeat","background-position":"center center","background-size":"auto","background-attachment":"scroll","background-type":"","background-media":"","overlay-type":"","overlay-color":"","overlay-opacity":"","overlay-gradient":""},"tablet":{"background-color":"","background-image":"","background-repeat":"repeat","background-position":"center center","background-size":"auto","background-attachment":"scroll","background-type":"","background-media":"","overlay-type":"","overlay-color":"","overlay-opacity":"","overlay-gradient":""},"mobile":{"background-color":"","background-image":"","background-repeat":"repeat","background-position":"center center","background-size":"auto","background-attachment":"scroll","background-type":"","background-media":"","overlay-type":"","overlay-color":"","overlay-opacity":"","overlay-gradient":""}},"ast-content-background-meta":{"desktop":{"background-color":"var(--ast-global-color-5)","background-image":"","background-repeat":"repeat","background-position":"center center","background-size":"auto","background-attachment":"scroll","background-type":"","background-media":"","overlay-type":"","overlay-color":"","overlay-opacity":"","overlay-gradient":""},"tablet":{"background-color":"var(--ast-global-color-5)","background-image":"","background-repeat":"repeat","background-position":"center center","background-size":"auto","background-attachment":"scroll","background-type":"","background-media":"","overlay-type":"","overlay-color":"","overlay-opacity":"","overlay-gradient":""},"mobile":{"background-color":"var(--ast-global-color-5)","background-image":"","background-repeat":"repeat","background-position":"center center","background-size":"auto","background-attachment":"scroll","background-type":"","background-media":"","overlay-type":"","overlay-color":"","overlay-opacity":"","overlay-gradient":""}},"footnotes":""},"class_list":["post-7692","page","type-page","status-publish","hentry"],"acf":[],"_links":{"self":[{"href":"http:\/\/spmaskiner.dev03.extrude.se\/es\/wp-json\/wp\/v2\/pages\/7692","targetHints":{"allow":["GET"]}}],"collection":[{"href":"http:\/\/spmaskiner.dev03.extrude.se\/es\/wp-json\/wp\/v2\/pages"}],"about":[{"href":"http:\/\/spmaskiner.dev03.extrude.se\/es\/wp-json\/wp\/v2\/types\/page"}],"author":[{"embeddable":true,"href":"http:\/\/spmaskiner.dev03.extrude.se\/es\/wp-json\/wp\/v2\/users\/1"}],"replies":[{"embeddable":true,"href":"http:\/\/spmaskiner.dev03.extrude.se\/es\/wp-json\/wp\/v2\/comments?post=7692"}],"version-history":[{"count":8,"href":"http:\/\/spmaskiner.dev03.extrude.se\/es\/wp-json\/wp\/v2\/pages\/7692\/revisions"}],"predecessor-version":[{"id":9337,"href":"http:\/\/spmaskiner.dev03.extrude.se\/es\/wp-json\/wp\/v2\/pages\/7692\/revisions\/9337"}],"up":[{"embeddable":true,"href":"http:\/\/spmaskiner.dev03.extrude.se\/es\/wp-json\/wp\/v2\/pages\/7684"}],"wp:attachment":[{"href":"http:\/\/spmaskiner.dev03.extrude.se\/es\/wp-json\/wp\/v2\/media?parent=7692"}],"curies":[{"name":"wp","href":"https:\/\/api.w.org\/{rel}","templated":true}]}}