{"id":7684,"date":"2021-04-08T16:27:38","date_gmt":"2021-04-08T14:27:38","guid":{"rendered":"http:\/\/spmaskiner.dev03.extrude.se\/cabezales-procesadores\/cabezales-procesadores-lf\/cabezales-procesadores-sp-561-lf\/"},"modified":"2022-06-09T16:29:03","modified_gmt":"2022-06-09T14:29:03","slug":"cabezales-procesadores-sp-561-lf","status":"publish","type":"page","link":"http:\/\/spmaskiner.dev03.extrude.se\/es\/cabezales-procesadores\/cabezales-procesadores-lf\/cabezales-procesadores-sp-561-lf\/","title":{"rendered":"Cabezal procesador SP 561 LF"},"content":{"rendered":"\t\t<div data-elementor-type=\"wp-page\" data-elementor-id=\"7684\" class=\"elementor elementor-7684 elementor-2616\" data-elementor-post-type=\"page\">\n\t\t\t\t\t\t<section class=\"elementor-section elementor-top-section elementor-element elementor-element-6394f2c elementor-section-height-min-height elementor-section-items-top product-top-image elementor-section-boxed elementor-section-height-default\" data-id=\"6394f2c\" data-element_type=\"section\" data-e-type=\"section\" data-settings=\"{&quot;background_background&quot;:&quot;classic&quot;}\">\n\t\t\t\t\t\t<div class=\"elementor-container elementor-column-gap-default\">\n\t\t\t\t\t<div class=\"elementor-column elementor-col-50 elementor-top-column elementor-element elementor-element-7beafd3\" data-id=\"7beafd3\" data-element_type=\"column\" data-e-type=\"column\" data-settings=\"{&quot;background_background&quot;:&quot;classic&quot;}\">\n\t\t\t<div class=\"elementor-widget-wrap elementor-element-populated\">\n\t\t\t\t\t\t<div class=\"elementor-element elementor-element-f2760af elementor-widget__width-auto elementor-widget elementor-widget-heading\" data-id=\"f2760af\" data-element_type=\"widget\" data-e-type=\"widget\" data-widget_type=\"heading.default\">\n\t\t\t\t<div class=\"elementor-widget-container\">\n\t\t\t\t\t<h2 class=\"elementor-heading-title elementor-size-default\">SP 561 LF<\/h2>\t\t\t\t<\/div>\n\t\t\t\t<\/div>\n\t\t\t\t\t<\/div>\n\t\t<\/div>\n\t\t\t\t<div class=\"elementor-column elementor-col-50 elementor-top-column elementor-element elementor-element-bbeb34b\" data-id=\"bbeb34b\" data-element_type=\"column\" data-e-type=\"column\" data-settings=\"{&quot;background_background&quot;:&quot;classic&quot;}\">\n\t\t\t<div class=\"elementor-widget-wrap\">\n\t\t\t\t\t\t\t<\/div>\n\t\t<\/div>\n\t\t\t\t\t<\/div>\n\t\t<\/section>\n\t\t\t\t<section class=\"elementor-section elementor-top-section elementor-element elementor-element-c42e90e elementor-section-full_width elementor-section-height-default elementor-section-height-default\" data-id=\"c42e90e\" data-element_type=\"section\" data-e-type=\"section\">\n\t\t\t\t\t\t<div class=\"elementor-container elementor-column-gap-default\">\n\t\t\t\t\t<div class=\"elementor-column elementor-col-100 elementor-top-column elementor-element elementor-element-af960be\" data-id=\"af960be\" data-element_type=\"column\" data-e-type=\"column\">\n\t\t\t<div class=\"elementor-widget-wrap elementor-element-populated\">\n\t\t\t\t\t\t<div class=\"elementor-element elementor-element-cc10f7f elementor-nav-menu__align-center elementor-nav-menu--dropdown-mobile elementor-nav-menu__text-align-aside elementor-nav-menu--toggle elementor-nav-menu--burger elementor-widget elementor-widget-global elementor-global-2640 elementor-widget-nav-menu\" data-id=\"cc10f7f\" data-element_type=\"widget\" data-e-type=\"widget\" id=\"product-menu\" data-settings=\"{&quot;layout&quot;:&quot;horizontal&quot;,&quot;submenu_icon&quot;:{&quot;value&quot;:&quot;fas fa-caret-down&quot;,&quot;library&quot;:&quot;fa-solid&quot;},&quot;toggle&quot;:&quot;burger&quot;}\" data-widget_type=\"nav-menu.default\">\n\t\t\t\t<div class=\"elementor-widget-container\">\n\t\t\t\t\t\t\t\t<nav aria-label=\"Men\u00fa\" class=\"elementor-nav-menu--main elementor-nav-menu__container elementor-nav-menu--layout-horizontal e--pointer-background e--animation-fade\">\n\t\t\t\t<ul id=\"menu-1-cc10f7f\" class=\"elementor-nav-menu\"><li class=\"menu-item menu-item-type-post_type menu-item-object-page menu-item-8055\"><a href=\"http:\/\/spmaskiner.dev03.extrude.se\/es\/cabezales-procesadores\/cabezales-procesadores-lf\/cabezales-procesadores-sp-561-lf\/\" class=\"elementor-item menu-link\">Informaci\u00f3n del Producto<\/a><\/li>\n<li class=\"menu-item menu-item-type-post_type menu-item-object-page menu-item-8056\"><a href=\"http:\/\/spmaskiner.dev03.extrude.se\/es\/cabezales-procesadores\/cabezales-procesadores-lf\/cabezales-procesadores-sp-561-lf\/sp-561-lf-ficha-tecnica\/\" class=\"elementor-item menu-link\">Ficha t\u00e9cnica<\/a><\/li>\n<li class=\"menu-item menu-item-type-post_type menu-item-object-page menu-item-8057\"><a href=\"http:\/\/spmaskiner.dev03.extrude.se\/es\/cabezales-procesadores\/cabezales-procesadores-lf\/cabezales-procesadores-sp-561-lf\/sp-561-lf-ventajas-para-el-cliente\/\" class=\"elementor-item menu-link\">Ventajas para el cliente<\/a><\/li>\n<li class=\"menu-item menu-item-type-post_type menu-item-object-page menu-item-8058\"><a href=\"http:\/\/spmaskiner.dev03.extrude.se\/es\/cabezales-procesadores\/cabezales-procesadores-lf\/cabezales-procesadores-sp-561-lf\/sp-561-lf-sistemas-de-control\/\" class=\"elementor-item menu-link\">Sistemas de control<\/a><\/li>\n<li class=\"menu-item menu-item-type-post_type menu-item-object-page menu-item-8059\"><a href=\"http:\/\/spmaskiner.dev03.extrude.se\/es\/cabezales-procesadores\/cabezales-procesadores-lf\/cabezales-procesadores-sp-561-lf\/sp-561-lf-accesorios-y-equipamiento\/\" class=\"elementor-item menu-link\">Accesorios y equipamiento<\/a><\/li>\n<\/ul>\t\t\t<\/nav>\n\t\t\t\t\t<div class=\"elementor-menu-toggle\" role=\"button\" tabindex=\"0\" aria-label=\"Alternar men\u00fa\" aria-expanded=\"false\">\n\t\t\t<i aria-hidden=\"true\" role=\"presentation\" class=\"elementor-menu-toggle__icon--open eicon-menu-bar\"><\/i><i aria-hidden=\"true\" role=\"presentation\" class=\"elementor-menu-toggle__icon--close eicon-close\"><\/i>\t\t<\/div>\n\t\t\t\t\t<nav class=\"elementor-nav-menu--dropdown elementor-nav-menu__container\" aria-hidden=\"true\">\n\t\t\t\t<ul id=\"menu-2-cc10f7f\" class=\"elementor-nav-menu\"><li class=\"menu-item menu-item-type-post_type menu-item-object-page menu-item-8055\"><a href=\"http:\/\/spmaskiner.dev03.extrude.se\/es\/cabezales-procesadores\/cabezales-procesadores-lf\/cabezales-procesadores-sp-561-lf\/\" class=\"elementor-item menu-link\" tabindex=\"-1\">Informaci\u00f3n del Producto<\/a><\/li>\n<li class=\"menu-item menu-item-type-post_type menu-item-object-page menu-item-8056\"><a href=\"http:\/\/spmaskiner.dev03.extrude.se\/es\/cabezales-procesadores\/cabezales-procesadores-lf\/cabezales-procesadores-sp-561-lf\/sp-561-lf-ficha-tecnica\/\" class=\"elementor-item menu-link\" tabindex=\"-1\">Ficha t\u00e9cnica<\/a><\/li>\n<li class=\"menu-item menu-item-type-post_type menu-item-object-page menu-item-8057\"><a href=\"http:\/\/spmaskiner.dev03.extrude.se\/es\/cabezales-procesadores\/cabezales-procesadores-lf\/cabezales-procesadores-sp-561-lf\/sp-561-lf-ventajas-para-el-cliente\/\" class=\"elementor-item menu-link\" tabindex=\"-1\">Ventajas para el cliente<\/a><\/li>\n<li class=\"menu-item menu-item-type-post_type menu-item-object-page menu-item-8058\"><a href=\"http:\/\/spmaskiner.dev03.extrude.se\/es\/cabezales-procesadores\/cabezales-procesadores-lf\/cabezales-procesadores-sp-561-lf\/sp-561-lf-sistemas-de-control\/\" class=\"elementor-item menu-link\" tabindex=\"-1\">Sistemas de control<\/a><\/li>\n<li class=\"menu-item menu-item-type-post_type menu-item-object-page menu-item-8059\"><a href=\"http:\/\/spmaskiner.dev03.extrude.se\/es\/cabezales-procesadores\/cabezales-procesadores-lf\/cabezales-procesadores-sp-561-lf\/sp-561-lf-accesorios-y-equipamiento\/\" class=\"elementor-item menu-link\" tabindex=\"-1\">Accesorios y equipamiento<\/a><\/li>\n<\/ul>\t\t\t<\/nav>\n\t\t\t\t\t\t<\/div>\n\t\t\t\t<\/div>\n\t\t\t\t\t<\/div>\n\t\t<\/div>\n\t\t\t\t\t<\/div>\n\t\t<\/section>\n\t\t\t\t<section class=\"elementor-section elementor-top-section elementor-element elementor-element-613fc08 elementor-section-boxed elementor-section-height-default elementor-section-height-default\" data-id=\"613fc08\" data-element_type=\"section\" data-e-type=\"section\">\n\t\t\t\t\t\t<div class=\"elementor-container elementor-column-gap-default\">\n\t\t\t\t\t<div class=\"elementor-column elementor-col-50 elementor-top-column elementor-element elementor-element-68833e6\" data-id=\"68833e6\" data-element_type=\"column\" data-e-type=\"column\">\n\t\t\t<div class=\"elementor-widget-wrap elementor-element-populated\">\n\t\t\t\t\t\t<div class=\"elementor-element elementor-element-7e92e40 elementor-widget elementor-widget-heading\" data-id=\"7e92e40\" data-element_type=\"widget\" data-e-type=\"widget\" data-widget_type=\"heading.default\">\n\t\t\t\t<div class=\"elementor-widget-container\">\n\t\t\t\t\t<h1 class=\"elementor-heading-title elementor-size-default\">Cabezal procesador SP 561 LF -compacto y vers\u00e1til<\/h1>\t\t\t\t<\/div>\n\t\t\t\t<\/div>\n\t\t\t\t<div class=\"elementor-element elementor-element-0f6b82e elementor-widget elementor-widget-text-editor\" data-id=\"0f6b82e\" data-element_type=\"widget\" data-e-type=\"widget\" data-widget_type=\"text-editor.default\">\n\t\t\t\t<div class=\"elementor-widget-container\">\n\t\t\t\t\t\t\t\t\tEl SP 561 LF es un cabezal de alto desempe\u00f1o de m\u00faltiples aplicaciones. Esta dise\u00f1ado de acuerdo al principio LF que entrega una m\u00e1xima productividad. El SP 561 LF esta espec\u00edficamente dise\u00f1ado para una variedad de trabajos ofreciendo muy buenas caracter\u00edsticas desde el primer raleo a tala rasa de arboles de tama\u00f1o mediano.\r\n\r\nus dimensiones compactas en combinaci\u00f3n con un desrame perfecto hasta 30 mm aseguran que el primer raleo puede ser hecho r\u00e1pida y eficientemente con las mas alta calidad. En tala rasa, es decir al procesar arboles de mayor di\u00e1metro, la ingeniosa patente LogHold de SP y los rodillos de alimentaci\u00f3n con \u00e1ngulos proporcionales convierten al SP 561 LF en un cabezal cosechador con una impresionante relaci\u00f3n capacidad\/peso y productividad sin competencia. El SP 561 LF es sin lugar a dudas tanto compacto como vers\u00e1til.\r\n\r\nEste cabezal alcanza su desempe\u00f1o optimo en plantaciones con un di\u00e1metro DAP de 12 a 43 cm pero gracias al sistema LF es tambi\u00e9n capaz de procesar eficientemente arboles de mayor tama\u00f1o.\t\t\t\t\t\t\t\t<\/div>\n\t\t\t\t<\/div>\n\t\t\t\t<section class=\"elementor-section elementor-inner-section elementor-element elementor-element-b74227f elementor-section-boxed elementor-section-height-default elementor-section-height-default\" data-id=\"b74227f\" data-element_type=\"section\" data-e-type=\"section\">\n\t\t\t\t\t\t<div class=\"elementor-container elementor-column-gap-default\">\n\t\t\t\t\t<div class=\"elementor-column elementor-col-25 elementor-inner-column elementor-element elementor-element-9ca00f4\" data-id=\"9ca00f4\" data-element_type=\"column\" data-e-type=\"column\">\n\t\t\t<div class=\"elementor-widget-wrap elementor-element-populated\">\n\t\t\t\t\t\t<div class=\"elementor-element elementor-element-049b534 elementor-widget elementor-widget-image\" data-id=\"049b534\" data-element_type=\"widget\" data-e-type=\"widget\" data-widget_type=\"image.default\">\n\t\t\t\t<div class=\"elementor-widget-container\">\n\t\t\t\t\t\t\t\t\t\t\t\t\t\t\t<img fetchpriority=\"high\" decoding=\"async\" width=\"250\" height=\"250\" src=\"http:\/\/spmaskiner.dev03.extrude.se\/wp-content\/uploads\/2021\/03\/vikt.png\" class=\"attachment-medium size-medium wp-image-7471\" alt=\"\" srcset=\"http:\/\/spmaskiner.dev03.extrude.se\/wp-content\/uploads\/2021\/03\/vikt.png 250w, http:\/\/spmaskiner.dev03.extrude.se\/wp-content\/uploads\/2021\/03\/vikt-150x150.png 150w\" sizes=\"(max-width: 250px) 100vw, 250px\" \/>\t\t\t\t\t\t\t\t\t\t\t\t\t\t\t<\/div>\n\t\t\t\t<\/div>\n\t\t\t\t<div class=\"elementor-element elementor-element-77c91a6 elementor-widget elementor-widget-heading\" data-id=\"77c91a6\" data-element_type=\"widget\" data-e-type=\"widget\" data-widget_type=\"heading.default\">\n\t\t\t\t<div class=\"elementor-widget-container\">\n\t\t\t\t\t<span class=\"elementor-heading-title elementor-size-default\">980kg<\/span>\t\t\t\t<\/div>\n\t\t\t\t<\/div>\n\t\t\t\t<div class=\"elementor-element elementor-element-4ad94a5 elementor-widget elementor-widget-heading\" data-id=\"4ad94a5\" data-element_type=\"widget\" data-e-type=\"widget\" data-widget_type=\"heading.default\">\n\t\t\t\t<div class=\"elementor-widget-container\">\n\t\t\t\t\t<span class=\"elementor-heading-title elementor-size-default\">Peso<\/span>\t\t\t\t<\/div>\n\t\t\t\t<\/div>\n\t\t\t\t\t<\/div>\n\t\t<\/div>\n\t\t\t\t<div class=\"elementor-column elementor-col-25 elementor-inner-column elementor-element elementor-element-77c06ca\" data-id=\"77c06ca\" data-element_type=\"column\" data-e-type=\"column\">\n\t\t\t<div class=\"elementor-widget-wrap elementor-element-populated\">\n\t\t\t\t\t\t<div class=\"elementor-element elementor-element-c9ce3b4 elementor-widget elementor-widget-image\" data-id=\"c9ce3b4\" data-element_type=\"widget\" data-e-type=\"widget\" data-widget_type=\"image.default\">\n\t\t\t\t<div class=\"elementor-widget-container\">\n\t\t\t\t\t\t\t\t\t\t\t\t\t\t\t<img decoding=\"async\" width=\"250\" height=\"250\" src=\"http:\/\/spmaskiner.dev03.extrude.se\/wp-content\/uploads\/2021\/03\/klinga.png\" class=\"attachment-medium size-medium wp-image-7468\" alt=\"\" srcset=\"http:\/\/spmaskiner.dev03.extrude.se\/wp-content\/uploads\/2021\/03\/klinga.png 250w, http:\/\/spmaskiner.dev03.extrude.se\/wp-content\/uploads\/2021\/03\/klinga-150x150.png 150w\" sizes=\"(max-width: 250px) 100vw, 250px\" \/>\t\t\t\t\t\t\t\t\t\t\t\t\t\t\t<\/div>\n\t\t\t\t<\/div>\n\t\t\t\t<div class=\"elementor-element elementor-element-e12e42d elementor-widget elementor-widget-heading\" data-id=\"e12e42d\" data-element_type=\"widget\" data-e-type=\"widget\" data-widget_type=\"heading.default\">\n\t\t\t\t<div class=\"elementor-widget-container\">\n\t\t\t\t\t<span class=\"elementor-heading-title elementor-size-default\">60cm<\/span>\t\t\t\t<\/div>\n\t\t\t\t<\/div>\n\t\t\t\t<div class=\"elementor-element elementor-element-d8ee382 elementor-widget elementor-widget-heading\" data-id=\"d8ee382\" data-element_type=\"widget\" data-e-type=\"widget\" data-widget_type=\"heading.default\">\n\t\t\t\t<div class=\"elementor-widget-container\">\n\t\t\t\t\t<span class=\"elementor-heading-title elementor-size-default\">Di\u00e1metro de corte<\/span>\t\t\t\t<\/div>\n\t\t\t\t<\/div>\n\t\t\t\t\t<\/div>\n\t\t<\/div>\n\t\t\t\t<div class=\"elementor-column elementor-col-25 elementor-inner-column elementor-element elementor-element-a27ec00\" data-id=\"a27ec00\" data-element_type=\"column\" data-e-type=\"column\">\n\t\t\t<div class=\"elementor-widget-wrap elementor-element-populated\">\n\t\t\t\t\t\t<div class=\"elementor-element elementor-element-d4d47ff elementor-widget elementor-widget-image\" data-id=\"d4d47ff\" data-element_type=\"widget\" data-e-type=\"widget\" data-widget_type=\"image.default\">\n\t\t\t\t<div class=\"elementor-widget-container\">\n\t\t\t\t\t\t\t\t\t\t\t\t\t\t\t<img decoding=\"async\" width=\"250\" height=\"250\" src=\"http:\/\/spmaskiner.dev03.extrude.se\/wp-content\/uploads\/2021\/03\/skog.png\" class=\"attachment-medium size-medium wp-image-7469\" alt=\"\" srcset=\"http:\/\/spmaskiner.dev03.extrude.se\/wp-content\/uploads\/2021\/03\/skog.png 250w, http:\/\/spmaskiner.dev03.extrude.se\/wp-content\/uploads\/2021\/03\/skog-150x150.png 150w\" sizes=\"(max-width: 250px) 100vw, 250px\" \/>\t\t\t\t\t\t\t\t\t\t\t\t\t\t\t<\/div>\n\t\t\t\t<\/div>\n\t\t\t\t<div class=\"elementor-element elementor-element-0cb0104 elementor-widget elementor-widget-heading\" data-id=\"0cb0104\" data-element_type=\"widget\" data-e-type=\"widget\" data-widget_type=\"heading.default\">\n\t\t\t\t<div class=\"elementor-widget-container\">\n\t\t\t\t\t<span class=\"elementor-heading-title elementor-size-default\">12-43cm<\/span>\t\t\t\t<\/div>\n\t\t\t\t<\/div>\n\t\t\t\t<div class=\"elementor-element elementor-element-3693ad3 elementor-widget elementor-widget-heading\" data-id=\"3693ad3\" data-element_type=\"widget\" data-e-type=\"widget\" data-widget_type=\"heading.default\">\n\t\t\t\t<div class=\"elementor-widget-container\">\n\t\t\t\t\t<span class=\"elementor-heading-title elementor-size-default\">Tama\u00f1o \u00f3ptimo del \u00e1rbol (DAP) para una m\u00e1xima productividad<\/span>\t\t\t\t<\/div>\n\t\t\t\t<\/div>\n\t\t\t\t\t<\/div>\n\t\t<\/div>\n\t\t\t\t<div class=\"elementor-column elementor-col-25 elementor-inner-column elementor-element elementor-element-09b5976\" data-id=\"09b5976\" data-element_type=\"column\" data-e-type=\"column\">\n\t\t\t<div class=\"elementor-widget-wrap elementor-element-populated\">\n\t\t\t\t\t\t<div class=\"elementor-element elementor-element-3467414 elementor-widget elementor-widget-image\" data-id=\"3467414\" data-element_type=\"widget\" data-e-type=\"widget\" data-widget_type=\"image.default\">\n\t\t\t\t<div class=\"elementor-widget-container\">\n\t\t\t\t\t\t\t\t\t\t\t\t\t\t\t<img loading=\"lazy\" decoding=\"async\" width=\"250\" height=\"250\" src=\"http:\/\/spmaskiner.dev03.extrude.se\/wp-content\/uploads\/2021\/03\/tryck.png\" class=\"attachment-medium size-medium wp-image-7470\" alt=\"\" srcset=\"http:\/\/spmaskiner.dev03.extrude.se\/wp-content\/uploads\/2021\/03\/tryck.png 250w, http:\/\/spmaskiner.dev03.extrude.se\/wp-content\/uploads\/2021\/03\/tryck-150x150.png 150w\" sizes=\"(max-width: 250px) 100vw, 250px\" \/>\t\t\t\t\t\t\t\t\t\t\t\t\t\t\t<\/div>\n\t\t\t\t<\/div>\n\t\t\t\t<div class=\"elementor-element elementor-element-e5ab83e elementor-widget elementor-widget-heading\" data-id=\"e5ab83e\" data-element_type=\"widget\" data-e-type=\"widget\" data-widget_type=\"heading.default\">\n\t\t\t\t<div class=\"elementor-widget-container\">\n\t\t\t\t\t<span class=\"elementor-heading-title elementor-size-default\">23-28MPa<\/span>\t\t\t\t<\/div>\n\t\t\t\t<\/div>\n\t\t\t\t<div class=\"elementor-element elementor-element-114a772 elementor-widget elementor-widget-heading\" data-id=\"114a772\" data-element_type=\"widget\" data-e-type=\"widget\" data-widget_type=\"heading.default\">\n\t\t\t\t<div class=\"elementor-widget-container\">\n\t\t\t\t\t<span class=\"elementor-heading-title elementor-size-default\">Presi\u00f3n de trabajo recomendada<\/span>\t\t\t\t<\/div>\n\t\t\t\t<\/div>\n\t\t\t\t\t<\/div>\n\t\t<\/div>\n\t\t\t\t\t<\/div>\n\t\t<\/section>\n\t\t\t\t\t<\/div>\n\t\t<\/div>\n\t\t\t\t<div class=\"elementor-column elementor-col-50 elementor-top-column elementor-element elementor-element-ceaa6bd\" data-id=\"ceaa6bd\" data-element_type=\"column\" data-e-type=\"column\">\n\t\t\t<div class=\"elementor-widget-wrap elementor-element-populated\">\n\t\t\t\t\t\t<div class=\"elementor-element elementor-element-945c278 elementor-widget elementor-widget-image\" data-id=\"945c278\" data-element_type=\"widget\" data-e-type=\"widget\" data-widget_type=\"image.default\">\n\t\t\t\t<div class=\"elementor-widget-container\">\n\t\t\t\t\t\t\t\t\t\t\t\t\t\t\t<img loading=\"lazy\" decoding=\"async\" width=\"500\" height=\"603\" src=\"http:\/\/spmaskiner.dev03.extrude.se\/wp-content\/uploads\/2021\/04\/sp561lf-white.jpg\" class=\"attachment-large size-large wp-image-7490\" alt=\"\" srcset=\"http:\/\/spmaskiner.dev03.extrude.se\/wp-content\/uploads\/2021\/04\/sp561lf-white.jpg 500w, http:\/\/spmaskiner.dev03.extrude.se\/wp-content\/uploads\/2021\/04\/sp561lf-white-249x300.jpg 249w\" sizes=\"(max-width: 500px) 100vw, 500px\" \/>\t\t\t\t\t\t\t\t\t\t\t\t\t\t\t<\/div>\n\t\t\t\t<\/div>\n\t\t\t\t<div class=\"elementor-element elementor-element-b9975bc elementor-icon-list--layout-traditional elementor-list-item-link-full_width elementor-widget elementor-widget-icon-list\" data-id=\"b9975bc\" data-element_type=\"widget\" data-e-type=\"widget\" data-widget_type=\"icon-list.default\">\n\t\t\t\t<div class=\"elementor-widget-container\">\n\t\t\t\t\t\t\t<ul class=\"elementor-icon-list-items\">\n\t\t\t\t\t\t\t<li class=\"elementor-icon-list-item\">\n\t\t\t\t\t\t\t\t\t\t\t<a href=\"\/wp-content\/uploads\/2022\/05\/folleto_sp561lf.pdf\">\n\n\t\t\t\t\t\t\t\t\t\t\t\t<span class=\"elementor-icon-list-icon\">\n\t\t\t\t\t\t\t<i aria-hidden=\"true\" class=\"fas fa-file-pdf\"><\/i>\t\t\t\t\t\t<\/span>\n\t\t\t\t\t\t\t\t\t\t<span class=\"elementor-icon-list-text\">Folleto SP 561 LF<\/span>\n\t\t\t\t\t\t\t\t\t\t\t<\/a>\n\t\t\t\t\t\t\t\t\t<\/li>\n\t\t\t\t\t\t\t\t<li class=\"elementor-icon-list-item\">\n\t\t\t\t\t\t\t\t\t\t\t<a href=\"http:\/\/spmaskiner.dev03.extrude.se\/wp-content\/uploads\/2022\/05\/folleto_dasa5.pdf\">\n\n\t\t\t\t\t\t\t\t\t\t\t\t<span class=\"elementor-icon-list-icon\">\n\t\t\t\t\t\t\t<i aria-hidden=\"true\" class=\"fas fa-file-pdf\"><\/i>\t\t\t\t\t\t<\/span>\n\t\t\t\t\t\t\t\t\t\t<span class=\"elementor-icon-list-text\">Folleto del sistema de medici\u00f3n y control SPd5<\/span>\n\t\t\t\t\t\t\t\t\t\t\t<\/a>\n\t\t\t\t\t\t\t\t\t<\/li>\n\t\t\t\t\t\t<\/ul>\n\t\t\t\t\t\t<\/div>\n\t\t\t\t<\/div>\n\t\t\t\t\t<\/div>\n\t\t<\/div>\n\t\t\t\t\t<\/div>\n\t\t<\/section>\n\t\t\t\t<section class=\"elementor-section elementor-top-section elementor-element elementor-element-b68c0a9 elementor-section-boxed elementor-section-height-default elementor-section-height-default\" data-id=\"b68c0a9\" data-element_type=\"section\" data-e-type=\"section\">\n\t\t\t\t\t\t<div class=\"elementor-container elementor-column-gap-default\">\n\t\t\t\t\t<div class=\"elementor-column elementor-col-100 elementor-top-column elementor-element elementor-element-132cb00\" data-id=\"132cb00\" data-element_type=\"column\" data-e-type=\"column\">\n\t\t\t<div class=\"elementor-widget-wrap\">\n\t\t\t\t\t\t\t<\/div>\n\t\t<\/div>\n\t\t\t\t\t<\/div>\n\t\t<\/section>\n\t\t\t\t<\/div>\n\t\t","protected":false},"excerpt":{"rendered":"<p>SP 561 LF Cabezal procesador SP 561 LF -compacto y vers\u00e1til El SP 561 LF es un cabezal de alto desempe\u00f1o de m\u00faltiples aplicaciones. Esta dise\u00f1ado de acuerdo al principio LF que entrega una m\u00e1xima productividad. El SP 561 LF esta espec\u00edficamente dise\u00f1ado para una variedad de trabajos ofreciendo muy buenas caracter\u00edsticas desde el primer [&hellip;]<\/p>\n","protected":false},"author":1,"featured_media":0,"parent":7647,"menu_order":20,"comment_status":"closed","ping_status":"closed","template":"elementor_header_footer","meta":{"_acf_changed":false,"site-sidebar-layout":"no-sidebar","site-content-layout":"page-builder","ast-site-content-layout":"default","site-content-style":"default","site-sidebar-style":"default","ast-global-header-display":"","ast-banner-title-visibility":"","ast-main-header-display":"","ast-hfb-above-header-display":"","ast-hfb-below-header-display":"","ast-hfb-mobile-header-display":"","site-post-title":"disabled","ast-breadcrumbs-content":"","ast-featured-img":"disabled","footer-sml-layout":"","ast-disable-related-posts":"","theme-transparent-header-meta":"default","adv-header-id-meta":"","stick-header-meta":"","header-above-stick-meta":"","header-main-stick-meta":"","header-below-stick-meta":"","astra-migrate-meta-layouts":"default","ast-page-background-enabled":"default","ast-page-background-meta":{"desktop":{"background-color":"","background-image":"","background-repeat":"repeat","background-position":"center center","background-size":"auto","background-attachment":"scroll","background-type":"","background-media":"","overlay-type":"","overlay-color":"","overlay-opacity":"","overlay-gradient":""},"tablet":{"background-color":"","background-image":"","background-repeat":"repeat","background-position":"center center","background-size":"auto","background-attachment":"scroll","background-type":"","background-media":"","overlay-type":"","overlay-color":"","overlay-opacity":"","overlay-gradient":""},"mobile":{"background-color":"","background-image":"","background-repeat":"repeat","background-position":"center center","background-size":"auto","background-attachment":"scroll","background-type":"","background-media":"","overlay-type":"","overlay-color":"","overlay-opacity":"","overlay-gradient":""}},"ast-content-background-meta":{"desktop":{"background-color":"var(--ast-global-color-5)","background-image":"","background-repeat":"repeat","background-position":"center center","background-size":"auto","background-attachment":"scroll","background-type":"","background-media":"","overlay-type":"","overlay-color":"","overlay-opacity":"","overlay-gradient":""},"tablet":{"background-color":"var(--ast-global-color-5)","background-image":"","background-repeat":"repeat","background-position":"center center","background-size":"auto","background-attachment":"scroll","background-type":"","background-media":"","overlay-type":"","overlay-color":"","overlay-opacity":"","overlay-gradient":""},"mobile":{"background-color":"var(--ast-global-color-5)","background-image":"","background-repeat":"repeat","background-position":"center center","background-size":"auto","background-attachment":"scroll","background-type":"","background-media":"","overlay-type":"","overlay-color":"","overlay-opacity":"","overlay-gradient":""}},"footnotes":""},"class_list":["post-7684","page","type-page","status-publish","hentry"],"acf":[],"_links":{"self":[{"href":"http:\/\/spmaskiner.dev03.extrude.se\/es\/wp-json\/wp\/v2\/pages\/7684","targetHints":{"allow":["GET"]}}],"collection":[{"href":"http:\/\/spmaskiner.dev03.extrude.se\/es\/wp-json\/wp\/v2\/pages"}],"about":[{"href":"http:\/\/spmaskiner.dev03.extrude.se\/es\/wp-json\/wp\/v2\/types\/page"}],"author":[{"embeddable":true,"href":"http:\/\/spmaskiner.dev03.extrude.se\/es\/wp-json\/wp\/v2\/users\/1"}],"replies":[{"embeddable":true,"href":"http:\/\/spmaskiner.dev03.extrude.se\/es\/wp-json\/wp\/v2\/comments?post=7684"}],"version-history":[{"count":3,"href":"http:\/\/spmaskiner.dev03.extrude.se\/es\/wp-json\/wp\/v2\/pages\/7684\/revisions"}],"predecessor-version":[{"id":9332,"href":"http:\/\/spmaskiner.dev03.extrude.se\/es\/wp-json\/wp\/v2\/pages\/7684\/revisions\/9332"}],"up":[{"embeddable":true,"href":"http:\/\/spmaskiner.dev03.extrude.se\/es\/wp-json\/wp\/v2\/pages\/7647"}],"wp:attachment":[{"href":"http:\/\/spmaskiner.dev03.extrude.se\/es\/wp-json\/wp\/v2\/media?parent=7684"}],"curies":[{"name":"wp","href":"https:\/\/api.w.org\/{rel}","templated":true}]}}