{"id":5272,"date":"2021-03-05T09:55:16","date_gmt":"2021-03-05T08:55:16","guid":{"rendered":"http:\/\/spmaskiner.dev03.extrude.se\/kundenvorteile\/low-friction-konzept\/"},"modified":"2021-09-27T15:43:47","modified_gmt":"2021-09-27T13:43:47","slug":"low-friction-konzept","status":"publish","type":"page","link":"http:\/\/spmaskiner.dev03.extrude.se\/de\/kundenvorteile\/low-friction-konzept\/","title":{"rendered":"Low-Friction-Konzept"},"content":{"rendered":"\t\t<div data-elementor-type=\"wp-page\" data-elementor-id=\"5272\" class=\"elementor elementor-5272 elementor-16\" data-elementor-post-type=\"page\">\n\t\t\t\t\t\t<section class=\"elementor-section elementor-top-section elementor-element elementor-element-190c45f elementor-section-boxed elementor-section-height-default elementor-section-height-default\" data-id=\"190c45f\" data-element_type=\"section\" data-e-type=\"section\">\n\t\t\t\t\t\t<div class=\"elementor-container elementor-column-gap-default\">\n\t\t\t\t\t<div class=\"elementor-column elementor-col-100 elementor-top-column elementor-element elementor-element-380323b6\" data-id=\"380323b6\" data-element_type=\"column\" data-e-type=\"column\">\n\t\t\t<div class=\"elementor-widget-wrap elementor-element-populated\">\n\t\t\t\t\t\t<div class=\"elementor-element elementor-element-578343ec elementor-widget elementor-widget-heading\" data-id=\"578343ec\" data-element_type=\"widget\" data-e-type=\"widget\" data-widget_type=\"heading.default\">\n\t\t\t\t<div class=\"elementor-widget-container\">\n\t\t\t\t\t<h1 class=\"elementor-heading-title elementor-size-default\">Low-Friction-Konzept<\/h1>\t\t\t\t<\/div>\n\t\t\t\t<\/div>\n\t\t\t\t<div class=\"elementor-element elementor-element-0ccd9c5 elementor-widget elementor-widget-text-editor\" data-id=\"0ccd9c5\" data-element_type=\"widget\" data-e-type=\"widget\" data-widget_type=\"text-editor.default\">\n\t\t\t\t<div class=\"elementor-widget-container\">\n\t\t\t\t\t\t\t\t\t<p>Unser Low-Friction-Konzept umfasst f\u00fcnf verschiedene Innovationen und L\u00f6sungen. Bei deren Entwicklung wurde speziell darauf geachtet, dass sie die Produktion maximieren, den Kraftstoff- und Energieverbrauch optimieren sowie die Wartungskosten deutlich reduzieren. Diese f\u00fcnf L\u00f6sungen bilden gemeinsam ein unschlagbares Angebot an SP-Aggregaten mit wirklich einzigartigen Eigenschaften und Vorteilen zur Maximierung Ihrer Rentabilit\u00e4t.<br \/>Das Low-Friction-Konzept h\u00e4lt f\u00fcr Sie ein Aggregat bereit, das sehr produktiv und leicht zu bedienen ist \u2013 bei der Durchforstung und der Starkholz-Abholzung ebenso wie bei der Laubholzernte. Die einzigartigen Vorschubwalzenhalterungen sorgen f\u00fcr ein wendiges, schmales Aggregat, das selbst bei dichten Best\u00e4nden eine schw\u00e4chere Abholzung erm\u00f6glicht \u2013 ohne unn\u00f6tigen Aggregatverschlei\u00df und ohne Sch\u00e4den an den verbleibenden B\u00e4umen. Parallel dazu bieten die Walzen maximale Tragkraft beim Ernten von B\u00e4umen mit gro\u00dfem Durchmesser und k\u00f6nnen selbst die schwersten St\u00e4mme m\u00fchelos bew\u00e4ltigen. So gew\u00e4hrleisten sie eine effiziente Abholzung bei maximaler Rentabilit\u00e4t.<br \/>Dar\u00fcber hinaus k\u00f6nnen die Aggregate von SP an allen Tr\u00e4germaschinen jeder beliebigen Marke montiert werden, ohne dass das vorhandene Steuerungs- und Messsystem der Maschine ausgewechselt oder modifiziert werden muss. <\/p>\n\t\t\t\t\t\t\t\t<\/div>\n\t\t\t\t<\/div>\n\t\t\t\t<div class=\"elementor-element elementor-element-4c5a6be elementor-icon-list--layout-inline elementor-align-end elementor-list-item-link-full_width elementor-widget elementor-widget-icon-list\" data-id=\"4c5a6be\" data-element_type=\"widget\" data-e-type=\"widget\" data-widget_type=\"icon-list.default\">\n\t\t\t\t<div class=\"elementor-widget-container\">\n\t\t\t\t\t\t\t<ul class=\"elementor-icon-list-items elementor-inline-items\">\n\t\t\t\t\t\t\t<li class=\"elementor-icon-list-item elementor-inline-item\">\n\t\t\t\t\t\t\t\t\t\t\t<a href=\"\/wp-content\/uploads\/2021\/09\/Lagfriktionskonceptet_DE.pdf\">\n\n\t\t\t\t\t\t\t\t\t\t\t\t<span class=\"elementor-icon-list-icon\">\n\t\t\t\t\t\t\t<i aria-hidden=\"true\" class=\"fas fa-file-pdf\"><\/i>\t\t\t\t\t\t<\/span>\n\t\t\t\t\t\t\t\t\t\t<span class=\"elementor-icon-list-text\">Brosch\u00fcre Low-Friction-Konzept<\/span>\n\t\t\t\t\t\t\t\t\t\t\t<\/a>\n\t\t\t\t\t\t\t\t\t<\/li>\n\t\t\t\t\t\t<\/ul>\n\t\t\t\t\t\t<\/div>\n\t\t\t\t<\/div>\n\t\t\t\t<div class=\"elementor-element elementor-element-15f3cbb elementor-widget elementor-widget-heading\" data-id=\"15f3cbb\" data-element_type=\"widget\" data-e-type=\"widget\" data-widget_type=\"heading.default\">\n\t\t\t\t<div class=\"elementor-widget-container\">\n\t\t\t\t\t<h2 class=\"elementor-heading-title elementor-size-default\">F\u00fcnf Innovationen f\u00fcr maximale Effizienz:<\/h2>\t\t\t\t<\/div>\n\t\t\t\t<\/div>\n\t\t\t\t<section class=\"elementor-section elementor-inner-section elementor-element elementor-element-dff9901 elementor-section-boxed elementor-section-height-default elementor-section-height-default\" data-id=\"dff9901\" data-element_type=\"section\" data-e-type=\"section\">\n\t\t\t\t\t\t<div class=\"elementor-container elementor-column-gap-default\">\n\t\t\t\t\t<div class=\"elementor-column elementor-col-100 elementor-inner-column elementor-element elementor-element-07b7e4e\" data-id=\"07b7e4e\" data-element_type=\"column\" data-e-type=\"column\">\n\t\t\t<div class=\"elementor-widget-wrap elementor-element-populated\">\n\t\t\t\t\t\t<div class=\"elementor-element elementor-element-cb71035 elementor-position-right box-shadow elementor-vertical-align-top elementor-widget elementor-widget-global elementor-global-5862 elementor-global-727 elementor-widget-image-box\" data-id=\"cb71035\" data-element_type=\"widget\" data-e-type=\"widget\" data-widget_type=\"image-box.default\">\n\t\t\t\t<div class=\"elementor-widget-container\">\n\t\t\t\t\t<div class=\"elementor-image-box-wrapper\"><figure class=\"elementor-image-box-img\"><img fetchpriority=\"high\" decoding=\"async\" width=\"500\" height=\"333\" src=\"http:\/\/spmaskiner.dev03.extrude.se\/wp-content\/uploads\/2021\/03\/knivdesign.jpg\" class=\"attachment-full size-full wp-image-699\" alt=\"\" srcset=\"http:\/\/spmaskiner.dev03.extrude.se\/wp-content\/uploads\/2021\/03\/knivdesign.jpg 500w, http:\/\/spmaskiner.dev03.extrude.se\/wp-content\/uploads\/2021\/03\/knivdesign-300x200.jpg 300w\" sizes=\"(max-width: 500px) 100vw, 500px\" \/><\/figure><div class=\"elementor-image-box-content\"><h3 class=\"elementor-image-box-title\">Die Entastungsmesser <\/h3><p class=\"elementor-image-box-description\">sind mit langen Spezial-Schneideklingen versehen, die die \u00c4ste abschneiden, anstatt sie abzubrechen. Hierdurch wird die Reibung beim Entasten minimiert; Geschwindigkeit und Produktivit\u00e4t werden so erh\u00f6ht. Dank ihrer Fertigung aus hochfestem Stahlguss bieten die Entastungsmesser maximale Strapazierf\u00e4higkeit und h\u00f6chste Gebrauchsdauer.<\/p><\/div><\/div>\t\t\t\t<\/div>\n\t\t\t\t<\/div>\n\t\t\t\t<div class=\"elementor-element elementor-element-bfd3df8 elementor-position-right box-shadow elementor-vertical-align-top elementor-widget elementor-widget-global elementor-global-5864 elementor-global-730 elementor-widget-image-box\" data-id=\"bfd3df8\" data-element_type=\"widget\" data-e-type=\"widget\" data-widget_type=\"image-box.default\">\n\t\t\t\t<div class=\"elementor-widget-container\">\n\t\t\t\t\t<div class=\"elementor-image-box-wrapper\"><figure class=\"elementor-image-box-img\"><img decoding=\"async\" width=\"500\" height=\"333\" src=\"http:\/\/spmaskiner.dev03.extrude.se\/wp-content\/uploads\/2021\/03\/lf_diagram_proportionella_tryck-thumb_sv-se.jpg\" class=\"attachment-full size-full wp-image-700\" alt=\"\" srcset=\"http:\/\/spmaskiner.dev03.extrude.se\/wp-content\/uploads\/2021\/03\/lf_diagram_proportionella_tryck-thumb_sv-se.jpg 500w, http:\/\/spmaskiner.dev03.extrude.se\/wp-content\/uploads\/2021\/03\/lf_diagram_proportionella_tryck-thumb_sv-se-300x200.jpg 300w\" sizes=\"(max-width: 500px) 100vw, 500px\" \/><\/figure><div class=\"elementor-image-box-content\"><h3 class=\"elementor-image-box-title\">Durch den Proportionaldruck <\/h3><p class=\"elementor-image-box-description\">arbeitet das Aggregat immer automatisch mit dem optimalen Druck auf Entastungsmesser und Vorschubwalzen \u2013 unabh\u00e4ngig vom Stammdurchmesser. Die Reibung zwischen Stamm und Aggregat wird so minimiert. Das Ergebnis: der schnellste und einfachste Vorschub \u00fcberhaupt. Individuelle Einstellungen auf unterschiedliche Baumarten optimieren die Produktion zus\u00e4tzlich.<\/p><\/div><\/div>\t\t\t\t<\/div>\n\t\t\t\t<\/div>\n\t\t\t\t<div class=\"elementor-element elementor-element-c833b25 elementor-position-right box-shadow elementor-vertical-align-top elementor-widget elementor-widget-global elementor-global-5866 elementor-global-733 elementor-widget-image-box\" data-id=\"c833b25\" data-element_type=\"widget\" data-e-type=\"widget\" data-widget_type=\"image-box.default\">\n\t\t\t\t<div class=\"elementor-widget-container\">\n\t\t\t\t\t<div class=\"elementor-image-box-wrapper\"><figure class=\"elementor-image-box-img\"><img decoding=\"async\" width=\"500\" height=\"333\" src=\"http:\/\/spmaskiner.dev03.extrude.se\/wp-content\/uploads\/2021\/03\/LogHold.jpg\" class=\"attachment-full size-full wp-image-707\" alt=\"\" srcset=\"http:\/\/spmaskiner.dev03.extrude.se\/wp-content\/uploads\/2021\/03\/LogHold.jpg 500w, http:\/\/spmaskiner.dev03.extrude.se\/wp-content\/uploads\/2021\/03\/LogHold-300x200.jpg 300w\" sizes=\"(max-width: 500px) 100vw, 500px\" \/><\/figure><div class=\"elementor-image-box-content\"><h3 class=\"elementor-image-box-title\">LogHold <\/h3><p class=\"elementor-image-box-description\">ist ein patentiertes System und eine Weiterentwicklung des Proportionaldrucks zur weiteren Minimierung der Reibung. Mit LogHold l\u00e4sst sich der Druck des Entastungsmessers am Stamm zus\u00e4tzlich senken, ohne dass der Stamm herausfallen kann. Droht der Stamm auch nur aus dem Aggregat zu fallen, reagiert LogHold blitzschnell und erh\u00f6ht den Spanndruck so weit, dass der Stamm in optimaler Position gehalten wird. Im Steuerungssystem l\u00e4sst sich f\u00fcr jede Baumart einzeln einstellen, wie weit der Stammdurchmesser zunehmen darf, bevor LogHold reagiert.<\/p><\/div><\/div>\t\t\t\t<\/div>\n\t\t\t\t<\/div>\n\t\t\t\t<div class=\"elementor-element elementor-element-b4b3831 elementor-position-right box-shadow elementor-vertical-align-top elementor-widget elementor-widget-global elementor-global-5868 elementor-global-743 elementor-widget-image-box\" data-id=\"b4b3831\" data-element_type=\"widget\" data-e-type=\"widget\" data-widget_type=\"image-box.default\">\n\t\t\t\t<div class=\"elementor-widget-container\">\n\t\t\t\t\t<div class=\"elementor-image-box-wrapper\"><figure class=\"elementor-image-box-img\"><img loading=\"lazy\" decoding=\"async\" width=\"500\" height=\"333\" src=\"http:\/\/spmaskiner.dev03.extrude.se\/wp-content\/uploads\/2021\/03\/vinkladematarhjul.jpg\" class=\"attachment-full size-full wp-image-736\" alt=\"\" srcset=\"http:\/\/spmaskiner.dev03.extrude.se\/wp-content\/uploads\/2021\/03\/vinkladematarhjul.jpg 500w, http:\/\/spmaskiner.dev03.extrude.se\/wp-content\/uploads\/2021\/03\/vinkladematarhjul-300x200.jpg 300w\" sizes=\"(max-width: 500px) 100vw, 500px\" \/><\/figure><div class=\"elementor-image-box-content\"><h3 class=\"elementor-image-box-title\">Proportional angewinkelte Vorschubwalzen<\/h3><p class=\"elementor-image-box-description\">sorgen daf\u00fcr, dass sich Winkel und Tragkraft der Vorschubwalzen proportional zum Stammdurchmesser \u00e4ndern. Sind die Vorschubwalzen f\u00fcr die Verarbeitung eines Stammes mit extrem gro\u00dfem Durchmesser vollst\u00e4ndig ge\u00f6ffnet, dann bietet ihr maximaler \u00d6ffnungswinkel auch maximale Tragkraft f\u00fcr den Stamm. Hierdurch kann ein minimaler Druck auf die Entastungsmesser ausge\u00fcbt werden, wodurch die Reibung reduziert wird und das Aggregat den Stamm schnell und einfach vorschieben kann. Bei geschlossenen Vorschubwalzen bietet diese einzigartige L\u00f6sung ein unglaublich schmales und wendiges Aggregat mit kompakten Ma\u00dfen.<\/p><\/div><\/div>\t\t\t\t<\/div>\n\t\t\t\t<\/div>\n\t\t\t\t<div class=\"elementor-element elementor-element-c4b63c1 elementor-position-right box-shadow elementor-vertical-align-top elementor-widget elementor-widget-global elementor-global-6843 elementor-global-1114 elementor-widget-image-box\" data-id=\"c4b63c1\" data-element_type=\"widget\" data-e-type=\"widget\" data-widget_type=\"image-box.default\">\n\t\t\t\t<div class=\"elementor-widget-container\">\n\t\t\t\t\t<div class=\"elementor-image-box-wrapper\"><figure class=\"elementor-image-box-img\"><img decoding=\"async\" src=\"http:\/\/spmaskiner.dev03.extrude.se\/wp-content\/uploads\/elementor\/thumbs\/LogHold-px5rhdxjomdn8367qdvths4bacu72kyptrozeszakg.jpg\" title=\"LogHold\" alt=\"LogHold\" loading=\"lazy\" \/><\/figure><div class=\"elementor-image-box-content\"><h3 class=\"elementor-image-box-title\">Die Hydraulik <\/h3><p class=\"elementor-image-box-description\">ist in Sachen Gr\u00f6\u00dfe und Konstruktion der einzelnen  Hydraulikkomponenten (Motoren, Ventilbl\u00f6cke, Anschl\u00fcsse und  Schl\u00e4uche) so optimiert, dass Druckverluste minimiert werden.  Dies gew\u00e4hrleistet nicht nur die h\u00f6chstm\u00f6gliche Energieeffizienz,  sondern auch den geringstm\u00f6glichen Kraftstoffverbrauch pro  Kubikmeter Holz. Mit maximaler Leistung, Kraft und Produktivit\u00e4t  bei Vorschub, Entastung und Abl\u00e4ngen. Da die Aggregate des SP  Low-Friction-Konzepts nur zwei Vorschubwalzmotoren haben,  wird auch die Anzahl der Schl\u00e4uche, Anschl\u00fcsse und Biegun- gen deutlich gesenkt. Dies hat wiederum eine Minimierung der  hydraulischen Verluste zur Folge. Dank geringer Druckverluste  wird zudem die W\u00e4rmeerzeugung im Hydrauliksystem reduziert.  Somit verl\u00e4ngert sich die Gebrauchsdauer vieler Maschinenkom- ponenten durch verringerten Verschlei\u00df und einen geringeren  Wartungsaufwand.<\/p><\/div><\/div>\t\t\t\t<\/div>\n\t\t\t\t<\/div>\n\t\t\t\t<div class=\"elementor-element elementor-element-031670a elementor-widget elementor-widget-heading\" data-id=\"031670a\" data-element_type=\"widget\" data-e-type=\"widget\" data-widget_type=\"heading.default\">\n\t\t\t\t<div class=\"elementor-widget-container\">\n\t\t\t\t\t<h2 class=\"elementor-heading-title elementor-size-xl\">Vorz\u00fcge unseres Low-Friction-Konzepts<\/h2>\t\t\t\t<\/div>\n\t\t\t\t<\/div>\n\t\t\t\t\t<\/div>\n\t\t<\/div>\n\t\t\t\t\t<\/div>\n\t\t<\/section>\n\t\t\t\t<section class=\"elementor-section elementor-inner-section elementor-element elementor-element-8605118 elementor-section-boxed elementor-section-height-default elementor-section-height-default\" data-id=\"8605118\" data-element_type=\"section\" data-e-type=\"section\">\n\t\t\t\t\t\t<div class=\"elementor-container elementor-column-gap-default\">\n\t\t\t\t\t<div class=\"elementor-column elementor-col-50 elementor-inner-column elementor-element elementor-element-ac37135\" data-id=\"ac37135\" data-element_type=\"column\" data-e-type=\"column\">\n\t\t\t<div class=\"elementor-widget-wrap elementor-element-populated\">\n\t\t\t\t\t\t<div class=\"elementor-element elementor-element-1cf5ebf elementor-widget elementor-widget-heading\" data-id=\"1cf5ebf\" data-element_type=\"widget\" data-e-type=\"widget\" data-widget_type=\"heading.default\">\n\t\t\t\t<div class=\"elementor-widget-container\">\n\t\t\t\t\t<h2 class=\"elementor-heading-title elementor-size-default\">Maximiert<\/h2>\t\t\t\t<\/div>\n\t\t\t\t<\/div>\n\t\t\t\t<div class=\"elementor-element elementor-element-6e91edd elementor-icon-list--layout-traditional elementor-list-item-link-full_width elementor-widget elementor-widget-icon-list\" data-id=\"6e91edd\" data-element_type=\"widget\" data-e-type=\"widget\" data-widget_type=\"icon-list.default\">\n\t\t\t\t<div class=\"elementor-widget-container\">\n\t\t\t\t\t\t\t<ul class=\"elementor-icon-list-items\">\n\t\t\t\t\t\t\t<li class=\"elementor-icon-list-item\">\n\t\t\t\t\t\t\t\t\t\t\t<span class=\"elementor-icon-list-icon\">\n\t\t\t\t\t\t\t<i aria-hidden=\"true\" class=\"fas fa-square-full\"><\/i>\t\t\t\t\t\t<\/span>\n\t\t\t\t\t\t\t\t\t\t<span class=\"elementor-icon-list-text\">Vorschubgeschwindigkeit<\/span>\n\t\t\t\t\t\t\t\t\t<\/li>\n\t\t\t\t\t\t\t\t<li class=\"elementor-icon-list-item\">\n\t\t\t\t\t\t\t\t\t\t\t<span class=\"elementor-icon-list-icon\">\n\t\t\t\t\t\t\t<i aria-hidden=\"true\" class=\"fas fa-square-full\"><\/i>\t\t\t\t\t\t<\/span>\n\t\t\t\t\t\t\t\t\t\t<span class=\"elementor-icon-list-text\">Leistung<\/span>\n\t\t\t\t\t\t\t\t\t<\/li>\n\t\t\t\t\t\t\t\t<li class=\"elementor-icon-list-item\">\n\t\t\t\t\t\t\t\t\t\t\t<span class=\"elementor-icon-list-icon\">\n\t\t\t\t\t\t\t<i aria-hidden=\"true\" class=\"fas fa-square-full\"><\/i>\t\t\t\t\t\t<\/span>\n\t\t\t\t\t\t\t\t\t\t<span class=\"elementor-icon-list-text\">Produktivit\u00e4t<\/span>\n\t\t\t\t\t\t\t\t\t<\/li>\n\t\t\t\t\t\t\t\t<li class=\"elementor-icon-list-item\">\n\t\t\t\t\t\t\t\t\t\t\t<span class=\"elementor-icon-list-icon\">\n\t\t\t\t\t\t\t<i aria-hidden=\"true\" class=\"fas fa-square-full\"><\/i>\t\t\t\t\t\t<\/span>\n\t\t\t\t\t\t\t\t\t\t<span class=\"elementor-icon-list-text\">Rentabilit\u00e4t<\/span>\n\t\t\t\t\t\t\t\t\t<\/li>\n\t\t\t\t\t\t\t\t<li class=\"elementor-icon-list-item\">\n\t\t\t\t\t\t\t\t\t\t\t<span class=\"elementor-icon-list-icon\">\n\t\t\t\t\t\t\t<i aria-hidden=\"true\" class=\"fas fa-square-full\"><\/i>\t\t\t\t\t\t<\/span>\n\t\t\t\t\t\t\t\t\t\t<span class=\"elementor-icon-list-text\">Betriebszeit<\/span>\n\t\t\t\t\t\t\t\t\t<\/li>\n\t\t\t\t\t\t<\/ul>\n\t\t\t\t\t\t<\/div>\n\t\t\t\t<\/div>\n\t\t\t\t\t<\/div>\n\t\t<\/div>\n\t\t\t\t<div class=\"elementor-column elementor-col-50 elementor-inner-column elementor-element elementor-element-a449d85\" data-id=\"a449d85\" data-element_type=\"column\" data-e-type=\"column\">\n\t\t\t<div class=\"elementor-widget-wrap elementor-element-populated\">\n\t\t\t\t\t\t<div class=\"elementor-element elementor-element-71a4967 elementor-widget elementor-widget-heading\" data-id=\"71a4967\" data-element_type=\"widget\" data-e-type=\"widget\" data-widget_type=\"heading.default\">\n\t\t\t\t<div class=\"elementor-widget-container\">\n\t\t\t\t\t<h2 class=\"elementor-heading-title elementor-size-default\">Minimiert<\/h2>\t\t\t\t<\/div>\n\t\t\t\t<\/div>\n\t\t\t\t<div class=\"elementor-element elementor-element-93c3969 elementor-icon-list--layout-traditional elementor-list-item-link-full_width elementor-widget elementor-widget-icon-list\" data-id=\"93c3969\" data-element_type=\"widget\" data-e-type=\"widget\" data-widget_type=\"icon-list.default\">\n\t\t\t\t<div class=\"elementor-widget-container\">\n\t\t\t\t\t\t\t<ul class=\"elementor-icon-list-items\">\n\t\t\t\t\t\t\t<li class=\"elementor-icon-list-item\">\n\t\t\t\t\t\t\t\t\t\t\t<span class=\"elementor-icon-list-icon\">\n\t\t\t\t\t\t\t<i aria-hidden=\"true\" class=\"fas fa-square-full\"><\/i>\t\t\t\t\t\t<\/span>\n\t\t\t\t\t\t\t\t\t\t<span class=\"elementor-icon-list-text\">Reibung zwischen Aggregat und Stamm<\/span>\n\t\t\t\t\t\t\t\t\t<\/li>\n\t\t\t\t\t\t\t\t<li class=\"elementor-icon-list-item\">\n\t\t\t\t\t\t\t\t\t\t\t<span class=\"elementor-icon-list-icon\">\n\t\t\t\t\t\t\t<i aria-hidden=\"true\" class=\"fas fa-square-full\"><\/i>\t\t\t\t\t\t<\/span>\n\t\t\t\t\t\t\t\t\t\t<span class=\"elementor-icon-list-text\">Aggregatverschlei\u00df<\/span>\n\t\t\t\t\t\t\t\t\t<\/li>\n\t\t\t\t\t\t\t\t<li class=\"elementor-icon-list-item\">\n\t\t\t\t\t\t\t\t\t\t\t<span class=\"elementor-icon-list-icon\">\n\t\t\t\t\t\t\t<i aria-hidden=\"true\" class=\"fas fa-square-full\"><\/i>\t\t\t\t\t\t<\/span>\n\t\t\t\t\t\t\t\t\t\t<span class=\"elementor-icon-list-text\">Stammsch\u00e4den<\/span>\n\t\t\t\t\t\t\t\t\t<\/li>\n\t\t\t\t\t\t\t\t<li class=\"elementor-icon-list-item\">\n\t\t\t\t\t\t\t\t\t\t\t<span class=\"elementor-icon-list-icon\">\n\t\t\t\t\t\t\t<i aria-hidden=\"true\" class=\"fas fa-square-full\"><\/i>\t\t\t\t\t\t<\/span>\n\t\t\t\t\t\t\t\t\t\t<span class=\"elementor-icon-list-text\">Kraftstoffverbrauch der Tr\u00e4germaschine<\/span>\n\t\t\t\t\t\t\t\t\t<\/li>\n\t\t\t\t\t\t\t\t<li class=\"elementor-icon-list-item\">\n\t\t\t\t\t\t\t\t\t\t\t<span class=\"elementor-icon-list-icon\">\n\t\t\t\t\t\t\t<i aria-hidden=\"true\" class=\"fas fa-square-full\"><\/i>\t\t\t\t\t\t<\/span>\n\t\t\t\t\t\t\t\t\t\t<span class=\"elementor-icon-list-text\">Reparatur- und Wartungskosten <\/span>\n\t\t\t\t\t\t\t\t\t<\/li>\n\t\t\t\t\t\t<\/ul>\n\t\t\t\t\t\t<\/div>\n\t\t\t\t<\/div>\n\t\t\t\t\t<\/div>\n\t\t<\/div>\n\t\t\t\t\t<\/div>\n\t\t<\/section>\n\t\t\t\t\t<\/div>\n\t\t<\/div>\n\t\t\t\t\t<\/div>\n\t\t<\/section>\n\t\t\t\t<\/div>\n\t\t","protected":false},"excerpt":{"rendered":"<p>Low-Friction-Konzept Unser Low-Friction-Konzept umfasst f\u00fcnf verschiedene Innovationen und L\u00f6sungen. Bei deren Entwicklung wurde speziell darauf geachtet, dass sie die Produktion maximieren, den Kraftstoff- und Energieverbrauch optimieren sowie die Wartungskosten deutlich reduzieren. Diese f\u00fcnf L\u00f6sungen bilden gemeinsam ein unschlagbares Angebot an SP-Aggregaten mit wirklich einzigartigen Eigenschaften und Vorteilen zur Maximierung Ihrer Rentabilit\u00e4t.Das Low-Friction-Konzept h\u00e4lt f\u00fcr Sie [&hellip;]<\/p>\n","protected":false},"author":1,"featured_media":0,"parent":5204,"menu_order":10,"comment_status":"closed","ping_status":"closed","template":"elementor_header_footer","meta":{"_acf_changed":false,"site-sidebar-layout":"no-sidebar","site-content-layout":"page-builder","ast-site-content-layout":"default","site-content-style":"default","site-sidebar-style":"default","ast-global-header-display":"","ast-banner-title-visibility":"","ast-main-header-display":"","ast-hfb-above-header-display":"","ast-hfb-below-header-display":"","ast-hfb-mobile-header-display":"","site-post-title":"disabled","ast-breadcrumbs-content":"","ast-featured-img":"disabled","footer-sml-layout":"","ast-disable-related-posts":"","theme-transparent-header-meta":"default","adv-header-id-meta":"","stick-header-meta":"","header-above-stick-meta":"","header-main-stick-meta":"","header-below-stick-meta":"","astra-migrate-meta-layouts":"default","ast-page-background-enabled":"default","ast-page-background-meta":{"desktop":{"background-color":"","background-image":"","background-repeat":"repeat","background-position":"center center","background-size":"auto","background-attachment":"scroll","background-type":"","background-media":"","overlay-type":"","overlay-color":"","overlay-opacity":"","overlay-gradient":""},"tablet":{"background-color":"","background-image":"","background-repeat":"repeat","background-position":"center center","background-size":"auto","background-attachment":"scroll","background-type":"","background-media":"","overlay-type":"","overlay-color":"","overlay-opacity":"","overlay-gradient":""},"mobile":{"background-color":"","background-image":"","background-repeat":"repeat","background-position":"center center","background-size":"auto","background-attachment":"scroll","background-type":"","background-media":"","overlay-type":"","overlay-color":"","overlay-opacity":"","overlay-gradient":""}},"ast-content-background-meta":{"desktop":{"background-color":"var(--ast-global-color-5)","background-image":"","background-repeat":"repeat","background-position":"center center","background-size":"auto","background-attachment":"scroll","background-type":"","background-media":"","overlay-type":"","overlay-color":"","overlay-opacity":"","overlay-gradient":""},"tablet":{"background-color":"var(--ast-global-color-5)","background-image":"","background-repeat":"repeat","background-position":"center center","background-size":"auto","background-attachment":"scroll","background-type":"","background-media":"","overlay-type":"","overlay-color":"","overlay-opacity":"","overlay-gradient":""},"mobile":{"background-color":"var(--ast-global-color-5)","background-image":"","background-repeat":"repeat","background-position":"center center","background-size":"auto","background-attachment":"scroll","background-type":"","background-media":"","overlay-type":"","overlay-color":"","overlay-opacity":"","overlay-gradient":""}},"footnotes":""},"class_list":["post-5272","page","type-page","status-publish","hentry"],"acf":[],"_links":{"self":[{"href":"http:\/\/spmaskiner.dev03.extrude.se\/de\/wp-json\/wp\/v2\/pages\/5272","targetHints":{"allow":["GET"]}}],"collection":[{"href":"http:\/\/spmaskiner.dev03.extrude.se\/de\/wp-json\/wp\/v2\/pages"}],"about":[{"href":"http:\/\/spmaskiner.dev03.extrude.se\/de\/wp-json\/wp\/v2\/types\/page"}],"author":[{"embeddable":true,"href":"http:\/\/spmaskiner.dev03.extrude.se\/de\/wp-json\/wp\/v2\/users\/1"}],"replies":[{"embeddable":true,"href":"http:\/\/spmaskiner.dev03.extrude.se\/de\/wp-json\/wp\/v2\/comments?post=5272"}],"version-history":[{"count":0,"href":"http:\/\/spmaskiner.dev03.extrude.se\/de\/wp-json\/wp\/v2\/pages\/5272\/revisions"}],"up":[{"embeddable":true,"href":"http:\/\/spmaskiner.dev03.extrude.se\/de\/wp-json\/wp\/v2\/pages\/5204"}],"wp:attachment":[{"href":"http:\/\/spmaskiner.dev03.extrude.se\/de\/wp-json\/wp\/v2\/media?parent=5272"}],"curies":[{"name":"wp","href":"https:\/\/api.w.org\/{rel}","templated":true}]}}