{"id":5161,"date":"2021-04-09T14:37:14","date_gmt":"2021-04-09T12:37:14","guid":{"rendered":"http:\/\/spmaskiner.dev03.extrude.se\/harvesteraggregate\/harvesteraggregate-e\/harvesteraggregate-sp-761-e\/sp-761-e-kundfoerdelar\/"},"modified":"2021-10-18T11:36:28","modified_gmt":"2021-10-18T09:36:28","slug":"sp-761-e-kundfoerdelar","status":"publish","type":"page","link":"http:\/\/spmaskiner.dev03.extrude.se\/de\/harvesteraggregate\/harvesteraggregate-e\/harvesteraggregate-sp-761-e\/sp-761-e-kundfoerdelar\/","title":{"rendered":"Kundennutzen"},"content":{"rendered":"\t\t<div data-elementor-type=\"wp-page\" data-elementor-id=\"5161\" class=\"elementor elementor-5161 elementor-3331\" data-elementor-post-type=\"page\">\n\t\t\t\t\t\t<section class=\"elementor-section elementor-top-section elementor-element elementor-element-2d048f43 elementor-section-height-min-height elementor-section-items-top elementor-section-boxed elementor-section-height-default\" data-id=\"2d048f43\" data-element_type=\"section\" data-e-type=\"section\" data-settings=\"{&quot;background_background&quot;:&quot;classic&quot;}\">\n\t\t\t\t\t\t<div class=\"elementor-container elementor-column-gap-default\">\n\t\t\t\t\t<div class=\"elementor-column elementor-col-50 elementor-top-column elementor-element elementor-element-677623be\" data-id=\"677623be\" data-element_type=\"column\" data-e-type=\"column\" data-settings=\"{&quot;background_background&quot;:&quot;classic&quot;}\">\n\t\t\t<div class=\"elementor-widget-wrap elementor-element-populated\">\n\t\t\t\t\t\t<div class=\"elementor-element elementor-element-3a1c62bf elementor-widget__width-auto elementor-widget elementor-widget-heading\" data-id=\"3a1c62bf\" data-element_type=\"widget\" data-e-type=\"widget\" data-widget_type=\"heading.default\">\n\t\t\t\t<div class=\"elementor-widget-container\">\n\t\t\t\t\t<h2 class=\"elementor-heading-title elementor-size-default\">SP 761 E<\/h2>\t\t\t\t<\/div>\n\t\t\t\t<\/div>\n\t\t\t\t\t<\/div>\n\t\t<\/div>\n\t\t\t\t<div class=\"elementor-column elementor-col-50 elementor-top-column elementor-element elementor-element-23f5f463\" data-id=\"23f5f463\" data-element_type=\"column\" data-e-type=\"column\" data-settings=\"{&quot;background_background&quot;:&quot;classic&quot;}\">\n\t\t\t<div class=\"elementor-widget-wrap\">\n\t\t\t\t\t\t\t<\/div>\n\t\t<\/div>\n\t\t\t\t\t<\/div>\n\t\t<\/section>\n\t\t\t\t<section class=\"elementor-section elementor-top-section elementor-element elementor-element-1245f4f6 elementor-section-full_width elementor-section-height-default elementor-section-height-default\" data-id=\"1245f4f6\" data-element_type=\"section\" data-e-type=\"section\">\n\t\t\t\t\t\t<div class=\"elementor-container elementor-column-gap-default\">\n\t\t\t\t\t<div class=\"elementor-column elementor-col-100 elementor-top-column elementor-element elementor-element-4698a2c2\" data-id=\"4698a2c2\" data-element_type=\"column\" data-e-type=\"column\">\n\t\t\t<div class=\"elementor-widget-wrap elementor-element-populated\">\n\t\t\t\t\t\t<div class=\"elementor-element elementor-element-775b5c3 elementor-nav-menu__align-center elementor-nav-menu--dropdown-mobile elementor-nav-menu__text-align-aside elementor-nav-menu--toggle elementor-nav-menu--burger elementor-widget elementor-widget-global elementor-global-3352 elementor-widget-nav-menu\" data-id=\"775b5c3\" data-element_type=\"widget\" data-e-type=\"widget\" id=\"product-menu\" data-settings=\"{&quot;layout&quot;:&quot;horizontal&quot;,&quot;submenu_icon&quot;:{&quot;value&quot;:&quot;fas fa-caret-down&quot;,&quot;library&quot;:&quot;fa-solid&quot;},&quot;toggle&quot;:&quot;burger&quot;}\" data-widget_type=\"nav-menu.default\">\n\t\t\t\t<div class=\"elementor-widget-container\">\n\t\t\t\t\t\t\t\t<nav aria-label=\"Men\u00fc\" class=\"elementor-nav-menu--main elementor-nav-menu__container elementor-nav-menu--layout-horizontal e--pointer-background e--animation-fade\">\n\t\t\t\t<ul id=\"menu-1-775b5c3\" class=\"elementor-nav-menu\"><li class=\"menu-item menu-item-type-post_type menu-item-object-page menu-item-5418\"><a href=\"http:\/\/spmaskiner.dev03.extrude.se\/de\/harvesteraggregate\/harvesteraggregate-e\/harvesteraggregate-sp-761-e\/\" class=\"elementor-item menu-link\">Produktinformation<\/a><\/li>\n<li class=\"menu-item menu-item-type-post_type menu-item-object-page menu-item-5419\"><a href=\"http:\/\/spmaskiner.dev03.extrude.se\/de\/harvesteraggregate\/harvesteraggregate-e\/harvesteraggregate-sp-761-e\/sp-761-e-technische-daten\/\" title=\"Tekniska data \u2013 Sk\u00f6rdaraggregat SP 761 E\" class=\"elementor-item menu-link\">Technische Daten<\/a><\/li>\n<li class=\"menu-item menu-item-type-post_type menu-item-object-page menu-item-5420\"><a href=\"http:\/\/spmaskiner.dev03.extrude.se\/de\/harvesteraggregate\/harvesteraggregate-e\/harvesteraggregate-sp-761-e\/sp-761-e-kundfoerdelar\/\" title=\"Kundf\u00f6rdelar \u2013 Sk\u00f6rdaraggregat SP 761 E\" class=\"elementor-item menu-link\">Kundennutzen<\/a><\/li>\n<li class=\"menu-item menu-item-type-post_type menu-item-object-page menu-item-5421\"><a href=\"http:\/\/spmaskiner.dev03.extrude.se\/de\/harvesteraggregate\/harvesteraggregate-e\/harvesteraggregate-sp-761-e\/sp-761-e-steuerungssystem\/\" class=\"elementor-item menu-link\">Steuerungssystem<\/a><\/li>\n<li class=\"menu-item menu-item-type-post_type menu-item-object-page menu-item-5422\"><a href=\"http:\/\/spmaskiner.dev03.extrude.se\/de\/harvesteraggregate\/harvesteraggregate-e\/harvesteraggregate-sp-761-e\/sp-761-e-zubehoer-und-ausruestung\/\" title=\"Tillbeh\u00f6r &#038; utrustning \u2013 Sk\u00f6rdaraggregat SP 761 E\" class=\"elementor-item menu-link\">Zubeh\u00f6r und Ausr\u00fcstung<\/a><\/li>\n<\/ul>\t\t\t<\/nav>\n\t\t\t\t\t<div class=\"elementor-menu-toggle\" role=\"button\" tabindex=\"0\" aria-label=\"Men\u00fc Umschalter\" aria-expanded=\"false\">\n\t\t\t<i aria-hidden=\"true\" role=\"presentation\" class=\"elementor-menu-toggle__icon--open eicon-menu-bar\"><\/i><i aria-hidden=\"true\" role=\"presentation\" class=\"elementor-menu-toggle__icon--close eicon-close\"><\/i>\t\t<\/div>\n\t\t\t\t\t<nav class=\"elementor-nav-menu--dropdown elementor-nav-menu__container\" aria-hidden=\"true\">\n\t\t\t\t<ul id=\"menu-2-775b5c3\" class=\"elementor-nav-menu\"><li class=\"menu-item menu-item-type-post_type menu-item-object-page menu-item-5418\"><a href=\"http:\/\/spmaskiner.dev03.extrude.se\/de\/harvesteraggregate\/harvesteraggregate-e\/harvesteraggregate-sp-761-e\/\" class=\"elementor-item menu-link\" tabindex=\"-1\">Produktinformation<\/a><\/li>\n<li class=\"menu-item menu-item-type-post_type menu-item-object-page menu-item-5419\"><a href=\"http:\/\/spmaskiner.dev03.extrude.se\/de\/harvesteraggregate\/harvesteraggregate-e\/harvesteraggregate-sp-761-e\/sp-761-e-technische-daten\/\" title=\"Tekniska data \u2013 Sk\u00f6rdaraggregat SP 761 E\" class=\"elementor-item menu-link\" tabindex=\"-1\">Technische Daten<\/a><\/li>\n<li class=\"menu-item menu-item-type-post_type menu-item-object-page menu-item-5420\"><a href=\"http:\/\/spmaskiner.dev03.extrude.se\/de\/harvesteraggregate\/harvesteraggregate-e\/harvesteraggregate-sp-761-e\/sp-761-e-kundfoerdelar\/\" title=\"Kundf\u00f6rdelar \u2013 Sk\u00f6rdaraggregat SP 761 E\" class=\"elementor-item menu-link\" tabindex=\"-1\">Kundennutzen<\/a><\/li>\n<li class=\"menu-item menu-item-type-post_type menu-item-object-page menu-item-5421\"><a href=\"http:\/\/spmaskiner.dev03.extrude.se\/de\/harvesteraggregate\/harvesteraggregate-e\/harvesteraggregate-sp-761-e\/sp-761-e-steuerungssystem\/\" class=\"elementor-item menu-link\" tabindex=\"-1\">Steuerungssystem<\/a><\/li>\n<li class=\"menu-item menu-item-type-post_type menu-item-object-page menu-item-5422\"><a href=\"http:\/\/spmaskiner.dev03.extrude.se\/de\/harvesteraggregate\/harvesteraggregate-e\/harvesteraggregate-sp-761-e\/sp-761-e-zubehoer-und-ausruestung\/\" title=\"Tillbeh\u00f6r &#038; utrustning \u2013 Sk\u00f6rdaraggregat SP 761 E\" class=\"elementor-item menu-link\" tabindex=\"-1\">Zubeh\u00f6r und Ausr\u00fcstung<\/a><\/li>\n<\/ul>\t\t\t<\/nav>\n\t\t\t\t\t\t<\/div>\n\t\t\t\t<\/div>\n\t\t\t\t\t<\/div>\n\t\t<\/div>\n\t\t\t\t\t<\/div>\n\t\t<\/section>\n\t\t\t\t<section class=\"elementor-section elementor-top-section elementor-element elementor-element-45f75c68 elementor-section-boxed elementor-section-height-default elementor-section-height-default\" data-id=\"45f75c68\" data-element_type=\"section\" data-e-type=\"section\">\n\t\t\t\t\t\t<div class=\"elementor-container elementor-column-gap-default\">\n\t\t\t\t\t<div class=\"elementor-column elementor-col-100 elementor-top-column elementor-element elementor-element-5b017ccc\" data-id=\"5b017ccc\" data-element_type=\"column\" data-e-type=\"column\">\n\t\t\t<div class=\"elementor-widget-wrap elementor-element-populated\">\n\t\t\t\t\t\t<div class=\"elementor-element elementor-element-fb7f566 elementor-widget elementor-widget-heading\" data-id=\"fb7f566\" data-element_type=\"widget\" data-e-type=\"widget\" data-widget_type=\"heading.default\">\n\t\t\t\t<div class=\"elementor-widget-container\">\n\t\t\t\t\t<h1 class=\"elementor-heading-title elementor-size-default\">Kundennutzen - Harvesteraggregate SP 761 E<\/h1>\t\t\t\t<\/div>\n\t\t\t\t<\/div>\n\t\t\t\t<div class=\"elementor-element elementor-element-40666573 elementor-widget elementor-widget-text-editor\" data-id=\"40666573\" data-element_type=\"widget\" data-e-type=\"widget\" data-widget_type=\"text-editor.default\">\n\t\t\t\t<div class=\"elementor-widget-container\">\n\t\t\t\t\t\t\t\t\t<div class=\"col-md-12 text-center\">\n<h2>Details<\/h2>\n<\/div>\n<div class=\"col-md-8 col-md-offset-2 text-center\">\n<p>Alle unsere Aggregate verf\u00fcgen \u00fcber intelligente und n\u00fctzliche Funktionen. Klicken Sie auf die Kreise, um mehr zu erfahren.<\/p>\n<\/div>\n\t\t\t\t\t\t\t\t<\/div>\n\t\t\t\t<\/div>\n\t\t\t\t\t<\/div>\n\t\t<\/div>\n\t\t\t\t\t<\/div>\n\t\t<\/section>\n\t\t\t\t<section class=\"elementor-section elementor-top-section elementor-element elementor-element-61237dcb detaljer elementor-section-boxed elementor-section-height-default elementor-section-height-default\" data-id=\"61237dcb\" data-element_type=\"section\" data-e-type=\"section\" id=\"detaljer-sp761e\" data-settings=\"{&quot;background_background&quot;:&quot;classic&quot;}\">\n\t\t\t\t\t\t<div class=\"elementor-container elementor-column-gap-default\">\n\t\t\t\t\t<div class=\"elementor-column elementor-col-50 elementor-top-column elementor-element elementor-element-5c0b2990\" data-id=\"5c0b2990\" data-element_type=\"column\" data-e-type=\"column\">\n\t\t\t<div class=\"elementor-widget-wrap elementor-element-populated\">\n\t\t\t\t\t\t<div class=\"elementor-element elementor-element-5207bce1 elementor-widget elementor-widget-text-editor\" data-id=\"5207bce1\" data-element_type=\"widget\" data-e-type=\"widget\" data-widget_type=\"text-editor.default\">\n\t\t\t\t<div class=\"elementor-widget-container\">\n\t\t\t\t\t\t\t\t\t<div class=\"hotspot\">\n<img decoding=\"async\" class=\"img-responsive\" src=\"\/wp-content\/themes\/spmaskiner\/images\/hotspots\/sp761e-hotspot-1.jpg\" \/><\/p>\n<div class=\"spots\">\n<div id=\"spot-01\"><a class=\"popoverBtn\" data-popupcontent=\"1\" data-placement=\"top\" data-content=\"Das Obermesser ist f\u00fcr maximale Langlebigkeit aus hochfestem Stahlguss gefertigt.  Das Messer ist auf eine optimale und effiziente Entrindung ausgelegt.\n \"><br \/>\n<i class=\"fa fa-2x fa-plus-circle animated infinite pulse\" aria-hidden=\"true\"><\/i><br \/>\n<\/a><\/div>\n<div id=\"spot-02\"><a class=\"popoverBtn\" data-popupcontent=\"1\" data-placement=\"top\" data-content=\"Ber\u00fchrungsfreie Durchmesserf\u00fchler mit einer Anbringung an gesch\u00fctzter Stelle sorgen f\u00fcr h\u00f6chste Zuverl\u00e4ssigkeit und l\u00e4ngste Lebensdauer.\n \"><br \/>\n<i class=\"fa fa-2x fa-plus-circle animated infinite pulse\" aria-hidden=\"true\"><\/i><br \/>\n<\/a><\/div>\n<div id=\"spot-03\"><a class=\"popoverBtn\" data-popupcontent=\"1\" data-placement=\"top\" data-content=\"Ber\u00fchrungsfreie Durchmesserf\u00fchler mit einer Anbringung an gesch\u00fctzter Stelle sorgen f\u00fcr h\u00f6chste Zuverl\u00e4ssigkeit und l\u00e4ngste Lebensdauer.\n \"><br \/>\n<i class=\"fa fa-2x fa-plus-circle animated infinite pulse\" aria-hidden=\"true\"><\/i><br \/>\n<\/a><\/div>\n<div id=\"spot-04\"><a class=\"popoverBtn\" data-popupcontent=\"1\" data-placement=\"bottom\" data-content=\"Zwei Rindenabweiser am Rahmen optimieren die Entrindung und reduzieren den Rahmenverschlei\u00df. Die Rindenabweiser haben eine Schraubverbindung, was Service und Wechsel erleichtert.\n \"><br \/>\n<i class=\"fa fa-2x fa-plus-circle animated infinite pulse\" aria-hidden=\"true\"><\/i><br \/>\n<\/a><\/div>\n<div id=\"spot-05\"><a class=\"popoverBtn\" data-popupcontent=\"1\" data-placement=\"top\" data-content=\"Zwei Rindenabweiser am Rahmen optimieren die Entrindung und reduzieren den Rahmenverschlei\u00df. Die Rindenabweiser haben eine Schraubverbindung, was Service und Wechsel erleichtert.\n \"><br \/>\n<i class=\"fa fa-2x fa-plus-circle animated infinite pulse\" aria-hidden=\"true\"><\/i><br \/>\n<\/a><\/div>\n<div id=\"spot-06\"><a class=\"popoverBtn\" data-popupcontent=\"1\" data-placement=\"top\" data-content=\"Die einzigartige Walzenhalterung bietet mehr Tragkraft, je gr\u00f6\u00dfer der zu verarbeitende Stamm ist. Dadurch l\u00e4sst sich die Messerdruck sehr niedrig halten, mit minimaler Reibung und maximaler Geschwindigkeit zur Folge.\n\"><br \/>\n<i class=\"fa fa-2x fa-plus-circle animated infinite pulse\" aria-hidden=\"true\"><\/i><br \/>\n<\/a><\/div>\n<div id=\"spot-07\"><a class=\"popoverBtn\" data-popupcontent=\"1\" data-placement=\"top\" data-content=\"Dank einzigartiger Konstruktion mit gegossenem Mittelteil besteht der Rahmen aus einer minimalen Anzahl separater Profile. \nDa der gesamte Rahmen zudem nach dem Schwei\u00dfen maschinell verarbeitet wird, ergibt sich eine extrem starke und langlebige Konstruktion mit perfekter Passung.\n \"><br \/>\n<i class=\"fa fa-2x fa-plus-circle animated infinite pulse\" aria-hidden=\"true\"><\/i><br \/>\n<\/a><\/div>\n<div id=\"spot-08\"><a class=\"popoverBtn\" data-popupcontent=\"1\" data-placement=\"top\" data-content=\"Die S\u00e4geeinheit ist die \u00e4u\u00dferst robuste und vollautomatische Supercut 150 mit integrierter Kettenschmierung und automatischer hydraulischer Kettenspannung. Sie eignet sich f\u00fcr Schwerter mit den Teilungen .404 und \u00be Zoll. Der 32-cc-S\u00e4gemotor gew\u00e4hrleistet in Kombination mit SPs \u201eQuickCut\u201c-System schnelles und effizientes Abl\u00e4ngen. \n \"><br \/>\n<i class=\"fa fa-2x fa-plus-circle animated infinite pulse\" aria-hidden=\"true\"><\/i><br \/>\n<\/a><\/div>\n<\/div>\n<\/div>\n\t\t\t\t\t\t\t\t<\/div>\n\t\t\t\t<\/div>\n\t\t\t\t\t<\/div>\n\t\t<\/div>\n\t\t\t\t<div class=\"elementor-column elementor-col-50 elementor-top-column elementor-element elementor-element-2e731c5a\" data-id=\"2e731c5a\" data-element_type=\"column\" data-e-type=\"column\">\n\t\t\t<div class=\"elementor-widget-wrap elementor-element-populated\">\n\t\t\t\t\t\t<div class=\"elementor-element elementor-element-e0f99fa elementor-widget elementor-widget-text-editor\" data-id=\"e0f99fa\" data-element_type=\"widget\" data-e-type=\"widget\" data-widget_type=\"text-editor.default\">\n\t\t\t\t<div class=\"elementor-widget-container\">\n\t\t\t\t\t\t\t\t\t<div class=\"hotspot\"><img decoding=\"async\" class=\"img-responsive\" src=\"\/wp-content\/themes\/spmaskiner\/images\/hotspots\/sp761e-hotspot-2.jpg\" \/><\/p>\n<div class=\"spots\">\n<div id=\"spot-09\"><a class=\"popoverBtn\" data-popupcontent=\"1\" data-placement=\"top\" data-content=\"Robuste und verwindungssteife Kippbr\u00fccke f\u00fcr langfristige Strapazierf\u00e4higkeit. Die beiden Kippzylinder sind in der Kippbr\u00fccke optimal gesch\u00fctzt.\n\"><br \/>\n<i class=\"fa fa-2x fa-plus-circle animated infinite pulse\" aria-hidden=\"true\"><\/i><br \/>\n<\/a><\/div>\n<div id=\"spot-10\"><a class=\"popoverBtn\" data-popupcontent=\"1\" data-placement=\"top\" data-content=\"Das Hydraulikventil ist ein Parker L90\/K220. Dieses sehr zuverl\u00e4ssige und effiziente Ventil wurde speziell f\u00fcr einen hohen Durchfluss und f\u00fcr Dr\u00fccke mit besonders geringen Druckverlusten konzipiert.  In Verbindung mit der proportionalen Druckregelung und SPs patentiertem LogHold-System ergibt sich so ein sehr produktives und schnelles Aggregat mit beeindruckender Leistung und geringem Energieverbrauch.\n \"><br \/>\n<i class=\"fa fa-2x fa-plus-circle animated infinite pulse\" aria-hidden=\"true\"><\/i><br \/>\n<\/a><\/div>\n<div id=\"spot-11\"><a class=\"popoverBtn\" data-popupcontent=\"1\" data-placement=\"top\" data-content=\"Die robuste Ventilabdeckung ist f\u00fcr einfachen und schnellen Service-Zugriff mit einem Scharnier zum Aufklappen versehen. Die feste Passung verhindert das Anhaften von Schmutz und R\u00fcckst\u00e4nden. Die ganz vorn angebrachten Stromboxen sind schnell und einfach zug\u00e4nglich.\n\"><br \/>\n<i class=\"fa fa-2x fa-plus-circle animated infinite pulse\" aria-hidden=\"true\"><\/i><br \/>\n<\/a><\/div>\n<div id=\"spot-12\"><a class=\"popoverBtn\" data-popupcontent=\"1\" data-placement=\"bottom\" data-content=\"Die Entastungszylinder sind mit einer Endlagend\u00e4mpfung ausgestattet, um St\u00f6\u00dfe, Vibrationen und Verschlei\u00df zu reduzieren. \n \"><br \/>\n<i class=\"fa fa-2x fa-plus-circle animated infinite pulse\" aria-hidden=\"true\"><\/i><br \/>\n<\/a><\/div>\n<div id=\"spot-13\"><a class=\"popoverBtn\" data-popupcontent=\"1\" data-placement=\"top\" data-content=\"Die Entastungszylinder sind mit einer Endlagend\u00e4mpfung ausgestattet, um St\u00f6\u00dfe, Vibrationen und Verschlei\u00df zu reduzieren. \n \"><br \/>\n<i class=\"fa fa-2x fa-plus-circle animated infinite pulse\" aria-hidden=\"true\"><\/i><br \/>\n<\/a><\/div>\n<div id=\"spot-14\"><a class=\"popoverBtn\" data-popupcontent=\"1\" data-placement=\"top\" data-content=\"Die Entastungszylinder sind mit einer Endlagend\u00e4mpfung ausgestattet, um St\u00f6\u00dfe, Vibrationen und Verschlei\u00df zu reduzieren. \n \"><br \/>\n<i class=\"fa fa-2x fa-plus-circle animated infinite pulse\" aria-hidden=\"true\"><\/i><br \/>\n<\/a><\/div>\n<div id=\"spot-15\"><a class=\"popoverBtn\" data-popupcontent=\"1\" data-placement=\"top\" data-content=\"Die Entastungszylinder sind mit einer Endlagend\u00e4mpfung ausgestattet, um St\u00f6\u00dfe, Vibrationen und Verschlei\u00df zu reduzieren. \n \"><br \/>\n<i class=\"fa fa-2x fa-plus-circle animated infinite pulse\" aria-hidden=\"true\"><\/i><br \/>\n<\/a><\/div>\n<div id=\"spot-16\"><a class=\"popoverBtn\" data-popupcontent=\"1\" data-placement=\"top\" data-content=\"Die Entastungszylinder sind mit einer Endlagend\u00e4mpfung ausgestattet, um St\u00f6\u00dfe, Vibrationen und Verschlei\u00df zu reduzieren. \n \"><br \/>\n<i class=\"fa fa-2x fa-plus-circle animated infinite pulse\" aria-hidden=\"true\"><\/i><br \/>\n<\/a><\/div>\n<div id=\"spot-18\"><a class=\"popoverBtn\" data-popupcontent=\"1\" data-placement=\"top\" data-content=\"Drehgelenke beugen einem Verdrehen und Verschlei\u00dfen der Schl\u00e4uchen an den Vorschubmotoren vor. Dass die Schlauchf\u00fchrung zudem in den Motorarm integriert und somit vollst\u00e4ndig gesch\u00fctzt ist, sorgt f\u00fcr maximale Lebensdauer und Betriebssicherheit. \n \"><br \/>\n<i class=\"fa fa-2x fa-plus-circle animated infinite pulse\" aria-hidden=\"true\"><\/i><br \/>\n<\/a><\/div>\n<div id=\"spot-19\"><a class=\"popoverBtn\" data-popupcontent=\"1\" data-placement=\"top\" data-content=\"Expanderwellen mit leistungsstarken Dichtungen gew\u00e4hrleisten maximale Lebensdauer sowie minimalen Wartungs- und Servicebedarf. \n\"><br \/>\n<i class=\"fa fa-2x fa-plus-circle animated infinite pulse\" aria-hidden=\"true\"><\/i><br \/>\n<\/a><\/div>\n<\/div>\n<\/div>\n\t\t\t\t\t\t\t\t<\/div>\n\t\t\t\t<\/div>\n\t\t\t\t\t<\/div>\n\t\t<\/div>\n\t\t\t\t\t<\/div>\n\t\t<\/section>\n\t\t\t\t<\/div>\n\t\t","protected":false},"excerpt":{"rendered":"<p>SP 761 E Kundennutzen &#8211; Harvesteraggregate SP 761 E Details Alle unsere Aggregate verf\u00fcgen \u00fcber intelligente und n\u00fctzliche Funktionen. Klicken Sie auf die Kreise, um mehr zu erfahren.<\/p>\n","protected":false},"author":1,"featured_media":0,"parent":5157,"menu_order":30,"comment_status":"closed","ping_status":"closed","template":"","meta":{"_acf_changed":false,"site-sidebar-layout":"no-sidebar","site-content-layout":"page-builder","ast-site-content-layout":"default","site-content-style":"default","site-sidebar-style":"default","ast-global-header-display":"","ast-banner-title-visibility":"","ast-main-header-display":"","ast-hfb-above-header-display":"","ast-hfb-below-header-display":"","ast-hfb-mobile-header-display":"","site-post-title":"disabled","ast-breadcrumbs-content":"","ast-featured-img":"disabled","footer-sml-layout":"","ast-disable-related-posts":"","theme-transparent-header-meta":"default","adv-header-id-meta":"","stick-header-meta":"","header-above-stick-meta":"","header-main-stick-meta":"","header-below-stick-meta":"","astra-migrate-meta-layouts":"default","ast-page-background-enabled":"default","ast-page-background-meta":{"desktop":{"background-color":"","background-image":"","background-repeat":"repeat","background-position":"center center","background-size":"auto","background-attachment":"scroll","background-type":"","background-media":"","overlay-type":"","overlay-color":"","overlay-opacity":"","overlay-gradient":""},"tablet":{"background-color":"","background-image":"","background-repeat":"repeat","background-position":"center center","background-size":"auto","background-attachment":"scroll","background-type":"","background-media":"","overlay-type":"","overlay-color":"","overlay-opacity":"","overlay-gradient":""},"mobile":{"background-color":"","background-image":"","background-repeat":"repeat","background-position":"center center","background-size":"auto","background-attachment":"scroll","background-type":"","background-media":"","overlay-type":"","overlay-color":"","overlay-opacity":"","overlay-gradient":""}},"ast-content-background-meta":{"desktop":{"background-color":"var(--ast-global-color-5)","background-image":"","background-repeat":"repeat","background-position":"center center","background-size":"auto","background-attachment":"scroll","background-type":"","background-media":"","overlay-type":"","overlay-color":"","overlay-opacity":"","overlay-gradient":""},"tablet":{"background-color":"var(--ast-global-color-5)","background-image":"","background-repeat":"repeat","background-position":"center center","background-size":"auto","background-attachment":"scroll","background-type":"","background-media":"","overlay-type":"","overlay-color":"","overlay-opacity":"","overlay-gradient":""},"mobile":{"background-color":"var(--ast-global-color-5)","background-image":"","background-repeat":"repeat","background-position":"center center","background-size":"auto","background-attachment":"scroll","background-type":"","background-media":"","overlay-type":"","overlay-color":"","overlay-opacity":"","overlay-gradient":""}},"footnotes":""},"class_list":["post-5161","page","type-page","status-publish","hentry"],"acf":[],"_links":{"self":[{"href":"http:\/\/spmaskiner.dev03.extrude.se\/de\/wp-json\/wp\/v2\/pages\/5161","targetHints":{"allow":["GET"]}}],"collection":[{"href":"http:\/\/spmaskiner.dev03.extrude.se\/de\/wp-json\/wp\/v2\/pages"}],"about":[{"href":"http:\/\/spmaskiner.dev03.extrude.se\/de\/wp-json\/wp\/v2\/types\/page"}],"author":[{"embeddable":true,"href":"http:\/\/spmaskiner.dev03.extrude.se\/de\/wp-json\/wp\/v2\/users\/1"}],"replies":[{"embeddable":true,"href":"http:\/\/spmaskiner.dev03.extrude.se\/de\/wp-json\/wp\/v2\/comments?post=5161"}],"version-history":[{"count":0,"href":"http:\/\/spmaskiner.dev03.extrude.se\/de\/wp-json\/wp\/v2\/pages\/5161\/revisions"}],"up":[{"embeddable":true,"href":"http:\/\/spmaskiner.dev03.extrude.se\/de\/wp-json\/wp\/v2\/pages\/5157"}],"wp:attachment":[{"href":"http:\/\/spmaskiner.dev03.extrude.se\/de\/wp-json\/wp\/v2\/media?parent=5161"}],"curies":[{"name":"wp","href":"https:\/\/api.w.org\/{rel}","templated":true}]}}