{"id":5159,"date":"2021-04-09T14:35:03","date_gmt":"2021-04-09T12:35:03","guid":{"rendered":"http:\/\/spmaskiner.dev03.extrude.se\/harvesteraggregate\/harvesteraggregate-e\/harvesteraggregate-sp-761-e\/sp-761-e-technische-daten\/"},"modified":"2021-11-11T12:52:30","modified_gmt":"2021-11-11T11:52:30","slug":"sp-761-e-technische-daten","status":"publish","type":"page","link":"http:\/\/spmaskiner.dev03.extrude.se\/de\/harvesteraggregate\/harvesteraggregate-e\/harvesteraggregate-sp-761-e\/sp-761-e-technische-daten\/","title":{"rendered":"Technische Daten"},"content":{"rendered":"\t\t<div data-elementor-type=\"wp-page\" data-elementor-id=\"5159\" class=\"elementor elementor-5159 elementor-3327\" data-elementor-post-type=\"page\">\n\t\t\t\t\t\t<section class=\"elementor-section elementor-top-section elementor-element elementor-element-57b8d95 elementor-section-height-min-height elementor-section-items-top elementor-section-boxed elementor-section-height-default\" data-id=\"57b8d95\" data-element_type=\"section\" data-e-type=\"section\" data-settings=\"{&quot;background_background&quot;:&quot;classic&quot;}\">\n\t\t\t\t\t\t<div class=\"elementor-container elementor-column-gap-default\">\n\t\t\t\t\t<div class=\"elementor-column elementor-col-50 elementor-top-column elementor-element elementor-element-6a511eee\" data-id=\"6a511eee\" data-element_type=\"column\" data-e-type=\"column\" data-settings=\"{&quot;background_background&quot;:&quot;classic&quot;}\">\n\t\t\t<div class=\"elementor-widget-wrap elementor-element-populated\">\n\t\t\t\t\t\t<div class=\"elementor-element elementor-element-52c71bb0 elementor-widget__width-auto elementor-widget elementor-widget-heading\" data-id=\"52c71bb0\" data-element_type=\"widget\" data-e-type=\"widget\" data-widget_type=\"heading.default\">\n\t\t\t\t<div class=\"elementor-widget-container\">\n\t\t\t\t\t<h2 class=\"elementor-heading-title elementor-size-default\">SP 761 E<\/h2>\t\t\t\t<\/div>\n\t\t\t\t<\/div>\n\t\t\t\t\t<\/div>\n\t\t<\/div>\n\t\t\t\t<div class=\"elementor-column elementor-col-50 elementor-top-column elementor-element elementor-element-12a28660\" data-id=\"12a28660\" data-element_type=\"column\" data-e-type=\"column\" data-settings=\"{&quot;background_background&quot;:&quot;classic&quot;}\">\n\t\t\t<div class=\"elementor-widget-wrap\">\n\t\t\t\t\t\t\t<\/div>\n\t\t<\/div>\n\t\t\t\t\t<\/div>\n\t\t<\/section>\n\t\t\t\t<section class=\"elementor-section elementor-top-section elementor-element elementor-element-1acf06d0 elementor-section-full_width elementor-section-height-default elementor-section-height-default\" data-id=\"1acf06d0\" data-element_type=\"section\" data-e-type=\"section\">\n\t\t\t\t\t\t<div class=\"elementor-container elementor-column-gap-default\">\n\t\t\t\t\t<div class=\"elementor-column elementor-col-100 elementor-top-column elementor-element elementor-element-4902ca21\" data-id=\"4902ca21\" data-element_type=\"column\" data-e-type=\"column\">\n\t\t\t<div class=\"elementor-widget-wrap elementor-element-populated\">\n\t\t\t\t\t\t<div class=\"elementor-element elementor-element-c6bb19e elementor-nav-menu__align-center elementor-nav-menu--dropdown-mobile elementor-nav-menu__text-align-aside elementor-nav-menu--toggle elementor-nav-menu--burger elementor-widget elementor-widget-global elementor-global-3352 elementor-widget-nav-menu\" data-id=\"c6bb19e\" data-element_type=\"widget\" data-e-type=\"widget\" id=\"product-menu\" data-settings=\"{&quot;layout&quot;:&quot;horizontal&quot;,&quot;submenu_icon&quot;:{&quot;value&quot;:&quot;fas fa-caret-down&quot;,&quot;library&quot;:&quot;fa-solid&quot;},&quot;toggle&quot;:&quot;burger&quot;}\" data-widget_type=\"nav-menu.default\">\n\t\t\t\t<div class=\"elementor-widget-container\">\n\t\t\t\t\t\t\t\t<nav aria-label=\"Men\u00fc\" class=\"elementor-nav-menu--main elementor-nav-menu__container elementor-nav-menu--layout-horizontal e--pointer-background e--animation-fade\">\n\t\t\t\t<ul id=\"menu-1-c6bb19e\" class=\"elementor-nav-menu\"><li class=\"menu-item menu-item-type-post_type menu-item-object-page menu-item-5418\"><a href=\"http:\/\/spmaskiner.dev03.extrude.se\/de\/harvesteraggregate\/harvesteraggregate-e\/harvesteraggregate-sp-761-e\/\" class=\"elementor-item menu-link\">Produktinformation<\/a><\/li>\n<li class=\"menu-item menu-item-type-post_type menu-item-object-page menu-item-5419\"><a href=\"http:\/\/spmaskiner.dev03.extrude.se\/de\/harvesteraggregate\/harvesteraggregate-e\/harvesteraggregate-sp-761-e\/sp-761-e-technische-daten\/\" title=\"Tekniska data \u2013 Sk\u00f6rdaraggregat SP 761 E\" class=\"elementor-item menu-link\">Technische Daten<\/a><\/li>\n<li class=\"menu-item menu-item-type-post_type menu-item-object-page menu-item-5420\"><a href=\"http:\/\/spmaskiner.dev03.extrude.se\/de\/harvesteraggregate\/harvesteraggregate-e\/harvesteraggregate-sp-761-e\/sp-761-e-kundfoerdelar\/\" title=\"Kundf\u00f6rdelar \u2013 Sk\u00f6rdaraggregat SP 761 E\" class=\"elementor-item menu-link\">Kundennutzen<\/a><\/li>\n<li class=\"menu-item menu-item-type-post_type menu-item-object-page menu-item-5421\"><a href=\"http:\/\/spmaskiner.dev03.extrude.se\/de\/harvesteraggregate\/harvesteraggregate-e\/harvesteraggregate-sp-761-e\/sp-761-e-steuerungssystem\/\" class=\"elementor-item menu-link\">Steuerungssystem<\/a><\/li>\n<li class=\"menu-item menu-item-type-post_type menu-item-object-page menu-item-5422\"><a href=\"http:\/\/spmaskiner.dev03.extrude.se\/de\/harvesteraggregate\/harvesteraggregate-e\/harvesteraggregate-sp-761-e\/sp-761-e-zubehoer-und-ausruestung\/\" title=\"Tillbeh\u00f6r &#038; utrustning \u2013 Sk\u00f6rdaraggregat SP 761 E\" class=\"elementor-item menu-link\">Zubeh\u00f6r und Ausr\u00fcstung<\/a><\/li>\n<\/ul>\t\t\t<\/nav>\n\t\t\t\t\t<div class=\"elementor-menu-toggle\" role=\"button\" tabindex=\"0\" aria-label=\"Men\u00fc Umschalter\" aria-expanded=\"false\">\n\t\t\t<i aria-hidden=\"true\" role=\"presentation\" class=\"elementor-menu-toggle__icon--open eicon-menu-bar\"><\/i><i aria-hidden=\"true\" role=\"presentation\" class=\"elementor-menu-toggle__icon--close eicon-close\"><\/i>\t\t<\/div>\n\t\t\t\t\t<nav class=\"elementor-nav-menu--dropdown elementor-nav-menu__container\" aria-hidden=\"true\">\n\t\t\t\t<ul id=\"menu-2-c6bb19e\" class=\"elementor-nav-menu\"><li class=\"menu-item menu-item-type-post_type menu-item-object-page menu-item-5418\"><a href=\"http:\/\/spmaskiner.dev03.extrude.se\/de\/harvesteraggregate\/harvesteraggregate-e\/harvesteraggregate-sp-761-e\/\" class=\"elementor-item menu-link\" tabindex=\"-1\">Produktinformation<\/a><\/li>\n<li class=\"menu-item menu-item-type-post_type menu-item-object-page menu-item-5419\"><a href=\"http:\/\/spmaskiner.dev03.extrude.se\/de\/harvesteraggregate\/harvesteraggregate-e\/harvesteraggregate-sp-761-e\/sp-761-e-technische-daten\/\" title=\"Tekniska data \u2013 Sk\u00f6rdaraggregat SP 761 E\" class=\"elementor-item menu-link\" tabindex=\"-1\">Technische Daten<\/a><\/li>\n<li class=\"menu-item menu-item-type-post_type menu-item-object-page menu-item-5420\"><a href=\"http:\/\/spmaskiner.dev03.extrude.se\/de\/harvesteraggregate\/harvesteraggregate-e\/harvesteraggregate-sp-761-e\/sp-761-e-kundfoerdelar\/\" title=\"Kundf\u00f6rdelar \u2013 Sk\u00f6rdaraggregat SP 761 E\" class=\"elementor-item menu-link\" tabindex=\"-1\">Kundennutzen<\/a><\/li>\n<li class=\"menu-item menu-item-type-post_type menu-item-object-page menu-item-5421\"><a href=\"http:\/\/spmaskiner.dev03.extrude.se\/de\/harvesteraggregate\/harvesteraggregate-e\/harvesteraggregate-sp-761-e\/sp-761-e-steuerungssystem\/\" class=\"elementor-item menu-link\" tabindex=\"-1\">Steuerungssystem<\/a><\/li>\n<li class=\"menu-item menu-item-type-post_type menu-item-object-page menu-item-5422\"><a href=\"http:\/\/spmaskiner.dev03.extrude.se\/de\/harvesteraggregate\/harvesteraggregate-e\/harvesteraggregate-sp-761-e\/sp-761-e-zubehoer-und-ausruestung\/\" title=\"Tillbeh\u00f6r &#038; utrustning \u2013 Sk\u00f6rdaraggregat SP 761 E\" class=\"elementor-item menu-link\" tabindex=\"-1\">Zubeh\u00f6r und Ausr\u00fcstung<\/a><\/li>\n<\/ul>\t\t\t<\/nav>\n\t\t\t\t\t\t<\/div>\n\t\t\t\t<\/div>\n\t\t\t\t\t<\/div>\n\t\t<\/div>\n\t\t\t\t\t<\/div>\n\t\t<\/section>\n\t\t\t\t<section class=\"elementor-section elementor-top-section elementor-element elementor-element-5192a99e elementor-section-boxed elementor-section-height-default elementor-section-height-default\" data-id=\"5192a99e\" data-element_type=\"section\" data-e-type=\"section\">\n\t\t\t\t\t\t<div class=\"elementor-container elementor-column-gap-default\">\n\t\t\t\t\t<div class=\"elementor-column elementor-col-100 elementor-top-column elementor-element elementor-element-511b7df5\" data-id=\"511b7df5\" data-element_type=\"column\" data-e-type=\"column\">\n\t\t\t<div class=\"elementor-widget-wrap elementor-element-populated\">\n\t\t\t\t\t\t<div class=\"elementor-element elementor-element-2d36d1ca elementor-widget elementor-widget-heading\" data-id=\"2d36d1ca\" data-element_type=\"widget\" data-e-type=\"widget\" data-widget_type=\"heading.default\">\n\t\t\t\t<div class=\"elementor-widget-container\">\n\t\t\t\t\t<h1 class=\"elementor-heading-title elementor-size-default\">Harvesteraggregate SP 761 E - Technische Daten<\/h1>\t\t\t\t<\/div>\n\t\t\t\t<\/div>\n\t\t\t\t<div class=\"elementor-element elementor-element-665dd063 elementor-widget elementor-widget-text-editor\" data-id=\"665dd063\" data-element_type=\"widget\" data-e-type=\"widget\" data-widget_type=\"text-editor.default\">\n\t\t\t\t<div class=\"elementor-widget-container\">\n\t\t\t\t\t\t\t\t\t<p>Erfahren Sie mehr \u00fcber die Technologie hinter jedem unserer Aggregate. Hier finden Sie alles von Informationen zum Abl\u00e4ngen \u00fcber das Entasten bis hin zu Gewichtsangaben und Abmessungen.<\/p>\n\t\t\t\t\t\t\t\t<\/div>\n\t\t\t\t<\/div>\n\t\t\t\t<div class=\"elementor-element elementor-element-1b801d0 tech-data elementor-widget elementor-widget-text-editor\" data-id=\"1b801d0\" data-element_type=\"widget\" data-e-type=\"widget\" data-widget_type=\"text-editor.default\">\n\t\t\t\t<div class=\"elementor-widget-container\">\n\t\t\t\t\t\t\t\t\t<div class=\"col-md-12\">\n<div class=\"\">\n<h4>Hydraulik<\/h4>\n<table class=\"table table-condensed\">\n<thead><\/thead>\n<tbody>\n<tr>\n<td><\/td>\n<td><strong>Metrisch<\/strong><\/td>\n<td><\/td>\n<td><\/td>\n<\/tr>\n<tr class=\"table-color\">\n<td width=\"30%\">Min. \u00d6ldurchfluss:<\/td>\n<td width=\"70%\">200 l\/min<\/td>\n<td><\/td>\n<td><\/td>\n<\/tr>\n<tr>\n<td>Empf. Arbeitsdruck:<\/td>\n<td>25-30 MPa<\/td>\n<td><\/td>\n<td><\/td>\n<\/tr>\n<\/tbody>\n<\/table>\n<\/div>\n<div class=\"\">\n<h4>Vorschub<\/h4>\n<table class=\"table table-condensed\">\n<thead><\/thead>\n<tbody>\n<tr>\n<td colspan=\"4\">Proportionaler Walzenklemmdruck gegen den Stammdurchmesser, individuelle Einstellung je nach Baumart f\u00fcr optimale Leistung.<\/td>\n<\/tr>\n<tr class=\"table-color\">\n<td width=\"30%\">Walzenmotoren:<\/td>\n<td width=\"70%\">780 cc<\/td>\n<td><\/td>\n<td><\/td>\n<\/tr>\n<tr>\n<td>Min. Walzen\u00f6ffnung:<\/td>\n<td>20 mm<\/td>\n<td><\/td>\n<td><\/td>\n<\/tr>\n<tr class=\"table-color\">\n<td>Max. Walzen\u00f6ffnung:<\/td>\n<td>700 mm<\/td>\n<td><\/td>\n<td><\/td>\n<\/tr>\n<tr>\n<td>Max. Vorschubkraft:<\/td>\n<td>21,7 or 27 kN<\/td>\n<td><\/td>\n<td><\/td>\n<\/tr>\n<tr class=\"table-color\">\n<td>Max Vorschubgeschwindigkeit:<\/td>\n<td>6,5 m\/s<\/td>\n<td><\/td>\n<td><\/td>\n<\/tr>\n<tr>\n<td>Proportionaldruck:<\/td>\n<td>Ja<\/td>\n<td><\/td>\n<td><\/td>\n<\/tr>\n<\/tbody>\n<\/table>\n<\/div>\n<div class=\"\">\n<h4>Vorschub \/ Abl\u00e4ngen<\/h4>\n<p>SuperCut 150 ist eine ausgesprochen leistungsstarke Einheit mit integrierter Kettenschmierung und hydraulischer Kettenspannung. In Verbindung mit dem QuickCut von SP wird die Abl\u00e4ngdauer optimiert und die Gefahr von Schnittrissen minimiert.<\/p>\n<table class=\"table table-condensed\">\n<thead><\/thead>\n<tbody>\n<tr class=\"table-color\">\n<td width=\"30%\">Abl\u00e4ngdurchmesser:<\/td>\n<td width=\"70%\">700 mm<\/td>\n<td><\/td>\n<td><\/td>\n<\/tr>\n<tr>\n<td>Kettengeschwindigkeit:<\/td>\n<td>40 m\/s<\/td>\n<td><\/td>\n<td><\/td>\n<\/tr>\n<tr class=\"table-color\">\n<td>S\u00e4gemotor:<\/td>\n<td>32 cc<\/td>\n<td><\/td>\n<td><\/td>\n<\/tr>\n<tr>\n<td>S\u00e4geeinheit:<\/td>\n<td>SuperCut 150<\/td>\n<td><\/td>\n<td><\/td>\n<\/tr>\n<tr class=\"table-color\">\n<td>QuickCut:<\/td>\n<td>Yes<\/td>\n<td><\/td>\n<td><\/td>\n<\/tr>\n<\/tbody>\n<\/table>\n<\/div>\n<div class=\"\">\n<h4>Entrindung \/ Entastung<\/h4>\n<table class=\"table table-condensed\">\n<thead><\/thead>\n<tbody>\n<tr>\n<td colspan=\"4\">Proportionaler Astmesserdruck am Stammdurchmesser zur Sicherstellung einer m\u00f6glichst geringen Friktion und maximalen Produktion. Zur Sicherstellung der optimalen Leistung erfolgt die individuelle Einstellung der oberen\/unteren Astmesser auch abh\u00e4ngig von der jeweiligen Baumsorte.<\/td>\n<\/tr>\n<tr class=\"table-color\">\n<td width=\"30%\">Bewegliche Messer:<\/td>\n<td width=\"70%\">3<\/td>\n<td><\/td>\n<td><\/td>\n<\/tr>\n<tr>\n<td>Feststehende Messer:<\/td>\n<td>2<\/td>\n<td><\/td>\n<td><\/td>\n<\/tr>\n<tr class=\"table-color\">\n<td>Feststehende rindenabweiser:<\/td>\n<td>1<\/td>\n<td><\/td>\n<td><\/td>\n<\/tr>\n<tr>\n<td>Min. Astdurchmesser:<\/td>\n<td>27 mm<\/td>\n<td><\/td>\n<td><\/td>\n<\/tr>\n<tr class=\"table-color\">\n<td>Optimaler Entrindungsdurchmesser:<\/td>\n<td>27\u2013350 mm<\/td>\n<td><\/td>\n<td><\/td>\n<\/tr>\n<tr>\n<td>Proportionaldruck:<\/td>\n<td>Ja<\/td>\n<td><\/td>\n<td><\/td>\n<\/tr>\n<tr class=\"table-color\">\n<td>LogHold:<\/td>\n<td>Ja<\/td>\n<td><\/td>\n<td><\/td>\n<\/tr>\n<\/tbody>\n<\/table>\n<\/div>\n<div class=\"\">\n<h4>Gewicht und Abmessungen<\/h4>\n<table class=\"table table-condensed\">\n<thead><\/thead>\n<tbody>\n<tr class=\"table-color\">\n<td width=\"30%\">Breite geschlossen:<\/td>\n<td width=\"70%\">1400 mm<\/td>\n<td><\/td>\n<td><\/td>\n<\/tr>\n<tr>\n<td>Breite ge\u00f6ffnet:<\/td>\n<td>1920 mm<\/td>\n<td><\/td>\n<td><\/td>\n<\/tr>\n<tr class=\"table-color\">\n<td>H\u00f6he:<\/td>\n<td>1850 mm<\/td>\n<td><\/td>\n<td><\/td>\n<\/tr>\n<tr>\n<td>Gewicht:<\/td>\n<td>1765kg<\/td>\n<td><\/td>\n<td><\/td>\n<\/tr>\n<\/tbody>\n<\/table>\n<\/div>\n<div class=\"\">\n<h4>Empfehlungen<\/h4>\n<p>SP 761 E kann mit hervorragendem Ergebnis sowohl auf gro\u00dfen Radmaschinen, Baggern im Bereich von 14 bis 25 Tonnen sowie auf Raupenharvestern installiert werden.<\/p>\n<table class=\"table table-condensed\">\n<thead><\/thead>\n<tbody>\n<tr>\n<td colspan=\"2\"><strong>Holzernte<\/strong><\/td>\n<\/tr>\n<tr class=\"table-color\">\n<td width=\"30%\">Optimaler Stammdurchmesser*<\/td>\n<td width=\"70%\">10-35 cm<\/td>\n<\/tr>\n<tr>\n<td colspan=\"2\">* Durchmesser Brusth\u00f6he; wird 1,30 m \u00fcber dem Boden am Stamm gemessen.<\/td>\n<\/tr>\n<\/tbody>\n<\/table>\n<\/div>\n<p>\u00c4nderungen von Spezifikation und Ausf\u00fchrung vorbehalten. Die abgebildeten Harvesteraggregate k\u00f6nnen mit Sonderausr\u00fcstung ausgestattet sein. Alle angegebenen Ma\u00dfe\/Werte sind ungef\u00e4hre Angaben und gelten f\u00fcr Standardausr\u00fcstung.<\/p>\n<\/div>\n\t\t\t\t\t\t\t\t<\/div>\n\t\t\t\t<\/div>\n\t\t\t\t\t<\/div>\n\t\t<\/div>\n\t\t\t\t\t<\/div>\n\t\t<\/section>\n\t\t\t\t<\/div>\n\t\t","protected":false},"excerpt":{"rendered":"<p>SP 761 E Harvesteraggregate SP 761 E &#8211; Technische Daten Erfahren Sie mehr \u00fcber die Technologie hinter jedem unserer Aggregate. Hier finden Sie alles von Informationen zum Abl\u00e4ngen \u00fcber das Entasten bis hin zu Gewichtsangaben und Abmessungen. Hydraulik Metrisch Min. \u00d6ldurchfluss: 200 l\/min Empf. Arbeitsdruck: 25-30 MPa Vorschub Proportionaler Walzenklemmdruck gegen den Stammdurchmesser, individuelle Einstellung [&hellip;]<\/p>\n","protected":false},"author":1,"featured_media":0,"parent":5157,"menu_order":10,"comment_status":"closed","ping_status":"closed","template":"elementor_header_footer","meta":{"_acf_changed":false,"site-sidebar-layout":"no-sidebar","site-content-layout":"page-builder","ast-site-content-layout":"default","site-content-style":"default","site-sidebar-style":"default","ast-global-header-display":"","ast-banner-title-visibility":"","ast-main-header-display":"","ast-hfb-above-header-display":"","ast-hfb-below-header-display":"","ast-hfb-mobile-header-display":"","site-post-title":"disabled","ast-breadcrumbs-content":"","ast-featured-img":"disabled","footer-sml-layout":"","ast-disable-related-posts":"","theme-transparent-header-meta":"default","adv-header-id-meta":"","stick-header-meta":"","header-above-stick-meta":"","header-main-stick-meta":"","header-below-stick-meta":"","astra-migrate-meta-layouts":"default","ast-page-background-enabled":"default","ast-page-background-meta":{"desktop":{"background-color":"","background-image":"","background-repeat":"repeat","background-position":"center center","background-size":"auto","background-attachment":"scroll","background-type":"","background-media":"","overlay-type":"","overlay-color":"","overlay-opacity":"","overlay-gradient":""},"tablet":{"background-color":"","background-image":"","background-repeat":"repeat","background-position":"center center","background-size":"auto","background-attachment":"scroll","background-type":"","background-media":"","overlay-type":"","overlay-color":"","overlay-opacity":"","overlay-gradient":""},"mobile":{"background-color":"","background-image":"","background-repeat":"repeat","background-position":"center center","background-size":"auto","background-attachment":"scroll","background-type":"","background-media":"","overlay-type":"","overlay-color":"","overlay-opacity":"","overlay-gradient":""}},"ast-content-background-meta":{"desktop":{"background-color":"var(--ast-global-color-5)","background-image":"","background-repeat":"repeat","background-position":"center center","background-size":"auto","background-attachment":"scroll","background-type":"","background-media":"","overlay-type":"","overlay-color":"","overlay-opacity":"","overlay-gradient":""},"tablet":{"background-color":"var(--ast-global-color-5)","background-image":"","background-repeat":"repeat","background-position":"center center","background-size":"auto","background-attachment":"scroll","background-type":"","background-media":"","overlay-type":"","overlay-color":"","overlay-opacity":"","overlay-gradient":""},"mobile":{"background-color":"var(--ast-global-color-5)","background-image":"","background-repeat":"repeat","background-position":"center center","background-size":"auto","background-attachment":"scroll","background-type":"","background-media":"","overlay-type":"","overlay-color":"","overlay-opacity":"","overlay-gradient":""}},"footnotes":""},"class_list":["post-5159","page","type-page","status-publish","hentry"],"acf":[],"_links":{"self":[{"href":"http:\/\/spmaskiner.dev03.extrude.se\/de\/wp-json\/wp\/v2\/pages\/5159","targetHints":{"allow":["GET"]}}],"collection":[{"href":"http:\/\/spmaskiner.dev03.extrude.se\/de\/wp-json\/wp\/v2\/pages"}],"about":[{"href":"http:\/\/spmaskiner.dev03.extrude.se\/de\/wp-json\/wp\/v2\/types\/page"}],"author":[{"embeddable":true,"href":"http:\/\/spmaskiner.dev03.extrude.se\/de\/wp-json\/wp\/v2\/users\/1"}],"replies":[{"embeddable":true,"href":"http:\/\/spmaskiner.dev03.extrude.se\/de\/wp-json\/wp\/v2\/comments?post=5159"}],"version-history":[{"count":2,"href":"http:\/\/spmaskiner.dev03.extrude.se\/de\/wp-json\/wp\/v2\/pages\/5159\/revisions"}],"predecessor-version":[{"id":6900,"href":"http:\/\/spmaskiner.dev03.extrude.se\/de\/wp-json\/wp\/v2\/pages\/5159\/revisions\/6900"}],"up":[{"embeddable":true,"href":"http:\/\/spmaskiner.dev03.extrude.se\/de\/wp-json\/wp\/v2\/pages\/5157"}],"wp:attachment":[{"href":"http:\/\/spmaskiner.dev03.extrude.se\/de\/wp-json\/wp\/v2\/media?parent=5159"}],"curies":[{"name":"wp","href":"https:\/\/api.w.org\/{rel}","templated":true}]}}