{"id":5098,"date":"2021-06-14T16:52:04","date_gmt":"2021-06-14T14:52:04","guid":{"rendered":"http:\/\/spmaskiner.dev03.extrude.se\/harvesteraggregate\/harvesteraggregate-lf\/harvesteraggregate-sp-661-lf\/sp-661-lf-steuerungssystem\/"},"modified":"2021-09-09T13:42:11","modified_gmt":"2021-09-09T11:42:11","slug":"sp-661-lf-steuerungssystem","status":"publish","type":"page","link":"http:\/\/spmaskiner.dev03.extrude.se\/de\/harvesteraggregate\/harvesteraggregate-lf\/harvesteraggregate-sp-661-lf\/sp-661-lf-steuerungssystem\/","title":{"rendered":"Steuerungssystem"},"content":{"rendered":"\t\t<div data-elementor-type=\"wp-page\" data-elementor-id=\"5098\" class=\"elementor elementor-5098 elementor-4049\" data-elementor-post-type=\"page\">\n\t\t\t\t\t\t<section class=\"elementor-section elementor-top-section elementor-element elementor-element-350464f9 elementor-section-height-min-height elementor-section-items-top product-top-section elementor-section-boxed elementor-section-height-default\" data-id=\"350464f9\" data-element_type=\"section\" data-e-type=\"section\" data-settings=\"{&quot;background_background&quot;:&quot;classic&quot;}\">\n\t\t\t\t\t\t<div class=\"elementor-container elementor-column-gap-default\">\n\t\t\t\t\t<div class=\"elementor-column elementor-col-50 elementor-top-column elementor-element elementor-element-4f64430f\" data-id=\"4f64430f\" data-element_type=\"column\" data-e-type=\"column\" data-settings=\"{&quot;background_background&quot;:&quot;classic&quot;}\">\n\t\t\t<div class=\"elementor-widget-wrap elementor-element-populated\">\n\t\t\t\t\t\t<div class=\"elementor-element elementor-element-85aeac0 elementor-widget__width-auto elementor-widget elementor-widget-heading\" data-id=\"85aeac0\" data-element_type=\"widget\" data-e-type=\"widget\" data-widget_type=\"heading.default\">\n\t\t\t\t<div class=\"elementor-widget-container\">\n\t\t\t\t\t<h2 class=\"elementor-heading-title elementor-size-default\">SP 661 LF<\/h2>\t\t\t\t<\/div>\n\t\t\t\t<\/div>\n\t\t\t\t\t<\/div>\n\t\t<\/div>\n\t\t\t\t<div class=\"elementor-column elementor-col-50 elementor-top-column elementor-element elementor-element-13cf71ea\" data-id=\"13cf71ea\" data-element_type=\"column\" data-e-type=\"column\" data-settings=\"{&quot;background_background&quot;:&quot;classic&quot;}\">\n\t\t\t<div class=\"elementor-widget-wrap\">\n\t\t\t\t\t\t\t<\/div>\n\t\t<\/div>\n\t\t\t\t\t<\/div>\n\t\t<\/section>\n\t\t\t\t<section class=\"elementor-section elementor-top-section elementor-element elementor-element-62a7671a elementor-section-full_width elementor-section-height-default elementor-section-height-default\" data-id=\"62a7671a\" data-element_type=\"section\" data-e-type=\"section\">\n\t\t\t\t\t\t<div class=\"elementor-container elementor-column-gap-default\">\n\t\t\t\t\t<div class=\"elementor-column elementor-col-100 elementor-top-column elementor-element elementor-element-7a34a1e8\" data-id=\"7a34a1e8\" data-element_type=\"column\" data-e-type=\"column\">\n\t\t\t<div class=\"elementor-widget-wrap elementor-element-populated\">\n\t\t\t\t\t\t<div class=\"elementor-element elementor-element-d4245f4 elementor-nav-menu__align-center elementor-nav-menu--dropdown-mobile elementor-nav-menu__text-align-aside elementor-nav-menu--toggle elementor-nav-menu--burger elementor-widget elementor-widget-global elementor-global-2813 elementor-widget-nav-menu\" data-id=\"d4245f4\" data-element_type=\"widget\" data-e-type=\"widget\" id=\"product-menu\" data-settings=\"{&quot;layout&quot;:&quot;horizontal&quot;,&quot;submenu_icon&quot;:{&quot;value&quot;:&quot;fas fa-caret-down&quot;,&quot;library&quot;:&quot;fa-solid&quot;},&quot;toggle&quot;:&quot;burger&quot;}\" data-widget_type=\"nav-menu.default\">\n\t\t\t\t<div class=\"elementor-widget-container\">\n\t\t\t\t\t\t\t\t<nav aria-label=\"Men\u00fc\" class=\"elementor-nav-menu--main elementor-nav-menu__container elementor-nav-menu--layout-horizontal e--pointer-background e--animation-fade\">\n\t\t\t\t<ul id=\"menu-1-d4245f4\" class=\"elementor-nav-menu\"><li class=\"menu-item menu-item-type-post_type menu-item-object-page menu-item-5398\"><a href=\"http:\/\/spmaskiner.dev03.extrude.se\/de\/harvesteraggregate\/harvesteraggregate-lf\/harvesteraggregate-sp-661-lf\/\" class=\"elementor-item menu-link\">Produktinformation<\/a><\/li>\n<li class=\"menu-item menu-item-type-post_type menu-item-object-page menu-item-5399\"><a href=\"http:\/\/spmaskiner.dev03.extrude.se\/de\/harvesteraggregate\/harvesteraggregate-lf\/harvesteraggregate-sp-661-lf\/sp-661-lf-technische-daten\/\" class=\"elementor-item menu-link\">Technische Daten<\/a><\/li>\n<li class=\"menu-item menu-item-type-post_type menu-item-object-page menu-item-5400\"><a href=\"http:\/\/spmaskiner.dev03.extrude.se\/de\/harvesteraggregate\/harvesteraggregate-lf\/harvesteraggregate-sp-661-lf\/sp-661-lf-kundfoerdelar\/\" class=\"elementor-item menu-link\">Kundennutzen<\/a><\/li>\n<li class=\"menu-item menu-item-type-post_type menu-item-object-page menu-item-5401\"><a href=\"http:\/\/spmaskiner.dev03.extrude.se\/de\/harvesteraggregate\/harvesteraggregate-lf\/harvesteraggregate-sp-661-lf\/sp-661-lf-steuerungssystem\/\" class=\"elementor-item menu-link\">Steuerungssystem<\/a><\/li>\n<li class=\"menu-item menu-item-type-post_type menu-item-object-page menu-item-5402\"><a href=\"http:\/\/spmaskiner.dev03.extrude.se\/de\/harvesteraggregate\/harvesteraggregate-lf\/harvesteraggregate-sp-661-lf\/sp-661-lf-zubehoer-und-ausruestung\/\" class=\"elementor-item menu-link\">Zubeh\u00f6r und Ausr\u00fcstung<\/a><\/li>\n<\/ul>\t\t\t<\/nav>\n\t\t\t\t\t<div class=\"elementor-menu-toggle\" role=\"button\" tabindex=\"0\" aria-label=\"Men\u00fc Umschalter\" aria-expanded=\"false\">\n\t\t\t<i aria-hidden=\"true\" role=\"presentation\" class=\"elementor-menu-toggle__icon--open eicon-menu-bar\"><\/i><i aria-hidden=\"true\" role=\"presentation\" class=\"elementor-menu-toggle__icon--close eicon-close\"><\/i>\t\t<\/div>\n\t\t\t\t\t<nav class=\"elementor-nav-menu--dropdown elementor-nav-menu__container\" aria-hidden=\"true\">\n\t\t\t\t<ul id=\"menu-2-d4245f4\" class=\"elementor-nav-menu\"><li class=\"menu-item menu-item-type-post_type menu-item-object-page menu-item-5398\"><a href=\"http:\/\/spmaskiner.dev03.extrude.se\/de\/harvesteraggregate\/harvesteraggregate-lf\/harvesteraggregate-sp-661-lf\/\" class=\"elementor-item menu-link\" tabindex=\"-1\">Produktinformation<\/a><\/li>\n<li class=\"menu-item menu-item-type-post_type menu-item-object-page menu-item-5399\"><a href=\"http:\/\/spmaskiner.dev03.extrude.se\/de\/harvesteraggregate\/harvesteraggregate-lf\/harvesteraggregate-sp-661-lf\/sp-661-lf-technische-daten\/\" class=\"elementor-item menu-link\" tabindex=\"-1\">Technische Daten<\/a><\/li>\n<li class=\"menu-item menu-item-type-post_type menu-item-object-page menu-item-5400\"><a href=\"http:\/\/spmaskiner.dev03.extrude.se\/de\/harvesteraggregate\/harvesteraggregate-lf\/harvesteraggregate-sp-661-lf\/sp-661-lf-kundfoerdelar\/\" class=\"elementor-item menu-link\" tabindex=\"-1\">Kundennutzen<\/a><\/li>\n<li class=\"menu-item menu-item-type-post_type menu-item-object-page menu-item-5401\"><a href=\"http:\/\/spmaskiner.dev03.extrude.se\/de\/harvesteraggregate\/harvesteraggregate-lf\/harvesteraggregate-sp-661-lf\/sp-661-lf-steuerungssystem\/\" class=\"elementor-item menu-link\" tabindex=\"-1\">Steuerungssystem<\/a><\/li>\n<li class=\"menu-item menu-item-type-post_type menu-item-object-page menu-item-5402\"><a href=\"http:\/\/spmaskiner.dev03.extrude.se\/de\/harvesteraggregate\/harvesteraggregate-lf\/harvesteraggregate-sp-661-lf\/sp-661-lf-zubehoer-und-ausruestung\/\" class=\"elementor-item menu-link\" tabindex=\"-1\">Zubeh\u00f6r und Ausr\u00fcstung<\/a><\/li>\n<\/ul>\t\t\t<\/nav>\n\t\t\t\t\t\t<\/div>\n\t\t\t\t<\/div>\n\t\t\t\t\t<\/div>\n\t\t<\/div>\n\t\t\t\t\t<\/div>\n\t\t<\/section>\n\t\t\t\t<section class=\"elementor-section elementor-top-section elementor-element elementor-element-4f6de9c2 control-system-section elementor-section-boxed elementor-section-height-default elementor-section-height-default\" data-id=\"4f6de9c2\" data-element_type=\"section\" data-e-type=\"section\" data-settings=\"{&quot;background_background&quot;:&quot;classic&quot;}\">\n\t\t\t\t\t\t<div class=\"elementor-container elementor-column-gap-default\">\n\t\t\t\t\t<div class=\"elementor-column elementor-col-100 elementor-top-column elementor-element elementor-element-26ce1ddd\" data-id=\"26ce1ddd\" data-element_type=\"column\" data-e-type=\"column\">\n\t\t\t<div class=\"elementor-widget-wrap elementor-element-populated\">\n\t\t\t\t\t\t<div class=\"elementor-element elementor-element-22ab1ba7 elementor-widget elementor-widget-heading\" data-id=\"22ab1ba7\" data-element_type=\"widget\" data-e-type=\"widget\" data-widget_type=\"heading.default\">\n\t\t\t\t<div class=\"elementor-widget-container\">\n\t\t\t\t\t<h1 class=\"elementor-heading-title elementor-size-default\">Steuerungssystem<\/h1>\t\t\t\t<\/div>\n\t\t\t\t<\/div>\n\t\t\t\t<section class=\"elementor-section elementor-inner-section elementor-element elementor-element-4a6ccb01 elementor-section-boxed elementor-section-height-default elementor-section-height-default\" data-id=\"4a6ccb01\" data-element_type=\"section\" data-e-type=\"section\">\n\t\t\t\t\t\t<div class=\"elementor-container elementor-column-gap-default\">\n\t\t\t\t\t<div class=\"elementor-column elementor-col-50 elementor-inner-column elementor-element elementor-element-3b3d9703\" data-id=\"3b3d9703\" data-element_type=\"column\" data-e-type=\"column\">\n\t\t\t<div class=\"elementor-widget-wrap elementor-element-populated\">\n\t\t\t\t\t\t<div class=\"elementor-element elementor-element-295748d0 elementor-widget elementor-widget-heading\" data-id=\"295748d0\" data-element_type=\"widget\" data-e-type=\"widget\" data-widget_type=\"heading.default\">\n\t\t\t\t<div class=\"elementor-widget-container\">\n\t\t\t\t\t<h2 class=\"elementor-heading-title elementor-size-default\">Kompatibel mit den meisten Steuerungssystemen<\/h2>\t\t\t\t<\/div>\n\t\t\t\t<\/div>\n\t\t\t\t<div class=\"elementor-element elementor-element-52a6fe91 elementor-widget elementor-widget-text-editor\" data-id=\"52a6fe91\" data-element_type=\"widget\" data-e-type=\"widget\" data-widget_type=\"text-editor.default\">\n\t\t\t\t<div class=\"elementor-widget-container\">\n\t\t\t\t\t\t\t\t\t<p>SP 661 LF kann mit nahezu allen markt\u00fcblichen Steuerungssystemen eingesetzt werden. Durch eine einfache Anpassung kann der SP 661 LF zusammen mit den folgenden Systemen verwendet werden:<\/p>\n\t\t\t\t\t\t\t\t<\/div>\n\t\t\t\t<\/div>\n\t\t\t\t<div class=\"elementor-element elementor-element-2ad658c3 sp-table elementor-widget elementor-widget-text-editor\" data-id=\"2ad658c3\" data-element_type=\"widget\" data-e-type=\"widget\" data-widget_type=\"text-editor.default\">\n\t\t\t\t<div class=\"elementor-widget-container\">\n\t\t\t\t\t\t\t\t\t<ul>\n<li>Dasa280<\/li>\n<li>Dasa380<\/li>\n<li>Dasa4<\/li>\n<li>Dasa4 Compact<\/li>\n<li>Dasa Forester<\/li>\n<li>John Deere Timbermatic<\/li>\n<li>Motomit IT<\/li>\n<li>Motomit PC<\/li>\n<li>Komatsu MAXI<\/li>\n<li>Ponsse Opti<\/li>\n<li>Technion<\/li>\n<li>Techno Matic<\/li>\n<li>TOC-MD<\/li>\n<\/ul>\n\t\t\t\t\t\t\t\t<\/div>\n\t\t\t\t<\/div>\n\t\t\t\t\t<\/div>\n\t\t<\/div>\n\t\t\t\t<div class=\"elementor-column elementor-col-50 elementor-inner-column elementor-element elementor-element-4314bf1e\" data-id=\"4314bf1e\" data-element_type=\"column\" data-e-type=\"column\">\n\t\t\t<div class=\"elementor-widget-wrap elementor-element-populated\">\n\t\t\t\t\t\t<div class=\"elementor-element elementor-element-77a1bea5 elementor-widget elementor-widget-image\" data-id=\"77a1bea5\" data-element_type=\"widget\" data-e-type=\"widget\" data-widget_type=\"image.default\">\n\t\t\t\t<div class=\"elementor-widget-container\">\n\t\t\t\t\t\t\t\t\t\t\t\t\t\t\t<img fetchpriority=\"high\" decoding=\"async\" width=\"400\" height=\"267\" src=\"http:\/\/spmaskiner.dev03.extrude.se\/wp-content\/uploads\/2021\/03\/styrsystem-.jpg\" class=\"attachment-large size-large wp-image-4489\" alt=\"\" srcset=\"http:\/\/spmaskiner.dev03.extrude.se\/wp-content\/uploads\/2021\/03\/styrsystem-.jpg 400w, http:\/\/spmaskiner.dev03.extrude.se\/wp-content\/uploads\/2021\/03\/styrsystem--300x200.jpg 300w\" sizes=\"(max-width: 400px) 100vw, 400px\" \/>\t\t\t\t\t\t\t\t\t\t\t\t\t\t\t<\/div>\n\t\t\t\t<\/div>\n\t\t\t\t\t<\/div>\n\t\t<\/div>\n\t\t\t\t\t<\/div>\n\t\t<\/section>\n\t\t\t\t<div class=\"elementor-element elementor-element-5bdfc235 elementor-widget elementor-widget-image\" data-id=\"5bdfc235\" data-element_type=\"widget\" data-e-type=\"widget\" data-widget_type=\"image.default\">\n\t\t\t\t<div class=\"elementor-widget-container\">\n\t\t\t\t\t\t\t\t\t\t\t\t\t\t\t<img decoding=\"async\" width=\"1024\" height=\"512\" src=\"http:\/\/spmaskiner.dev03.extrude.se\/wp-content\/uploads\/2021\/04\/styrsystem-1024x512.png\" class=\"attachment-large size-large wp-image-4559\" alt=\"\" srcset=\"http:\/\/spmaskiner.dev03.extrude.se\/wp-content\/uploads\/2021\/04\/styrsystem-1024x512.png 1024w, http:\/\/spmaskiner.dev03.extrude.se\/wp-content\/uploads\/2021\/04\/styrsystem-300x150.png 300w, http:\/\/spmaskiner.dev03.extrude.se\/wp-content\/uploads\/2021\/04\/styrsystem-768x384.png 768w, http:\/\/spmaskiner.dev03.extrude.se\/wp-content\/uploads\/2021\/04\/styrsystem.png 1200w\" sizes=\"(max-width: 1024px) 100vw, 1024px\" \/>\t\t\t\t\t\t\t\t\t\t\t\t\t\t\t<\/div>\n\t\t\t\t<\/div>\n\t\t\t\t<div class=\"elementor-element elementor-element-704f6d14 elementor-widget elementor-widget-heading\" data-id=\"704f6d14\" data-element_type=\"widget\" data-e-type=\"widget\" data-widget_type=\"heading.default\">\n\t\t\t\t<div class=\"elementor-widget-container\">\n\t\t\t\t\t<h2 class=\"elementor-heading-title elementor-size-default\">Komplette Steuerungssysteme<\/h2>\t\t\t\t<\/div>\n\t\t\t\t<\/div>\n\t\t\t\t<section class=\"elementor-section elementor-inner-section elementor-element elementor-element-55da05bb elementor-section-boxed elementor-section-height-default elementor-section-height-default\" data-id=\"55da05bb\" data-element_type=\"section\" data-e-type=\"section\">\n\t\t\t\t\t\t<div class=\"elementor-container elementor-column-gap-default\">\n\t\t\t\t\t<div class=\"elementor-column elementor-col-25 elementor-inner-column elementor-element elementor-element-447d10be\" data-id=\"447d10be\" data-element_type=\"column\" data-e-type=\"column\">\n\t\t\t<div class=\"elementor-widget-wrap elementor-element-populated\">\n\t\t\t\t\t\t<div class=\"elementor-element elementor-element-68661f57 elementor-widget elementor-widget-text-editor\" data-id=\"68661f57\" data-element_type=\"widget\" data-e-type=\"widget\" data-widget_type=\"text-editor.default\">\n\t\t\t\t<div class=\"elementor-widget-container\">\n\t\t\t\t\t\t\t\t\t<p><strong>SPd5Bucking<\/strong><br \/>\nSPd5Bucking ist ein komplettes Mess- und Kontrollsystem zur Kontrolle des Aufarbeitungsprozesses nach dem Standard StanForD. Inkl. Preislisten unterst\u00fctzte Wertoptimierung (Abl\u00e4ngen). Das System ist au\u00dferdem vollst\u00e4ndig im Dasa5-Steuerungs- und Kommunikationssystem integriert. Die gesamte Kommunikation mit dem Bediener erfolgt \u00fcber den dxPc, einen mobilen PC mit Windows 10-Betriebssystem, auf dem alle Informationen, z. B. Statistiken oder Anweisungen gespeichert sind. Der Computer dxPc verf\u00fcgt \u00fcber einen Touchscreen, hiermit wird dem Bediener die Arbeit erheblich erleichtert.<\/p>\n\t\t\t\t\t\t\t\t<\/div>\n\t\t\t\t<\/div>\n\t\t\t\t\t<\/div>\n\t\t<\/div>\n\t\t\t\t<div class=\"elementor-column elementor-col-25 elementor-inner-column elementor-element elementor-element-3b8a2694\" data-id=\"3b8a2694\" data-element_type=\"column\" data-e-type=\"column\">\n\t\t\t<div class=\"elementor-widget-wrap elementor-element-populated\">\n\t\t\t\t\t\t<div class=\"elementor-element elementor-element-45ae2e1a elementor-widget elementor-widget-text-editor\" data-id=\"45ae2e1a\" data-element_type=\"widget\" data-e-type=\"widget\" data-widget_type=\"text-editor.default\">\n\t\t\t\t<div class=\"elementor-widget-container\">\n\t\t\t\t\t\t\t\t\t<p><strong>SPd5BuckingPrio<\/strong><br \/>\nSPd5 BuckingPrio ist unser Zwischensystem. Das System unterst\u00fctzt Priorit\u00e4t-Optimierung und ist mit einem PC ausgestattet. SPd5 BuckingPrio ist ein etwas einfacheres System, das mit der Leistung eines PCs f\u00fcr Berichterstellung, Kommunikation und andere Programme kombiniert wird. Die gesamte Kommunikation mit dem Bediener erfolgt \u00fcber dxPc, einen mobilen PC mit Windows 10-Betriebssystem. Dort werden alle Informationen gespeichert, z. B. Statistiken oder Anweisungen. Der dxPc-Computer verf\u00fcgt \u00fcber einen Touchscreen, hiermit wird dem Bediener die Arbeit erheblich erleichtert.<\/p>\n\t\t\t\t\t\t\t\t<\/div>\n\t\t\t\t<\/div>\n\t\t\t\t\t<\/div>\n\t\t<\/div>\n\t\t\t\t<div class=\"elementor-column elementor-col-25 elementor-inner-column elementor-element elementor-element-68d0a2f8\" data-id=\"68d0a2f8\" data-element_type=\"column\" data-e-type=\"column\">\n\t\t\t<div class=\"elementor-widget-wrap elementor-element-populated\">\n\t\t\t\t\t\t<div class=\"elementor-element elementor-element-1bf1201f elementor-widget elementor-widget-text-editor\" data-id=\"1bf1201f\" data-element_type=\"widget\" data-e-type=\"widget\" data-widget_type=\"text-editor.default\">\n\t\t\t\t<div class=\"elementor-widget-container\">\n\t\t\t\t\t\t\t\t\t<p><strong>SPd5BuckingPrio-C<\/strong><br \/>\nSPd5BuckingPrio-C ist ein System, dass sich auf Einfachheit konzentriert, ohne die Kontrolle \u00fcber den Harvesteraggregat, die Leistung oder die Produktivit\u00e4t zu beeintr\u00e4chtigen. SPd5 BuckingPrio-C unterst\u00fctzt Priorit\u00e4t-Optimierung mit oder ohne Durchmesserklassen und wurde speziell f\u00fcr den Einsatz entwickelt, bei denen keine kabellosen Produktionsberichte oder die Verwendung von PC-Programmen erforderlich sind. SPd5 Bucking Prio-C wird in dem Betriebssystem Windows CE ausgef\u00fchrt.<\/p>\n\t\t\t\t\t\t\t\t<\/div>\n\t\t\t\t<\/div>\n\t\t\t\t\t<\/div>\n\t\t<\/div>\n\t\t\t\t<div class=\"elementor-column elementor-col-25 elementor-inner-column elementor-element elementor-element-35ef43be\" data-id=\"35ef43be\" data-element_type=\"column\" data-e-type=\"column\">\n\t\t\t<div class=\"elementor-widget-wrap elementor-element-populated\">\n\t\t\t\t\t\t<div class=\"elementor-element elementor-element-57968617 elementor-widget elementor-widget-text-editor\" data-id=\"57968617\" data-element_type=\"widget\" data-e-type=\"widget\" data-widget_type=\"text-editor.default\">\n\t\t\t\t<div class=\"elementor-widget-container\">\n\t\t\t\t\t\t\t\t\t<p><strong>SPd5 cab (Kabinenkasten)<\/strong><br \/>\nUnabh\u00e4ngig davon, f\u00fcr welches System Sie sich entschieden haben, k\u00f6nnen Sie es mit unserer SPd5-Kabinenkasten erhalten. Der Kabinenkasten erm\u00f6glicht die schnelle, effiziente und qualitativ hochwertige Installation von SPd5-Kabinenmodulen. Die Kabinenkasten wird ab Werk bei SP montiert und komplett angefertigt und gepr\u00fcft zusammen mit dem Harvesteraggregat geliefert, was einen korrekten Anschluss und eine problemlose Inbetriebnahme gew\u00e4hrleisteten. Durch die gesch\u00fctzte Montage der Elektronikmodule in den Kasten, werden Probleme durch \u00e4u\u00dfere Besch\u00e4digungen wie Feuchtigkeit, Staub, Schmutz und St\u00f6\u00dfe minimiert.<\/p>\n\t\t\t\t\t\t\t\t<\/div>\n\t\t\t\t<\/div>\n\t\t\t\t\t<\/div>\n\t\t<\/div>\n\t\t\t\t\t<\/div>\n\t\t<\/section>\n\t\t\t\t\t<\/div>\n\t\t<\/div>\n\t\t\t\t\t<\/div>\n\t\t<\/section>\n\t\t\t\t<\/div>\n\t\t","protected":false},"excerpt":{"rendered":"<p>SP 661 LF Steuerungssystem Kompatibel mit den meisten Steuerungssystemen SP 661 LF kann mit nahezu allen markt\u00fcblichen Steuerungssystemen eingesetzt werden. Durch eine einfache Anpassung kann der SP 661 LF zusammen mit den folgenden Systemen verwendet werden: Dasa280 Dasa380 Dasa4 Dasa4 Compact Dasa Forester John Deere Timbermatic Motomit IT Motomit PC Komatsu MAXI Ponsse Opti Technion [&hellip;]<\/p>\n","protected":false},"author":1,"featured_media":0,"parent":5092,"menu_order":40,"comment_status":"closed","ping_status":"closed","template":"","meta":{"_acf_changed":false,"site-sidebar-layout":"no-sidebar","site-content-layout":"page-builder","ast-site-content-layout":"default","site-content-style":"default","site-sidebar-style":"default","ast-global-header-display":"","ast-banner-title-visibility":"","ast-main-header-display":"","ast-hfb-above-header-display":"","ast-hfb-below-header-display":"","ast-hfb-mobile-header-display":"","site-post-title":"disabled","ast-breadcrumbs-content":"","ast-featured-img":"disabled","footer-sml-layout":"","ast-disable-related-posts":"","theme-transparent-header-meta":"default","adv-header-id-meta":"","stick-header-meta":"","header-above-stick-meta":"","header-main-stick-meta":"","header-below-stick-meta":"","astra-migrate-meta-layouts":"default","ast-page-background-enabled":"default","ast-page-background-meta":{"desktop":{"background-color":"","background-image":"","background-repeat":"repeat","background-position":"center center","background-size":"auto","background-attachment":"scroll","background-type":"","background-media":"","overlay-type":"","overlay-color":"","overlay-opacity":"","overlay-gradient":""},"tablet":{"background-color":"","background-image":"","background-repeat":"repeat","background-position":"center center","background-size":"auto","background-attachment":"scroll","background-type":"","background-media":"","overlay-type":"","overlay-color":"","overlay-opacity":"","overlay-gradient":""},"mobile":{"background-color":"","background-image":"","background-repeat":"repeat","background-position":"center center","background-size":"auto","background-attachment":"scroll","background-type":"","background-media":"","overlay-type":"","overlay-color":"","overlay-opacity":"","overlay-gradient":""}},"ast-content-background-meta":{"desktop":{"background-color":"var(--ast-global-color-5)","background-image":"","background-repeat":"repeat","background-position":"center center","background-size":"auto","background-attachment":"scroll","background-type":"","background-media":"","overlay-type":"","overlay-color":"","overlay-opacity":"","overlay-gradient":""},"tablet":{"background-color":"var(--ast-global-color-5)","background-image":"","background-repeat":"repeat","background-position":"center center","background-size":"auto","background-attachment":"scroll","background-type":"","background-media":"","overlay-type":"","overlay-color":"","overlay-opacity":"","overlay-gradient":""},"mobile":{"background-color":"var(--ast-global-color-5)","background-image":"","background-repeat":"repeat","background-position":"center center","background-size":"auto","background-attachment":"scroll","background-type":"","background-media":"","overlay-type":"","overlay-color":"","overlay-opacity":"","overlay-gradient":""}},"footnotes":""},"class_list":["post-5098","page","type-page","status-publish","hentry"],"acf":[],"_links":{"self":[{"href":"http:\/\/spmaskiner.dev03.extrude.se\/de\/wp-json\/wp\/v2\/pages\/5098","targetHints":{"allow":["GET"]}}],"collection":[{"href":"http:\/\/spmaskiner.dev03.extrude.se\/de\/wp-json\/wp\/v2\/pages"}],"about":[{"href":"http:\/\/spmaskiner.dev03.extrude.se\/de\/wp-json\/wp\/v2\/types\/page"}],"author":[{"embeddable":true,"href":"http:\/\/spmaskiner.dev03.extrude.se\/de\/wp-json\/wp\/v2\/users\/1"}],"replies":[{"embeddable":true,"href":"http:\/\/spmaskiner.dev03.extrude.se\/de\/wp-json\/wp\/v2\/comments?post=5098"}],"version-history":[{"count":0,"href":"http:\/\/spmaskiner.dev03.extrude.se\/de\/wp-json\/wp\/v2\/pages\/5098\/revisions"}],"up":[{"embeddable":true,"href":"http:\/\/spmaskiner.dev03.extrude.se\/de\/wp-json\/wp\/v2\/pages\/5092"}],"wp:attachment":[{"href":"http:\/\/spmaskiner.dev03.extrude.se\/de\/wp-json\/wp\/v2\/media?parent=5098"}],"curies":[{"name":"wp","href":"https:\/\/api.w.org\/{rel}","templated":true}]}}