{"id":5064,"date":"2021-03-14T13:59:32","date_gmt":"2021-03-14T12:59:32","guid":{"rendered":"http:\/\/spmaskiner.dev03.extrude.se\/harvesteraggregate\/harvesteraggregate-lf\/harvesteraggregate-sp-461-lf\/sp-461-lf-technische-daten\/"},"modified":"2022-06-02T13:26:19","modified_gmt":"2022-06-02T11:26:19","slug":"sp-461-lf-technische-daten","status":"publish","type":"page","link":"http:\/\/spmaskiner.dev03.extrude.se\/de\/harvesteraggregate\/harvesteraggregate-lf\/harvesteraggregate-sp-461-lf\/sp-461-lf-technische-daten\/","title":{"rendered":"Technische Daten"},"content":{"rendered":"\t\t<div data-elementor-type=\"wp-page\" data-elementor-id=\"5064\" class=\"elementor elementor-5064 elementor-508\" data-elementor-post-type=\"page\">\n\t\t\t\t\t\t<section class=\"elementor-section elementor-top-section elementor-element elementor-element-57b8d95 elementor-section-height-min-height elementor-section-items-top elementor-section-boxed elementor-section-height-default\" data-id=\"57b8d95\" data-element_type=\"section\" data-e-type=\"section\" data-settings=\"{&quot;background_background&quot;:&quot;classic&quot;}\">\n\t\t\t\t\t\t<div class=\"elementor-container elementor-column-gap-default\">\n\t\t\t\t\t<div class=\"elementor-column elementor-col-50 elementor-top-column elementor-element elementor-element-6a511eee\" data-id=\"6a511eee\" data-element_type=\"column\" data-e-type=\"column\" data-settings=\"{&quot;background_background&quot;:&quot;classic&quot;}\">\n\t\t\t<div class=\"elementor-widget-wrap elementor-element-populated\">\n\t\t\t\t\t\t<div class=\"elementor-element elementor-element-52c71bb0 elementor-widget__width-auto elementor-widget elementor-widget-heading\" data-id=\"52c71bb0\" data-element_type=\"widget\" data-e-type=\"widget\" data-widget_type=\"heading.default\">\n\t\t\t\t<div class=\"elementor-widget-container\">\n\t\t\t\t\t<h2 class=\"elementor-heading-title elementor-size-default\">SP 461 LF<\/h2>\t\t\t\t<\/div>\n\t\t\t\t<\/div>\n\t\t\t\t\t<\/div>\n\t\t<\/div>\n\t\t\t\t<div class=\"elementor-column elementor-col-50 elementor-top-column elementor-element elementor-element-12a28660\" data-id=\"12a28660\" data-element_type=\"column\" data-e-type=\"column\" data-settings=\"{&quot;background_background&quot;:&quot;classic&quot;}\">\n\t\t\t<div class=\"elementor-widget-wrap\">\n\t\t\t\t\t\t\t<\/div>\n\t\t<\/div>\n\t\t\t\t\t<\/div>\n\t\t<\/section>\n\t\t\t\t<section class=\"elementor-section elementor-top-section elementor-element elementor-element-1acf06d0 elementor-section-full_width elementor-section-height-default elementor-section-height-default\" data-id=\"1acf06d0\" data-element_type=\"section\" data-e-type=\"section\">\n\t\t\t\t\t\t<div class=\"elementor-container elementor-column-gap-default\">\n\t\t\t\t\t<div class=\"elementor-column elementor-col-100 elementor-top-column elementor-element elementor-element-4902ca21\" data-id=\"4902ca21\" data-element_type=\"column\" data-e-type=\"column\">\n\t\t\t<div class=\"elementor-widget-wrap elementor-element-populated\">\n\t\t\t\t\t\t<div class=\"elementor-element elementor-element-6892626 elementor-nav-menu__align-center elementor-nav-menu--dropdown-mobile elementor-nav-menu__text-align-aside elementor-nav-menu--toggle elementor-nav-menu--burger elementor-widget elementor-widget-global elementor-global-2544 elementor-widget-nav-menu\" data-id=\"6892626\" data-element_type=\"widget\" data-e-type=\"widget\" id=\"product-menu\" data-settings=\"{&quot;layout&quot;:&quot;horizontal&quot;,&quot;submenu_icon&quot;:{&quot;value&quot;:&quot;fas fa-caret-down&quot;,&quot;library&quot;:&quot;fa-solid&quot;},&quot;toggle&quot;:&quot;burger&quot;}\" data-widget_type=\"nav-menu.default\">\n\t\t\t\t<div class=\"elementor-widget-container\">\n\t\t\t\t\t\t\t\t<nav aria-label=\"Men\u00fc\" class=\"elementor-nav-menu--main elementor-nav-menu__container elementor-nav-menu--layout-horizontal e--pointer-background e--animation-fade\">\n\t\t\t\t<ul id=\"menu-1-6892626\" class=\"elementor-nav-menu\"><li class=\"menu-item menu-item-type-post_type menu-item-object-page menu-item-5365\"><a href=\"http:\/\/spmaskiner.dev03.extrude.se\/de\/harvesteraggregate\/harvesteraggregate-lf\/harvesteraggregate-sp-461-lf\/\" class=\"elementor-item menu-link\">Produktinformation<\/a><\/li>\n<li class=\"menu-item menu-item-type-post_type menu-item-object-page menu-item-5366\"><a href=\"http:\/\/spmaskiner.dev03.extrude.se\/de\/harvesteraggregate\/harvesteraggregate-lf\/harvesteraggregate-sp-461-lf\/sp-461-lf-technische-daten\/\" class=\"elementor-item menu-link\">Technische Daten<\/a><\/li>\n<li class=\"menu-item menu-item-type-post_type menu-item-object-page menu-item-5367\"><a href=\"http:\/\/spmaskiner.dev03.extrude.se\/de\/harvesteraggregate\/harvesteraggregate-lf\/harvesteraggregate-sp-461-lf\/sp-461-lf-kundfoerdelar\/\" class=\"elementor-item menu-link\">Kundennutzen<\/a><\/li>\n<li class=\"menu-item menu-item-type-post_type menu-item-object-page menu-item-5368\"><a href=\"http:\/\/spmaskiner.dev03.extrude.se\/de\/harvesteraggregate\/harvesteraggregate-lf\/harvesteraggregate-sp-461-lf\/sp-461-lf-steuerungssystem\/\" class=\"elementor-item menu-link\">Steuerungssystem<\/a><\/li>\n<li class=\"menu-item menu-item-type-post_type menu-item-object-page menu-item-5369\"><a href=\"http:\/\/spmaskiner.dev03.extrude.se\/de\/harvesteraggregate\/harvesteraggregate-lf\/harvesteraggregate-sp-461-lf\/sp-461-lf-zubehoer-und-ausruestung\/\" class=\"elementor-item menu-link\">Zubeh\u00f6r und Ausr\u00fcstung<\/a><\/li>\n<\/ul>\t\t\t<\/nav>\n\t\t\t\t\t<div class=\"elementor-menu-toggle\" role=\"button\" tabindex=\"0\" aria-label=\"Men\u00fc Umschalter\" aria-expanded=\"false\">\n\t\t\t<i aria-hidden=\"true\" role=\"presentation\" class=\"elementor-menu-toggle__icon--open eicon-menu-bar\"><\/i><i aria-hidden=\"true\" role=\"presentation\" class=\"elementor-menu-toggle__icon--close eicon-close\"><\/i>\t\t<\/div>\n\t\t\t\t\t<nav class=\"elementor-nav-menu--dropdown elementor-nav-menu__container\" aria-hidden=\"true\">\n\t\t\t\t<ul id=\"menu-2-6892626\" class=\"elementor-nav-menu\"><li class=\"menu-item menu-item-type-post_type menu-item-object-page menu-item-5365\"><a href=\"http:\/\/spmaskiner.dev03.extrude.se\/de\/harvesteraggregate\/harvesteraggregate-lf\/harvesteraggregate-sp-461-lf\/\" class=\"elementor-item menu-link\" tabindex=\"-1\">Produktinformation<\/a><\/li>\n<li class=\"menu-item menu-item-type-post_type menu-item-object-page menu-item-5366\"><a href=\"http:\/\/spmaskiner.dev03.extrude.se\/de\/harvesteraggregate\/harvesteraggregate-lf\/harvesteraggregate-sp-461-lf\/sp-461-lf-technische-daten\/\" class=\"elementor-item menu-link\" tabindex=\"-1\">Technische Daten<\/a><\/li>\n<li class=\"menu-item menu-item-type-post_type menu-item-object-page menu-item-5367\"><a href=\"http:\/\/spmaskiner.dev03.extrude.se\/de\/harvesteraggregate\/harvesteraggregate-lf\/harvesteraggregate-sp-461-lf\/sp-461-lf-kundfoerdelar\/\" class=\"elementor-item menu-link\" tabindex=\"-1\">Kundennutzen<\/a><\/li>\n<li class=\"menu-item menu-item-type-post_type menu-item-object-page menu-item-5368\"><a href=\"http:\/\/spmaskiner.dev03.extrude.se\/de\/harvesteraggregate\/harvesteraggregate-lf\/harvesteraggregate-sp-461-lf\/sp-461-lf-steuerungssystem\/\" class=\"elementor-item menu-link\" tabindex=\"-1\">Steuerungssystem<\/a><\/li>\n<li class=\"menu-item menu-item-type-post_type menu-item-object-page menu-item-5369\"><a href=\"http:\/\/spmaskiner.dev03.extrude.se\/de\/harvesteraggregate\/harvesteraggregate-lf\/harvesteraggregate-sp-461-lf\/sp-461-lf-zubehoer-und-ausruestung\/\" class=\"elementor-item menu-link\" tabindex=\"-1\">Zubeh\u00f6r und Ausr\u00fcstung<\/a><\/li>\n<\/ul>\t\t\t<\/nav>\n\t\t\t\t\t\t<\/div>\n\t\t\t\t<\/div>\n\t\t\t\t\t<\/div>\n\t\t<\/div>\n\t\t\t\t\t<\/div>\n\t\t<\/section>\n\t\t\t\t<section class=\"elementor-section elementor-top-section elementor-element elementor-element-5192a99e elementor-section-boxed elementor-section-height-default elementor-section-height-default\" data-id=\"5192a99e\" data-element_type=\"section\" data-e-type=\"section\">\n\t\t\t\t\t\t<div class=\"elementor-container elementor-column-gap-default\">\n\t\t\t\t\t<div class=\"elementor-column elementor-col-100 elementor-top-column elementor-element elementor-element-511b7df5\" data-id=\"511b7df5\" data-element_type=\"column\" data-e-type=\"column\">\n\t\t\t<div class=\"elementor-widget-wrap elementor-element-populated\">\n\t\t\t\t\t\t<div class=\"elementor-element elementor-element-2d36d1ca elementor-widget elementor-widget-heading\" data-id=\"2d36d1ca\" data-element_type=\"widget\" data-e-type=\"widget\" data-widget_type=\"heading.default\">\n\t\t\t\t<div class=\"elementor-widget-container\">\n\t\t\t\t\t<h1 class=\"elementor-heading-title elementor-size-default\">Harvesteraggregate SP 461 LF - Technische Daten<\/h1>\t\t\t\t<\/div>\n\t\t\t\t<\/div>\n\t\t\t\t<div class=\"elementor-element elementor-element-665dd063 elementor-widget elementor-widget-text-editor\" data-id=\"665dd063\" data-element_type=\"widget\" data-e-type=\"widget\" data-widget_type=\"text-editor.default\">\n\t\t\t\t<div class=\"elementor-widget-container\">\n\t\t\t\t\t\t\t\t\tErfahren Sie mehr \u00fcber die Technologie hinter jedem unserer Aggregate. Hier finden Sie alles von Informationen zum Abl\u00e4ngen \u00fcber das Entasten bis hin zu Gewichtsangaben und Abmessungen.\t\t\t\t\t\t\t\t<\/div>\n\t\t\t\t<\/div>\n\t\t\t\t<div class=\"elementor-element elementor-element-1b801d0 tech-data elementor-widget elementor-widget-text-editor\" data-id=\"1b801d0\" data-element_type=\"widget\" data-e-type=\"widget\" data-widget_type=\"text-editor.default\">\n\t\t\t\t<div class=\"elementor-widget-container\">\n\t\t\t\t\t\t\t\t\t<div class=\"\">\r\n<h4>Hydraulik<\/h4>\r\n<table class=\"table table-condensed\">\r\n<thead><\/thead>\r\n<tbody>\r\n<tr>\r\n<td><\/td>\r\n<td><strong>Metrisch<\/strong><\/td>\r\n<td><\/td>\r\n<td><\/td>\r\n<\/tr>\r\n<tr class=\"table-color\">\r\n<td width=\"30%\">Min. \u00d6ldurchfluss:<\/td>\r\n<td width=\"70%\">185 l\/min<\/td>\r\n<td><\/td>\r\n<td><\/td>\r\n<\/tr>\r\n<tr>\r\n<td>Empf. Arbeitsdruck:<\/td>\r\n<td>23-25 MPa<\/td>\r\n<td><\/td>\r\n<td><\/td>\r\n<\/tr>\r\n<\/tbody>\r\n<\/table>\r\n<\/div>\r\n<div class=\"\">\r\n<h4>Vorschub<\/h4>\r\n<table class=\"table table-condensed\">\r\n<thead><\/thead>\r\n<tbody>\r\n<tr>\r\n<td colspan=\"4\">Proportionaler Walzenklemmdruck gegen den Stammdurchmesser, individuelle Einstellung je nach Baumart f\u00fcr optimale Leistung.<\/td>\r\n<\/tr>\r\n<tr class=\"table-color\">\r\n<td width=\"30%\">Walzenmotoren:<\/td>\r\n<td width=\"70%\">398 cm\u00b3<\/td>\r\n<td><\/td>\r\n<td><\/td>\r\n<\/tr>\r\n<tr>\r\n<td>Max. Walzen\u00f6ffnung:<\/td>\r\n<td>420 mm<\/td>\r\n<td><\/td>\r\n<td><\/td>\r\n<\/tr>\r\n<tr class=\"table-color\">\r\n<td>Vorschubgeschwindigkeit:<\/td>\r\n<td>5 m\/s<\/td>\r\n<td><\/td>\r\n<td><\/td>\r\n<\/tr>\r\n<tr>\r\n<td>Vorschubkraft:<\/td>\r\n<td>20 kN<\/td>\r\n<td><\/td>\r\n<td><\/td>\r\n<\/tr>\r\n<tr class=\"table-color\">\r\n<td>Proportionaldruck:<\/td>\r\n<td>Ja<\/td>\r\n<td><\/td>\r\n<td><\/td>\r\n<\/tr>\r\n<\/tbody>\r\n<\/table>\r\n<\/div>\r\n<div class=\"\">\r\n<h4>Abl\u00e4ngen<\/h4>\r\n<table class=\"table table-condensed\">\r\n<thead><\/thead>\r\n<tbody>\r\n<tr>\r\n<td colspan=\"4\">SuperCut 100 ist eine \u00e4u\u00dferst leistungsstarke Einheit mit integrierter Kettenschmierung und hydraulischer Kettenspannung. In Kombination mit SPs QuickCut wird die Schnittzeit optimiert und das Risiko f\u00fcr eine Schnittrissbildung minimiert.<\/td>\r\n<\/tr>\r\n<tr class=\"table-color\">\r\n<td width=\"30%\">Abl\u00e4ngdurchmesser:<\/td>\r\n<td width=\"70%\">530 mm<\/td>\r\n<td><\/td>\r\n<td><\/td>\r\n<\/tr>\r\n<tr>\r\n<td>Kettengeschwindigkeit:<\/td>\r\n<td>40 m\/s<\/td>\r\n<td><\/td>\r\n<td><\/td>\r\n<\/tr>\r\n<tr class=\"table-color\">\r\n<td>S\u00e4gemotor:<\/td>\r\n<td>20 cm\u00b3<\/td>\r\n<td><\/td>\r\n<td><\/td>\r\n<\/tr>\r\n<tr>\r\n<td>S\u00e4geeinheit:<\/td>\r\n<td>SuperCut 100<\/td>\r\n<td><\/td>\r\n<td><\/td>\r\n<\/tr>\r\n<tr class=\"table-color\">\r\n<td>QuickCut:<\/td>\r\n<td>Ja<\/td>\r\n<td><\/td>\r\n<td><\/td>\r\n<\/tr>\r\n<\/tbody>\r\n<\/table>\r\n<\/div>\r\n<div class=\"\">\r\n<h4>Entastung<\/h4>\r\n<table class=\"table table-condensed\">\r\n<thead><\/thead>\r\n<tbody>\r\n<tr>\r\n<td colspan=\"4\">Proportionaler Astmesserdruck gegen den Stammdurchmesser f\u00fcr minimale Reibung und maximale Leistung. Individuelle Einstellung der oberen und unteren Messer sowie per Baumart f\u00fcr eine optimale Leistung.<\/td>\r\n<\/tr>\r\n<tr class=\"table-color\">\r\n<td width=\"30%\">Bewegliche Messer:<\/td>\r\n<td width=\"70%\">4 einschl. Zopfmesser<\/td>\r\n<td><\/td>\r\n<td><\/td>\r\n<\/tr>\r\n<tr>\r\n<td>Feste Messer:<\/td>\r\n<td>1<\/td>\r\n<td><\/td>\r\n<td><\/td>\r\n<\/tr>\r\n<tr class=\"table-color\">\r\n<td>Entastungsdurchmesser Spitze an Spitze:<\/td>\r\n<td>350 mm<\/td>\r\n<td><\/td>\r\n<td><\/td>\r\n<\/tr>\r\n<tr>\r\n<td>Min. Astdurchmesser:<\/td>\r\n<td>30 mm<\/td>\r\n<td><\/td>\r\n<td><\/td>\r\n<\/tr>\r\n<tr class=\"table-color\">\r\n<td>Proportionaldruck:<\/td>\r\n<td>Ja<\/td>\r\n<td><\/td>\r\n<td><\/td>\r\n<\/tr>\r\n<tr>\r\n<td>LogHold:<\/td>\r\n<td>Ja<\/td>\r\n<td><\/td>\r\n<td><\/td>\r\n<\/tr>\r\n<\/tbody>\r\n<\/table>\r\n<\/div>\r\n<div class=\"\">\r\n<h4>Gewicht und Abmessungen<\/h4>\r\n<table class=\"table table-condensed\">\r\n<thead><\/thead>\r\n<tbody>\r\n<tr>\r\n<td colspan=\"4\">Mit seinen kompakten Abmessungen ist SP 461 LF perfekt f\u00fcr das Durchforsten dichter Best\u00e4nde geeignet.<\/td>\r\n<\/tr>\r\n<tr class=\"table-color\">\r\n<td width=\"30%\">Breite geschlossen:<\/td>\r\n<td width=\"70%\">850 mm<\/td>\r\n<td><\/td>\r\n<td><\/td>\r\n<\/tr>\r\n<tr>\r\n<td>Breite ge\u00f6ffnet:<\/td>\r\n<td>1130 mm<\/td>\r\n<td><\/td>\r\n<td><\/td>\r\n<\/tr>\r\n<tr class=\"table-color\">\r\n<td>H\u00f6he:<\/td>\r\n<td>1230 mm<\/td>\r\n<td><\/td>\r\n<td><\/td>\r\n<\/tr>\r\n<tr>\r\n<td>Gewicht:<\/td>\r\n<td>726 kg<\/td>\r\n<td><\/td>\r\n<td><\/td>\r\n<\/tr>\r\n<\/tbody>\r\n<\/table>\r\n<\/div>\r\n<div class=\"\">\r\n<h4>Empfehlungen<\/h4>\r\n<table class=\"table table-condensed\">\r\n<thead><\/thead>\r\n<tbody>\r\n<tr>\r\n<td colspan=\"2\"><strong>Tr\u00e4germaschinen<\/strong><\/td>\r\n<\/tr>\r\n<tr>\r\n<td colspan=\"2\">SP 461 LF kann mit gutem Ergebnis an verschiedene gebr\u00e4uchliche Forstmaschinen und Bagger angeschlossen werden. Um eine einwandfreie Funktion zu gew\u00e4hrleisten, lassen Sie sich von Ihrem SP-H\u00e4ndler oder SP-Personal beraten.<\/td>\r\n<\/tr>\r\n<tr>\r\n<td colspan=\"2\"><strong>Holzernte<\/strong><\/td>\r\n<\/tr>\r\n<tr>\r\n<td colspan=\"2\">Proportionaler Walzenklemmdruck gegen den Stammdurchmesser, individuelle Einstellung je nach Baumart f\u00fcr optimale Leistung.<\/td>\r\n<\/tr>\r\n<tr>\r\n<td width=\"30%\">Optimaler Stammdurchmesser*:<\/td>\r\n<td width=\"70%\">10-25 cm<\/td>\r\n<\/tr>\r\n<tr class=\"table-color\">\r\n<td>Max. empf. Stammdurchmesser*:<\/td>\r\n<td>35 cm<\/td>\r\n<\/tr>\r\n<tr>\r\n<td colspan=\"2\">* Durchmesser Brusth\u00f6he; wird 1,30 m \u00fcber dem Boden am Stamm gemessen.<\/td>\r\n<\/tr>\r\n<\/tbody>\r\n<\/table>\r\n<\/div>\r\n\u00c4nderungen von Spezifikation und Ausf\u00fchrung vorbehalten. Die abgebildeten Harvesteraggregate k\u00f6nnen mit Sonderausr\u00fcstung ausgestattet sein. Alle angegebenen Ma\u00dfe\/Werte sind ungef\u00e4hre Angaben und gelten f\u00fcr Standardausr\u00fcstung.\t\t\t\t\t\t\t\t<\/div>\n\t\t\t\t<\/div>\n\t\t\t\t\t<\/div>\n\t\t<\/div>\n\t\t\t\t\t<\/div>\n\t\t<\/section>\n\t\t\t\t<\/div>\n\t\t","protected":false},"excerpt":{"rendered":"<p>SP 461 LF Harvesteraggregate SP 461 LF &#8211; Technische Daten Erfahren Sie mehr \u00fcber die Technologie hinter jedem unserer Aggregate. Hier finden Sie alles von Informationen zum Abl\u00e4ngen \u00fcber das Entasten bis hin zu Gewichtsangaben und Abmessungen. Hydraulik Metrisch Min. \u00d6ldurchfluss: 185 l\/min Empf. Arbeitsdruck: 23-25 MPa Vorschub Proportionaler Walzenklemmdruck gegen den Stammdurchmesser, individuelle Einstellung [&hellip;]<\/p>\n","protected":false},"author":1,"featured_media":0,"parent":5062,"menu_order":10,"comment_status":"closed","ping_status":"closed","template":"elementor_header_footer","meta":{"_acf_changed":false,"site-sidebar-layout":"no-sidebar","site-content-layout":"page-builder","ast-site-content-layout":"default","site-content-style":"default","site-sidebar-style":"default","ast-global-header-display":"","ast-banner-title-visibility":"","ast-main-header-display":"","ast-hfb-above-header-display":"","ast-hfb-below-header-display":"","ast-hfb-mobile-header-display":"","site-post-title":"disabled","ast-breadcrumbs-content":"","ast-featured-img":"disabled","footer-sml-layout":"","ast-disable-related-posts":"","theme-transparent-header-meta":"default","adv-header-id-meta":"","stick-header-meta":"","header-above-stick-meta":"","header-main-stick-meta":"","header-below-stick-meta":"","astra-migrate-meta-layouts":"default","ast-page-background-enabled":"default","ast-page-background-meta":{"desktop":{"background-color":"","background-image":"","background-repeat":"repeat","background-position":"center center","background-size":"auto","background-attachment":"scroll","background-type":"","background-media":"","overlay-type":"","overlay-color":"","overlay-opacity":"","overlay-gradient":""},"tablet":{"background-color":"","background-image":"","background-repeat":"repeat","background-position":"center center","background-size":"auto","background-attachment":"scroll","background-type":"","background-media":"","overlay-type":"","overlay-color":"","overlay-opacity":"","overlay-gradient":""},"mobile":{"background-color":"","background-image":"","background-repeat":"repeat","background-position":"center center","background-size":"auto","background-attachment":"scroll","background-type":"","background-media":"","overlay-type":"","overlay-color":"","overlay-opacity":"","overlay-gradient":""}},"ast-content-background-meta":{"desktop":{"background-color":"var(--ast-global-color-5)","background-image":"","background-repeat":"repeat","background-position":"center center","background-size":"auto","background-attachment":"scroll","background-type":"","background-media":"","overlay-type":"","overlay-color":"","overlay-opacity":"","overlay-gradient":""},"tablet":{"background-color":"var(--ast-global-color-5)","background-image":"","background-repeat":"repeat","background-position":"center center","background-size":"auto","background-attachment":"scroll","background-type":"","background-media":"","overlay-type":"","overlay-color":"","overlay-opacity":"","overlay-gradient":""},"mobile":{"background-color":"var(--ast-global-color-5)","background-image":"","background-repeat":"repeat","background-position":"center center","background-size":"auto","background-attachment":"scroll","background-type":"","background-media":"","overlay-type":"","overlay-color":"","overlay-opacity":"","overlay-gradient":""}},"footnotes":""},"class_list":["post-5064","page","type-page","status-publish","hentry"],"acf":[],"_links":{"self":[{"href":"http:\/\/spmaskiner.dev03.extrude.se\/de\/wp-json\/wp\/v2\/pages\/5064","targetHints":{"allow":["GET"]}}],"collection":[{"href":"http:\/\/spmaskiner.dev03.extrude.se\/de\/wp-json\/wp\/v2\/pages"}],"about":[{"href":"http:\/\/spmaskiner.dev03.extrude.se\/de\/wp-json\/wp\/v2\/types\/page"}],"author":[{"embeddable":true,"href":"http:\/\/spmaskiner.dev03.extrude.se\/de\/wp-json\/wp\/v2\/users\/1"}],"replies":[{"embeddable":true,"href":"http:\/\/spmaskiner.dev03.extrude.se\/de\/wp-json\/wp\/v2\/comments?post=5064"}],"version-history":[{"count":2,"href":"http:\/\/spmaskiner.dev03.extrude.se\/de\/wp-json\/wp\/v2\/pages\/5064\/revisions"}],"predecessor-version":[{"id":8655,"href":"http:\/\/spmaskiner.dev03.extrude.se\/de\/wp-json\/wp\/v2\/pages\/5064\/revisions\/8655"}],"up":[{"embeddable":true,"href":"http:\/\/spmaskiner.dev03.extrude.se\/de\/wp-json\/wp\/v2\/pages\/5062"}],"wp:attachment":[{"href":"http:\/\/spmaskiner.dev03.extrude.se\/de\/wp-json\/wp\/v2\/media?parent=5064"}],"curies":[{"name":"wp","href":"https:\/\/api.w.org\/{rel}","templated":true}]}}