{"id":5062,"date":"2021-03-14T13:34:46","date_gmt":"2021-03-14T12:34:46","guid":{"rendered":"http:\/\/spmaskiner.dev03.extrude.se\/harvesteraggregate\/harvesteraggregate-lf\/harvesteraggregate-sp-461-lf\/"},"modified":"2021-10-18T11:53:52","modified_gmt":"2021-10-18T09:53:52","slug":"harvesteraggregate-sp-461-lf","status":"publish","type":"page","link":"http:\/\/spmaskiner.dev03.extrude.se\/de\/harvesteraggregate\/harvesteraggregate-lf\/harvesteraggregate-sp-461-lf\/","title":{"rendered":"Harvesteraggregate SP 461 LF"},"content":{"rendered":"\t\t<div data-elementor-type=\"wp-page\" data-elementor-id=\"5062\" class=\"elementor elementor-5062 elementor-492\" data-elementor-post-type=\"page\">\n\t\t\t\t\t\t<section class=\"elementor-section elementor-top-section elementor-element elementor-element-6394f2c elementor-section-height-min-height elementor-section-items-top product-top-image elementor-section-boxed elementor-section-height-default\" data-id=\"6394f2c\" data-element_type=\"section\" data-e-type=\"section\" data-settings=\"{&quot;background_background&quot;:&quot;classic&quot;}\">\n\t\t\t\t\t\t<div class=\"elementor-container elementor-column-gap-default\">\n\t\t\t\t\t<div class=\"elementor-column elementor-col-50 elementor-top-column elementor-element elementor-element-7beafd3\" data-id=\"7beafd3\" data-element_type=\"column\" data-e-type=\"column\" data-settings=\"{&quot;background_background&quot;:&quot;classic&quot;}\">\n\t\t\t<div class=\"elementor-widget-wrap elementor-element-populated\">\n\t\t\t\t\t\t<div class=\"elementor-element elementor-element-f2760af elementor-widget__width-auto elementor-widget elementor-widget-heading\" data-id=\"f2760af\" data-element_type=\"widget\" data-e-type=\"widget\" data-widget_type=\"heading.default\">\n\t\t\t\t<div class=\"elementor-widget-container\">\n\t\t\t\t\t<h2 class=\"elementor-heading-title elementor-size-default\">SP 461 LF<\/h2>\t\t\t\t<\/div>\n\t\t\t\t<\/div>\n\t\t\t\t\t<\/div>\n\t\t<\/div>\n\t\t\t\t<div class=\"elementor-column elementor-col-50 elementor-top-column elementor-element elementor-element-bbeb34b\" data-id=\"bbeb34b\" data-element_type=\"column\" data-e-type=\"column\" data-settings=\"{&quot;background_background&quot;:&quot;classic&quot;}\">\n\t\t\t<div class=\"elementor-widget-wrap\">\n\t\t\t\t\t\t\t<\/div>\n\t\t<\/div>\n\t\t\t\t\t<\/div>\n\t\t<\/section>\n\t\t\t\t<section class=\"elementor-section elementor-top-section elementor-element elementor-element-c42e90e elementor-section-full_width elementor-section-height-default elementor-section-height-default\" data-id=\"c42e90e\" data-element_type=\"section\" data-e-type=\"section\">\n\t\t\t\t\t\t<div class=\"elementor-container elementor-column-gap-default\">\n\t\t\t\t\t<div class=\"elementor-column elementor-col-100 elementor-top-column elementor-element elementor-element-af960be\" data-id=\"af960be\" data-element_type=\"column\" data-e-type=\"column\">\n\t\t\t<div class=\"elementor-widget-wrap elementor-element-populated\">\n\t\t\t\t\t\t<div class=\"elementor-element elementor-element-8b25a5f elementor-nav-menu__align-center elementor-nav-menu--dropdown-mobile elementor-nav-menu__text-align-aside elementor-nav-menu--toggle elementor-nav-menu--burger elementor-widget elementor-widget-global elementor-global-2544 elementor-widget-nav-menu\" data-id=\"8b25a5f\" data-element_type=\"widget\" data-e-type=\"widget\" id=\"product-menu\" data-settings=\"{&quot;layout&quot;:&quot;horizontal&quot;,&quot;submenu_icon&quot;:{&quot;value&quot;:&quot;fas fa-caret-down&quot;,&quot;library&quot;:&quot;fa-solid&quot;},&quot;toggle&quot;:&quot;burger&quot;}\" data-widget_type=\"nav-menu.default\">\n\t\t\t\t<div class=\"elementor-widget-container\">\n\t\t\t\t\t\t\t\t<nav aria-label=\"Men\u00fc\" class=\"elementor-nav-menu--main elementor-nav-menu__container elementor-nav-menu--layout-horizontal e--pointer-background e--animation-fade\">\n\t\t\t\t<ul id=\"menu-1-8b25a5f\" class=\"elementor-nav-menu\"><li class=\"menu-item menu-item-type-post_type menu-item-object-page menu-item-5365\"><a href=\"http:\/\/spmaskiner.dev03.extrude.se\/de\/harvesteraggregate\/harvesteraggregate-lf\/harvesteraggregate-sp-461-lf\/\" class=\"elementor-item menu-link\">Produktinformation<\/a><\/li>\n<li class=\"menu-item menu-item-type-post_type menu-item-object-page menu-item-5366\"><a href=\"http:\/\/spmaskiner.dev03.extrude.se\/de\/harvesteraggregate\/harvesteraggregate-lf\/harvesteraggregate-sp-461-lf\/sp-461-lf-technische-daten\/\" class=\"elementor-item menu-link\">Technische Daten<\/a><\/li>\n<li class=\"menu-item menu-item-type-post_type menu-item-object-page menu-item-5367\"><a href=\"http:\/\/spmaskiner.dev03.extrude.se\/de\/harvesteraggregate\/harvesteraggregate-lf\/harvesteraggregate-sp-461-lf\/sp-461-lf-kundfoerdelar\/\" class=\"elementor-item menu-link\">Kundennutzen<\/a><\/li>\n<li class=\"menu-item menu-item-type-post_type menu-item-object-page menu-item-5368\"><a href=\"http:\/\/spmaskiner.dev03.extrude.se\/de\/harvesteraggregate\/harvesteraggregate-lf\/harvesteraggregate-sp-461-lf\/sp-461-lf-steuerungssystem\/\" class=\"elementor-item menu-link\">Steuerungssystem<\/a><\/li>\n<li class=\"menu-item menu-item-type-post_type menu-item-object-page menu-item-5369\"><a href=\"http:\/\/spmaskiner.dev03.extrude.se\/de\/harvesteraggregate\/harvesteraggregate-lf\/harvesteraggregate-sp-461-lf\/sp-461-lf-zubehoer-und-ausruestung\/\" class=\"elementor-item menu-link\">Zubeh\u00f6r und Ausr\u00fcstung<\/a><\/li>\n<\/ul>\t\t\t<\/nav>\n\t\t\t\t\t<div class=\"elementor-menu-toggle\" role=\"button\" tabindex=\"0\" aria-label=\"Men\u00fc Umschalter\" aria-expanded=\"false\">\n\t\t\t<i aria-hidden=\"true\" role=\"presentation\" class=\"elementor-menu-toggle__icon--open eicon-menu-bar\"><\/i><i aria-hidden=\"true\" role=\"presentation\" class=\"elementor-menu-toggle__icon--close eicon-close\"><\/i>\t\t<\/div>\n\t\t\t\t\t<nav class=\"elementor-nav-menu--dropdown elementor-nav-menu__container\" aria-hidden=\"true\">\n\t\t\t\t<ul id=\"menu-2-8b25a5f\" class=\"elementor-nav-menu\"><li class=\"menu-item menu-item-type-post_type menu-item-object-page menu-item-5365\"><a href=\"http:\/\/spmaskiner.dev03.extrude.se\/de\/harvesteraggregate\/harvesteraggregate-lf\/harvesteraggregate-sp-461-lf\/\" class=\"elementor-item menu-link\" tabindex=\"-1\">Produktinformation<\/a><\/li>\n<li class=\"menu-item menu-item-type-post_type menu-item-object-page menu-item-5366\"><a href=\"http:\/\/spmaskiner.dev03.extrude.se\/de\/harvesteraggregate\/harvesteraggregate-lf\/harvesteraggregate-sp-461-lf\/sp-461-lf-technische-daten\/\" class=\"elementor-item menu-link\" tabindex=\"-1\">Technische Daten<\/a><\/li>\n<li class=\"menu-item menu-item-type-post_type menu-item-object-page menu-item-5367\"><a href=\"http:\/\/spmaskiner.dev03.extrude.se\/de\/harvesteraggregate\/harvesteraggregate-lf\/harvesteraggregate-sp-461-lf\/sp-461-lf-kundfoerdelar\/\" class=\"elementor-item menu-link\" tabindex=\"-1\">Kundennutzen<\/a><\/li>\n<li class=\"menu-item menu-item-type-post_type menu-item-object-page menu-item-5368\"><a href=\"http:\/\/spmaskiner.dev03.extrude.se\/de\/harvesteraggregate\/harvesteraggregate-lf\/harvesteraggregate-sp-461-lf\/sp-461-lf-steuerungssystem\/\" class=\"elementor-item menu-link\" tabindex=\"-1\">Steuerungssystem<\/a><\/li>\n<li class=\"menu-item menu-item-type-post_type menu-item-object-page menu-item-5369\"><a href=\"http:\/\/spmaskiner.dev03.extrude.se\/de\/harvesteraggregate\/harvesteraggregate-lf\/harvesteraggregate-sp-461-lf\/sp-461-lf-zubehoer-und-ausruestung\/\" class=\"elementor-item menu-link\" tabindex=\"-1\">Zubeh\u00f6r und Ausr\u00fcstung<\/a><\/li>\n<\/ul>\t\t\t<\/nav>\n\t\t\t\t\t\t<\/div>\n\t\t\t\t<\/div>\n\t\t\t\t\t<\/div>\n\t\t<\/div>\n\t\t\t\t\t<\/div>\n\t\t<\/section>\n\t\t\t\t<section class=\"elementor-section elementor-top-section elementor-element elementor-element-613fc08 elementor-section-boxed elementor-section-height-default elementor-section-height-default\" data-id=\"613fc08\" data-element_type=\"section\" data-e-type=\"section\">\n\t\t\t\t\t\t<div class=\"elementor-container elementor-column-gap-default\">\n\t\t\t\t\t<div class=\"elementor-column elementor-col-50 elementor-top-column elementor-element elementor-element-68833e6\" data-id=\"68833e6\" data-element_type=\"column\" data-e-type=\"column\">\n\t\t\t<div class=\"elementor-widget-wrap elementor-element-populated\">\n\t\t\t\t\t\t<div class=\"elementor-element elementor-element-7e92e40 elementor-widget elementor-widget-heading\" data-id=\"7e92e40\" data-element_type=\"widget\" data-e-type=\"widget\" data-widget_type=\"heading.default\">\n\t\t\t\t<div class=\"elementor-widget-container\">\n\t\t\t\t\t<h1 class=\"elementor-heading-title elementor-size-default\">Harvesteraggregate SP 461 LF  - ein kleines gro\u00dfes Aggregat<\/h1>\t\t\t\t<\/div>\n\t\t\t\t<\/div>\n\t\t\t\t<div class=\"elementor-element elementor-element-0f6b82e elementor-widget elementor-widget-text-editor\" data-id=\"0f6b82e\" data-element_type=\"widget\" data-e-type=\"widget\" data-widget_type=\"text-editor.default\">\n\t\t\t\t<div class=\"elementor-widget-container\">\n\t\t\t\t\t\t\t\t\t<p>SP 461 LF ist ein leistungsf\u00e4higes Durchforstungsaggregat, das gem\u00e4\u00df dem Niedrigfriktionsprinzip von SP f\u00fcr minimale Friktion und maximale Produktion konstruiert wurde. SP 461 LF ist eine ausgezeichnete Wahl f\u00fcr die Montage an Harvester, die mit einem langen Kran vom Weg aus arbeiten, oder an kleinere Harvester, die den Bestand durchforsten.<\/p>\n<p>Der schnelle Vorschub sowie das niedrige Gewicht und die kompakten Abmessungen garantieren die h\u00f6chste Produktivit\u00e4t in dichten Waldbest\u00e4nden. Bei der schweren Durchforstung sorgen das intelligente SP-Patent LogHold und die proportional gewinkelten Vorschubwalzen f\u00fcr eine ausgezeichnete Stammgriffigkeit und Leistungsf\u00e4higkeit. SP 461 LF ist in jeder Hinsicht \u2013 ein kleines gro\u00dfes Aggregat.<\/p>\n<p>SP 461 LF erreicht seine H\u00f6chstleistung bei Best\u00e4nden mit einer bhd von 10 bis 25 cm, kann aber dank des LF-Prinzips auch gr\u00f6\u00dfere St\u00e4mme effektiv bearbeiten.<\/p>\n\t\t\t\t\t\t\t\t<\/div>\n\t\t\t\t<\/div>\n\t\t\t\t<section class=\"elementor-section elementor-inner-section elementor-element elementor-element-b74227f elementor-section-boxed elementor-section-height-default elementor-section-height-default\" data-id=\"b74227f\" data-element_type=\"section\" data-e-type=\"section\">\n\t\t\t\t\t\t<div class=\"elementor-container elementor-column-gap-default\">\n\t\t\t\t\t<div class=\"elementor-column elementor-col-25 elementor-inner-column elementor-element elementor-element-9ca00f4\" data-id=\"9ca00f4\" data-element_type=\"column\" data-e-type=\"column\">\n\t\t\t<div class=\"elementor-widget-wrap elementor-element-populated\">\n\t\t\t\t\t\t<div class=\"elementor-element elementor-element-049b534 elementor-widget elementor-widget-image\" data-id=\"049b534\" data-element_type=\"widget\" data-e-type=\"widget\" data-widget_type=\"image.default\">\n\t\t\t\t<div class=\"elementor-widget-container\">\n\t\t\t\t\t\t\t\t\t\t\t\t\t\t\t<img fetchpriority=\"high\" decoding=\"async\" width=\"250\" height=\"250\" src=\"http:\/\/spmaskiner.dev03.extrude.se\/wp-content\/uploads\/2021\/03\/vikt.png\" class=\"attachment-medium size-medium wp-image-4485\" alt=\"\" srcset=\"http:\/\/spmaskiner.dev03.extrude.se\/wp-content\/uploads\/2021\/03\/vikt.png 250w, http:\/\/spmaskiner.dev03.extrude.se\/wp-content\/uploads\/2021\/03\/vikt-150x150.png 150w\" sizes=\"(max-width: 250px) 100vw, 250px\" \/>\t\t\t\t\t\t\t\t\t\t\t\t\t\t\t<\/div>\n\t\t\t\t<\/div>\n\t\t\t\t<div class=\"elementor-element elementor-element-77c91a6 elementor-widget elementor-widget-heading\" data-id=\"77c91a6\" data-element_type=\"widget\" data-e-type=\"widget\" data-widget_type=\"heading.default\">\n\t\t\t\t<div class=\"elementor-widget-container\">\n\t\t\t\t\t<span class=\"elementor-heading-title elementor-size-default\">726kg<\/span>\t\t\t\t<\/div>\n\t\t\t\t<\/div>\n\t\t\t\t<div class=\"elementor-element elementor-element-4ad94a5 elementor-widget elementor-widget-heading\" data-id=\"4ad94a5\" data-element_type=\"widget\" data-e-type=\"widget\" data-widget_type=\"heading.default\">\n\t\t\t\t<div class=\"elementor-widget-container\">\n\t\t\t\t\t<span class=\"elementor-heading-title elementor-size-default\">Gewicht<\/span>\t\t\t\t<\/div>\n\t\t\t\t<\/div>\n\t\t\t\t\t<\/div>\n\t\t<\/div>\n\t\t\t\t<div class=\"elementor-column elementor-col-25 elementor-inner-column elementor-element elementor-element-77c06ca\" data-id=\"77c06ca\" data-element_type=\"column\" data-e-type=\"column\">\n\t\t\t<div class=\"elementor-widget-wrap elementor-element-populated\">\n\t\t\t\t\t\t<div class=\"elementor-element elementor-element-c9ce3b4 elementor-widget elementor-widget-image\" data-id=\"c9ce3b4\" data-element_type=\"widget\" data-e-type=\"widget\" data-widget_type=\"image.default\">\n\t\t\t\t<div class=\"elementor-widget-container\">\n\t\t\t\t\t\t\t\t\t\t\t\t\t\t\t<img decoding=\"async\" width=\"250\" height=\"250\" src=\"http:\/\/spmaskiner.dev03.extrude.se\/wp-content\/uploads\/2021\/03\/klinga.png\" class=\"attachment-medium size-medium wp-image-4479\" alt=\"\" srcset=\"http:\/\/spmaskiner.dev03.extrude.se\/wp-content\/uploads\/2021\/03\/klinga.png 250w, http:\/\/spmaskiner.dev03.extrude.se\/wp-content\/uploads\/2021\/03\/klinga-150x150.png 150w\" sizes=\"(max-width: 250px) 100vw, 250px\" \/>\t\t\t\t\t\t\t\t\t\t\t\t\t\t\t<\/div>\n\t\t\t\t<\/div>\n\t\t\t\t<div class=\"elementor-element elementor-element-e12e42d elementor-widget elementor-widget-heading\" data-id=\"e12e42d\" data-element_type=\"widget\" data-e-type=\"widget\" data-widget_type=\"heading.default\">\n\t\t\t\t<div class=\"elementor-widget-container\">\n\t\t\t\t\t<span class=\"elementor-heading-title elementor-size-default\">53cm<\/span>\t\t\t\t<\/div>\n\t\t\t\t<\/div>\n\t\t\t\t<div class=\"elementor-element elementor-element-d8ee382 elementor-widget elementor-widget-heading\" data-id=\"d8ee382\" data-element_type=\"widget\" data-e-type=\"widget\" data-widget_type=\"heading.default\">\n\t\t\t\t<div class=\"elementor-widget-container\">\n\t\t\t\t\t<span class=\"elementor-heading-title elementor-size-default\">Abl\u00e4ngdurchmesser<\/span>\t\t\t\t<\/div>\n\t\t\t\t<\/div>\n\t\t\t\t\t<\/div>\n\t\t<\/div>\n\t\t\t\t<div class=\"elementor-column elementor-col-25 elementor-inner-column elementor-element elementor-element-a27ec00\" data-id=\"a27ec00\" data-element_type=\"column\" data-e-type=\"column\">\n\t\t\t<div class=\"elementor-widget-wrap elementor-element-populated\">\n\t\t\t\t\t\t<div class=\"elementor-element elementor-element-d4d47ff elementor-widget elementor-widget-image\" data-id=\"d4d47ff\" data-element_type=\"widget\" data-e-type=\"widget\" data-widget_type=\"image.default\">\n\t\t\t\t<div class=\"elementor-widget-container\">\n\t\t\t\t\t\t\t\t\t\t\t\t\t\t\t<img decoding=\"async\" width=\"250\" height=\"250\" src=\"http:\/\/spmaskiner.dev03.extrude.se\/wp-content\/uploads\/2021\/03\/skog.png\" class=\"attachment-medium size-medium wp-image-4481\" alt=\"\" srcset=\"http:\/\/spmaskiner.dev03.extrude.se\/wp-content\/uploads\/2021\/03\/skog.png 250w, http:\/\/spmaskiner.dev03.extrude.se\/wp-content\/uploads\/2021\/03\/skog-150x150.png 150w\" sizes=\"(max-width: 250px) 100vw, 250px\" \/>\t\t\t\t\t\t\t\t\t\t\t\t\t\t\t<\/div>\n\t\t\t\t<\/div>\n\t\t\t\t<div class=\"elementor-element elementor-element-0cb0104 elementor-widget elementor-widget-heading\" data-id=\"0cb0104\" data-element_type=\"widget\" data-e-type=\"widget\" data-widget_type=\"heading.default\">\n\t\t\t\t<div class=\"elementor-widget-container\">\n\t\t\t\t\t<span class=\"elementor-heading-title elementor-size-default\">8-35cm<\/span>\t\t\t\t<\/div>\n\t\t\t\t<\/div>\n\t\t\t\t<div class=\"elementor-element elementor-element-3693ad3 elementor-widget elementor-widget-heading\" data-id=\"3693ad3\" data-element_type=\"widget\" data-e-type=\"widget\" data-widget_type=\"heading.default\">\n\t\t\t\t<div class=\"elementor-widget-container\">\n\t\t\t\t\t<span class=\"elementor-heading-title elementor-size-default\">Optimaler Stammdurchmesser<\/span>\t\t\t\t<\/div>\n\t\t\t\t<\/div>\n\t\t\t\t\t<\/div>\n\t\t<\/div>\n\t\t\t\t<div class=\"elementor-column elementor-col-25 elementor-inner-column elementor-element elementor-element-09b5976\" data-id=\"09b5976\" data-element_type=\"column\" data-e-type=\"column\">\n\t\t\t<div class=\"elementor-widget-wrap elementor-element-populated\">\n\t\t\t\t\t\t<div class=\"elementor-element elementor-element-3467414 elementor-widget elementor-widget-image\" data-id=\"3467414\" data-element_type=\"widget\" data-e-type=\"widget\" data-widget_type=\"image.default\">\n\t\t\t\t<div class=\"elementor-widget-container\">\n\t\t\t\t\t\t\t\t\t\t\t\t\t\t\t<img loading=\"lazy\" decoding=\"async\" width=\"250\" height=\"250\" src=\"http:\/\/spmaskiner.dev03.extrude.se\/wp-content\/uploads\/2021\/03\/tryck.png\" class=\"attachment-medium size-medium wp-image-4483\" alt=\"\" srcset=\"http:\/\/spmaskiner.dev03.extrude.se\/wp-content\/uploads\/2021\/03\/tryck.png 250w, http:\/\/spmaskiner.dev03.extrude.se\/wp-content\/uploads\/2021\/03\/tryck-150x150.png 150w\" sizes=\"(max-width: 250px) 100vw, 250px\" \/>\t\t\t\t\t\t\t\t\t\t\t\t\t\t\t<\/div>\n\t\t\t\t<\/div>\n\t\t\t\t<div class=\"elementor-element elementor-element-e5ab83e elementor-widget elementor-widget-heading\" data-id=\"e5ab83e\" data-element_type=\"widget\" data-e-type=\"widget\" data-widget_type=\"heading.default\">\n\t\t\t\t<div class=\"elementor-widget-container\">\n\t\t\t\t\t<span class=\"elementor-heading-title elementor-size-default\">23-25MPa<\/span>\t\t\t\t<\/div>\n\t\t\t\t<\/div>\n\t\t\t\t<div class=\"elementor-element elementor-element-114a772 elementor-widget elementor-widget-heading\" data-id=\"114a772\" data-element_type=\"widget\" data-e-type=\"widget\" data-widget_type=\"heading.default\">\n\t\t\t\t<div class=\"elementor-widget-container\">\n\t\t\t\t\t<span class=\"elementor-heading-title elementor-size-default\">Empfohlener Arbeitsdruck<\/span>\t\t\t\t<\/div>\n\t\t\t\t<\/div>\n\t\t\t\t\t<\/div>\n\t\t<\/div>\n\t\t\t\t\t<\/div>\n\t\t<\/section>\n\t\t\t\t\t<\/div>\n\t\t<\/div>\n\t\t\t\t<div class=\"elementor-column elementor-col-50 elementor-top-column elementor-element elementor-element-ceaa6bd\" data-id=\"ceaa6bd\" data-element_type=\"column\" data-e-type=\"column\">\n\t\t\t<div class=\"elementor-widget-wrap elementor-element-populated\">\n\t\t\t\t\t\t<div class=\"elementor-element elementor-element-945c278 elementor-widget elementor-widget-image\" data-id=\"945c278\" data-element_type=\"widget\" data-e-type=\"widget\" data-widget_type=\"image.default\">\n\t\t\t\t<div class=\"elementor-widget-container\">\n\t\t\t\t\t\t\t\t\t\t\t\t\t\t\t<img loading=\"lazy\" decoding=\"async\" width=\"500\" height=\"603\" src=\"http:\/\/spmaskiner.dev03.extrude.se\/wp-content\/uploads\/2021\/03\/sp461lf-white.jpg\" class=\"attachment-large size-large wp-image-4477\" alt=\"\" srcset=\"http:\/\/spmaskiner.dev03.extrude.se\/wp-content\/uploads\/2021\/03\/sp461lf-white.jpg 500w, http:\/\/spmaskiner.dev03.extrude.se\/wp-content\/uploads\/2021\/03\/sp461lf-white-249x300.jpg 249w\" sizes=\"(max-width: 500px) 100vw, 500px\" \/>\t\t\t\t\t\t\t\t\t\t\t\t\t\t\t<\/div>\n\t\t\t\t<\/div>\n\t\t\t\t<div class=\"elementor-element elementor-element-ae9752b elementor-icon-list--layout-traditional elementor-list-item-link-full_width elementor-widget elementor-widget-icon-list\" data-id=\"ae9752b\" data-element_type=\"widget\" data-e-type=\"widget\" data-widget_type=\"icon-list.default\">\n\t\t\t\t<div class=\"elementor-widget-container\">\n\t\t\t\t\t\t\t<ul class=\"elementor-icon-list-items\">\n\t\t\t\t\t\t\t<li class=\"elementor-icon-list-item\">\n\t\t\t\t\t\t\t\t\t\t\t<a href=\"http:\/\/spmaskiner.dev03.extrude.se\/wp-content\/uploads\/2021\/08\/broschuren_sp461lf.pdf\">\n\n\t\t\t\t\t\t\t\t\t\t\t\t<span class=\"elementor-icon-list-icon\">\n\t\t\t\t\t\t\t<i aria-hidden=\"true\" class=\"fas fa-file-pdf\"><\/i>\t\t\t\t\t\t<\/span>\n\t\t\t\t\t\t\t\t\t\t<span class=\"elementor-icon-list-text\">Brosch\u00fcre SP 461 LF<\/span>\n\t\t\t\t\t\t\t\t\t\t\t<\/a>\n\t\t\t\t\t\t\t\t\t<\/li>\n\t\t\t\t\t\t\t\t<li class=\"elementor-icon-list-item\">\n\t\t\t\t\t\t\t\t\t\t\t<a href=\"http:\/\/spmaskiner.dev03.extrude.se\/wp-content\/uploads\/2021\/08\/broschuren_dasa5.pdf\">\n\n\t\t\t\t\t\t\t\t\t\t\t\t<span class=\"elementor-icon-list-icon\">\n\t\t\t\t\t\t\t<i aria-hidden=\"true\" class=\"fas fa-file-pdf\"><\/i>\t\t\t\t\t\t<\/span>\n\t\t\t\t\t\t\t\t\t\t<span class=\"elementor-icon-list-text\">Brosch\u00fcre SPd5 Mess- und Steuersystem<\/span>\n\t\t\t\t\t\t\t\t\t\t\t<\/a>\n\t\t\t\t\t\t\t\t\t<\/li>\n\t\t\t\t\t\t<\/ul>\n\t\t\t\t\t\t<\/div>\n\t\t\t\t<\/div>\n\t\t\t\t\t<\/div>\n\t\t<\/div>\n\t\t\t\t\t<\/div>\n\t\t<\/section>\n\t\t\t\t<\/div>\n\t\t","protected":false},"excerpt":{"rendered":"<p>SP 461 LF Harvesteraggregate SP 461 LF &#8211; ein kleines gro\u00dfes Aggregat SP 461 LF ist ein leistungsf\u00e4higes Durchforstungsaggregat, das gem\u00e4\u00df dem Niedrigfriktionsprinzip von SP f\u00fcr minimale Friktion und maximale Produktion konstruiert wurde. SP 461 LF ist eine ausgezeichnete Wahl f\u00fcr die Montage an Harvester, die mit einem langen Kran vom Weg aus arbeiten, oder [&hellip;]<\/p>\n","protected":false},"author":1,"featured_media":0,"parent":5054,"menu_order":10,"comment_status":"closed","ping_status":"closed","template":"elementor_header_footer","meta":{"_acf_changed":false,"site-sidebar-layout":"no-sidebar","site-content-layout":"page-builder","ast-site-content-layout":"full-width-container","site-content-style":"unboxed","site-sidebar-style":"unboxed","ast-global-header-display":"","ast-banner-title-visibility":"","ast-main-header-display":"","ast-hfb-above-header-display":"","ast-hfb-below-header-display":"","ast-hfb-mobile-header-display":"","site-post-title":"disabled","ast-breadcrumbs-content":"","ast-featured-img":"disabled","footer-sml-layout":"","ast-disable-related-posts":"","theme-transparent-header-meta":"default","adv-header-id-meta":"","stick-header-meta":"","header-above-stick-meta":"","header-main-stick-meta":"","header-below-stick-meta":"","astra-migrate-meta-layouts":"default","ast-page-background-enabled":"default","ast-page-background-meta":{"desktop":{"background-color":"","background-image":"","background-repeat":"repeat","background-position":"center center","background-size":"auto","background-attachment":"scroll","background-type":"","background-media":"","overlay-type":"","overlay-color":"","overlay-opacity":"","overlay-gradient":""},"tablet":{"background-color":"","background-image":"","background-repeat":"repeat","background-position":"center center","background-size":"auto","background-attachment":"scroll","background-type":"","background-media":"","overlay-type":"","overlay-color":"","overlay-opacity":"","overlay-gradient":""},"mobile":{"background-color":"","background-image":"","background-repeat":"repeat","background-position":"center center","background-size":"auto","background-attachment":"scroll","background-type":"","background-media":"","overlay-type":"","overlay-color":"","overlay-opacity":"","overlay-gradient":""}},"ast-content-background-meta":{"desktop":{"background-color":"var(--ast-global-color-5)","background-image":"","background-repeat":"repeat","background-position":"center center","background-size":"auto","background-attachment":"scroll","background-type":"","background-media":"","overlay-type":"","overlay-color":"","overlay-opacity":"","overlay-gradient":""},"tablet":{"background-color":"var(--ast-global-color-5)","background-image":"","background-repeat":"repeat","background-position":"center center","background-size":"auto","background-attachment":"scroll","background-type":"","background-media":"","overlay-type":"","overlay-color":"","overlay-opacity":"","overlay-gradient":""},"mobile":{"background-color":"var(--ast-global-color-5)","background-image":"","background-repeat":"repeat","background-position":"center center","background-size":"auto","background-attachment":"scroll","background-type":"","background-media":"","overlay-type":"","overlay-color":"","overlay-opacity":"","overlay-gradient":""}},"footnotes":""},"class_list":["post-5062","page","type-page","status-publish","hentry"],"acf":[],"_links":{"self":[{"href":"http:\/\/spmaskiner.dev03.extrude.se\/de\/wp-json\/wp\/v2\/pages\/5062","targetHints":{"allow":["GET"]}}],"collection":[{"href":"http:\/\/spmaskiner.dev03.extrude.se\/de\/wp-json\/wp\/v2\/pages"}],"about":[{"href":"http:\/\/spmaskiner.dev03.extrude.se\/de\/wp-json\/wp\/v2\/types\/page"}],"author":[{"embeddable":true,"href":"http:\/\/spmaskiner.dev03.extrude.se\/de\/wp-json\/wp\/v2\/users\/1"}],"replies":[{"embeddable":true,"href":"http:\/\/spmaskiner.dev03.extrude.se\/de\/wp-json\/wp\/v2\/comments?post=5062"}],"version-history":[{"count":0,"href":"http:\/\/spmaskiner.dev03.extrude.se\/de\/wp-json\/wp\/v2\/pages\/5062\/revisions"}],"up":[{"embeddable":true,"href":"http:\/\/spmaskiner.dev03.extrude.se\/de\/wp-json\/wp\/v2\/pages\/5054"}],"wp:attachment":[{"href":"http:\/\/spmaskiner.dev03.extrude.se\/de\/wp-json\/wp\/v2\/media?parent=5062"}],"curies":[{"name":"wp","href":"https:\/\/api.w.org\/{rel}","templated":true}]}}