{"id":5054,"date":"2021-03-14T11:20:52","date_gmt":"2021-03-14T10:20:52","guid":{"rendered":"http:\/\/spmaskiner.dev03.extrude.se\/harvesteraggregate\/harvesteraggregate-lf\/"},"modified":"2022-05-25T15:18:53","modified_gmt":"2022-05-25T13:18:53","slug":"harvesteraggregate-lf","status":"publish","type":"page","link":"http:\/\/spmaskiner.dev03.extrude.se\/de\/harvesteraggregate\/harvesteraggregate-lf\/","title":{"rendered":"Harvesteraggregate LF"},"content":{"rendered":"\t\t<div data-elementor-type=\"wp-page\" data-elementor-id=\"5054\" class=\"elementor elementor-5054 elementor-489\" data-elementor-post-type=\"page\">\n\t\t\t\t\t\t<section class=\"elementor-section elementor-top-section elementor-element elementor-element-1bce3936 elementor-section-boxed elementor-section-height-default elementor-section-height-default\" data-id=\"1bce3936\" data-element_type=\"section\" data-e-type=\"section\">\n\t\t\t\t\t\t<div class=\"elementor-container elementor-column-gap-default\">\n\t\t\t\t\t<div class=\"elementor-column elementor-col-100 elementor-top-column elementor-element elementor-element-7e6ee8ee\" data-id=\"7e6ee8ee\" data-element_type=\"column\" data-e-type=\"column\">\n\t\t\t<div class=\"elementor-widget-wrap elementor-element-populated\">\n\t\t\t\t\t\t<div class=\"elementor-element elementor-element-1aafbf82 elementor-widget elementor-widget-heading\" data-id=\"1aafbf82\" data-element_type=\"widget\" data-e-type=\"widget\" data-widget_type=\"heading.default\">\n\t\t\t\t<div class=\"elementor-widget-container\">\n\t\t\t\t\t<h1 class=\"elementor-heading-title elementor-size-default\">Harvesteraggregate LF<\/h1>\t\t\t\t<\/div>\n\t\t\t\t<\/div>\n\t\t\t\t<div class=\"elementor-element elementor-element-2a7ed5f8 elementor-widget elementor-widget-text-editor\" data-id=\"2a7ed5f8\" data-element_type=\"widget\" data-e-type=\"widget\" data-widget_type=\"text-editor.default\">\n\t\t\t\t<div class=\"elementor-widget-container\">\n\t\t\t\t\t\t\t\t\t<p>Die Aggregate der LF-Serie zeichnen sich durch ihre wendige und kompakte Bauweise in Verbindung mit h\u00f6chster Produktivit\u00e4t und Betriebssicherheit aus. F\u00fcr maximale Rentabilit\u00e4t sind die Aggregate nach dem Low-Friction-Konzept konstruiert. Ganz gleich ob bei der Erstdurchforstung, Abholzung oder Ernte von viel Laubwald \u2013 eines der Aggregate aus der LF- Serie passt immer. Erfahren Sie im Folgenden mehr \u00fcber die LF-Aggregate und finden Sie das perfekte Aggregat f\u00fcr Ihre Anforderungen.<\/p>\t\t\t\t\t\t\t\t<\/div>\n\t\t\t\t<\/div>\n\t\t\t\t\t<\/div>\n\t\t<\/div>\n\t\t\t\t\t<\/div>\n\t\t<\/section>\n\t\t\t\t<section class=\"elementor-section elementor-top-section elementor-element elementor-element-44369634 unit-group-container elementor-section-boxed elementor-section-height-default elementor-section-height-default\" data-id=\"44369634\" data-element_type=\"section\" data-e-type=\"section\">\n\t\t\t\t\t\t<div class=\"elementor-container elementor-column-gap-default\">\n\t\t\t\t\t<div class=\"elementor-column elementor-col-33 elementor-top-column elementor-element elementor-element-30ee73d3 unit-group-col\" data-id=\"30ee73d3\" data-element_type=\"column\" data-e-type=\"column\">\n\t\t\t<div class=\"elementor-widget-wrap elementor-element-populated\">\n\t\t\t\t\t\t<div class=\"elementor-element elementor-element-1fa25b4 unit-group-block elementor-position-top elementor-widget elementor-widget-image-box\" data-id=\"1fa25b4\" data-element_type=\"widget\" data-e-type=\"widget\" data-widget_type=\"image-box.default\">\n\t\t\t\t<div class=\"elementor-widget-container\">\n\t\t\t\t\t<div class=\"elementor-image-box-wrapper\"><figure class=\"elementor-image-box-img\"><a href=\"http:\/\/spmaskiner.dev03.extrude.se\/de\/harvesteraggregate\/harvesteraggregate-lf\/harvesteraggregate-sp-461-lf\/\" tabindex=\"-1\"><img fetchpriority=\"high\" decoding=\"async\" width=\"380\" height=\"456\" src=\"http:\/\/spmaskiner.dev03.extrude.se\/wp-content\/uploads\/2021\/03\/sp461lf-thumb.jpg\" class=\"attachment-medium_large size-medium_large wp-image-444\" alt=\"\" srcset=\"http:\/\/spmaskiner.dev03.extrude.se\/wp-content\/uploads\/2021\/03\/sp461lf-thumb.jpg 380w, http:\/\/spmaskiner.dev03.extrude.se\/wp-content\/uploads\/2021\/03\/sp461lf-thumb-250x300.jpg 250w\" sizes=\"(max-width: 380px) 100vw, 380px\" \/><\/a><\/figure><div class=\"elementor-image-box-content\"><h2 class=\"elementor-image-box-title\"><a href=\"http:\/\/spmaskiner.dev03.extrude.se\/de\/harvesteraggregate\/harvesteraggregate-lf\/harvesteraggregate-sp-461-lf\/\">SP 461 LF<\/a><\/h2><p class=\"elementor-image-box-description\">SP 461 LF ist ein Durchforstungsaggregat mit hoher Produktivit\u00e4t. Es ist eine ausgezeichnete Wahl f\u00fcr die Montage an Harvestern, die mit einem langen Kran vom Weg aus arbeiten, oder an kleineren Harvestern, die den Bestand durchforsten.<\/p><\/div><\/div>\t\t\t\t<\/div>\n\t\t\t\t<\/div>\n\t\t\t\t\t<\/div>\n\t\t<\/div>\n\t\t\t\t<div class=\"elementor-column elementor-col-33 elementor-top-column elementor-element elementor-element-7da63d9f unit-group-col\" data-id=\"7da63d9f\" data-element_type=\"column\" data-e-type=\"column\">\n\t\t\t<div class=\"elementor-widget-wrap elementor-element-populated\">\n\t\t\t\t\t\t<div class=\"elementor-element elementor-element-8120009 unit-group-block elementor-position-top elementor-widget elementor-widget-image-box\" data-id=\"8120009\" data-element_type=\"widget\" data-e-type=\"widget\" data-widget_type=\"image-box.default\">\n\t\t\t\t<div class=\"elementor-widget-container\">\n\t\t\t\t\t<div class=\"elementor-image-box-wrapper\"><figure class=\"elementor-image-box-img\"><a href=\"http:\/\/spmaskiner.dev03.extrude.se\/de\/harvesteraggregate\/harvesteraggregate-lf\/harvesteraggregate-sp-561-lf\/\" tabindex=\"-1\"><img decoding=\"async\" width=\"664\" height=\"800\" src=\"http:\/\/spmaskiner.dev03.extrude.se\/wp-content\/uploads\/2021\/04\/ar00001496_161116.jpg\" class=\"attachment-full size-full wp-image-2650\" alt=\"\" srcset=\"http:\/\/spmaskiner.dev03.extrude.se\/wp-content\/uploads\/2021\/04\/ar00001496_161116.jpg 664w, http:\/\/spmaskiner.dev03.extrude.se\/wp-content\/uploads\/2021\/04\/ar00001496_161116-249x300.jpg 249w\" sizes=\"(max-width: 664px) 100vw, 664px\" \/><\/a><\/figure><div class=\"elementor-image-box-content\"><h2 class=\"elementor-image-box-title\"><a href=\"http:\/\/spmaskiner.dev03.extrude.se\/de\/harvesteraggregate\/harvesteraggregate-lf\/harvesteraggregate-sp-561-lf\/\">SP 561 LF<\/a><\/h2><p class=\"elementor-image-box-description\">SP 561 LF ist ein vielseitiges Allroundaggregat. SP 561 LF ist f\u00fcr verschiedene T\u00e4tigkeiten konstruiert und verf\u00fcgt \u00fcber ausgezeichnete Funktionen sowohl f\u00fcr geringf\u00fcgigere Durchforstungen als auch leichtere Abholzungen.<\/p><\/div><\/div>\t\t\t\t<\/div>\n\t\t\t\t<\/div>\n\t\t\t\t\t<\/div>\n\t\t<\/div>\n\t\t\t\t<div class=\"elementor-column elementor-col-33 elementor-top-column elementor-element elementor-element-eb005cd unit-group-col\" data-id=\"eb005cd\" data-element_type=\"column\" data-e-type=\"column\">\n\t\t\t<div class=\"elementor-widget-wrap elementor-element-populated\">\n\t\t\t\t\t\t<div class=\"elementor-element elementor-element-17840f0 unit-group-block elementor-position-top elementor-widget elementor-widget-image-box\" data-id=\"17840f0\" data-element_type=\"widget\" data-e-type=\"widget\" data-widget_type=\"image-box.default\">\n\t\t\t\t<div class=\"elementor-widget-container\">\n\t\t\t\t\t<div class=\"elementor-image-box-wrapper\"><figure class=\"elementor-image-box-img\"><a href=\"http:\/\/spmaskiner.dev03.extrude.se\/de\/harvesteraggregate\/harvesteraggregate-lf\/harvesteraggregate-sp-661-lf\/\" tabindex=\"-1\"><img decoding=\"async\" width=\"664\" height=\"800\" src=\"http:\/\/spmaskiner.dev03.extrude.se\/wp-content\/uploads\/2021\/04\/ar00001741_170607.jpg\" class=\"attachment-medium_large size-medium_large wp-image-2837\" alt=\"\" srcset=\"http:\/\/spmaskiner.dev03.extrude.se\/wp-content\/uploads\/2021\/04\/ar00001741_170607.jpg 664w, http:\/\/spmaskiner.dev03.extrude.se\/wp-content\/uploads\/2021\/04\/ar00001741_170607-249x300.jpg 249w\" sizes=\"(max-width: 664px) 100vw, 664px\" \/><\/a><\/figure><div class=\"elementor-image-box-content\"><h2 class=\"elementor-image-box-title\"><a href=\"http:\/\/spmaskiner.dev03.extrude.se\/de\/harvesteraggregate\/harvesteraggregate-lf\/harvesteraggregate-sp-661-lf\/\">SP 661 LF<\/a><\/h2><p class=\"elementor-image-box-description\">SP 661 LF ist ein flexibles, robustes und effizientes Hochleistungsaggregat, das gem\u00e4\u00df dem Niedrigfriktionsprinzip von SP f\u00fcr minimale Friktion und maximale Produktivit\u00e4t konstruiert wurde. <\/p><\/div><\/div>\t\t\t\t<\/div>\n\t\t\t\t<\/div>\n\t\t\t\t\t<\/div>\n\t\t<\/div>\n\t\t\t\t\t<\/div>\n\t\t<\/section>\n\t\t\t\t<section class=\"elementor-section elementor-top-section elementor-element elementor-element-d0ce688 unit-group-container elementor-section-boxed elementor-section-height-default elementor-section-height-default\" data-id=\"d0ce688\" data-element_type=\"section\" data-e-type=\"section\">\n\t\t\t\t\t\t<div class=\"elementor-container elementor-column-gap-default\">\n\t\t\t\t\t<div class=\"elementor-column elementor-col-33 elementor-top-column elementor-element elementor-element-cc0c5c1 unit-group-col\" data-id=\"cc0c5c1\" data-element_type=\"column\" data-e-type=\"column\">\n\t\t\t<div class=\"elementor-widget-wrap elementor-element-populated\">\n\t\t\t\t\t\t<div class=\"elementor-element elementor-element-53abd09 unit-group-block elementor-position-top elementor-widget elementor-widget-image-box\" data-id=\"53abd09\" data-element_type=\"widget\" data-e-type=\"widget\" data-widget_type=\"image-box.default\">\n\t\t\t\t<div class=\"elementor-widget-container\">\n\t\t\t\t\t<div class=\"elementor-image-box-wrapper\"><figure class=\"elementor-image-box-img\"><a href=\"http:\/\/spmaskiner.dev03.extrude.se\/de\/harvesteraggregate\/harvesteraggregate-lf\/harvesteraggregate-sp-761-lf\/\" tabindex=\"-1\"><img loading=\"lazy\" decoding=\"async\" width=\"664\" height=\"800\" src=\"http:\/\/spmaskiner.dev03.extrude.se\/wp-content\/uploads\/2021\/04\/ar00001604_161116.jpg\" class=\"attachment-medium_large size-medium_large wp-image-3075\" alt=\"\" srcset=\"http:\/\/spmaskiner.dev03.extrude.se\/wp-content\/uploads\/2021\/04\/ar00001604_161116.jpg 664w, http:\/\/spmaskiner.dev03.extrude.se\/wp-content\/uploads\/2021\/04\/ar00001604_161116-249x300.jpg 249w\" sizes=\"(max-width: 664px) 100vw, 664px\" \/><\/a><\/figure><div class=\"elementor-image-box-content\"><h2 class=\"elementor-image-box-title\"><a href=\"http:\/\/spmaskiner.dev03.extrude.se\/de\/harvesteraggregate\/harvesteraggregate-lf\/harvesteraggregate-sp-761-lf\/\">SP 761 LF<\/a><\/h2><p class=\"elementor-image-box-description\">SP 761 LF ist ein starkes, schnelles und zuverl\u00e4ssiges Hochleistungsaggregat, das f\u00fcr die schwersten Aufgaben entwickelt wurde. Die Aggregate k\u00f6nnen sowohl an gro\u00dfen Harvestern auf R\u00e4dern als auch an Baggern in der Gewichtsklasse 20-25 t installiert werden.<\/p><\/div><\/div>\t\t\t\t<\/div>\n\t\t\t\t<\/div>\n\t\t\t\t\t<\/div>\n\t\t<\/div>\n\t\t\t\t<div class=\"elementor-column elementor-col-33 elementor-top-column elementor-element elementor-element-b9b01a4 unit-group-col\" data-id=\"b9b01a4\" data-element_type=\"column\" data-e-type=\"column\">\n\t\t\t<div class=\"elementor-widget-wrap\">\n\t\t\t\t\t\t\t<\/div>\n\t\t<\/div>\n\t\t\t\t<div class=\"elementor-column elementor-col-33 elementor-top-column elementor-element elementor-element-c9fb968 unit-group-col\" data-id=\"c9fb968\" data-element_type=\"column\" data-e-type=\"column\">\n\t\t\t<div class=\"elementor-widget-wrap\">\n\t\t\t\t\t\t\t<\/div>\n\t\t<\/div>\n\t\t\t\t\t<\/div>\n\t\t<\/section>\n\t\t\t\t<\/div>\n\t\t","protected":false},"excerpt":{"rendered":"<p>Harvesteraggregate LF Die Aggregate der LF-Serie zeichnen sich durch ihre wendige und kompakte Bauweise in Verbindung mit h\u00f6chster Produktivit\u00e4t und Betriebssicherheit aus. F\u00fcr maximale Rentabilit\u00e4t sind die Aggregate nach dem Low-Friction-Konzept konstruiert. Ganz gleich ob bei der Erstdurchforstung, Abholzung oder Ernte von viel Laubwald \u2013 eines der Aggregate aus der LF- Serie passt immer. Erfahren [&hellip;]<\/p>\n","protected":false},"author":1,"featured_media":0,"parent":5052,"menu_order":10,"comment_status":"closed","ping_status":"closed","template":"elementor_header_footer","meta":{"_acf_changed":false,"site-sidebar-layout":"no-sidebar","site-content-layout":"page-builder","ast-site-content-layout":"default","site-content-style":"default","site-sidebar-style":"default","ast-global-header-display":"","ast-banner-title-visibility":"","ast-main-header-display":"","ast-hfb-above-header-display":"","ast-hfb-below-header-display":"","ast-hfb-mobile-header-display":"","site-post-title":"disabled","ast-breadcrumbs-content":"","ast-featured-img":"disabled","footer-sml-layout":"","ast-disable-related-posts":"","theme-transparent-header-meta":"default","adv-header-id-meta":"","stick-header-meta":"","header-above-stick-meta":"","header-main-stick-meta":"","header-below-stick-meta":"","astra-migrate-meta-layouts":"default","ast-page-background-enabled":"default","ast-page-background-meta":{"desktop":{"background-color":"","background-image":"","background-repeat":"repeat","background-position":"center center","background-size":"auto","background-attachment":"scroll","background-type":"","background-media":"","overlay-type":"","overlay-color":"","overlay-opacity":"","overlay-gradient":""},"tablet":{"background-color":"","background-image":"","background-repeat":"repeat","background-position":"center center","background-size":"auto","background-attachment":"scroll","background-type":"","background-media":"","overlay-type":"","overlay-color":"","overlay-opacity":"","overlay-gradient":""},"mobile":{"background-color":"","background-image":"","background-repeat":"repeat","background-position":"center center","background-size":"auto","background-attachment":"scroll","background-type":"","background-media":"","overlay-type":"","overlay-color":"","overlay-opacity":"","overlay-gradient":""}},"ast-content-background-meta":{"desktop":{"background-color":"var(--ast-global-color-5)","background-image":"","background-repeat":"repeat","background-position":"center center","background-size":"auto","background-attachment":"scroll","background-type":"","background-media":"","overlay-type":"","overlay-color":"","overlay-opacity":"","overlay-gradient":""},"tablet":{"background-color":"var(--ast-global-color-5)","background-image":"","background-repeat":"repeat","background-position":"center center","background-size":"auto","background-attachment":"scroll","background-type":"","background-media":"","overlay-type":"","overlay-color":"","overlay-opacity":"","overlay-gradient":""},"mobile":{"background-color":"var(--ast-global-color-5)","background-image":"","background-repeat":"repeat","background-position":"center center","background-size":"auto","background-attachment":"scroll","background-type":"","background-media":"","overlay-type":"","overlay-color":"","overlay-opacity":"","overlay-gradient":""}},"footnotes":""},"class_list":["post-5054","page","type-page","status-publish","hentry"],"acf":[],"_links":{"self":[{"href":"http:\/\/spmaskiner.dev03.extrude.se\/de\/wp-json\/wp\/v2\/pages\/5054","targetHints":{"allow":["GET"]}}],"collection":[{"href":"http:\/\/spmaskiner.dev03.extrude.se\/de\/wp-json\/wp\/v2\/pages"}],"about":[{"href":"http:\/\/spmaskiner.dev03.extrude.se\/de\/wp-json\/wp\/v2\/types\/page"}],"author":[{"embeddable":true,"href":"http:\/\/spmaskiner.dev03.extrude.se\/de\/wp-json\/wp\/v2\/users\/1"}],"replies":[{"embeddable":true,"href":"http:\/\/spmaskiner.dev03.extrude.se\/de\/wp-json\/wp\/v2\/comments?post=5054"}],"version-history":[{"count":2,"href":"http:\/\/spmaskiner.dev03.extrude.se\/de\/wp-json\/wp\/v2\/pages\/5054\/revisions"}],"predecessor-version":[{"id":7658,"href":"http:\/\/spmaskiner.dev03.extrude.se\/de\/wp-json\/wp\/v2\/pages\/5054\/revisions\/7658"}],"up":[{"embeddable":true,"href":"http:\/\/spmaskiner.dev03.extrude.se\/de\/wp-json\/wp\/v2\/pages\/5052"}],"wp:attachment":[{"href":"http:\/\/spmaskiner.dev03.extrude.se\/de\/wp-json\/wp\/v2\/media?parent=5054"}],"curies":[{"name":"wp","href":"https:\/\/api.w.org\/{rel}","templated":true}]}}